{"id":1847,"date":"2024-06-21T14:53:18","date_gmt":"2024-06-21T19:53:18","guid":{"rendered":"https:\/\/perimeter.ca\/connexions-communautaires\/"},"modified":"2024-08-03T18:06:16","modified_gmt":"2024-08-03T23:06:16","slug":"connexions-communautaires","status":"publish","type":"page","link":"https:\/\/perimeter.ca\/fr\/connexions-communautaires\/","title":{"rendered":"Connexions communautaires"},"content":{"rendered":"\n<p>\u00c0 d\u00e9velopper \u00e0 l&rsquo;avenir<\/p>\n","protected":false},"excerpt":{"rendered":"<p>\u00c0 d\u00e9velopper \u00e0 l&rsquo;avenir<\/p>\n","protected":false},"author":18,"featured_media":0,"parent":0,"menu_order":0,"comment_status":"closed","ping_status":"closed","template":"","meta":{"_acf_changed":false,"footnotes":""},"class_list":["post-1847","page","type-page","status-publish","hentry"],"acf":[],"_links":{"self":[{"href":"https:\/\/perimeter.ca\/fr\/wp-json\/wp\/v2\/pages\/1847","targetHints":{"allow":["GET"]}}],"collection":[{"href":"https:\/\/perimeter.ca\/fr\/wp-json\/wp\/v2\/pages"}],"about":[{"href":"https:\/\/perimeter.ca\/fr\/wp-json\/wp\/v2\/types\/page"}],"author":[{"embeddable":true,"href":"https:\/\/perimeter.ca\/fr\/wp-json\/wp\/v2\/users\/18"}],"replies":[{"embeddable":true,"href":"https:\/\/perimeter.ca\/fr\/wp-json\/wp\/v2\/comments?post=1847"}],"version-history":[{"count":0,"href":"https:\/\/perimeter.ca\/fr\/wp-json\/wp\/v2\/pages\/1847\/revisions"}],"wp:attachment":[{"href":"https:\/\/perimeter.ca\/fr\/wp-json\/wp\/v2\/media?parent=1847"}],"curies":[{"name":"wp","href":"https:\/\/api.w.org\/{rel}","templated":true}]}}