{"id":1848,"date":"2024-07-11T23:27:49","date_gmt":"2024-07-12T04:27:49","guid":{"rendered":"https:\/\/perimeter.ca\/estimateur\/"},"modified":"2024-09-26T09:56:48","modified_gmt":"2024-09-26T14:56:48","slug":"estimateur","status":"publish","type":"page","link":"https:\/\/perimeter.ca\/fr\/estimateur\/","title":{"rendered":"Estimation"},"content":{"rendered":"<section \n    data-image-on-left=\"\" \n    class=\"!-mt-section section--has-background bg-cover bg-no-repeat full-width-section mb-section !py-0 !min-h-[182px] lg:!min-h-[560px] !max-h-min h-full relative flex flex-col-reverse lg:!flex-col !items-center lg:mb-20\">\n    <div class=\"flex flex-col lg:flex-row container px-section !items-center !mx-auto  justify-start  gap-8 relative h-full w-full\">\n        <div class=\"h-full relative flex flex-col text-left mt-20 mb-20 md:mb-32 lg:my-32 lg:max-w-[60%] xl:max-w-[55%] 2xl:max-w-[50%] px-0 w-full text-start z-[100]\">\n            <div>\n                <h2 class=\"h2\">\n                    Estimez votre envoi\n                <\/h2>\n                <p><span style=\"font-weight: 400;\">Planifiez et budg\u00e9tez facilement vos exp\u00e9ditions de fret avec notre outil Cargo Tool, qui fournit des estimations de prix instantan\u00e9es et pr\u00e9cises. Naviguez facilement dans votre logistique de fret, en assurant une exp\u00e9rience transparente de la planification \u00e0 l&rsquo;ex\u00e9cution. Gardez une longueur d&rsquo;avance, prenez des d\u00e9cisions \u00e9clair\u00e9es et optimisez votre strat\u00e9gie d&rsquo;exp\u00e9dition gr\u00e2ce \u00e0 notre outil convivial Cargo Tool, la cl\u00e9 qui vous permettra d&rsquo;obtenir pr\u00e9cision et pr\u00e9visibilit\u00e9 pour chaque exp\u00e9dition. <\/span><\/p>\n\n            <\/div>\n                                        <div class=\"reset mt-4 sm:mt-6 flex flex-wrap justify-center lg:justify-start gap-2\">\n                                            <a class=\"btn-secondary max-w-fit font-bold\" \n                           href=\"https:\/\/cargo.perimeter.ca\/WebContent\/EN\/CreateQuotation\" >\n                            Obtenir un devis maintenant\n                        <\/a>\n                                    <\/div>\n                    <\/div>\n    <\/div>\n    <div class=\"w-full h-full lg:min-w-[35%] xl:min-w-[40%] 2xl:min-w-[45%] lg:!max-w-min !max-h-[370px] lg:!max-h-[95%] lg:absolute top-0  right-0  \">\n        <img decoding=\"async\" id=\"side-image\"\n            src=\"https:\/\/perimeter.ca\/wp-content\/uploads\/2024\/07\/DSC08352-scaled.jpg\"\n            alt=\"\"\n            class=\"my-0 object-cover w-full h-full !max-h-[370px] lg:!max-h-[100%] !z-[50]  object-center lg:pr-0  rounded-bl-[98px]\" \/>\n    <\/div>\n        <img decoding=\"async\" id=\"sprinkle-1\"\n            src=\"https:\/\/perimeter.ca\/wp-content\/uploads\/2024\/06\/Bear-Paw3.png\" \n            alt=\"\" \n            class=\"-z-10 w-full object-cover md:max-w-[30%] h-auto my-0 absolute right-0 !mt-16 mr-8  lg:right-0 -bottom-[20%] lg:-bottom-[35%] \" \/>\n<\/section>\n","protected":false},"excerpt":{"rendered":"","protected":false},"author":18,"featured_media":0,"parent":0,"menu_order":0,"comment_status":"closed","ping_status":"closed","template":"","meta":{"_acf_changed":true,"footnotes":""},"class_list":["post-1848","page","type-page","status-publish","hentry"],"acf":[],"_links":{"self":[{"href":"https:\/\/perimeter.ca\/fr\/wp-json\/wp\/v2\/pages\/1848","targetHints":{"allow":["GET"]}}],"collection":[{"href":"https:\/\/perimeter.ca\/fr\/wp-json\/wp\/v2\/pages"}],"about":[{"href":"https:\/\/perimeter.ca\/fr\/wp-json\/wp\/v2\/types\/page"}],"author":[{"embeddable":true,"href":"https:\/\/perimeter.ca\/fr\/wp-json\/wp\/v2\/users\/18"}],"replies":[{"embeddable":true,"href":"https:\/\/perimeter.ca\/fr\/wp-json\/wp\/v2\/comments?post=1848"}],"version-history":[{"count":0,"href":"https:\/\/perimeter.ca\/fr\/wp-json\/wp\/v2\/pages\/1848\/revisions"}],"wp:attachment":[{"href":"https:\/\/perimeter.ca\/fr\/wp-json\/wp\/v2\/media?parent=1848"}],"curies":[{"name":"wp","href":"https:\/\/api.w.org\/{rel}","templated":true}]}}