{"id":1850,"date":"2024-07-11T23:29:49","date_gmt":"2024-07-12T04:29:49","guid":{"rendered":"https:\/\/perimeter.ca\/suivi\/"},"modified":"2024-09-24T15:43:00","modified_gmt":"2024-09-24T20:43:00","slug":"suivi","status":"publish","type":"page","link":"https:\/\/perimeter.ca\/fr\/suivi\/","title":{"rendered":"Poursuite de l&rsquo;activit\u00e9"},"content":{"rendered":"<section \n    data-image-on-left=\"1\" \n    class=\"!-mt-section section--has-background bg-cover bg-no-repeat full-width-section mb-section !py-0 !min-h-[182px] lg:!min-h-[560px] !max-h-min h-full relative flex flex-col-reverse lg:!flex-col !items-center lg:mb-20\">\n    <div class=\"flex flex-col lg:flex-row container px-section !items-center !mx-auto  justify-end  gap-8 relative h-full w-full\">\n        <div class=\"h-full relative flex flex-col text-left mt-20 mb-20 md:mb-32 lg:my-32 lg:max-w-[60%] xl:max-w-[55%] 2xl:max-w-[50%] px-0 w-full text-start z-[100]\">\n            <div>\n                <h2 class=\"h2\">\n                    Suivez votre envoi\n                <\/h2>\n                <p>Suivez votre cargaison \u00e0 chaque \u00e9tape de son voyage. Notre outil de suivi du fret vous permet d&rsquo;obtenir des rapports d&rsquo;avancement en temps r\u00e9el, directement \u00e0 partir de nos bureaux de fret de Winnipeg et de Thompson. Il vous suffit d&rsquo;entrer votre num\u00e9ro de lettre de transport a\u00e9rien et vous n&rsquo;avez plus \u00e0 vous poser de questions. Restez inform\u00e9 et gardez le contr\u00f4le gr\u00e2ce \u00e0 des donn\u00e9es en temps r\u00e9el, ce qui vous garantit une exp\u00e9rience d&rsquo;exp\u00e9dition transparente et sans faille du d\u00e9but \u00e0 la fin.<\/p>\n\n            <\/div>\n                                        <div class=\"reset mt-4 sm:mt-6 flex flex-wrap justify-center lg:justify-start gap-2\">\n                                            <a class=\"btn-secondary max-w-fit font-bold\" \n                           href=\"https:\/\/cargo.perimeter.ca\/WebContent\/EN\/CargoTracking\" >\n                            Suivre l&#039;envoi maintenant\n                        <\/a>\n                                    <\/div>\n                    <\/div>\n    <\/div>\n    <div class=\"w-full h-full lg:min-w-[35%] xl:min-w-[40%] 2xl:min-w-[45%] lg:!max-w-min !max-h-[370px] lg:!max-h-[95%] lg:absolute top-0  left-0   lg:order-first \">\n        <img decoding=\"async\" id=\"side-image\"\n            src=\"https:\/\/perimeter.ca\/wp-content\/uploads\/2024\/09\/18.jpg\"\n            alt=\"\"\n            class=\"my-0 object-cover w-full h-full !max-h-[370px] lg:!max-h-[100%] !z-[50]  object-center lg:pl-0  rounded-bl-[98px]\" \/>\n    <\/div>\n        <img decoding=\"async\" id=\"sprinkle-1\"\n            src=\"https:\/\/perimeter.ca\/wp-content\/uploads\/2024\/06\/Bear-Paw3.png\" \n            alt=\"\" \n            class=\"-z-10 w-full object-cover md:max-w-[30%] h-auto my-0 absolute right-0 !mt-16 mr-8  lg:right-0 bottom-0 \" \/>\n<\/section>\n","protected":false},"excerpt":{"rendered":"","protected":false},"author":18,"featured_media":0,"parent":0,"menu_order":0,"comment_status":"closed","ping_status":"closed","template":"","meta":{"_acf_changed":true,"footnotes":""},"class_list":["post-1850","page","type-page","status-publish","hentry"],"acf":[],"_links":{"self":[{"href":"https:\/\/perimeter.ca\/fr\/wp-json\/wp\/v2\/pages\/1850","targetHints":{"allow":["GET"]}}],"collection":[{"href":"https:\/\/perimeter.ca\/fr\/wp-json\/wp\/v2\/pages"}],"about":[{"href":"https:\/\/perimeter.ca\/fr\/wp-json\/wp\/v2\/types\/page"}],"author":[{"embeddable":true,"href":"https:\/\/perimeter.ca\/fr\/wp-json\/wp\/v2\/users\/18"}],"replies":[{"embeddable":true,"href":"https:\/\/perimeter.ca\/fr\/wp-json\/wp\/v2\/comments?post=1850"}],"version-history":[{"count":0,"href":"https:\/\/perimeter.ca\/fr\/wp-json\/wp\/v2\/pages\/1850\/revisions"}],"wp:attachment":[{"href":"https:\/\/perimeter.ca\/fr\/wp-json\/wp\/v2\/media?parent=1850"}],"curies":[{"name":"wp","href":"https:\/\/api.w.org\/{rel}","templated":true}]}}