{"id":1853,"date":"2024-07-10T20:12:42","date_gmt":"2024-07-11T01:12:42","guid":{"rendered":"https:\/\/perimeter.ca\/tarif\/"},"modified":"2024-09-24T15:38:23","modified_gmt":"2024-09-24T20:38:23","slug":"tarif","status":"publish","type":"page","link":"https:\/\/perimeter.ca\/fr\/tarif\/","title":{"rendered":"Tarif"},"content":{"rendered":"\n<div style=\"height:55px\" aria-hidden=\"true\" class=\"wp-block-spacer\"><\/div>\n\n<p>Le tarif d&rsquo;un transporteur a\u00e9rien est le document qui contient les conditions de transport applicables aux services a\u00e9riens qu&rsquo;il fournit.\nTous les transports vendus par Perimeter Aviation et Bearskin Airlines sont soumis \u00e0 son tarif. <\/p>\n\n<p>Perimeter Aviation et Bearskin Airlines sont tenus par la loi de publier leurs conditions de transport int\u00e9rieur sur ce site Web et de mettre leurs tarifs int\u00e9rieurs \u00e0 la disposition du public.<\/p>\n\n<p><strong><a href=\"\/wp-content\/uploads\/2024\/07\/Domestic_-Tariff_0817.pdf\" data-type=\"link\" data-id=\"\/wp-content\/uploads\/2024\/07\/Domestic_-Tariff_0817.pdf\">Tarif int\u00e9rieur<\/a><\/strong><\/p>\n\n<p>Notre tarif d\u00e9crit les conditions de transport du fret, et tout le fret vendu par Perimeter Aviation est soumis \u00e0 ces conditions.<\/p>\n\n<p>En vertu de la loi, Perimeter Aviation et Bearskin Airlines sont tenus de publier leur tarif de fret sur ce site Web, afin qu&rsquo;il puisse \u00eatre consult\u00e9 par le public.\nIl couvre les droits et obligations de l&rsquo;exp\u00e9diteur ou du destinataire, ainsi que les droits et responsabilit\u00e9s du transporteur a\u00e9rien. <\/p>\n\n<p><strong><a href=\"https:\/\/perimeter.ca\/wp-content\/uploads\/2024\/08\/Cargo-Tariff.pdf\" data-type=\"link\" data-id=\"wp-content\/uploads\/2024\/07\/Cargo-Tariff.pdf\">Tarif du fret<\/a><\/strong><\/p>\n\n<p>Aucun employ\u00e9, agent, pr\u00e9pos\u00e9 ou repr\u00e9sentant du transporteur n&rsquo;est autoris\u00e9 \u00e0 alt\u00e9rer, modifier ou renoncer \u00e0 des dispositions du contrat de transport ou de nos tarifs.<\/p>\n\n<p>* Les tarifs peuvent \u00eatre modifi\u00e9s sans pr\u00e9avis.<\/p>\n\n<div style=\"height:55px\" aria-hidden=\"true\" class=\"wp-block-spacer\"><\/div>\n","protected":false},"excerpt":{"rendered":"<p>Le tarif d&rsquo;un transporteur a\u00e9rien est le document qui contient les conditions de transport applicables aux services a\u00e9riens qu&rsquo;il fournit. Tous les transports vendus par Perimeter Aviation et Bearskin Airlines sont soumis \u00e0 son tarif. Perimeter Aviation et Bearskin Airlines sont tenus par la loi de publier leurs conditions de transport int\u00e9rieur sur ce site &hellip;<\/p>\n","protected":false},"author":18,"featured_media":0,"parent":0,"menu_order":0,"comment_status":"closed","ping_status":"closed","template":"template-narrow.blade.php","meta":{"_acf_changed":true,"footnotes":""},"class_list":["post-1853","page","type-page","status-publish","hentry"],"acf":[],"_links":{"self":[{"href":"https:\/\/perimeter.ca\/fr\/wp-json\/wp\/v2\/pages\/1853","targetHints":{"allow":["GET"]}}],"collection":[{"href":"https:\/\/perimeter.ca\/fr\/wp-json\/wp\/v2\/pages"}],"about":[{"href":"https:\/\/perimeter.ca\/fr\/wp-json\/wp\/v2\/types\/page"}],"author":[{"embeddable":true,"href":"https:\/\/perimeter.ca\/fr\/wp-json\/wp\/v2\/users\/18"}],"replies":[{"embeddable":true,"href":"https:\/\/perimeter.ca\/fr\/wp-json\/wp\/v2\/comments?post=1853"}],"version-history":[{"count":0,"href":"https:\/\/perimeter.ca\/fr\/wp-json\/wp\/v2\/pages\/1853\/revisions"}],"wp:attachment":[{"href":"https:\/\/perimeter.ca\/fr\/wp-json\/wp\/v2\/media?parent=1853"}],"curies":[{"name":"wp","href":"https:\/\/api.w.org\/{rel}","templated":true}]}}