{"id":1854,"date":"2024-07-11T15:04:27","date_gmt":"2024-07-11T20:04:27","guid":{"rendered":"https:\/\/perimeter.ca\/formulaire-de-retour-dinformation-sur-laccessibilite\/"},"modified":"2024-10-09T09:01:49","modified_gmt":"2024-10-09T14:01:49","slug":"formulaire-de-retour-dinformation-sur-laccessibilite","status":"publish","type":"page","link":"https:\/\/perimeter.ca\/fr\/formulaire-de-retour-dinformation-sur-laccessibilite\/","title":{"rendered":"Formulaire de retour d&rsquo;information sur l&rsquo;accessibilit\u00e9"},"content":{"rendered":"<div\n  class=\"wp-block-section section bg-cover vdi-section-background\"\n  style=\"\"\n    \n>\n\n\n  \n  \n  \n      <div class=\"md:container content-wrapper py-section max-w-1080\">\n      \n\n<p>Merci de nous faire part de vos commentaires. Veuillez remplir ce formulaire pour les questions, les plaintes et les commentaires relatifs aux services d&rsquo;accessibilit\u00e9. Pour toute autre question d&rsquo;ordre g\u00e9n\u00e9ral, veuillez appeler notre centre de service \u00e0 la client\u00e8le au<a href=\"tel:1-800-665-8986\" data-type=\"tel\" data-id=\"tel:1-800-665-8986\"> 1-800-665-8986<\/a> ou consulter notre page web <a href=\"https:\/\/perimeter.ca\/fr\/contactez-nous\/\" data-type=\"page\" data-id=\"1862\">Contactez-nous<\/a>.<\/p>\n\n\n\n<p>Veuillez noter que notre formulaire se remplit automatiquement \u00e0 la date du jour pour nous permettre de r\u00e9pondre \u00e0 vos besoins dans les meilleurs d\u00e9lais.<\/p>\n\n\n    <\/div>\n  \n<\/div>\n\n\n<style>\n  .frameWrap {\n    min-height: 1370px !important;\n  }\n<\/style>\n\n<section class=\"frameWrap w-full mx-auto md:max-w-1080 overflow-hidden pb-12\">\n  <iframe\n    id=\"JotFormIFrame-242775497811973\"\n    title=\"Formulaire de r\u00e9troaction sur l&#039;accessibilit\u00e9\"\n    allow=\"geolocation; microphone; camera; fullscreen\"\n    src=\"https:\/\/perimeteraviationlp.jotform.com\/242775497811973\"\n    style=\"width: 100%; max-width: 1080px; height: 1370px !important; border:none; overflow: hidden;\"\n    scrolling=\"no\"\n  >\n  <\/iframe>\n<\/section>\n\n<script src='https:\/\/perimeteraviationlp.jotform.com\/s\/umd\/latest\/for-form-embed-handler.js'><\/script>\n\n<script>\n  window.jotformEmbedHandler(\"iframe[id='JotFormIFrame-242775497811973']\", \"https:\/\/perimeteraviationlp.jotform.com\/\")\n<\/script>\n","protected":false},"excerpt":{"rendered":"","protected":false},"author":18,"featured_media":0,"parent":0,"menu_order":0,"comment_status":"closed","ping_status":"closed","template":"template-narrow.blade.php","meta":{"_acf_changed":true,"footnotes":""},"class_list":["post-1854","page","type-page","status-publish","hentry"],"acf":[],"_links":{"self":[{"href":"https:\/\/perimeter.ca\/fr\/wp-json\/wp\/v2\/pages\/1854","targetHints":{"allow":["GET"]}}],"collection":[{"href":"https:\/\/perimeter.ca\/fr\/wp-json\/wp\/v2\/pages"}],"about":[{"href":"https:\/\/perimeter.ca\/fr\/wp-json\/wp\/v2\/types\/page"}],"author":[{"embeddable":true,"href":"https:\/\/perimeter.ca\/fr\/wp-json\/wp\/v2\/users\/18"}],"replies":[{"embeddable":true,"href":"https:\/\/perimeter.ca\/fr\/wp-json\/wp\/v2\/comments?post=1854"}],"version-history":[{"count":0,"href":"https:\/\/perimeter.ca\/fr\/wp-json\/wp\/v2\/pages\/1854\/revisions"}],"wp:attachment":[{"href":"https:\/\/perimeter.ca\/fr\/wp-json\/wp\/v2\/media?parent=1854"}],"curies":[{"name":"wp","href":"https:\/\/api.w.org\/{rel}","templated":true}]}}