{"id":1858,"date":"2024-06-21T14:56:37","date_gmt":"2024-06-21T19:56:37","guid":{"rendered":"https:\/\/perimeter.ca\/investissement-communautaire\/"},"modified":"2024-09-24T14:13:57","modified_gmt":"2024-09-24T19:13:57","slug":"investissement-communautaire","status":"publish","type":"page","link":"https:\/\/perimeter.ca\/fr\/investissement-communautaire\/","title":{"rendered":"Investissement communautaire"},"content":{"rendered":"\n<div style=\"height:55px\" aria-hidden=\"true\" class=\"wp-block-spacer\"><\/div>\n\n<h2 class=\"wp-block-heading\">L&rsquo;\u00e9ducation<\/h2>\n\n<ul class=\"wp-block-list\">\n<li>P\u00e9rim\u00e8tre VIP<\/li>\n\n\n\n<li>BioLab Jeunesse<\/li>\n\n\n\n<li>Bourse Bill Wehrle<\/li>\n\n\n\n<li>Enseigner au Canada<\/li>\n<\/ul>\n\n<div class=\"wp-block-columns is-layout-flex wp-container-core-columns-is-layout-9d6595d7 wp-block-columns-is-layout-flex\">\n<div class=\"wp-block-column is-layout-flow wp-block-column-is-layout-flow\">\n<figure class=\"wp-block-image size-large is-style-rounded\"><img loading=\"lazy\" decoding=\"async\" width=\"1024\" height=\"768\" src=\"https:\/\/perimeter.ca\/wp-content\/uploads\/2024\/09\/20240612_120942-1024x768.jpg\" alt=\"\" class=\"wp-image-3217\" style=\"aspect-ratio:1;object-fit:cover\" srcset=\"https:\/\/perimeter.ca\/wp-content\/uploads\/2024\/09\/20240612_120942-1024x768.jpg 1024w, https:\/\/perimeter.ca\/wp-content\/uploads\/2024\/09\/20240612_120942-300x225.jpg 300w, https:\/\/perimeter.ca\/wp-content\/uploads\/2024\/09\/20240612_120942-768x576.jpg 768w, https:\/\/perimeter.ca\/wp-content\/uploads\/2024\/09\/20240612_120942-1536x1152.jpg 1536w, https:\/\/perimeter.ca\/wp-content\/uploads\/2024\/09\/20240612_120942-scaled.jpg 2048w\" sizes=\"auto, (max-width: 1024px) 100vw, 1024px\" \/><\/figure>\n<\/div>\n\n\n\n<div class=\"wp-block-column is-layout-flow wp-block-column-is-layout-flow\">\n<figure class=\"wp-block-image size-large is-style-rounded\"><img loading=\"lazy\" decoding=\"async\" width=\"1024\" height=\"683\" src=\"https:\/\/perimeter.ca\/wp-content\/uploads\/2024\/09\/PER220929-085b_as-1024x683.jpg\" alt=\"\" class=\"wp-image-3225\" style=\"aspect-ratio:1;object-fit:cover\" srcset=\"https:\/\/perimeter.ca\/wp-content\/uploads\/2024\/09\/PER220929-085b_as-1024x683.jpg 1024w, https:\/\/perimeter.ca\/wp-content\/uploads\/2024\/09\/PER220929-085b_as-300x200.jpg 300w, https:\/\/perimeter.ca\/wp-content\/uploads\/2024\/09\/PER220929-085b_as-768x512.jpg 768w, https:\/\/perimeter.ca\/wp-content\/uploads\/2024\/09\/PER220929-085b_as-1536x1024.jpg 1536w, https:\/\/perimeter.ca\/wp-content\/uploads\/2024\/09\/PER220929-085b_as-scaled.jpg 2048w\" sizes=\"auto, (max-width: 1024px) 100vw, 1024px\" \/><\/figure>\n<\/div>\n\n\n\n<div class=\"wp-block-column is-layout-flow wp-block-column-is-layout-flow\">\n<figure class=\"wp-block-image size-large is-style-rounded\"><img loading=\"lazy\" decoding=\"async\" width=\"768\" height=\"1024\" src=\"https:\/\/perimeter.ca\/wp-content\/uploads\/2024\/09\/IMG_4323-768x1024.jpeg\" alt=\"\" class=\"wp-image-3221\" style=\"aspect-ratio:1;object-fit:cover\" srcset=\"https:\/\/perimeter.ca\/wp-content\/uploads\/2024\/09\/IMG_4323-768x1024.jpeg 768w, https:\/\/perimeter.ca\/wp-content\/uploads\/2024\/09\/IMG_4323-225x300.jpeg 225w, https:\/\/perimeter.ca\/wp-content\/uploads\/2024\/09\/IMG_4323-1152x1536.jpeg 1152w, https:\/\/perimeter.ca\/wp-content\/uploads\/2024\/09\/IMG_4323-scaled.jpeg 1536w\" sizes=\"auto, (max-width: 768px) 100vw, 768px\" \/><\/figure>\n<\/div>\n<\/div>\n\n<h2 class=\"wp-block-heading\">Vie active<\/h2>\n\n<ul class=\"wp-block-list\">\n<li>Coupe de p\u00e9rim\u00e8tre<\/li>\n\n\n\n<li>Regard ext\u00e9rieur<\/li>\n\n\n\n<li>Fondation du sport indig\u00e8ne<\/li>\n\n\n\n<li>Courses de bateaux de York<\/li>\n\n\n\n<li>Courses de la Maison d&rsquo;Oxford<\/li>\n<\/ul>\n\n<hr class=\"wp-block-separator has-text-color has-orange-500-color has-alpha-channel-opacity has-orange-500-background-color has-background\"\/>\n\n<h2 class=\"wp-block-heading\">Sant\u00e9 et bien-\u00eatre<\/h2>\n\n<ul class=\"wp-block-list\">\n<li>Air Hope<\/li>\n\n\n\n<li>Rob Nash<\/li>\n\n\n\n<li>Nutrition Nord<\/li>\n<\/ul>\n\n<hr class=\"wp-block-separator has-text-color has-orange-500-color has-alpha-channel-opacity has-orange-500-background-color has-background\"\/>\n\n<h2 class=\"wp-block-heading\">Arts et culture<\/h2>\n\n<ul class=\"wp-block-list\">\n<li>Manito Ahbee<\/li>\n\n\n\n<li>R\u00e9veillez le g\u00e9ant<\/li>\n\n\n\n<li>Jamboree Norway House<\/li>\n<\/ul>\n\n<hr class=\"wp-block-separator has-text-color has-orange-500-color has-alpha-channel-opacity has-orange-500-background-color has-background\"\/>\n\n<h2 class=\"wp-block-heading\">V\u00e9rit\u00e9 et r\u00e9conciliation<\/h2>\n\n<ul class=\"wp-block-list\">\n<li>Soutenir le d\u00e9veloppement \u00e9conomique<\/li>\n\n\n\n<li>Match des Blue Bomber de Winnipeg<\/li>\n\n\n\n<li>Formation culturelle<\/li>\n<\/ul>\n\n<div style=\"height:55px\" aria-hidden=\"true\" class=\"wp-block-spacer\"><\/div>\n","protected":false},"excerpt":{"rendered":"<p>L&rsquo;\u00e9ducation Vie active Sant\u00e9 et bien-\u00eatre Arts et culture V\u00e9rit\u00e9 et r\u00e9conciliation<\/p>\n","protected":false},"author":18,"featured_media":0,"parent":0,"menu_order":0,"comment_status":"closed","ping_status":"closed","template":"template-narrow.blade.php","meta":{"_acf_changed":false,"footnotes":""},"class_list":["post-1858","page","type-page","status-publish","hentry"],"acf":[],"_links":{"self":[{"href":"https:\/\/perimeter.ca\/fr\/wp-json\/wp\/v2\/pages\/1858","targetHints":{"allow":["GET"]}}],"collection":[{"href":"https:\/\/perimeter.ca\/fr\/wp-json\/wp\/v2\/pages"}],"about":[{"href":"https:\/\/perimeter.ca\/fr\/wp-json\/wp\/v2\/types\/page"}],"author":[{"embeddable":true,"href":"https:\/\/perimeter.ca\/fr\/wp-json\/wp\/v2\/users\/18"}],"replies":[{"embeddable":true,"href":"https:\/\/perimeter.ca\/fr\/wp-json\/wp\/v2\/comments?post=1858"}],"version-history":[{"count":0,"href":"https:\/\/perimeter.ca\/fr\/wp-json\/wp\/v2\/pages\/1858\/revisions"}],"wp:attachment":[{"href":"https:\/\/perimeter.ca\/fr\/wp-json\/wp\/v2\/media?parent=1858"}],"curies":[{"name":"wp","href":"https:\/\/api.w.org\/{rel}","templated":true}]}}