{"id":1860,"date":"2024-06-21T15:15:52","date_gmt":"2024-06-21T20:15:52","guid":{"rendered":"https:\/\/perimeter.ca\/formulaire-de-retour-dinformation\/"},"modified":"2024-10-09T08:59:45","modified_gmt":"2024-10-09T13:59:45","slug":"formulaire-de-retour-dinformation","status":"publish","type":"page","link":"https:\/\/perimeter.ca\/fr\/formulaire-de-retour-dinformation\/","title":{"rendered":"Formulaire de retour d&rsquo;information"},"content":{"rendered":"\n<h2 class=\"wp-block-heading\">Nous appr\u00e9cions vos commentaires  <\/h2>\n\n\n\n<p>Nous vous remercions d&rsquo;avoir choisi de nous faire part de vos commentaires, qui sont essentiels pour nous aider \u00e0 am\u00e9liorer nos services et \u00e0 r\u00e9pondre \u00e0 vos attentes.  <\/p>\n\n\n\n<p>Veuillez noter que ce formulaire est destin\u00e9 aux passagers et aux clients qui ont termin\u00e9 leur voyage ou leur service avec nous ou qui ont subi une perturbation.  <strong>Ce formulaire n&rsquo;est pas une demande d&rsquo;indemnisation.<\/strong><\/p>\n\n\n\n<p>Tous les commentaires et pr\u00e9occupations soumis seront examin\u00e9s par la direction du service correspondant.\nLes r\u00e9ponses peuvent prendre de 7 \u00e0 10 jours ouvrables. <\/p>\n\n\n\n<p>Veuillez remplir le formulaire ci-dessous.\nNous sommes \u00e0 votre \u00e9coute ! <\/p>\n\n\n<style>\n  .frameWrap {\n    min-height: 1370px !important;\n  }\n<\/style>\n\n<section class=\"frameWrap w-full mx-auto md:max-w-1080 overflow-hidden pb-12\">\n  <iframe\n    id=\"JotFormIFrame-242775339819976\"\n    title=\"Formulaire de retour d&#039;information\"\n    allow=\"geolocation; microphone; camera; fullscreen\"\n    src=\"https:\/\/perimeteraviationlp.jotform.com\/242775339819976\"\n    style=\"width: 100%; max-width: 1080px; height: 1370px !important; border:none; overflow: hidden;\"\n    scrolling=\"no\"\n  >\n  <\/iframe>\n<\/section>\n\n<script src='https:\/\/perimeteraviationlp.jotform.com\/s\/umd\/latest\/for-form-embed-handler.js'><\/script>\n\n<script>\n  window.jotformEmbedHandler(\"iframe[id='JotFormIFrame-242775339819976']\", \"https:\/\/perimeteraviationlp.jotform.com\/\")\n<\/script>\n","protected":false},"excerpt":{"rendered":"<p>Nous appr\u00e9cions vos commentaires Nous vous remercions d&rsquo;avoir choisi de nous faire part de vos commentaires, qui sont essentiels pour nous aider \u00e0 am\u00e9liorer nos services et \u00e0 r\u00e9pondre \u00e0 vos attentes. Veuillez noter que ce formulaire est destin\u00e9 aux passagers et aux clients qui ont termin\u00e9 leur voyage ou leur service avec nous ou &hellip;<\/p>\n","protected":false},"author":18,"featured_media":0,"parent":0,"menu_order":0,"comment_status":"closed","ping_status":"closed","template":"template-narrow.blade.php","meta":{"_acf_changed":true,"footnotes":""},"class_list":["post-1860","page","type-page","status-publish","hentry"],"acf":[],"_links":{"self":[{"href":"https:\/\/perimeter.ca\/fr\/wp-json\/wp\/v2\/pages\/1860","targetHints":{"allow":["GET"]}}],"collection":[{"href":"https:\/\/perimeter.ca\/fr\/wp-json\/wp\/v2\/pages"}],"about":[{"href":"https:\/\/perimeter.ca\/fr\/wp-json\/wp\/v2\/types\/page"}],"author":[{"embeddable":true,"href":"https:\/\/perimeter.ca\/fr\/wp-json\/wp\/v2\/users\/18"}],"replies":[{"embeddable":true,"href":"https:\/\/perimeter.ca\/fr\/wp-json\/wp\/v2\/comments?post=1860"}],"version-history":[{"count":0,"href":"https:\/\/perimeter.ca\/fr\/wp-json\/wp\/v2\/pages\/1860\/revisions"}],"wp:attachment":[{"href":"https:\/\/perimeter.ca\/fr\/wp-json\/wp\/v2\/media?parent=1860"}],"curies":[{"name":"wp","href":"https:\/\/api.w.org\/{rel}","templated":true}]}}