{"id":1861,"date":"2024-06-21T14:32:04","date_gmt":"2024-06-21T19:32:04","guid":{"rendered":"https:\/\/perimeter.ca\/les-medias\/"},"modified":"2024-09-24T15:18:09","modified_gmt":"2024-09-24T20:18:09","slug":"les-medias","status":"publish","type":"page","link":"https:\/\/perimeter.ca\/fr\/les-medias\/","title":{"rendered":"Les m\u00e9dias"},"content":{"rendered":"\n<div style=\"height:55px\" aria-hidden=\"true\" class=\"wp-block-spacer\"><\/div>\n\n<h2 class=\"wp-block-heading\">Demandes de renseignements des m\u00e9dias  <\/h2>\n\n<p>Pour toute question relative aux m\u00e9dias, y compris les demandes d&rsquo;interview, les communiqu\u00e9s de presse et les articles de fond, veuillez contacter notre \u00e9quipe m\u00e9dias.\nNous nous effor\u00e7ons de vous r\u00e9pondre dans un d\u00e9lai de 2 \u00e0 3 jours ouvrables afin de respecter vos d\u00e9lais. <\/p>\n\n<p>Courriel : <a href=\"mailto:media@perimeteraviation.ca\">media@perimeteraviation.ca<\/a> <\/p>\n\n<figure class=\"wp-block-image size-large is-resized\"><img loading=\"lazy\" decoding=\"async\" width=\"1024\" height=\"683\" src=\"https:\/\/perimeter.ca\/wp-content\/uploads\/2024\/09\/0H9A6904-1024x683.jpg\" alt=\"\" class=\"wp-image-3354\" style=\"object-fit:cover;width:1080px;height:450px\" srcset=\"https:\/\/perimeter.ca\/wp-content\/uploads\/2024\/09\/0H9A6904-1024x683.jpg 1024w, https:\/\/perimeter.ca\/wp-content\/uploads\/2024\/09\/0H9A6904-300x200.jpg 300w, https:\/\/perimeter.ca\/wp-content\/uploads\/2024\/09\/0H9A6904-768x512.jpg 768w, https:\/\/perimeter.ca\/wp-content\/uploads\/2024\/09\/0H9A6904-1536x1024.jpg 1536w, https:\/\/perimeter.ca\/wp-content\/uploads\/2024\/09\/0H9A6904-scaled.jpg 2048w\" sizes=\"auto, (max-width: 1024px) 100vw, 1024px\" \/><\/figure>\n\n<hr class=\"wp-block-separator has-text-color has-orange-500-color has-alpha-channel-opacity has-orange-500-background-color has-background\"\/>\n\n<h2 class=\"wp-block-heading\">Publicit\u00e9  <\/h2>\n\n<p>Vous souhaitez faire de la publicit\u00e9 aupr\u00e8s de Perimeter Aviation ?\nExplorons ensemble les possibilit\u00e9s qui s&rsquo;offrent \u00e0 vous.   <\/p>\n\n<p>Pour toute question concernant les tarifs publicitaires dans notre terminal, les options de parrainage sur les m\u00e9dias sociaux ou les placements publicitaires personnalis\u00e9s, veuillez contacter notre \u00e9quipe charg\u00e9e de la publicit\u00e9.\nNous sommes impatients de discuter de la mani\u00e8re dont nous pouvons vous aider \u00e0 atteindre vos objectifs de marketing. <\/p>\n\n<p>Courriel : <a href=\"mailto:marketing@perimeteraviation.ca\">marketing@perimeteraviation.ca<\/a> <\/p>\n\n<hr class=\"wp-block-separator has-text-color has-orange-500-color has-alpha-channel-opacity has-orange-500-background-color has-background\"\/>\n\n<h2 class=\"wp-block-heading\">M\u00e9dias sociaux  <\/h2>\n\n<p>Vous souhaitez collaborer avec nous sur les m\u00e9dias sociaux ?\nNous sommes impatients d&rsquo;entrer en contact !   <\/p>\n\n<p>Pour les collaborations avec les m\u00e9dias sociaux, les opportunit\u00e9s d&rsquo;influence et le partage de contenu, veuillez contacter notre \u00e9quipe des m\u00e9dias sociaux.\nNous nous effor\u00e7ons de vous r\u00e9pondre dans un d\u00e9lai de 2 \u00e0 3 jours ouvrables pour discuter de nos objectifs.   <\/p>\n\n<p>Courriel : <a href=\"mailto:socialmedia@perimeteraviation.ca\">socialmedia@perimeteraviation.ca<\/a> <\/p>\n\n<div style=\"height:55px\" aria-hidden=\"true\" class=\"wp-block-spacer\"><\/div>\n","protected":false},"excerpt":{"rendered":"<p>Demandes de renseignements des m\u00e9dias Pour toute question relative aux m\u00e9dias, y compris les demandes d&rsquo;interview, les communiqu\u00e9s de presse et les articles de fond, veuillez contacter notre \u00e9quipe m\u00e9dias. Nous nous effor\u00e7ons de vous r\u00e9pondre dans un d\u00e9lai de 2 \u00e0 3 jours ouvrables afin de respecter vos d\u00e9lais. Courriel : media@perimeteraviation.ca Publicit\u00e9 Vous &hellip;<\/p>\n","protected":false},"author":18,"featured_media":0,"parent":0,"menu_order":0,"comment_status":"closed","ping_status":"closed","template":"template-narrow.blade.php","meta":{"_acf_changed":false,"footnotes":""},"class_list":["post-1861","page","type-page","status-publish","hentry"],"acf":[],"_links":{"self":[{"href":"https:\/\/perimeter.ca\/fr\/wp-json\/wp\/v2\/pages\/1861","targetHints":{"allow":["GET"]}}],"collection":[{"href":"https:\/\/perimeter.ca\/fr\/wp-json\/wp\/v2\/pages"}],"about":[{"href":"https:\/\/perimeter.ca\/fr\/wp-json\/wp\/v2\/types\/page"}],"author":[{"embeddable":true,"href":"https:\/\/perimeter.ca\/fr\/wp-json\/wp\/v2\/users\/18"}],"replies":[{"embeddable":true,"href":"https:\/\/perimeter.ca\/fr\/wp-json\/wp\/v2\/comments?post=1861"}],"version-history":[{"count":0,"href":"https:\/\/perimeter.ca\/fr\/wp-json\/wp\/v2\/pages\/1861\/revisions"}],"wp:attachment":[{"href":"https:\/\/perimeter.ca\/fr\/wp-json\/wp\/v2\/media?parent=1861"}],"curies":[{"name":"wp","href":"https:\/\/api.w.org\/{rel}","templated":true}]}}