{"id":1863,"date":"2024-06-21T14:36:54","date_gmt":"2024-06-21T19:36:54","guid":{"rendered":"https:\/\/perimeter.ca\/partenaires-aeriens\/"},"modified":"2024-08-28T09:27:57","modified_gmt":"2024-08-28T14:27:57","slug":"partenaires-aeriens","status":"publish","type":"page","link":"https:\/\/perimeter.ca\/fr\/partenaires-aeriens\/","title":{"rendered":"Partenaires a\u00e9riens"},"content":{"rendered":"\n<h2 class=\"wp-block-heading\">Partenaires a\u00e9riens  <\/h2>\n\n\n\n<p>Bearskin Airlines am\u00e9liore votre exp\u00e9rience de voyage en offrant des correspondances transparentes et pratiques aux passagers en partenariat avec Air Canada.\nCe partenariat permet aux passagers d&rsquo;acc\u00e9der au vaste r\u00e9seau d&rsquo;Air Canada avec la commodit\u00e9 d&rsquo;une seule r\u00e9servation. <\/p>\n\n\n\n<h3 class=\"wp-block-heading\">R\u00e9servation d&rsquo;un vol interline<\/h3>\n\n\n\n<p>Les r\u00e9servations interlignes peuvent \u00eatre effectu\u00e9es par l&rsquo;interm\u00e9diaire de votre agent de voyage local pr\u00e9f\u00e9r\u00e9 ou en appelant le centre de service \u00e0 la client\u00e8le de Bearskin Airlines au <a href=\"tel:1-800-465-2327\" data-type=\"tel\" data-id=\"tel:1-800-465-2327\">1-800-465-2327<\/a>.\nLes r\u00e9servations interlignes ne peuvent pas \u00eatre faites en ligne et ne sont disponibles que sur les vols op\u00e9r\u00e9s par Bearskin Airlines. <\/p>\n\n\n\n<h3 class=\"wp-block-heading\">Identifier les vols op\u00e9r\u00e9s par des partenaires<\/h3>\n\n\n\n<p>Tous les num\u00e9ros de vol de Perimeter Aviation et de Bearskin Airlines commencent par le code de d\u00e9signation JV*.\nLes vols op\u00e9r\u00e9s par nos partenaires utilisent leurs codes respectifs au d\u00e9but du num\u00e9ro de vol et seront visibles dans votre itin\u00e9raire.\nCelui d&rsquo;Air Canada est AC.  <\/p>\n\n\n\n<h3 class=\"wp-block-heading\">Politiques des compagnies a\u00e9riennes partenaires<\/h3>\n\n\n\n<p>Nos partenariats visent \u00e0 vous offrir des solutions de voyage pratiques.\nCependant, il est important de noter que chaque compagnie a\u00e9rienne a ses propres politiques en ce qui concerne :   <\/p>\n\n\n\n<ul class=\"wp-block-list\">\n<li>Heures d&rsquo;enregistrement et d\u00e9lais  <\/li>\n<\/ul>\n\n\n\n<ul class=\"wp-block-list\">\n<li>Politiques en mati\u00e8re de bagages  <\/li>\n<\/ul>\n\n\n\n<ul class=\"wp-block-list\">\n<li>Voyager avec des nourrissons, des enfants et des animaux domestiques  <\/li>\n<\/ul>\n\n\n\n<ul class=\"wp-block-list\">\n<li>Coordonn\u00e9es et assistance  <\/li>\n<\/ul>\n\n\n\n<ul class=\"wp-block-list\">\n<li>Accumulation et utilisation des points de fid\u00e9lit\u00e9  <\/li>\n<\/ul>\n\n\n\n<p>Si votre voyage comprend un trajet avec une autre compagnie a\u00e9rienne, il est toujours pr\u00e9f\u00e9rable de v\u00e9rifier leurs politiques avant votre voyage. Si vous voyagez avec un partenaire interligne, les politiques de l&rsquo;autre compagnie peuvent s&rsquo;appliquer. Veuillez vous familiariser avec les frais lors de votre voyage. Pour plus d&rsquo;informations sur les bagages intercompagnies, consultez la rubrique <a href=\"https:\/\/perimeter.ca\/fr\/allocation\/\" data-type=\"page\" data-id=\"1891\">Franchise de bagages<\/a>.<\/p>\n\n\n\n<p>* Un code de d\u00e9signation de compagnie a\u00e9rienne est un code unique \u00e0 deux caract\u00e8res attribu\u00e9 par l&rsquo;Association internationale du transport a\u00e9rien (IATA) \u00e0 chaque compagnie a\u00e9rienne dans le monde.<\/p>\n","protected":false},"excerpt":{"rendered":"<p>Partenaires a\u00e9riens Bearskin Airlines am\u00e9liore votre exp\u00e9rience de voyage en offrant des correspondances transparentes et pratiques aux passagers en partenariat avec Air Canada. Ce partenariat permet aux passagers d&rsquo;acc\u00e9der au vaste r\u00e9seau d&rsquo;Air Canada avec la commodit\u00e9 d&rsquo;une seule r\u00e9servation. R\u00e9servation d&rsquo;un vol interline Les r\u00e9servations interlignes peuvent \u00eatre effectu\u00e9es par l&rsquo;interm\u00e9diaire de votre agent &hellip;<\/p>\n","protected":false},"author":18,"featured_media":0,"parent":0,"menu_order":0,"comment_status":"closed","ping_status":"closed","template":"template-narrow.blade.php","meta":{"_acf_changed":false,"footnotes":""},"class_list":["post-1863","page","type-page","status-publish","hentry"],"acf":[],"_links":{"self":[{"href":"https:\/\/perimeter.ca\/fr\/wp-json\/wp\/v2\/pages\/1863","targetHints":{"allow":["GET"]}}],"collection":[{"href":"https:\/\/perimeter.ca\/fr\/wp-json\/wp\/v2\/pages"}],"about":[{"href":"https:\/\/perimeter.ca\/fr\/wp-json\/wp\/v2\/types\/page"}],"author":[{"embeddable":true,"href":"https:\/\/perimeter.ca\/fr\/wp-json\/wp\/v2\/users\/18"}],"replies":[{"embeddable":true,"href":"https:\/\/perimeter.ca\/fr\/wp-json\/wp\/v2\/comments?post=1863"}],"version-history":[{"count":0,"href":"https:\/\/perimeter.ca\/fr\/wp-json\/wp\/v2\/pages\/1863\/revisions"}],"wp:attachment":[{"href":"https:\/\/perimeter.ca\/fr\/wp-json\/wp\/v2\/media?parent=1863"}],"curies":[{"name":"wp","href":"https:\/\/api.w.org\/{rel}","templated":true}]}}