{"id":1865,"date":"2024-06-21T14:50:46","date_gmt":"2024-06-21T19:50:46","guid":{"rendered":"https:\/\/perimeter.ca\/demandes-de-parrainage-et-de-dons\/"},"modified":"2024-10-09T08:57:41","modified_gmt":"2024-10-09T13:57:41","slug":"demandes-de-parrainage-et-de-dons","status":"publish","type":"page","link":"https:\/\/perimeter.ca\/fr\/demandes-de-parrainage-et-de-dons\/","title":{"rendered":"Demandes de parrainage et de dons"},"content":{"rendered":"\n<h2 class=\"wp-block-heading\">Demandes de parrainage et de dons  <\/h2>\n\n\n\n<p>Nous vous remercions de l&rsquo;int\u00e9r\u00eat que vous portez au partenariat avec Perimeter Aviation et Bearskin Airlines !\nNous sommes honor\u00e9s de recevoir votre demande et sommes impatients d&rsquo;explorer des collaborations potentielles qui s&rsquo;alignent sur notre mission, nos valeurs et nos piliers fondamentaux que sont l&rsquo;\u00e9ducation, la sant\u00e9 et le bien-\u00eatre, la vie active et la r\u00e9conciliation. <\/p>\n\n\n\n<p>Nous sommes fiers de nos partenariats et nous nous effor\u00e7ons de cr\u00e9er des relations mutuellement b\u00e9n\u00e9fiques avec des organisations et des d\u00e9fenseurs qui s&rsquo;engagent \u00e0 avoir un impact positif.\nNotre processus de parrainage est con\u00e7u pour s&rsquo;assurer que chaque partenariat convient aux deux parties et qu&rsquo;il r\u00e9pond efficacement aux objectifs de nos parrains tout en faisant progresser nos objectifs. <\/p>\n\n\n\n<p>Afin de garantir un traitement efficace de votre demande, nous vous invitons \u00e0 prendre connaissance des lignes directrices et des crit\u00e8res de parrainage \u00e9num\u00e9r\u00e9s sur cette page.\nSi vous pensez que votre demande correspond \u00e0 notre vision et \u00e0 nos objectifs, nous vous encourageons \u00e0 soumettre une demande d\u00e9taill\u00e9e \u00e0 l&rsquo;aide du formulaire pr\u00e9vu \u00e0 cet effet.\nNotre \u00e9quipe examinera votre demande et vous contactera en cas de correspondance potentielle.    <\/p>\n\n\n\n<p>Nous nous r\u00e9jouissons de travailler ensemble pour r\u00e9aliser de grandes choses !  <\/p>\n\n\n\n<h3 class=\"wp-block-heading\"><strong>Clause de non-responsabilit\u00e9<\/strong><\/h3>\n\n\n\n<p>Nos parrainages et\/ou dons sont en nature, se concentrant sur la fourniture de services plut\u00f4t que sur des \u00e9quivalents mon\u00e9taires. Cette approche nous permet d&rsquo;aligner plus \u00e9troitement nos int\u00e9r\u00eats mutuels.<\/p>\n\n\n\n<p>Veuillez noter que nous nous concentrons uniquement sur les partenariats organisationnels et communautaires. Nous ne prenons pas en consid\u00e9ration les demandes de parrainage personnel.<\/p>\n\n\n\n<p><strong>Les demandes doivent \u00eatre soumises au moins 30 jours avant l&rsquo;\u00e9v\u00e9nement ou l&rsquo;initiative pour \u00eatre prises en consid\u00e9ration.<\/strong> Les demandes soumises moins de 30 jours avant l&rsquo;\u00e9v\u00e9nement ou l&rsquo;initiative seront automatiquement refus\u00e9es.<\/p>\n\n\n\n<p><strong>Veuillez noter que vous recevrez automatiquement une copie de votre correspondance.<\/strong><\/p>\n\n\n<style>\n  .frameWrap {\n    min-height: 1370px !important;\n  }\n<\/style>\n\n<section class=\"frameWrap w-full mx-auto md:max-w-1080 overflow-hidden pb-12\">\n  <iframe\n    id=\"JotFormIFrame-242775551851968\"\n    title=\"Demande de parrainage et de don\"\n    allow=\"geolocation; microphone; camera; fullscreen\"\n    src=\"https:\/\/perimeteraviationlp.jotform.com\/242775551851968\"\n    style=\"width: 100%; max-width: 1080px; height: 1370px !important; border:none; overflow: hidden;\"\n    scrolling=\"no\"\n  >\n  <\/iframe>\n<\/section>\n\n<script src='https:\/\/perimeteraviationlp.jotform.com\/s\/umd\/latest\/for-form-embed-handler.js'><\/script>\n\n<script>\n  window.jotformEmbedHandler(\"iframe[id='JotFormIFrame-242775551851968']\", \"https:\/\/perimeteraviationlp.jotform.com\/\")\n<\/script>\n","protected":false},"excerpt":{"rendered":"<p>Demandes de parrainage et de dons Nous vous remercions de l&rsquo;int\u00e9r\u00eat que vous portez au partenariat avec Perimeter Aviation et Bearskin Airlines ! Nous sommes honor\u00e9s de recevoir votre demande et sommes impatients d&rsquo;explorer des collaborations potentielles qui s&rsquo;alignent sur notre mission, nos valeurs et nos piliers fondamentaux que sont l&rsquo;\u00e9ducation, la sant\u00e9 et le &hellip;<\/p>\n","protected":false},"author":18,"featured_media":0,"parent":0,"menu_order":0,"comment_status":"closed","ping_status":"closed","template":"template-narrow.blade.php","meta":{"_acf_changed":true,"footnotes":""},"class_list":["post-1865","page","type-page","status-publish","hentry"],"acf":[],"_links":{"self":[{"href":"https:\/\/perimeter.ca\/fr\/wp-json\/wp\/v2\/pages\/1865","targetHints":{"allow":["GET"]}}],"collection":[{"href":"https:\/\/perimeter.ca\/fr\/wp-json\/wp\/v2\/pages"}],"about":[{"href":"https:\/\/perimeter.ca\/fr\/wp-json\/wp\/v2\/types\/page"}],"author":[{"embeddable":true,"href":"https:\/\/perimeter.ca\/fr\/wp-json\/wp\/v2\/users\/18"}],"replies":[{"embeddable":true,"href":"https:\/\/perimeter.ca\/fr\/wp-json\/wp\/v2\/comments?post=1865"}],"version-history":[{"count":0,"href":"https:\/\/perimeter.ca\/fr\/wp-json\/wp\/v2\/pages\/1865\/revisions"}],"wp:attachment":[{"href":"https:\/\/perimeter.ca\/fr\/wp-json\/wp\/v2\/media?parent=1865"}],"curies":[{"name":"wp","href":"https:\/\/api.w.org\/{rel}","templated":true}]}}