{"id":1867,"date":"2024-06-19T15:20:06","date_gmt":"2024-06-19T20:20:06","guid":{"rendered":"https:\/\/perimeter.ca\/exigences-en-matiere-didentification\/"},"modified":"2024-09-24T15:14:24","modified_gmt":"2024-09-24T20:14:24","slug":"exigences-en-matiere-didentification","status":"publish","type":"page","link":"https:\/\/perimeter.ca\/fr\/exigences-en-matiere-didentification\/","title":{"rendered":"Exigences en mati\u00e8re d&rsquo;identification"},"content":{"rendered":"\n<div style=\"height:55px\" aria-hidden=\"true\" class=\"wp-block-spacer\"><\/div>\n\n\n\n<p>Une pi\u00e8ce d&rsquo;identit\u00e9 valide est obligatoire pour tous les clients qui exp\u00e9dient du fret.\nLe nom de l&rsquo;exp\u00e9diteur sur la lettre de transport a\u00e9rien doit correspondre \u00e0 la pi\u00e8ce d&rsquo;identit\u00e9 pr\u00e9sent\u00e9e.\nLes clients doivent \u00eatre \u00e2g\u00e9s de 18 ans pour prendre ou d\u00e9poser des envois au Manitoba et de 19 ans en Ontario.  <\/p>\n\n\n\n<figure class=\"wp-block-image size-large is-resized\"><img loading=\"lazy\" decoding=\"async\" width=\"1024\" height=\"683\" src=\"https:\/\/perimeter.ca\/wp-content\/uploads\/2024\/09\/0H9A7365-1024x683.jpg\" alt=\"\" class=\"wp-image-3338\" style=\"object-fit:cover;width:1080px;height:450px\" srcset=\"https:\/\/perimeter.ca\/wp-content\/uploads\/2024\/09\/0H9A7365-1024x683.jpg 1024w, https:\/\/perimeter.ca\/wp-content\/uploads\/2024\/09\/0H9A7365-300x200.jpg 300w, https:\/\/perimeter.ca\/wp-content\/uploads\/2024\/09\/0H9A7365-768x512.jpg 768w, https:\/\/perimeter.ca\/wp-content\/uploads\/2024\/09\/0H9A7365-1536x1024.jpg 1536w, https:\/\/perimeter.ca\/wp-content\/uploads\/2024\/09\/0H9A7365-scaled.jpg 2048w\" sizes=\"auto, (max-width: 1024px) 100vw, 1024px\" \/><\/figure>\n\n\n\n<div style=\"height:30px\" aria-hidden=\"true\" class=\"wp-block-spacer\"><\/div>\n\n\n\n<h2 class=\"wp-block-heading h3\">Les clients qui d\u00e9posent des marchandises aux bureaux de fret (Winnipeg et Thompson, MB et Sioux Lookout et Thunder Bay, ON) sont tenus de le faire :<\/h2>\n\n\n\n<ul class=\"wp-block-list\">\n<li>Pr\u00e9sentez une pi\u00e8ce d&rsquo;identit\u00e9 valide avec photo d\u00e9livr\u00e9e par le gouvernement\n<ul class=\"wp-block-list\">\n<li>Vous pouvez \u00e9galement pr\u00e9senter deux (2) pi\u00e8ces d&rsquo;identit\u00e9 valides sans photo \u00e9mises par le gouvernement.<\/li>\n<\/ul>\n<\/li>\n<\/ul>\n\n\n\n<div style=\"height:30px\" aria-hidden=\"true\" class=\"wp-block-spacer\"><\/div>\n\n\n\n<h2 class=\"wp-block-heading h3\">Pour les clients de tous les autres points de d\u00e9p\u00f4t de fret, une pi\u00e8ce d&rsquo;identit\u00e9 acceptable doit \u00eatre pr\u00e9sent\u00e9e. La carte ou le document d&rsquo;identit\u00e9 :<\/h2>\n\n\n\n<ul class=\"wp-block-list\">\n<li>Ne peut \u00eatre expir\u00e9.<\/li>\n\n\n\n<li>Les photocopies ne sont pas accept\u00e9es.<\/li>\n\n\n\n<li>Le nom doit \u00eatre imprim\u00e9 et lisible.<\/li>\n\n\n\n<li>Doit correspondre exactement au nom figurant sur la lettre de transport a\u00e9rien.<\/li>\n<\/ul>\n\n\n\n<div style=\"height:30px\" aria-hidden=\"true\" class=\"wp-block-spacer\"><\/div>\n\n\n\n<h3 class=\"wp-block-heading\">ID acceptable<\/h3>\n\n\n\n<ul class=\"wp-block-list\">\n<li>Toute pi\u00e8ce d&rsquo;identit\u00e9 avec ou sans photo d\u00e9livr\u00e9e par le gouvernement<\/li>\n\n\n\n<li>Carte de fid\u00e9lit\u00e9<\/li>\n\n\n\n<li>Carte de membre du club de gym<\/li>\n\n\n\n<li>Mandat m\u00e9dical<\/li>\n\n\n\n<li>Carte bancaire<\/li>\n\n\n\n<li>Carte de cr\u00e9dit<\/li>\n\n\n\n<li>Carte d&rsquo;\u00e9tudiant<\/li>\n\n\n\n<li>Carte de biblioth\u00e8que<\/li>\n\n\n\n<li>Preuve du carnet de vaccination<\/li>\n\n\n\n<li>Ch\u00e8que transport des services indig\u00e8nes du Canada<\/li>\n\n\n\n<li>Confirmation temporaire de l&rsquo;enregistrement du statut d&rsquo;autochtone par Indigenous Services Canada<\/li>\n<\/ul>\n\n\n\n<div style=\"height:55px\" aria-hidden=\"true\" class=\"wp-block-spacer\"><\/div>\n","protected":false},"excerpt":{"rendered":"<p>Une pi\u00e8ce d&rsquo;identit\u00e9 valide est obligatoire pour tous les clients qui exp\u00e9dient du fret. Le nom de l&rsquo;exp\u00e9diteur sur la lettre de transport a\u00e9rien doit correspondre \u00e0 la pi\u00e8ce d&rsquo;identit\u00e9 pr\u00e9sent\u00e9e. Les clients doivent \u00eatre \u00e2g\u00e9s de 18 ans pour prendre ou d\u00e9poser des envois au Manitoba et de 19 ans en Ontario. Les clients &hellip;<\/p>\n","protected":false},"author":11,"featured_media":0,"parent":0,"menu_order":0,"comment_status":"closed","ping_status":"closed","template":"template-narrow.blade.php","meta":{"_acf_changed":true,"footnotes":""},"class_list":["post-1867","page","type-page","status-publish","hentry"],"acf":[],"_links":{"self":[{"href":"https:\/\/perimeter.ca\/fr\/wp-json\/wp\/v2\/pages\/1867","targetHints":{"allow":["GET"]}}],"collection":[{"href":"https:\/\/perimeter.ca\/fr\/wp-json\/wp\/v2\/pages"}],"about":[{"href":"https:\/\/perimeter.ca\/fr\/wp-json\/wp\/v2\/types\/page"}],"author":[{"embeddable":true,"href":"https:\/\/perimeter.ca\/fr\/wp-json\/wp\/v2\/users\/11"}],"replies":[{"embeddable":true,"href":"https:\/\/perimeter.ca\/fr\/wp-json\/wp\/v2\/comments?post=1867"}],"version-history":[{"count":0,"href":"https:\/\/perimeter.ca\/fr\/wp-json\/wp\/v2\/pages\/1867\/revisions"}],"wp:attachment":[{"href":"https:\/\/perimeter.ca\/fr\/wp-json\/wp\/v2\/media?parent=1867"}],"curies":[{"name":"wp","href":"https:\/\/api.w.org\/{rel}","templated":true}]}}