{"id":1868,"date":"2024-06-19T16:47:51","date_gmt":"2024-06-19T21:47:51","guid":{"rendered":"https:\/\/perimeter.ca\/conditions-du-contrat\/"},"modified":"2024-09-24T14:16:12","modified_gmt":"2024-09-24T19:16:12","slug":"conditions-du-contrat","status":"publish","type":"page","link":"https:\/\/perimeter.ca\/fr\/conditions-du-contrat\/","title":{"rendered":"Conditions du contrat"},"content":{"rendered":"\n<div style=\"height:55px\" aria-hidden=\"true\" class=\"wp-block-spacer\"><\/div>\n\n<h2 class=\"wp-block-heading\">Conditions du contrat<\/h2>\n\n<p>Notre tarif d\u00e9crit les conditions de transport du fret, et tout le fret vendu par Perimeter Aviation est soumis \u00e0 ces conditions.<\/p>\n\n<p>En vertu de la loi, Perimeter Aviation est tenu de publier son tarif de fret sur ce site Web, afin qu&rsquo;il puisse \u00eatre consult\u00e9 par le public.\nIl couvre les droits et obligations de l&rsquo;exp\u00e9diteur ou du destinataire, ainsi que les droits et responsabilit\u00e9s du transporteur a\u00e9rien. <\/p>\n\n<p>Les tarifs d&rsquo;a\u00e9roport \u00e0 a\u00e9roport sp\u00e9cifi\u00e9s dans le pr\u00e9sent tarif s&rsquo;appliquent uniquement aux marchandises d&rsquo;origine canadienne.\nPour le fret d&rsquo;origine non canadienne, les taux seront ceux indiqu\u00e9s sur la lettre de transport a\u00e9rien ou ceux convenus entre l&rsquo;exp\u00e9diteur ou le destinataire et le transporteur. <\/p>\n\n<p>Aucun employ\u00e9, agent, pr\u00e9pos\u00e9 ou repr\u00e9sentant du transporteur n&rsquo;est autoris\u00e9 \u00e0 alt\u00e9rer ou modifier les dispositions du contrat de transport ou du pr\u00e9sent tarif, ni \u00e0 y renoncer.<\/p>\n<div class=\"wp-block-buttons align-with-content my-[1.2em]\">\n  <div class=\"flex flex-wrap justify-center sm:justify-start gap-4\">\n    \n<a class=\"btn-secondary wp-block-button\" href=\"https:\/\/perimeter.ca\/wp-content\/uploads\/2024\/08\/Cargo-Tariff.pdf\" target=\"\" target=\"\">\n          Tarif du fret  [PDF]\n    <\/a>\n\n\n  <\/div>\n<\/div>\n\n<div style=\"height:55px\" aria-hidden=\"true\" class=\"wp-block-spacer\"><\/div>\n","protected":false},"excerpt":{"rendered":"<p>Conditions du contrat Notre tarif d\u00e9crit les conditions de transport du fret, et tout le fret vendu par Perimeter Aviation est soumis \u00e0 ces conditions. En vertu de la loi, Perimeter Aviation est tenu de publier son tarif de fret sur ce site Web, afin qu&rsquo;il puisse \u00eatre consult\u00e9 par le public. Il couvre les &hellip;<\/p>\n","protected":false},"author":11,"featured_media":0,"parent":0,"menu_order":0,"comment_status":"closed","ping_status":"closed","template":"template-narrow.blade.php","meta":{"_acf_changed":false,"footnotes":""},"class_list":["post-1868","page","type-page","status-publish","hentry"],"acf":[],"_links":{"self":[{"href":"https:\/\/perimeter.ca\/fr\/wp-json\/wp\/v2\/pages\/1868","targetHints":{"allow":["GET"]}}],"collection":[{"href":"https:\/\/perimeter.ca\/fr\/wp-json\/wp\/v2\/pages"}],"about":[{"href":"https:\/\/perimeter.ca\/fr\/wp-json\/wp\/v2\/types\/page"}],"author":[{"embeddable":true,"href":"https:\/\/perimeter.ca\/fr\/wp-json\/wp\/v2\/users\/11"}],"replies":[{"embeddable":true,"href":"https:\/\/perimeter.ca\/fr\/wp-json\/wp\/v2\/comments?post=1868"}],"version-history":[{"count":0,"href":"https:\/\/perimeter.ca\/fr\/wp-json\/wp\/v2\/pages\/1868\/revisions"}],"wp:attachment":[{"href":"https:\/\/perimeter.ca\/fr\/wp-json\/wp\/v2\/media?parent=1868"}],"curies":[{"name":"wp","href":"https:\/\/api.w.org\/{rel}","templated":true}]}}