{"id":1871,"date":"2024-06-19T15:23:58","date_gmt":"2024-06-19T20:23:58","guid":{"rendered":"https:\/\/perimeter.ca\/voyager-avec-des-problemes-de-sante\/"},"modified":"2024-09-25T11:55:51","modified_gmt":"2024-09-25T16:55:51","slug":"voyager-avec-des-problemes-de-sante","status":"publish","type":"page","link":"https:\/\/perimeter.ca\/fr\/voyager-avec-des-problemes-de-sante\/","title":{"rendered":"Pr\u00e9occupations en mati\u00e8re de sant\u00e9"},"content":{"rendered":"\n<div style=\"height:55px\" aria-hidden=\"true\" class=\"wp-block-spacer\"><\/div>\n\n\n\n<h2 class=\"wp-block-heading\">Voyager avec des probl\u00e8mes de sant\u00e9<\/h2>\n\n\n\n<p>Chez Perimeter Aviation et Bearskin Airlines, notre priorit\u00e9 est la sant\u00e9, la s\u00e9curit\u00e9 et le confort de nos passagers et de notre \u00e9quipage.\nNous comprenons qu&rsquo;il peut \u00eatre difficile de voyager avec un probl\u00e8me de sant\u00e9, c&rsquo;est pourquoi nous avons rassembl\u00e9 quelques informations pour vous aider dans votre voyage. <\/p>\n\n\n\n<figure class=\"wp-block-image size-large is-resized\"><img loading=\"lazy\" decoding=\"async\" width=\"1024\" height=\"683\" src=\"https:\/\/perimeter.ca\/wp-content\/uploads\/2024\/09\/0H9A2136-1024x683.jpg\" alt=\"\" class=\"wp-image-3328\" style=\"object-fit:cover;width:1080px;height:450px\" srcset=\"https:\/\/perimeter.ca\/wp-content\/uploads\/2024\/09\/0H9A2136-1024x683.jpg 1024w, https:\/\/perimeter.ca\/wp-content\/uploads\/2024\/09\/0H9A2136-300x200.jpg 300w, https:\/\/perimeter.ca\/wp-content\/uploads\/2024\/09\/0H9A2136-768x512.jpg 768w, https:\/\/perimeter.ca\/wp-content\/uploads\/2024\/09\/0H9A2136-1536x1024.jpg 1536w, https:\/\/perimeter.ca\/wp-content\/uploads\/2024\/09\/0H9A2136-scaled.jpg 2048w\" sizes=\"auto, (max-width: 1024px) 100vw, 1024px\" \/><\/figure>\n\n\n\n<div style=\"height:30px\" aria-hidden=\"true\" class=\"wp-block-spacer\"><\/div>\n\n\n\n<h3 class=\"wp-block-heading\">M\u00e9dicaments et articles m\u00e9dicaux<\/h3>\n\n\n\n<p>Vous \u00eates autoris\u00e9 \u00e0 emporter des m\u00e9dicaments \u00e0 bord.\nPour que votre voyage se d\u00e9roule sans encombre, veuillez respecter les consignes suivantes concernant vos m\u00e9dicaments : <\/p>\n\n\n\n<ul class=\"wp-block-list\">\n<li>Pour une s\u00e9curit\u00e9 et une sant\u00e9 optimales, transportez toujours vos m\u00e9dicaments dans votre bagage \u00e0 main, plac\u00e9 dans un endroit facilement accessible, plut\u00f4t que dans un bagage enregistr\u00e9.<\/li>\n\n\n\n<li>Bien que cela ne soit pas obligatoire, nous vous recommandons d&#8217;emporter une lettre de votre m\u00e9decin qui confirme le type de m\u00e9dicament, les doses prescrites, son utilit\u00e9 et tout autre article m\u00e9dical n\u00e9cessaire, tel que des seringues.<\/li>\n\n\n\n<li>Les m\u00e9dicaments doivent \u00eatre conserv\u00e9s dans leur emballage d&rsquo;origine, qui doit porter une \u00e9tiquette pharmaceutique indiquant clairement qu&rsquo;ils vous ont \u00e9t\u00e9 prescrits.<\/li>\n\n\n\n<li>Apportez une ordonnance de renouvellement pour faciliter le remplacement de vos m\u00e9dicaments en cas de perte, de d\u00e9t\u00e9rioration ou d&rsquo;\u00e9puisement de votre stock.<\/li>\n\n\n\n<li>Si vous utilisez des aiguilles pendant le vol, veuillez en informer notre personnel de cabine afin qu&rsquo;il vous fournisse un r\u00e9cipient appropri\u00e9.<\/li>\n<\/ul>\n\n\n\n<p>Veuillez noter que notre personnel de cabine n&rsquo;est pas autoris\u00e9 \u00e0 administrer des m\u00e9dicaments.\nSi vous avez besoin d&rsquo;un m\u00e9dicament pendant votre vol, vous devez \u00eatre en mesure de vous l&rsquo;administrer vous-m\u00eame ou de voyager avec quelqu&rsquo;un qui peut vous aider. <\/p>\n\n\n\n<div style=\"height:30px\" aria-hidden=\"true\" class=\"wp-block-spacer\"><\/div>\n\n\n\n<h3 class=\"wp-block-heading\">Autorisation m\u00e9dicale de voyage<\/h3>\n\n\n\n<p>Veuillez noter que si vous souffrez d&rsquo;une maladie pr\u00e9existante, le voyage en avion peut pr\u00e9senter certains risques.\nEn cas d&rsquo;urgence m\u00e9dicale \u00e0 bord, nous coordonnerons un atterrissage impr\u00e9vu afin de vous donner acc\u00e8s \u00e0 des soins m\u00e9dicaux de qualit\u00e9 au sol, bien que cela puisse n\u00e9cessiter un temps de coordination suppl\u00e9mentaire. <\/p>\n\n\n\n<p>Si vous voyagez avec un probl\u00e8me de sant\u00e9, il est essentiel de consulter votre m\u00e9decin pour confirmer que vous \u00eates apte \u00e0 prendre l&rsquo;avion avant de finaliser vos projets de voyage.<\/p>\n\n\n\n<p>Pour la s\u00e9curit\u00e9 de tous les passagers, certaines conditions m\u00e9dicales n\u00e9cessitent une communication pr\u00e9alable avec nous et un certificat m\u00e9dical ou une lettre d&rsquo;autorisation de vol :<\/p>\n\n\n\n<ul class=\"wp-block-list\">\n<li>Vous souffrez d&rsquo;un \u00e9tat m\u00e9dical ou psychologique instable qui a d\u00e9j\u00e0 entra\u00een\u00e9 un d\u00e9tournement de vol.<\/li>\n\n\n\n<li>Vous avez subi r\u00e9cemment un incident m\u00e9dical majeur tel qu&rsquo;une crise cardiaque, une insuffisance cardiaque, un accident vasculaire c\u00e9r\u00e9bral ou une insuffisance respiratoire.<\/li>\n\n\n\n<li>Vous avez subi une intervention chirurgicale majeure dans les deux semaines pr\u00e9c\u00e9dant votre voyage.<\/li>\n\n\n\n<li>Vous souffrez ou semblez souffrir d&rsquo;une maladie infectieuse ou contagieuse telle que la tuberculose, la varicelle ou la rougeole.<\/li>\n\n\n\n<li>Vous avez eu un incident m\u00e9dical \u00e0 bord d&rsquo;un vol pr\u00e9c\u00e9dent qui peut n\u00e9cessiter une attention particuli\u00e8re.<\/li>\n<\/ul>\n\n\n\n<p>Le certificat m\u00e9dical ou la lettre doivent \u00eatre r\u00e9dig\u00e9s par un m\u00e9decin ou, dans le cas de passagers venant de r\u00e9gions \u00e9loign\u00e9es et n&rsquo;ayant pas de m\u00e9decin, par l&rsquo;infirmi\u00e8re responsable du poste de soins infirmiers local.\nIl doit confirmer que vous \u00eates capable d&rsquo;effectuer le vol en toute s\u00e9curit\u00e9 sans assistance m\u00e9dicale extraordinaire.\nCe document doit \u00eatre dat\u00e9 de moins de 10 jours avant le premier vol de votre itin\u00e9raire.  <\/p>\n\n\n\n<div style=\"height:30px\" aria-hidden=\"true\" class=\"wp-block-spacer\"><\/div>\n\n\n\n<h3 class=\"wp-block-heading\">Voyager avec de l&rsquo;oxyg\u00e8ne<\/h3>\n\n\n\n<p>Pour plus d&rsquo;informations sur les voyages avec de l&rsquo;oxyg\u00e8ne, consultez notre section <a href=\"https:\/\/perimeter.ca\/fr\/services-daccessibilite\/\" data-type=\"page\" data-id=\"649\">Services d&rsquo;accessibilit\u00e9.<\/a><\/p>\n\n\n\n<div style=\"height:30px\" aria-hidden=\"true\" class=\"wp-block-spacer\"><\/div>\n\n\n\n<h3 class=\"wp-block-heading\">Voyager pendant la grossesse<\/h3>\n\n\n\n<p>Pour plus d&rsquo;informations sur les voyages pendant la grossesse, consultez notre section <a href=\"https:\/\/perimeter.ca\/fr\/enfants-et-famille\/\" data-type=\"page\" data-id=\"887\">Enfants et familles<\/a>.<\/p>\n\n\n\n<div style=\"height:55px\" aria-hidden=\"true\" class=\"wp-block-spacer\"><\/div>\n","protected":false},"excerpt":{"rendered":"<p>Voyager avec des probl\u00e8mes de sant\u00e9 Chez Perimeter Aviation et Bearskin Airlines, notre priorit\u00e9 est la sant\u00e9, la s\u00e9curit\u00e9 et le confort de nos passagers et de notre \u00e9quipage. Nous comprenons qu&rsquo;il peut \u00eatre difficile de voyager avec un probl\u00e8me de sant\u00e9, c&rsquo;est pourquoi nous avons rassembl\u00e9 quelques informations pour vous aider dans votre voyage. &hellip;<\/p>\n","protected":false},"author":18,"featured_media":0,"parent":0,"menu_order":0,"comment_status":"closed","ping_status":"closed","template":"template-narrow.blade.php","meta":{"_acf_changed":true,"footnotes":""},"class_list":["post-1871","page","type-page","status-publish","hentry"],"acf":[],"_links":{"self":[{"href":"https:\/\/perimeter.ca\/fr\/wp-json\/wp\/v2\/pages\/1871","targetHints":{"allow":["GET"]}}],"collection":[{"href":"https:\/\/perimeter.ca\/fr\/wp-json\/wp\/v2\/pages"}],"about":[{"href":"https:\/\/perimeter.ca\/fr\/wp-json\/wp\/v2\/types\/page"}],"author":[{"embeddable":true,"href":"https:\/\/perimeter.ca\/fr\/wp-json\/wp\/v2\/users\/18"}],"replies":[{"embeddable":true,"href":"https:\/\/perimeter.ca\/fr\/wp-json\/wp\/v2\/comments?post=1871"}],"version-history":[{"count":0,"href":"https:\/\/perimeter.ca\/fr\/wp-json\/wp\/v2\/pages\/1871\/revisions"}],"wp:attachment":[{"href":"https:\/\/perimeter.ca\/fr\/wp-json\/wp\/v2\/media?parent=1871"}],"curies":[{"name":"wp","href":"https:\/\/api.w.org\/{rel}","templated":true}]}}