{"id":1873,"date":"2024-06-19T16:45:57","date_gmt":"2024-06-19T21:45:57","guid":{"rendered":"https:\/\/perimeter.ca\/outils\/"},"modified":"2024-09-25T11:48:59","modified_gmt":"2024-09-25T16:48:59","slug":"outils","status":"publish","type":"page","link":"https:\/\/perimeter.ca\/fr\/outils\/","title":{"rendered":"Outils"},"content":{"rendered":"\n<div style=\"height:55px\" aria-hidden=\"true\" class=\"wp-block-spacer\"><\/div>\n\n\n\n<h2 class=\"wp-block-heading\">Outils de chargement<\/h2>\n\n\n\n<h3 class=\"wp-block-heading\">Estimez votre envoi<\/h3>\n\n\n\n<p>Planifiez et budg\u00e9tez facilement vos exp\u00e9ditions de fret avec notre outil Cargo Tool, qui fournit des estimations de prix instantan\u00e9es et pr\u00e9cises.\nNaviguez facilement dans votre logistique de fret, en assurant une exp\u00e9rience transparente de la planification \u00e0 l&rsquo;ex\u00e9cution.\nGardez une longueur d&rsquo;avance, prenez des d\u00e9cisions \u00e9clair\u00e9es et optimisez votre strat\u00e9gie d&rsquo;exp\u00e9dition gr\u00e2ce \u00e0 notre outil convivial Cargo Tool, la cl\u00e9 qui vous permettra d&rsquo;obtenir pr\u00e9cision et pr\u00e9visibilit\u00e9 pour chaque exp\u00e9dition.  <\/p>\n\n\n<div class=\"wp-block-buttons align-with-content my-[1.2em]\">\n  <div class=\"flex flex-wrap justify-center sm:justify-start gap-4\">\n    \n<a class=\"btn wp-block-button\" href=\"https:\/\/perimeter.ca\/fr\/estimateur\/\" target=\"\" target=\"\">\n          Obtenir un devis maintenant\n    <\/a>\n\n\n  <\/div>\n<\/div>\n\n\n\n<div style=\"height:30px\" aria-hidden=\"true\" class=\"wp-block-spacer\"><\/div>\n\n\n\n<h3 class=\"wp-block-heading\">Suivez votre envoi<\/h3>\n\n\n\n<p>Suivez votre cargaison \u00e0 chaque \u00e9tape de son voyage.\nNotre outil de suivi du fret vous permet d&rsquo;obtenir des rapports d&rsquo;avancement en temps r\u00e9el, directement \u00e0 partir de nos bureaux de fret de Winnipeg et de Thompson.\nIl vous suffit d&rsquo;entrer votre num\u00e9ro de lettre de transport a\u00e9rien et vous n&rsquo;avez plus \u00e0 vous poser de questions.\nRestez inform\u00e9 et gardez le contr\u00f4le gr\u00e2ce \u00e0 des donn\u00e9es en temps r\u00e9el, ce qui vous garantit une exp\u00e9rience d&rsquo;exp\u00e9dition transparente et sans faille du d\u00e9but \u00e0 la fin.   <\/p>\n\n\n<div class=\"wp-block-buttons align-with-content my-[1.2em]\">\n  <div class=\"flex flex-wrap justify-center sm:justify-start gap-4\">\n    \n<a class=\"btn wp-block-button\" href=\"https:\/\/perimeter.ca\/fr\/suivi\/\" target=\"\" target=\"\">\n          Suivre l&#039;envoi maintenant\n    <\/a>\n\n\n  <\/div>\n<\/div>\n\n\n\n<div style=\"height:30px\" aria-hidden=\"true\" class=\"wp-block-spacer\"><\/div>\n\n\n\n<h3 class=\"wp-block-heading\">Contactez un consultant Cargo<\/h3>\n\n\n\n<p>Am\u00e9liorez votre strat\u00e9gie logistique pour les comptes d&rsquo;entreprise en vous adressant \u00e0 notre expert Cargo Consultant.\nNotre \u00e9quipe est sp\u00e9cialis\u00e9e dans l&rsquo;\u00e9laboration de solutions sur mesure pour r\u00e9pondre \u00e0 vos besoins uniques en mati\u00e8re d&rsquo;exp\u00e9dition.\nQue vous souhaitiez optimiser vos cha\u00eenes d&rsquo;approvisionnement, g\u00e9rer votre fret ou rechercher des solutions rentables, nos consultants sont pr\u00eats \u00e0 vous guider.\nFaites le premier pas vers une gestion transparente du fret en b\u00e9n\u00e9ficiant d\u00e8s aujourd&rsquo;hui de conseils personnalis\u00e9s et d&rsquo;une vision strat\u00e9gique.   <\/p>\n\n\n<div class=\"wp-block-buttons align-with-content my-[1.2em]\">\n  <div class=\"flex flex-wrap justify-center sm:justify-start gap-4\">\n    \n<a class=\"btn wp-block-button\" href=\"https:\/\/perimeter.ca\/fr\/consulter\/\" target=\"\" target=\"\">\n          Contactez un conseiller d\u00e8s aujourd&#039;hui\n    <\/a>\n\n\n  <\/div>\n<\/div>\n\n\n\n<div style=\"height:55px\" aria-hidden=\"true\" class=\"wp-block-spacer\"><\/div>\n","protected":false},"excerpt":{"rendered":"<p>Outils de chargement Estimez votre envoi Planifiez et budg\u00e9tez facilement vos exp\u00e9ditions de fret avec notre outil Cargo Tool, qui fournit des estimations de prix instantan\u00e9es et pr\u00e9cises. Naviguez facilement dans votre logistique de fret, en assurant une exp\u00e9rience transparente de la planification \u00e0 l&rsquo;ex\u00e9cution. Gardez une longueur d&rsquo;avance, prenez des d\u00e9cisions \u00e9clair\u00e9es et optimisez &hellip;<\/p>\n","protected":false},"author":11,"featured_media":0,"parent":0,"menu_order":0,"comment_status":"closed","ping_status":"closed","template":"template-narrow.blade.php","meta":{"_acf_changed":true,"footnotes":""},"class_list":["post-1873","page","type-page","status-publish","hentry"],"acf":[],"_links":{"self":[{"href":"https:\/\/perimeter.ca\/fr\/wp-json\/wp\/v2\/pages\/1873","targetHints":{"allow":["GET"]}}],"collection":[{"href":"https:\/\/perimeter.ca\/fr\/wp-json\/wp\/v2\/pages"}],"about":[{"href":"https:\/\/perimeter.ca\/fr\/wp-json\/wp\/v2\/types\/page"}],"author":[{"embeddable":true,"href":"https:\/\/perimeter.ca\/fr\/wp-json\/wp\/v2\/users\/11"}],"replies":[{"embeddable":true,"href":"https:\/\/perimeter.ca\/fr\/wp-json\/wp\/v2\/comments?post=1873"}],"version-history":[{"count":0,"href":"https:\/\/perimeter.ca\/fr\/wp-json\/wp\/v2\/pages\/1873\/revisions"}],"wp:attachment":[{"href":"https:\/\/perimeter.ca\/fr\/wp-json\/wp\/v2\/media?parent=1873"}],"curies":[{"name":"wp","href":"https:\/\/api.w.org\/{rel}","templated":true}]}}