{"id":1874,"date":"2024-06-18T20:53:25","date_gmt":"2024-06-19T01:53:25","guid":{"rendered":"https:\/\/perimeter.ca\/pharma\/"},"modified":"2024-09-24T15:24:00","modified_gmt":"2024-09-24T20:24:00","slug":"pharma","status":"publish","type":"page","link":"https:\/\/perimeter.ca\/fr\/pharma\/","title":{"rendered":"Pharma"},"content":{"rendered":"\n<div style=\"height:55px\" aria-hidden=\"true\" class=\"wp-block-spacer\"><\/div>\n\n<h2 class=\"wp-block-heading\">Soins de sant\u00e9 a\u00e9roport\u00e9s<\/h2>\n\n<p>Embarquez pour le voyage complexe de la logistique pharmaceutique avec Perimeter Aviation, votre partenaire de confiance dans la fourniture de solutions sensibles \u00e0 la temp\u00e9rature pour vos d\u00e9fis uniques en mati\u00e8re d&rsquo;exp\u00e9dition.\nNous nous effor\u00e7ons de livrer des vaccins vitaux et des m\u00e9dicaments critiques avec pr\u00e9cision et fiabilit\u00e9. <\/p>\n\n<div style=\"height:30px\" aria-hidden=\"true\" class=\"wp-block-spacer\"><\/div>\n\n<h3 class=\"wp-block-heading\">Environnements \u00e0 temp\u00e9rature r\u00e9gul\u00e9e<\/h3>\n\n<p>Le transport a\u00e9rien de produits de sant\u00e9 exige une approche logistique m\u00e9ticuleuse.\nChez Perimeter Aviation, nous proposons des chambres \u00e0 temp\u00e9rature contr\u00f4l\u00e9e pour pr\u00e9server l&rsquo;int\u00e9grit\u00e9 de vos produits lorsqu&rsquo;ils sont emball\u00e9s de mani\u00e8re appropri\u00e9e, ce qui permet d&rsquo;\u00e9viter tout risque pendant le transport.   <\/p>\n\n<p>Notre environnement contr\u00f4l\u00e9 nous distingue en tant que fournisseur de solutions pharmaceutiques pour le Nord.\nMinimisez le risque de compromettre les m\u00e9dicaments de vos patients gr\u00e2ce \u00e0 la stabilit\u00e9 de la temp\u00e9rature ambiante et \u00e0 l&#8217;emballage de vos marchandises critiques dans des bo\u00eetes ou des conteneurs isol\u00e9s. <\/p>\n\n<p><strong>Nos gammes de temp\u00e9ratures sont adapt\u00e9es \u00e0 vos besoins sp\u00e9cifiques et offrent des conditions optimales :<\/strong><\/p>\n\n<div style=\"height:30px\" aria-hidden=\"true\" class=\"wp-block-spacer\"><\/div>\n\n<h3 class=\"wp-block-heading h4\">G\u00e9n\u00e9ral<\/h3>\n\n<p>Pour les produits conditionn\u00e9s pour r\u00e9sister aux conditions g\u00e9n\u00e9rales de manipulation des installations.<\/p>\n\n<p>Conditions ambiantes<\/p>\n\n<div style=\"height:30px\" aria-hidden=\"true\" class=\"wp-block-spacer\"><\/div>\n\n<h3 class=\"wp-block-heading h4\">Temp\u00e9rature contr\u00f4l\u00e9e<\/h3>\n\n<p>Pour les produits n\u00e9cessitant une manipulation \u00e0 temp\u00e9rature sp\u00e9cifique.<\/p>\n\n<p>Chambre froide : +2\u00b0C \u00e0 +8\u00b0C<\/p>\n\n<p>Cong\u00e9lateur : -18 \u00b0C<\/p>\n\n<div style=\"height:30px\" aria-hidden=\"true\" class=\"wp-block-spacer\"><\/div>\n\n<h3 class=\"wp-block-heading\">Analyse comparative des normes IATA de l&rsquo;industrie<\/h3>\n\n<p>Vous pouvez \u00eatre tranquille en sachant que vos envois sont trait\u00e9s avec le plus grand soin.\nNous nous r\u00e9f\u00e9rons aux normes de l&rsquo;IATA pour les processus d&rsquo;acceptation et de contr\u00f4le des produits pharmaceutiques, ce qui t\u00e9moigne de notre engagement en faveur de l&rsquo;excellence dans le secteur. <\/p>\n\n<div style=\"height:30px\" aria-hidden=\"true\" class=\"wp-block-spacer\"><\/div>\n\n<h3 class=\"wp-block-heading\">Traitement prioritaire<\/h3>\n\n<p>Les envois pharmaceutiques de Perimeter Aviation et de Bearskin Airlines b\u00e9n\u00e9ficient d&rsquo;une priorit\u00e9 \u00e9lev\u00e9e, ce qui permet de r\u00e9duire les d\u00e9lais de livraison et de r\u00e9cup\u00e9ration, et d&rsquo;offrir une garantie de niveau de service (sauf exceptions).\nB\u00e9n\u00e9ficiez d&rsquo;une logistique terrestre acc\u00e9l\u00e9r\u00e9e pour r\u00e9duire l&rsquo;exposition prolong\u00e9e \u00e0 des temp\u00e9ratures ambiantes inadapt\u00e9es, gr\u00e2ce \u00e0 notre syst\u00e8me de manutention et de chargement \u00ab\u00a0dernier entr\u00e9, premier sorti\u00a0\u00bb, associ\u00e9 \u00e0 des temps de transfert rapides. <\/p>\n\n<div style=\"height:30px\" aria-hidden=\"true\" class=\"wp-block-spacer\"><\/div>\n\n<h3 class=\"wp-block-heading\">La logistique pharmaceutique au bout des doigts<\/h3>\n\n<p>Faites l&rsquo;exp\u00e9rience de la commodit\u00e9 avec notre Cargo Tool.\nLes titulaires de compte peuvent b\u00e9n\u00e9ficier de capacit\u00e9s de consignation en ligne et du suivi des exp\u00e9ditions pour la plupart des envois de produits pharmaceutiques. <\/p>\n\n<p>Choisissez Perimeter Aviation pour une exp\u00e9rience pharmaceutique transparente, fiable et \u00e0 temp\u00e9rature contr\u00f4l\u00e9e.<\/p>\n\n<div style=\"height:55px\" aria-hidden=\"true\" class=\"wp-block-spacer\"><\/div>\n","protected":false},"excerpt":{"rendered":"<p>Soins de sant\u00e9 a\u00e9roport\u00e9s Embarquez pour le voyage complexe de la logistique pharmaceutique avec Perimeter Aviation, votre partenaire de confiance dans la fourniture de solutions sensibles \u00e0 la temp\u00e9rature pour vos d\u00e9fis uniques en mati\u00e8re d&rsquo;exp\u00e9dition. Nous nous effor\u00e7ons de livrer des vaccins vitaux et des m\u00e9dicaments critiques avec pr\u00e9cision et fiabilit\u00e9. Environnements \u00e0 temp\u00e9rature &hellip;<\/p>\n","protected":false},"author":11,"featured_media":0,"parent":0,"menu_order":0,"comment_status":"closed","ping_status":"closed","template":"template-narrow.blade.php","meta":{"_acf_changed":false,"footnotes":""},"class_list":["post-1874","page","type-page","status-publish","hentry"],"acf":[],"_links":{"self":[{"href":"https:\/\/perimeter.ca\/fr\/wp-json\/wp\/v2\/pages\/1874","targetHints":{"allow":["GET"]}}],"collection":[{"href":"https:\/\/perimeter.ca\/fr\/wp-json\/wp\/v2\/pages"}],"about":[{"href":"https:\/\/perimeter.ca\/fr\/wp-json\/wp\/v2\/types\/page"}],"author":[{"embeddable":true,"href":"https:\/\/perimeter.ca\/fr\/wp-json\/wp\/v2\/users\/11"}],"replies":[{"embeddable":true,"href":"https:\/\/perimeter.ca\/fr\/wp-json\/wp\/v2\/comments?post=1874"}],"version-history":[{"count":0,"href":"https:\/\/perimeter.ca\/fr\/wp-json\/wp\/v2\/pages\/1874\/revisions"}],"wp:attachment":[{"href":"https:\/\/perimeter.ca\/fr\/wp-json\/wp\/v2\/media?parent=1874"}],"curies":[{"name":"wp","href":"https:\/\/api.w.org\/{rel}","templated":true}]}}