{"id":1875,"date":"2024-06-19T14:52:10","date_gmt":"2024-06-19T19:52:10","guid":{"rendered":"https:\/\/perimeter.ca\/livraison-a-domicile\/"},"modified":"2024-09-26T15:41:12","modified_gmt":"2024-09-26T20:41:12","slug":"livraison-a-domicile","status":"publish","type":"page","link":"https:\/\/perimeter.ca\/fr\/livraison-a-domicile\/","title":{"rendered":"Livraison \u00e0 domicile"},"content":{"rendered":"\n<div style=\"height:55px\" aria-hidden=\"true\" class=\"wp-block-spacer\"><\/div>\n\n\n\n<h2 class=\"wp-block-heading\">Livraison par la porte d&rsquo;entr\u00e9e<\/h2>\n\n\n\n<p>Bienvenue au programme de livraison \u00e0 domicile de Perimeter, o\u00f9 la commodit\u00e9 rencontre la communaut\u00e9.\n\u00c9tablie en 2018 \u00e0 Red Sucker Lake, notre initiative de livraison a prosp\u00e9r\u00e9, s&rsquo;\u00e9tendant pour desservir 10 communaut\u00e9s \u00e0 travers le Manitoba et le nord-ouest de l&rsquo;Ontario, livrant plus de 4 millions de livres d&rsquo;\u00e9picerie en 2020 seulement. <\/p>\n\n\n\n<div style=\"height:30px\" aria-hidden=\"true\" class=\"wp-block-spacer\"><\/div>\n\n\n\n<h3 class=\"wp-block-heading\">Comment cela fonctionne-t-il ?<\/h3>\n\n\n<div class=\"wp-block-cards-icons icon-cards flex flex-wrap gap-5 w-full items-stretch my-section\">\n            <div class=\"relative flex flex-col flex-wrap flex-1 min-w-52 items-center mt-14\">\n            <div class=\"bg-gradient-to-b from-perimeterOrange to-bearskinOrange rounded-full absolute p-4 aspect-square flex items-center justify-center w-28 -top-14 *:!p-0 *:!m-0\">\n                            <h2 class=\"text-center text-white font-black tracking-wide text-2xl\">\u00c9tape<br><span class=\"text-4xl\">1<\/span><\/h2>\n                        <\/div>\n            <div class=\"bg-theme-6 pb-5 pt-20 px-4 prose-p:text-lg rounded-lg self-stretch w-full h-full\">\n                <p>Passez votre commande en ligne ou par t\u00e9l\u00e9phone aupr\u00e8s d&rsquo;un partenaire de Nutrition North.<\/p>\n\n            <\/div>\n        <\/div>\n            <div class=\"relative flex flex-col flex-wrap flex-1 min-w-52 items-center mt-14\">\n            <div class=\"bg-gradient-to-b from-perimeterOrange to-bearskinOrange rounded-full absolute p-4 aspect-square flex items-center justify-center w-28 -top-14 *:!p-0 *:!m-0\">\n                            <h2 class=\"text-center text-white font-black tracking-wide text-2xl\">\u00c9tape<br><span class=\"text-4xl\">2<\/span><\/h2>\n                        <\/div>\n            <div class=\"bg-theme-6 pb-5 pt-20 px-4 prose-p:text-lg rounded-lg self-stretch w-full h-full\">\n                <p>Demandez l&rsquo;option de livraison \u00e0 domicile de Perimeter. Votre commande sera livr\u00e9e par le vendeur \u00e0 notre centre de fret. <\/p>\n\n            <\/div>\n        <\/div>\n            <div class=\"relative flex flex-col flex-wrap flex-1 min-w-52 items-center mt-14\">\n            <div class=\"bg-gradient-to-b from-perimeterOrange to-bearskinOrange rounded-full absolute p-4 aspect-square flex items-center justify-center w-28 -top-14 *:!p-0 *:!m-0\">\n                            <h2 class=\"text-center text-white font-black tracking-wide text-2xl\">\u00c9tape<br><span class=\"text-4xl\">3<\/span><\/h2>\n                        <\/div>\n            <div class=\"bg-theme-6 pb-5 pt-20 px-4 prose-p:text-lg rounded-lg self-stretch w-full h-full\">\n                <p>Nous nous occupons du reste ! Votre commande sera livr\u00e9e directement \u00e0 votre porte ! <\/p>\n\n            <\/div>\n        <\/div>\n    <\/div>\n\n\n<div style=\"height:30px\" aria-hidden=\"true\" class=\"wp-block-spacer\"><\/div>\n\n\n\n<h3 class=\"wp-block-heading\">Disponibilit\u00e9 de la livraison \u00e0 domicile<\/h3>\n\n\n\n<p><strong>La livraison \u00e0 domicile est disponible dans les communaut\u00e9s o\u00f9 nous avons des installations de livraison et de stockage participantes.\nIl s&rsquo;agit notamment de <\/strong><\/p>\n\n\n\n<ul class=\"wp-block-list\">\n<li>Le goulet du lac de Dieu<\/li>\n\n\n\n<li>Le fleuve de Dieu<\/li>\n\n\n\n<li>Lac de l&rsquo;\u00eele<\/li>\n\n\n\n<li>Maison d&rsquo;Oxford<\/li>\n\n\n\n<li>Pikangikum<\/li>\n\n\n\n<li>Lac Red Sucker  <\/li>\n\n\n\n<li>Lac Sandy<\/li>\n\n\n\n<li>Shamattawa<\/li>\n\n\n\n<li>St Theresa Point<\/li>\n\n\n\n<li>Wasagamack<\/li>\n<\/ul>\n\n\n\n<hr class=\"wp-block-separator has-text-color has-orange-500-color has-alpha-channel-opacity has-orange-500-background-color has-background\"\/>\n\n\n\n<h2 class=\"wp-block-heading\">Partenaires de livraison \u00e0 domicile<\/h2>\n\n\n\n<h3 class=\"wp-block-heading\">Aliments du march\u00e9 frais<\/h3>\n\n\n\n<p>Suivez la page Facebook pour les mises \u00e0 jour et les prospectus hebdomadaires ou visitez leur site Web \u00e0 l&rsquo;adresse <a href=\"https:\/\/freshmarketfoods.ca\/\">https:\/\/freshmarketfoods.ca\/<\/a>. Passez votre commande en appelant le 807-737-1630 X 1039 ou envoyez-la par courriel.<\/p>\n\n\n\n<div style=\"height:30px\" aria-hidden=\"true\" class=\"wp-block-spacer\"><\/div>\n\n\n\n<h3 class=\"wp-block-heading\">Harris Meats<\/h3>\n\n\n\n<p>Appelez le 204-589-1905 ou envoyez un courriel au bureau des commandes pour passer votre commande.\nVisitez leur site Web \u00e0 l&rsquo;adresse <a href=\"\">http:\/\/www.harrismeatsandgroceries.com\/<\/a> pour conna\u00eetre les articles disponibles. <\/p>\n\n\n\n<div style=\"height:30px\" aria-hidden=\"true\" class=\"wp-block-spacer\"><\/div>\n\n\n\n<h3 class=\"wp-block-heading\">Supermarch\u00e9 Pals<\/h3>\n\n\n\n<p>Passez votre commande en appelant le 204-783-7468 ou envoyez-la par courriel.\nVisitez leur site Web \u00e0 <a href=\"\">https:\/\/palssupermarket.com\/<\/a> pour conna\u00eetre les articles disponibles. <\/p>\n\n\n\n<hr class=\"wp-block-separator has-text-color has-orange-500-color has-alpha-channel-opacity has-orange-500-background-color has-background\"\/>\n\n\n\n<h2 class=\"wp-block-heading\">Devenez une communaut\u00e9 de livraison \u00e0 domicile<\/h2>\n\n\n\n<p>Vous vivez dans une communaut\u00e9 qui souhaiterait que la livraison \u00e0 domicile se fasse \u00e0 votre porte ? Si c&rsquo;est le cas, nous serions heureux de travailler avec vous pour mettre en place les chauffeurs de livraison et les exigences de stockage. <a href=\"mailto:homedelivery@perimeter.ca\">Contactez notre \u00e9quipe<\/a> et nous nous mettrons au travail avec vous !<\/p>\n\n\n\n<hr class=\"wp-block-separator has-text-color has-orange-500-color has-alpha-channel-opacity has-orange-500-background-color has-background\"\/>\n\n\n\n<h2 class=\"wp-block-heading\">Rejoignez nos chauffeurs livreurs \u00e0 domicile<\/h2>\n\n\n\n<p>Vous souhaitez devenir chauffeur-livreur \u00e0 domicile dans l&rsquo;une des communaut\u00e9s participantes ? Si vous r\u00e9pondez par l&rsquo;affirmative, nous sommes toujours \u00e0 la recherche de participants fiables ayant acc\u00e8s \u00e0 un v\u00e9hicule et connaissant bien les environs. <a href=\"mailto:homedelivery@perimeter.ca\">Contactez-nous pour plus d&rsquo;informations ou pour soumettre votre candidature<\/a>.<\/p>\n\n\n\n<hr class=\"wp-block-separator has-text-color has-orange-500-color has-alpha-channel-opacity has-orange-500-background-color has-background\"\/>\n\n\n\n<h2 class=\"wp-block-heading\">Points forts de la livraison \u00e0 domicile<\/h2>\n\n\n\n<p><strong>Des livraisons rapides : <\/strong>Une fois que votre commande arrive dans notre entrep\u00f4t, les produits r\u00e9frig\u00e9r\u00e9s et congel\u00e9s sont livr\u00e9s dans les 3 jours et les produits secs dans les 5 jours, ce qui garantit leur fra\u00eecheur et leur commodit\u00e9.\nMalheureusement, nous ne pouvons pas livrer les produits r\u00e9frig\u00e9r\u00e9s\/congel\u00e9s et les produits secs en m\u00eame temps en raison de notre cha\u00eene du froid. <\/p>\n\n\n\n<p><strong>Une s\u00e9lection de produits diversifi\u00e9e : <\/strong>Notre inventaire diversifi\u00e9 refl\u00e8te celui de votre \u00e9picerie locale, chaque fournisseur de Nutrition Nord offrant une gamme unique de produits.\nLes articles disponibles chez chaque vendeur peuvent diff\u00e9rer.\nAssurez-vous de jeter un coup d&rsquo;\u0153il \u00e0 ce que chaque fournisseur de Nutrition Nord offre !  <\/p>\n\n\n\n<p><strong>Un suivi sans effort :<\/strong> Suivez votre envoi sans effort une fois qu&rsquo;il entre dans le P\u00e9rim\u00e8tre Cargo, en vous fournissant des mises \u00e0 jour en temps r\u00e9el. Il vous suffit d&rsquo;utiliser le num\u00e9ro de la lettre de transport a\u00e9rien attribu\u00e9 aux coordonn\u00e9es que vous avez fournies, lors de la r\u00e9ception de la commande de produits d&rsquo;\u00e9picerie. Saisissez-le dans notre <a href=\"https:\/\/cargo.perimeter.ca\/WebContent\/EN\/CargoTracking\">outil de suivi des cargaisons<\/a> pour obtenir des mises \u00e0 jour en temps r\u00e9el.<\/p>\n\n\n\n<p><strong>Une prestation ax\u00e9e sur la communaut\u00e9 : <\/strong>Notre \u00e9quipe de livraison est compos\u00e9e de membres de la communaut\u00e9 locale, ce qui garantit une touche personnelle et contribue \u00e0 la prosp\u00e9rit\u00e9 des communaut\u00e9s que nous desservons.\nLorsque vous choisissez Perimeter, vos courses sont livr\u00e9es par vos voisins &#8211; des membres de la communaut\u00e9 locale employ\u00e9s par Perimeter. <\/p>\n\n\n\n<p><strong>Des achats rentables :<\/strong> Gr\u00e2ce \u00e0 la subvention de Nutritious North, nos prix sont inf\u00e9rieurs d&rsquo;environ 25 % \u00e0 ceux des magasins traditionnels, ce qui rend la livraison \u00e0 domicile non seulement pratique, mais aussi rentable.  <\/p>\n\n\n\n<p><strong>Options d&rsquo;achat \u00e9largies :<\/strong> Au-del\u00e0 de l&rsquo;\u00e9picerie, notre service de livraison \u00e0 domicile r\u00e9pond \u00e0 tous vos besoins en mati\u00e8re de shopping.\nD\u00e9posez vos articles dans n&rsquo;importe quel centre de fret, et nous nous assurerons qu&rsquo;ils arrivent \u00e0 votre porte dans n&rsquo;importe quelle communaut\u00e9 participante. <\/p>\n\n\n\n<div style=\"height:55px\" aria-hidden=\"true\" class=\"wp-block-spacer\"><\/div>\n\n\n\n<p><\/p>\n","protected":false},"excerpt":{"rendered":"<p>Livraison par la porte d&rsquo;entr\u00e9e Bienvenue au programme de livraison \u00e0 domicile de Perimeter, o\u00f9 la commodit\u00e9 rencontre la communaut\u00e9. \u00c9tablie en 2018 \u00e0 Red Sucker Lake, notre initiative de livraison a prosp\u00e9r\u00e9, s&rsquo;\u00e9tendant pour desservir 10 communaut\u00e9s \u00e0 travers le Manitoba et le nord-ouest de l&rsquo;Ontario, livrant plus de 4 millions de livres d&rsquo;\u00e9picerie &hellip;<\/p>\n","protected":false},"author":11,"featured_media":0,"parent":0,"menu_order":0,"comment_status":"closed","ping_status":"closed","template":"template-narrow.blade.php","meta":{"_acf_changed":false,"footnotes":""},"class_list":["post-1875","page","type-page","status-publish","hentry"],"acf":[],"_links":{"self":[{"href":"https:\/\/perimeter.ca\/fr\/wp-json\/wp\/v2\/pages\/1875","targetHints":{"allow":["GET"]}}],"collection":[{"href":"https:\/\/perimeter.ca\/fr\/wp-json\/wp\/v2\/pages"}],"about":[{"href":"https:\/\/perimeter.ca\/fr\/wp-json\/wp\/v2\/types\/page"}],"author":[{"embeddable":true,"href":"https:\/\/perimeter.ca\/fr\/wp-json\/wp\/v2\/users\/11"}],"replies":[{"embeddable":true,"href":"https:\/\/perimeter.ca\/fr\/wp-json\/wp\/v2\/comments?post=1875"}],"version-history":[{"count":0,"href":"https:\/\/perimeter.ca\/fr\/wp-json\/wp\/v2\/pages\/1875\/revisions"}],"wp:attachment":[{"href":"https:\/\/perimeter.ca\/fr\/wp-json\/wp\/v2\/media?parent=1875"}],"curies":[{"name":"wp","href":"https:\/\/api.w.org\/{rel}","templated":true}]}}