{"id":1878,"date":"2024-06-19T14:31:33","date_gmt":"2024-06-19T19:31:33","guid":{"rendered":"https:\/\/perimeter.ca\/objets-autorises-interdits-et-illegaux\/"},"modified":"2024-09-27T10:22:36","modified_gmt":"2024-09-27T15:22:36","slug":"objets-autorises-interdits-et-illegaux","status":"publish","type":"page","link":"https:\/\/perimeter.ca\/fr\/objets-autorises-interdits-et-illegaux\/","title":{"rendered":"Objets autoris\u00e9s, interdits et ill\u00e9gaux"},"content":{"rendered":"\n<div style=\"height:55px\" aria-hidden=\"true\" class=\"wp-block-spacer\"><\/div>\n\n<h2 class=\"wp-block-heading\">Protection de votre envoi<\/h2>\n\n<p>Nous accueillons un large \u00e9ventail de marchandises, qu&rsquo;il s&rsquo;agisse de produits courants ou d&rsquo;envois sp\u00e9cialis\u00e9s. Il est important pour nous d&rsquo;assurer la s\u00e9curit\u00e9 du transport de vos marchandises par fret. Pour faciliter un processus de livraison fiable et sans heurts, il est essentiel de conna\u00eetre les articles autoris\u00e9s pour le transport a\u00e9rien, ceux qui sont consid\u00e9r\u00e9s comme dangereux, ceux qui sont strictement interdits et ceux qui sont soumis \u00e0 des conditions sp\u00e9ciales. Familiarisez-vous avec les directives ci-dessous pour garantir la s\u00e9curit\u00e9 de votre envoi et de ceux qui le manipulent.   <\/p>\n\n<p>Si vous avez des questions ou si vous avez besoin d&rsquo;\u00e9claircissements suppl\u00e9mentaires, notre \u00e9quipe de service client\u00e8le d\u00e9di\u00e9e au fret est pr\u00eate \u00e0 vous aider. Votre coop\u00e9ration garantit un transport s\u00fbr et fiable de votre cargaison.<\/p>\n\n<div style=\"height:30px\" aria-hidden=\"true\" class=\"wp-block-spacer\"><\/div>\n\n<h3 class=\"wp-block-heading h4\">Lignes directrices<\/h3>\n\n<ol start=\"0\" class=\"wp-block-list\">\n<li>Il est rappel\u00e9 aux clients que ces articles doivent \u00eatre transport\u00e9s en cabine afin de minimiser les risques d&rsquo;endommagement pendant le transport.  <\/li>\n\n\n\n<li>Un arrangement pr\u00e9alable doit \u00eatre pris avec la direction de Perimeter Aviation et doit \u00eatre transport\u00e9 ou exp\u00e9di\u00e9 par un pr\u00eatre.  <\/li>\n\n\n\n<li>Sauf accord pr\u00e9alable avec la direction de Perimeter Aviation, l&rsquo;approbation \u00e9crite du chef et du conseil de la communaut\u00e9 locale o\u00f9 l&rsquo;alcool ou le cannabis sera transport\u00e9 doit \u00eatre obtenue pour TOUTES les communaut\u00e9s des Premi\u00e8res nations de notre r\u00e9seau.  <\/li>\n\n\n\n<li>Les objets ne peuvent pas \u00eatre plac\u00e9s dans les bagages une fois qu&rsquo;ils ont \u00e9t\u00e9 retir\u00e9s pendant la proc\u00e9dure d&#8217;embarquement.  <\/li>\n\n\n\n<li>Des articles peuvent \u00eatre exp\u00e9di\u00e9s dans le compartiment \u00e0 bagages si le poids et l&rsquo;espace sont suffisants.  <\/li>\n\n\n\n<li>L&rsquo;article est consid\u00e9r\u00e9 comme une marchandise dangereuse et doit \u00eatre conforme \u00e0 la <a href=\"https:\/\/perimeter.ca\/fr\/marchandises-dangereuses\/\" data-type=\"page\" data-id=\"872\">r\u00e9glementation sur le transport des marchandises dangereuses<\/a>.<\/li>\n<\/ol>\n\n<div style=\"height:30px\" aria-hidden=\"true\" class=\"wp-block-spacer\"><\/div>\n\n<h3 class=\"wp-block-heading\">Alcool et drogues<\/h3>\n\n<figure class=\"wp-block-table\"><table class=\"has-fixed-layout\"><thead><tr><th scope=\"col\">Alcool et drogues<\/th><th scope=\"col\">Envois de marchandises<\/th><\/tr><\/thead><tbody><tr><th scope=\"row\">Alcool\/boissons alcoolis\u00e9es <\/th><td>Interdit <sup>2<\/sup><\/td><\/tr><tr><th scope=\"row\">Drogues illicites et attirail de drogues <\/th><td>Ill\u00e9gal<\/td><\/tr><tr><th scope=\"row\">Cannabis r\u00e9cr\u00e9atif <\/th><td>Interdit <sup>2<\/sup><\/td><\/tr><\/tbody><\/table><\/figure>\n\n<div style=\"height:30px\" aria-hidden=\"true\" class=\"wp-block-spacer\"><\/div>\n\n<h3 class=\"wp-block-heading\">Piles<\/h3>\n\n<figure class=\"wp-block-table\"><table class=\"has-fixed-layout\"><thead><tr><th>Piles<\/th><th>Envois de marchandises<\/th><\/tr><\/thead><tbody><tr><td>Piles alcalines, zinc-carbone (piles s\u00e8ches), nickel-hydrure m\u00e9tallique (NiMH), nickel-cadmium (NiCd) et oxyde d&rsquo;argent (non lithium) (lampes de poche ou appareils \u00e9lectroniques domestiques)<\/td><td><\/td><\/tr><tr><td>Piles et batteries au lithium m\u00e9tal (t\u00e9l\u00e9phones cellulaires, ordinateurs portables, appareils photo num\u00e9riques, etc.)<\/td><td><\/td><\/tr><tr><td>Batteries lithium-ion d&rsquo;une capacit\u00e9 inf\u00e9rieure ou \u00e9gale \u00e0 100 Wattheures (Wh) (t\u00e9l\u00e9phones cellulaires, ordinateurs portables, appareils photo num\u00e9riques)<\/td><td><\/td><\/tr><tr><td>Batteries lithium-ion d&rsquo;une puissance sup\u00e9rieure \u00e0 100 et inf\u00e9rieure ou \u00e9gale \u00e0 160 Wattheures (\u00e9quipements vid\u00e9o ou appareils m\u00e9dicaux portables)<\/td><td><\/td><\/tr><tr><td>Batteries lithium-ion de plus de 160 Wattheures (v\u00e9los \u00e9lectriques, lampes sous-marines, batteries de voiture, segways, hoverboards)<\/td><td><\/td><\/tr><tr><td>Piles au lithium de rechange<\/td><td><\/td><\/tr><tr><td>Piles renversables (pile humide\/gel)<\/td><td><\/td><\/tr><\/tbody><\/table><\/figure>\n\n<div style=\"height:30px\" aria-hidden=\"true\" class=\"wp-block-spacer\"><\/div>\n\n<h3 class=\"wp-block-heading\">V\u00e9hicules et appareils fonctionnant sur batterie<\/h3>\n\n<figure class=\"wp-block-table\"><table class=\"has-fixed-layout\"><thead><tr><th>V\u00e9hicules et appareils fonctionnant sur batterie<\/th><th>Envois de marchandises<\/th><\/tr><\/thead><tbody><tr><td>Aides \u00e0 la mobilit\u00e9 aliment\u00e9es par batterie<\/td><td><\/td><\/tr><tr><td>Dispositifs m\u00e9dicaux aliment\u00e9s par batterie<\/td><td><\/td><\/tr><tr><td>Drones<\/td><td><\/td><\/tr><\/tbody><\/table><\/figure>\n\n<div style=\"height:30px\" aria-hidden=\"true\" class=\"wp-block-spacer\"><\/div>\n\n<h3 class=\"wp-block-heading\">Cigarettes \u00e9lectroniques ou vaporisateurs<\/h3>\n\n<figure class=\"wp-block-table\"><table class=\"has-fixed-layout\"><thead><tr><th>Cigarettes \u00e9lectroniques ou vaporisateurs<\/th><th>Envois de marchandises<\/th><\/tr><\/thead><tbody><tr><td>Cigarettes \u00e9lectroniques<\/td><td><\/td><\/tr><tr><td>Vaporisateurs<\/td><td><\/td><\/tr><\/tbody><\/table><\/figure>\n\n<div style=\"height:30px\" aria-hidden=\"true\" class=\"wp-block-spacer\"><\/div>\n\n<h3 class=\"wp-block-heading\">Appareils \u00e9lectroniques<\/h3>\n\n<figure class=\"wp-block-table\"><table class=\"has-fixed-layout\"><thead><tr><th scope=\"col\">Appareils \u00e9lectroniques<\/th><th scope=\"col\">Envois de marchandises<\/th><\/tr><\/thead><tbody><tr><th scope=\"row\">Cam\u00e9scopes, appareils photo num\u00e9riques <\/th><td>Autoris\u00e9 <sup>0<\/sup><\/td><\/tr><tr><th scope=\"row\">T\u00e9l\u00e9phones mobiles, appareils de jeux portables <\/th><td>Autoris\u00e9 <sup>0<\/sup><\/td><\/tr><tr><th scope=\"row\">Tablettes, lecteurs mp3, PDA, ordinateurs portables <\/th><td>Autoris\u00e9 <sup>0<\/sup><\/td><\/tr><\/tbody><\/table><\/figure>\n\n<div style=\"height:30px\" aria-hidden=\"true\" class=\"wp-block-spacer\"><\/div>\n\n<h3 class=\"wp-block-heading\">Mati\u00e8res explosives<\/h3>\n\n<figure class=\"wp-block-table\"><table class=\"has-fixed-layout\"><thead><tr><th scope=\"col\">Mati\u00e8res explosives<\/th><th scope=\"col\">Envois de marchandises<\/th><\/tr><\/thead><tbody><tr><th scope=\"row\">Objets explosifs ou dispositifs de d\u00e9tonation <\/th><td>Autoris\u00e9 <sup>5<\/sup><\/td><\/tr><tr><th scope=\"row\">Dynamite ou autres explosifs <\/th><td>Autoris\u00e9 <sup>5<\/sup><\/td><\/tr><tr><th scope=\"row\">Feux d&rsquo;artifice (y compris les \u00e9toiles) <\/th><td>Autoris\u00e9 <sup>5<\/sup><\/td><\/tr><\/tbody><\/table><\/figure>\n\n<div style=\"height:30px\" aria-hidden=\"true\" class=\"wp-block-spacer\"><\/div>\n\n<h3 class=\"wp-block-heading\">Articles inflammables et gaz comprim\u00e9s<\/h3>\n\n<figure class=\"wp-block-table\"><table class=\"has-fixed-layout\"><thead><tr><th scope=\"col\">Articles inflammables, gaz comprim\u00e9s<\/th><th scope=\"col\">Envois de marchandises<\/th><\/tr><\/thead><tbody><tr><th scope=\"row\">A\u00e9rosol <\/th><td>Autoris\u00e9 <sup>5<\/sup><\/td><\/tr><tr><th scope=\"row\">Combustibles pour briquets, torches, essence <\/th><td>Autoris\u00e9 <sup>5<\/sup><\/td><\/tr><tr><th scope=\"row\">T\u00e9r\u00e9benthine et diluant pour peinture <\/th><td>Autoris\u00e9 <sup>5<\/sup><\/td><\/tr><tr><th scope=\"row\">Peinture \u00e0 l&rsquo;huile <\/th><td>Autoris\u00e9 <sup>5<\/sup><\/td><\/tr><tr><th scope=\"row\">Eau de Javel <\/th><td>Autoris\u00e9 <sup>5<\/sup><\/td><\/tr><\/tbody><\/table><\/figure>\n\n<div style=\"height:30px\" aria-hidden=\"true\" class=\"wp-block-spacer\"><\/div>\n\n<h3 class=\"wp-block-heading\">Alimentation et boissons<\/h3>\n\n<figure class=\"wp-block-table\"><table class=\"has-fixed-layout\"><thead><tr><th scope=\"col\">Alimentation et boissons<\/th><th scope=\"col\">Bagages enregistr\u00e9s<\/th><\/tr><\/thead><tbody><tr><th scope=\"row\">Bouteilles en verre R\u00e9cipients en verre <\/th><td>Autoris\u00e9<\/td><\/tr><tr><th scope=\"row\">Couverts en m\u00e9tal (fourchettes et couteaux) <\/th><td>Autoris\u00e9<\/td><\/tr><tr><th scope=\"row\">Couverts en plastique <\/th><td>Autoris\u00e9<\/td><\/tr><tr><th scope=\"row\">Boissons scell\u00e9es (jus, caf\u00e9, boissons gazeuses) <\/th><td>Autoris\u00e9<\/td><\/tr><tr><th scope=\"row\">Boissons ouvertes (jus, caf\u00e9, boissons gazeuses) <\/th><td>Autoris\u00e9<\/td><\/tr><tr><th scope=\"row\">Sac pour aliments \u00e0 emporter (scell\u00e9) <\/th><td>Autoris\u00e9<\/td><\/tr><tr><th scope=\"row\">Sac pour aliments \u00e0 emporter (non scell\u00e9) <\/th><td>Autoris\u00e9<\/td><\/tr><tr><th scope=\"row\">Grand sachet de d\u00e9lices de poulet <\/th><td>Autoris\u00e9<\/td><\/tr><tr><th scope=\"row\">Levure (pot de 113 grammes maximum par client) <\/th><td>Autoris\u00e9<\/td><\/tr><tr><th scope=\"row\">Super levure <\/th><td>Interdit<\/td><\/tr><tr><th scope=\"row\">Vin de messe <\/th><td>Autoris\u00e9 <sup>1<\/sup><\/td><\/tr><\/tbody><\/table><\/figure>\n\n<div style=\"height:30px\" aria-hidden=\"true\" class=\"wp-block-spacer\"><\/div>\n\n<h3 class=\"wp-block-heading\">Armes \u00e0 feu<\/h3>\n\n<figure class=\"wp-block-table\"><table class=\"has-fixed-layout\"><thead><tr><th scope=\"col\">Armes \u00e0 feu<\/th><th scope=\"col\">Bagages enregistr\u00e9s<\/th><\/tr><\/thead><tbody><tr><th scope=\"row\">Munitions <\/th><td>Autoris\u00e9 <sup>5<\/sup><\/td><\/tr><tr><th scope=\"row\">Pistolets BB <\/th><td>Autoris\u00e9 <sup>5<\/sup><\/td><\/tr><tr><th scope=\"row\">Pistolets \u00e0 air comprim\u00e9 <\/th><td>Autoris\u00e9 <sup>5<\/sup><\/td><\/tr><tr><th scope=\"row\">Armes \u00e0 feu <\/th><td>Autoris\u00e9 <sup>5<\/sup><\/td><\/tr><tr><th scope=\"row\">Pistolets lance-flammes <\/th><td>Autoris\u00e9 <sup>5<\/sup><\/td><\/tr><tr><th scope=\"row\">Briquets pour pistolets <\/th><td>Autoris\u00e9 <sup>5<\/sup><\/td><\/tr><tr><th scope=\"row\">Poudre \u00e0 canon <\/th><td>Autoris\u00e9 <sup>5<\/sup><\/td><\/tr><tr><th scope=\"row\">Pi\u00e8ces d\u00e9tach\u00e9es des fusils et des armes \u00e0 feu <\/th><td>Autoris\u00e9<\/td><\/tr><tr><th scope=\"row\">Pistolets \u00e0 plomb <\/th><td>Autoris\u00e9<\/td><\/tr><\/tbody><\/table><\/figure>\n\n<div style=\"height:30px\" aria-hidden=\"true\" class=\"wp-block-spacer\"><\/div>\n\n<h3 class=\"wp-block-heading\">M\u00e9dicaments<\/h3>\n\n<figure class=\"wp-block-table\"><table class=\"has-fixed-layout\"><thead><tr><th scope=\"col\">M\u00e9dicaments<\/th><th scope=\"col\">Bagages enregistr\u00e9s<\/th><\/tr><\/thead><tbody><tr><th scope=\"row\">Pilules d\u00e9livr\u00e9es sur ordonnance (correctement identifi\u00e9es avec une \u00e9tiquette imprim\u00e9e par un professionnel de la pharmacie) <\/th><td>Autoris\u00e9 <sup>0<\/sup><\/td><\/tr><tr><th scope=\"row\">Gravol (15 comprim\u00e9s maximum par client) <\/th><td>Autoris\u00e9<\/td><\/tr><tr><th scope=\"row\">Tylenol ou analg\u00e9siques similaires (100 comprim\u00e9s par client au maximum dans leur emballage d&rsquo;origine) <\/th><td>Autoris\u00e9<\/td><\/tr><tr><th scope=\"row\">M\u00e9dicaments en vente libre pour usage personnel en vol, y compris les analg\u00e9siques (moins de 2 comprim\u00e9s) <\/th><td>Autoris\u00e9<\/td><\/tr><tr><th scope=\"row\">M\u00e9dicaments en vente libre (100 pilules maximum par client dans leur emballage d&rsquo;origine) <\/th><td>Autoris\u00e9<\/td><\/tr><\/tbody><\/table><\/figure>\n\n<div style=\"height:30px\" aria-hidden=\"true\" class=\"wp-block-spacer\"><\/div>\n\n<h3 class=\"wp-block-heading\">Oxyg\u00e8ne \u00e0 des fins m\u00e9dicales<\/h3>\n\n<figure class=\"wp-block-table\"><table class=\"has-fixed-layout\"><thead><tr><th>Oxyg\u00e8ne \u00e0 des fins m\u00e9dicales<\/th><th>Envois de marchandises<\/th><\/tr><\/thead><tbody><tr><td>Oxyg\u00e8ne \u00e0 des fins m\u00e9dicales<\/td><td><\/td><\/tr><\/tbody><\/table><\/figure>\n\n<div style=\"height:30px\" aria-hidden=\"true\" class=\"wp-block-spacer\"><\/div>\n\n<h3 class=\"wp-block-heading\">Article \u00e0 usage personnel<\/h3>\n\n<figure class=\"wp-block-table\"><table class=\"has-fixed-layout\"><thead><tr><th scope=\"col\">Article \u00e0 usage personnel<\/th><th scope=\"col\">Envois de marchandises<\/th><\/tr><\/thead><tbody><tr><th scope=\"row\">Lames de rasoir <\/th><td>Autoris\u00e9<\/td><\/tr><tr><th scope=\"row\">Rasoirs de s\u00e9curit\u00e9 <\/th><td>Autoris\u00e9<\/td><\/tr><tr><th scope=\"row\">Coupe-ongles\/cuticules, limes, tondeuses <\/th><td>Autoris\u00e9<\/td><\/tr><tr><th scope=\"row\">Laque pour cheveux (1 bouteille par client maximum) <\/th><td>Autoris\u00e9<\/td><\/tr><tr><th scope=\"row\">Allume-cigarette\/Zippo\/Matchs (1 unit\u00e9) <\/th><td>Autoris\u00e9<\/td><\/tr><tr><th scope=\"row\">Coupe-cigares <\/th><td>Autoris\u00e9<\/td><\/tr><tr><th scope=\"row\">Tire-bouchons <\/th><td>Autoris\u00e9<\/td><\/tr><tr><th scope=\"row\">Fournitures pour les m\u00e8res allaitantes <\/th><td>Autoris\u00e9<\/td><\/tr><tr><th scope=\"row\">Livres et autres supports de lecture <\/th><td>Autoris\u00e9<\/td><\/tr><tr><th scope=\"row\">Changement de v\u00eatements <\/th><td>Autoris\u00e9<\/td><\/tr><tr><th scope=\"row\">Articles de toilette (format de voyage\/poche) <\/th><td>Autoris\u00e9 <sup>5<\/sup><\/td><\/tr><tr><th scope=\"row\">Produits de toilette (format normal) <\/th><td>Autoris\u00e9 <sup>5<\/sup><\/td><\/tr><tr><th scope=\"row\">Pince \u00e0 \u00e9piler, recourbe-cils <\/th><td>Autoris\u00e9<\/td><\/tr><tr><th scope=\"row\">Armes-jouets ressemblant \u00e0 de vraies armes \u00e0 feu <\/th><td>Autoris\u00e9<\/td><\/tr><tr><th scope=\"row\">Parapluies <\/th><td>Autoris\u00e9<\/td><\/tr><tr><th scope=\"row\">Argent liquide <\/th><td>Interdit<\/td><\/tr><tr><th scope=\"row\">Bijoux, petits objets de collection de valeur (pi\u00e8ces de monnaie) <\/th><td>Autoris\u00e9 <sup>0<\/sup><\/td><\/tr><\/tbody><\/table><\/figure>\n\n<div style=\"height:30px\" aria-hidden=\"true\" class=\"wp-block-spacer\"><\/div>\n\n<h3 class=\"wp-block-heading\">Objets pointus<\/h3>\n\n<figure class=\"wp-block-table\"><table class=\"has-fixed-layout\"><thead><tr><th scope=\"col\">Objets pointus<\/th><th scope=\"col\">Envois de marchandises<\/th><\/tr><\/thead><tbody><tr><th scope=\"row\">Coupe-bo\u00eete <\/th><td>Autoris\u00e9<\/td><\/tr><tr><th scope=\"row\">Haches et pics \u00e0 glace <\/th><td>Autoris\u00e9<\/td><\/tr><tr><th scope=\"row\">Couteaux <\/th><td>Autoris\u00e9<\/td><\/tr><tr><th scope=\"row\">Couteaux \u00e0 viande <\/th><td>Autoris\u00e9<\/td><\/tr><tr><th scope=\"row\">Coupe-bo\u00eete, couteaux utilitaires <\/th><td>Autoris\u00e9<\/td><\/tr><tr><th scope=\"row\">Sabres <\/th><td>Autoris\u00e9<\/td><\/tr><tr><th scope=\"row\">Ciseaux (m\u00e9talliques \u00e0 bouts pointus) <\/th><td>Autoris\u00e9<\/td><\/tr><tr><th scope=\"row\">Ciseaux (en plastique ou en m\u00e9tal \u00e0 bouts \u00e9mouss\u00e9s) <\/th><td>Autoris\u00e9<\/td><\/tr><tr><th scope=\"row\">\u00c9p\u00e9es <\/th><td>Autoris\u00e9<\/td><\/tr><\/tbody><\/table><\/figure>\n\n<div style=\"height:30px\" aria-hidden=\"true\" class=\"wp-block-spacer\"><\/div>\n\n<h3 class=\"wp-block-heading\">\u00c9quipement sportif<\/h3>\n\n<figure class=\"wp-block-table\"><table class=\"has-fixed-layout\"><thead><tr><th scope=\"col\">\u00c9quipement sportif<\/th><th scope=\"col\">Envois de marchandises<\/th><\/tr><\/thead><tbody><tr><th scope=\"row\">Battes de baseball <\/th><td>Autoris\u00e9<\/td><\/tr><tr><th scope=\"row\">Arcs et fl\u00e8ches* <\/th><td>Autoris\u00e9<\/td><\/tr><tr><th scope=\"row\">Battes de cricket <\/th><td>Autoris\u00e9<\/td><\/tr><tr><th scope=\"row\">Canne \u00e0 p\u00eache <\/th><td>Autoris\u00e9<\/td><\/tr><tr><th scope=\"row\">Clubs de golf* <\/th><td>Autoris\u00e9<\/td><\/tr><tr><th scope=\"row\">B\u00e2tons de hockey <\/th><td>Autoris\u00e9<\/td><\/tr><tr><th scope=\"row\">B\u00e2tons de crosse <\/th><td>Autoris\u00e9<\/td><\/tr><tr><th scope=\"row\">Articles d&rsquo;arts martiaux (si leur possession est l\u00e9gale et qu&rsquo;ils ne sont pas consid\u00e9r\u00e9s comme des armes) <\/th><td>Autoris\u00e9<\/td><\/tr><tr><th scope=\"row\">Queues de billard* <\/th><td>Autoris\u00e9<\/td><\/tr><tr><th scope=\"row\">B\u00e2tons de ski* <\/th><td>Autoris\u00e9<\/td><\/tr><tr><th scope=\"row\">Pistolets lanceurs* <\/th><td>Autoris\u00e9<\/td><\/tr><tr><th scope=\"row\">Bo\u00eetes \u00e0 tactiques <\/th><td>Autoris\u00e9<\/td><\/tr><\/tbody><\/table><figcaption class=\"wp-element-caption\">* Les articles doivent \u00eatre solidement emball\u00e9s dans une valise \u00e0 coque dure con\u00e7ue pour l&rsquo;exp\u00e9dition. S&rsquo;ils sont emball\u00e9s diff\u00e9remment, ces articles ne seront accept\u00e9s qu&rsquo;avec une \u00e9tiquette d&rsquo;autorisation limit\u00e9e, qui doit \u00eatre sign\u00e9e au moment du d\u00e9p\u00f4t et qui indemnise Perimeter Aviation et\/ou Bearskin Airlines en cas de dommages. <br\/>\n    <\/figcaption><\/figure>\n\n<div style=\"height:30px\" aria-hidden=\"true\" class=\"wp-block-spacer\"><\/div>\n\n<h3 class=\"wp-block-heading\">Outils<\/h3>\n\n<figure class=\"wp-block-table\"><table class=\"has-fixed-layout\"><thead><tr><th scope=\"col\">Outils<\/th><th scope=\"col\">Bagages enregistr\u00e9s<\/th><\/tr><\/thead><tbody><tr><th scope=\"row\">Haches et hachettes <\/th><td>Autoris\u00e9<\/td><\/tr><tr><th scope=\"row\">Bovins Prods <\/th><td>Interdit<\/td><\/tr><tr><th scope=\"row\">Nids-de-poule <\/th><td>Autoris\u00e9<\/td><\/tr><tr><th scope=\"row\">Perceuses (voir Batteries) <\/th><td>Autoris\u00e9<\/td><\/tr><tr><th scope=\"row\">Marteaux <\/th><td>Autoris\u00e9<\/td><\/tr><tr><th scope=\"row\">Scies <\/th><td>Autoris\u00e9<\/td><\/tr><tr><th scope=\"row\">Tournevis, cl\u00e9s \u00e0 molette, pinces <\/th><td>Autoris\u00e9<\/td><\/tr><\/tbody><\/table><\/figure>\n\n<div style=\"height:55px\" aria-hidden=\"true\" class=\"wp-block-spacer\"><\/div>\n","protected":false},"excerpt":{"rendered":"<p>Protection de votre envoi Nous accueillons un large \u00e9ventail de marchandises, qu&rsquo;il s&rsquo;agisse de produits courants ou d&rsquo;envois sp\u00e9cialis\u00e9s. Il est important pour nous d&rsquo;assurer la s\u00e9curit\u00e9 du transport de vos marchandises par fret. Pour faciliter un processus de livraison fiable et sans heurts, il est essentiel de conna\u00eetre les articles autoris\u00e9s pour le transport &hellip;<\/p>\n","protected":false},"author":11,"featured_media":0,"parent":0,"menu_order":0,"comment_status":"closed","ping_status":"closed","template":"template-narrow.blade.php","meta":{"_acf_changed":true,"footnotes":""},"class_list":["post-1878","page","type-page","status-publish","hentry"],"acf":[],"_links":{"self":[{"href":"https:\/\/perimeter.ca\/fr\/wp-json\/wp\/v2\/pages\/1878","targetHints":{"allow":["GET"]}}],"collection":[{"href":"https:\/\/perimeter.ca\/fr\/wp-json\/wp\/v2\/pages"}],"about":[{"href":"https:\/\/perimeter.ca\/fr\/wp-json\/wp\/v2\/types\/page"}],"author":[{"embeddable":true,"href":"https:\/\/perimeter.ca\/fr\/wp-json\/wp\/v2\/users\/11"}],"replies":[{"embeddable":true,"href":"https:\/\/perimeter.ca\/fr\/wp-json\/wp\/v2\/comments?post=1878"}],"version-history":[{"count":0,"href":"https:\/\/perimeter.ca\/fr\/wp-json\/wp\/v2\/pages\/1878\/revisions"}],"wp:attachment":[{"href":"https:\/\/perimeter.ca\/fr\/wp-json\/wp\/v2\/media?parent=1878"}],"curies":[{"name":"wp","href":"https:\/\/api.w.org\/{rel}","templated":true}]}}