{"id":1880,"date":"2024-06-19T14:37:04","date_gmt":"2024-06-19T19:37:04","guid":{"rendered":"https:\/\/perimeter.ca\/affretement-de-fret\/"},"modified":"2024-09-25T09:21:52","modified_gmt":"2024-09-25T14:21:52","slug":"affretement-de-fret","status":"publish","type":"page","link":"https:\/\/perimeter.ca\/fr\/affretement-de-fret\/","title":{"rendered":"Affr\u00e8tement de fret"},"content":{"rendered":"\n<div style=\"height:55px\" aria-hidden=\"true\" class=\"wp-block-spacer\"><\/div>\n\n\n\n<h2 class=\"wp-block-heading\">Exp\u00e9diez avec nous<\/h2>\n\n\n\n<p>Chez Perimeter Aviation, notre promesse d&rsquo;excellence op\u00e9rationnelle, associ\u00e9e \u00e0 notre vaste r\u00e9seau nord-am\u00e9ricain et \u00e0 l&rsquo;am\u00e9lioration continue, nous positionne comme le premier choix pour vos besoins en mati\u00e8re d&rsquo;affr\u00e8tement de fret.\nQu&rsquo;il s&rsquo;agisse de g\u00e9rer des cargaisons surdimensionn\u00e9es, d&rsquo;effectuer des livraisons urgentes ou de manipuler des articles n\u00e9cessitant des soins particuliers, notre \u00e9quipe chevronn\u00e9e se consacre \u00e0 fournir des solutions efficaces, s\u00fbres et rentables.\nChez Perimeter, nous ne nous contentons pas de transporter des marchandises, nous vous offrons la tranquillit\u00e9 d&rsquo;esprit.  <\/p>\n\n\n\n<div style=\"height:30px\" aria-hidden=\"true\" class=\"wp-block-spacer\"><\/div>\n\n\n\n<figure class=\"wp-block-image size-large is-resized\"><img loading=\"lazy\" decoding=\"async\" width=\"1024\" height=\"683\" src=\"https:\/\/perimeter.ca\/wp-content\/uploads\/2024\/09\/0H9A2401-1024x683.jpg\" alt=\"\" class=\"wp-image-3200\" style=\"object-fit:cover;width:1080px;height:450px\" srcset=\"https:\/\/perimeter.ca\/wp-content\/uploads\/2024\/09\/0H9A2401-1024x683.jpg 1024w, https:\/\/perimeter.ca\/wp-content\/uploads\/2024\/09\/0H9A2401-300x200.jpg 300w, https:\/\/perimeter.ca\/wp-content\/uploads\/2024\/09\/0H9A2401-768x512.jpg 768w, https:\/\/perimeter.ca\/wp-content\/uploads\/2024\/09\/0H9A2401-1536x1024.jpg 1536w, https:\/\/perimeter.ca\/wp-content\/uploads\/2024\/09\/0H9A2401-scaled.jpg 2048w\" sizes=\"auto, (max-width: 1024px) 100vw, 1024px\" \/><\/figure>\n\n\n\n<h3 class=\"wp-block-heading h4\">Solutions sur mesure<\/h3>\n\n\n\n<p>Il n&rsquo;y a pas deux exp\u00e9ditions identiques, et nous en sommes conscients.\nNotre \u00e9quipe exp\u00e9riment\u00e9e travaille avec vous pour comprendre vos besoins en mati\u00e8re de fret et d\u00e9veloppe des solutions d&rsquo;affr\u00e8tement personnalis\u00e9es qui garantissent la livraison de vos marchandises en toute s\u00e9curit\u00e9 et dans les d\u00e9lais impartis. <\/p>\n\n\n\n<div style=\"height:30px\" aria-hidden=\"true\" class=\"wp-block-spacer\"><\/div>\n\n\n\n<h3 class=\"wp-block-heading h4\">Port\u00e9e nord-am\u00e9ricaine<\/h3>\n\n\n\n<p>Gr\u00e2ce \u00e0 un vaste r\u00e9seau de partenaires et de transporteurs dans le monde entier, nous pouvons faciliter les services d&rsquo;affr\u00e8tement de fret dans toute l&rsquo;Am\u00e9rique du Nord.\nNotre gamme d&rsquo;avions permet de voyager depuis les grands centres jusqu&rsquo;aux endroits les plus recul\u00e9s. <\/p>\n\n\n\n<div style=\"height:30px\" aria-hidden=\"true\" class=\"wp-block-spacer\"><\/div>\n\n\n\n<h3 class=\"wp-block-heading h4\">Rapide et s\u00fbr<\/h3>\n\n\n\n<p>Les exp\u00e9ditions urgentes exigent des solutions rapides et s\u00fbres.\nNotre \u00e9quipe sp\u00e9cialis\u00e9e utilise les meilleures pratiques du secteur pour garantir la livraison en toute s\u00e9curit\u00e9 et dans les d\u00e9lais de vos marchandises, y compris des m\u00e9dicaments essentiels, o\u00f9 qu&rsquo;elles se trouvent. <\/p>\n\n\n\n<div style=\"height:30px\" aria-hidden=\"true\" class=\"wp-block-spacer\"><\/div>\n\n\n\n<h3 class=\"wp-block-heading h4\">Soutien<\/h3>\n\n\n\n<p>Nous savons que la logistique n&rsquo;ob\u00e9it pas \u00e0 un horaire de 9 \u00e0 5.\nC&rsquo;est pourquoi notre \u00e9quipe d&rsquo;assistance est disponible pour r\u00e9pondre \u00e0 vos questions, vous fournir des mises \u00e0 jour en temps r\u00e9el et s&rsquo;assurer que votre exp\u00e9rience d&rsquo;affr\u00e8tement de fret se d\u00e9roule le mieux possible, de 6h30 \u00e0 22h00 CST. <\/p>\n\n\n\n<div style=\"height:30px\" aria-hidden=\"true\" class=\"wp-block-spacer\"><\/div>\n\n\n\n<h3 class=\"wp-block-heading h4\">Des solutions rentables<\/h3>\n\n\n\n<p>Nous comprenons l&rsquo;importance de la rentabilit\u00e9 dans le paysage commercial concurrentiel d&rsquo;aujourd&rsquo;hui.\nNos services d&rsquo;affr\u00e8tement de fret sont con\u00e7us pour \u00eatre rentables, sans compromettre la qualit\u00e9 et la fiabilit\u00e9 de nos solutions. <\/p>\n\n\n\n<hr class=\"wp-block-separator has-text-color has-orange-500-color has-alpha-channel-opacity has-orange-500-background-color has-background\"\/>\n\n\n\n<h2 class=\"wp-block-heading\">Solutions personnalis\u00e9es pour le fret<\/h2>\n\n\n\n<p>Qu&rsquo;il s&rsquo;agisse de transporter des marchandises dangereuses, des mat\u00e9riaux de construction, des produits d&rsquo;\u00e9picerie ou de planifier une aide caritative, nous vous guiderons \u00e0 chaque \u00e9tape du processus afin de garantir que vos marchandises arrivent \u00e0 temps et en toute s\u00e9curit\u00e9.<\/p>\n\n\n\n<div style=\"height:30px\" aria-hidden=\"true\" class=\"wp-block-spacer\"><\/div>\n\n\n\n<h3 class=\"wp-block-heading h4\">Consultation<\/h3>\n\n\n\n<p>Nous commen\u00e7ons par comprendre les sp\u00e9cifications de votre cargaison, votre calendrier et toutes les exigences particuli\u00e8res que vous pourriez avoir.<\/p>\n\n\n\n<div style=\"height:30px\" aria-hidden=\"true\" class=\"wp-block-spacer\"><\/div>\n\n\n\n<h3 class=\"wp-block-heading h4\">Solution personnalis\u00e9e<\/h3>\n\n\n\n<p>Notre \u00e9quipe con\u00e7oit une solution d&rsquo;affr\u00e8tement sur mesure pour r\u00e9pondre aux besoins uniques de votre cargaison, en garantissant une efficacit\u00e9 et une s\u00e9curit\u00e9 optimales.<\/p>\n\n\n\n<div style=\"height:30px\" aria-hidden=\"true\" class=\"wp-block-spacer\"><\/div>\n\n\n\n<h3 class=\"wp-block-heading h4\">Planification logistique<\/h3>\n\n\n\n<p>De la planification des itin\u00e9raires \u00e0 l&rsquo;obtention des permis n\u00e9cessaires, nous nous occupons de toute la logistique afin de garantir un processus de transport sans faille.<\/p>\n\n\n\n<div style=\"height:30px\" aria-hidden=\"true\" class=\"wp-block-spacer\"><\/div>\n\n\n\n<h3 class=\"wp-block-heading h4\">Suivi en temps r\u00e9el<\/h3>\n\n\n\n<p>Restez inform\u00e9 gr\u00e2ce \u00e0 notre syst\u00e8me de suivi avanc\u00e9 qui fournit des mises \u00e0 jour en temps r\u00e9el sur le statut et la localisation de votre cargaison.<\/p>\n\n\n\n<div style=\"height:30px\" aria-hidden=\"true\" class=\"wp-block-spacer\"><\/div>\n\n\n\n<h3 class=\"wp-block-heading h4\">Livraison et suivi<\/h3>\n\n\n\n<p>Votre cargaison est livr\u00e9e rapidement, et notre \u00e9quipe assure un suivi pour garantir votre satisfaction et r\u00e9pondre \u00e0 toute pr\u00e9occupation apr\u00e8s la livraison.<\/p>\n\n\n\n<p><a href=\"https:\/\/perimeter.ca\/fr\/contactez-nous\/#cargo\" data-type=\"page\" data-id=\"697\">Contactez-nous d\u00e8s aujourd&rsquo;hui<\/a> pour d\u00e9couvrir un nouveau niveau d&rsquo;efficacit\u00e9 et de fiabilit\u00e9 dans le transport de marchandises. Votre cargaison, notre engagement.<\/p>\n\n\n\n<div style=\"height:55px\" aria-hidden=\"true\" class=\"wp-block-spacer\"><\/div>\n","protected":false},"excerpt":{"rendered":"<p>Exp\u00e9diez avec nous Chez Perimeter Aviation, notre promesse d&rsquo;excellence op\u00e9rationnelle, associ\u00e9e \u00e0 notre vaste r\u00e9seau nord-am\u00e9ricain et \u00e0 l&rsquo;am\u00e9lioration continue, nous positionne comme le premier choix pour vos besoins en mati\u00e8re d&rsquo;affr\u00e8tement de fret. Qu&rsquo;il s&rsquo;agisse de g\u00e9rer des cargaisons surdimensionn\u00e9es, d&rsquo;effectuer des livraisons urgentes ou de manipuler des articles n\u00e9cessitant des soins particuliers, notre &hellip;<\/p>\n","protected":false},"author":11,"featured_media":0,"parent":0,"menu_order":0,"comment_status":"closed","ping_status":"closed","template":"template-narrow.blade.php","meta":{"_acf_changed":false,"footnotes":""},"class_list":["post-1880","page","type-page","status-publish","hentry"],"acf":[],"_links":{"self":[{"href":"https:\/\/perimeter.ca\/fr\/wp-json\/wp\/v2\/pages\/1880","targetHints":{"allow":["GET"]}}],"collection":[{"href":"https:\/\/perimeter.ca\/fr\/wp-json\/wp\/v2\/pages"}],"about":[{"href":"https:\/\/perimeter.ca\/fr\/wp-json\/wp\/v2\/types\/page"}],"author":[{"embeddable":true,"href":"https:\/\/perimeter.ca\/fr\/wp-json\/wp\/v2\/users\/11"}],"replies":[{"embeddable":true,"href":"https:\/\/perimeter.ca\/fr\/wp-json\/wp\/v2\/comments?post=1880"}],"version-history":[{"count":0,"href":"https:\/\/perimeter.ca\/fr\/wp-json\/wp\/v2\/pages\/1880\/revisions"}],"wp:attachment":[{"href":"https:\/\/perimeter.ca\/fr\/wp-json\/wp\/v2\/media?parent=1880"}],"curies":[{"name":"wp","href":"https:\/\/api.w.org\/{rel}","templated":true}]}}