{"id":1882,"date":"2024-06-19T14:41:39","date_gmt":"2024-06-19T19:41:39","guid":{"rendered":"https:\/\/perimeter.ca\/nutrition-nord\/"},"modified":"2024-09-25T11:30:03","modified_gmt":"2024-09-25T16:30:03","slug":"nutrition-nord","status":"publish","type":"page","link":"https:\/\/perimeter.ca\/fr\/nutrition-nord\/","title":{"rendered":"Nutrition Nord"},"content":{"rendered":"\n<div style=\"height:55px\" aria-hidden=\"true\" class=\"wp-block-spacer\"><\/div>\n\n\n\n<h2 class=\"wp-block-heading\">D\u00e9fendre la s\u00e9curit\u00e9 alimentaire<\/h2>\n\n\n\n<p>Pour soutenir le programme Nutrition Nord Canada (NNC), Perimeter Aviation a \u00e9tabli des liens \u00e9troits avec un groupe diversifi\u00e9 de fournisseurs de NNC.\nCette collaboration strat\u00e9gique nous permet de transporter et de livrer efficacement des produits alimentaires essentiels aux communaut\u00e9s nordiques \u00e9loign\u00e9es que nous desservons. <\/p>\n\n\n\n<p>Notre association avec les fournisseurs suivants de NNC souligne notre engagement \u00e0 fournir des solutions optimales pour les besoins nutritionnels des communaut\u00e9s isol\u00e9es du nord du Manitoba et du nord-ouest de l&rsquo;Ontario.\nCes fournisseurs ont \u00e9t\u00e9 s\u00e9lectionn\u00e9s en raison de leurs prix toujours comp\u00e9titifs et de leur engagement \u00e0 fournir des produits alimentaires de haute qualit\u00e9. <\/p>\n\n\n\n<ul class=\"wp-block-list\">\n<li>Cantors Meats<\/li>\n\n\n\n<li>Aliments du march\u00e9 frais<\/li>\n\n\n\n<li>Harris Meats<\/li>\n\n\n\n<li>R\u00e9colte Manitoba<\/li>\n\n\n\n<li>Supermarch\u00e9 Pal&rsquo;s sur Broadway<\/li>\n\n\n\n<li>Pratt&rsquo;s Wholesale Ltd.<\/li>\n\n\n\n<li>Viandes publiques<\/li>\n\n\n\n<li>Sysco Nord<\/li>\n\n\n\n<li>ValuLots<\/li>\n<\/ul>\n\n\n\n<p>Gr\u00e2ce \u00e0 ce partenariat, nous nous effor\u00e7ons de faire en sorte que les habitants des r\u00e9gions que nous desservons aient acc\u00e8s \u00e0 une source fiable et abordable d&rsquo;aliments nutritifs.<\/p>\n\n\n\n<div style=\"height:30px\" aria-hidden=\"true\" class=\"wp-block-spacer\"><\/div>\n\n\n\n<div class=\"wp-block-columns is-layout-flex wp-container-core-columns-is-layout-9d6595d7 wp-block-columns-is-layout-flex\">\n<div class=\"wp-block-column is-layout-flow wp-block-column-is-layout-flow\">\n<figure class=\"wp-block-image size-large is-style-rounded\"><img loading=\"lazy\" decoding=\"async\" width=\"1024\" height=\"768\" src=\"https:\/\/perimeter.ca\/wp-content\/uploads\/2024\/09\/IMG_6841-1024x768.jpeg\" alt=\"\" class=\"wp-image-3362\" style=\"aspect-ratio:1;object-fit:cover\" srcset=\"https:\/\/perimeter.ca\/wp-content\/uploads\/2024\/09\/IMG_6841-1024x768.jpeg 1024w, https:\/\/perimeter.ca\/wp-content\/uploads\/2024\/09\/IMG_6841-300x225.jpeg 300w, https:\/\/perimeter.ca\/wp-content\/uploads\/2024\/09\/IMG_6841-768x576.jpeg 768w, https:\/\/perimeter.ca\/wp-content\/uploads\/2024\/09\/IMG_6841-1536x1152.jpeg 1536w, https:\/\/perimeter.ca\/wp-content\/uploads\/2024\/09\/IMG_6841-scaled.jpeg 2048w\" sizes=\"auto, (max-width: 1024px) 100vw, 1024px\" \/><\/figure>\n<\/div>\n\n\n\n<div class=\"wp-block-column is-layout-flow wp-block-column-is-layout-flow\">\n<figure class=\"wp-block-image size-large is-style-rounded\"><img loading=\"lazy\" decoding=\"async\" width=\"730\" height=\"1024\" src=\"https:\/\/perimeter.ca\/wp-content\/uploads\/2024\/09\/20240308_1013020-scaled-e1725912179626-730x1024.jpg\" alt=\"\" class=\"wp-image-3357\" style=\"aspect-ratio:1;object-fit:cover\" srcset=\"https:\/\/perimeter.ca\/wp-content\/uploads\/2024\/09\/20240308_1013020-scaled-e1725912179626-730x1024.jpg 730w, https:\/\/perimeter.ca\/wp-content\/uploads\/2024\/09\/20240308_1013020-scaled-e1725912179626-214x300.jpg 214w, https:\/\/perimeter.ca\/wp-content\/uploads\/2024\/09\/20240308_1013020-scaled-e1725912179626-768x1077.jpg 768w, https:\/\/perimeter.ca\/wp-content\/uploads\/2024\/09\/20240308_1013020-scaled-e1725912179626-1095x1536.jpg 1095w, https:\/\/perimeter.ca\/wp-content\/uploads\/2024\/09\/20240308_1013020-scaled-e1725912179626.jpg 1153w\" sizes=\"auto, (max-width: 730px) 100vw, 730px\" \/><\/figure>\n<\/div>\n\n\n\n<div class=\"wp-block-column is-layout-flow wp-block-column-is-layout-flow\">\n<figure class=\"wp-block-image size-large is-style-rounded\"><img loading=\"lazy\" decoding=\"async\" width=\"1024\" height=\"768\" src=\"https:\/\/perimeter.ca\/wp-content\/uploads\/2024\/09\/IMG_2356-1024x768.jpg\" alt=\"\" class=\"wp-image-3359\" style=\"aspect-ratio:1;object-fit:cover\" srcset=\"https:\/\/perimeter.ca\/wp-content\/uploads\/2024\/09\/IMG_2356-1024x768.jpg 1024w, https:\/\/perimeter.ca\/wp-content\/uploads\/2024\/09\/IMG_2356-300x225.jpg 300w, https:\/\/perimeter.ca\/wp-content\/uploads\/2024\/09\/IMG_2356-768x576.jpg 768w, https:\/\/perimeter.ca\/wp-content\/uploads\/2024\/09\/IMG_2356-1536x1152.jpg 1536w, https:\/\/perimeter.ca\/wp-content\/uploads\/2024\/09\/IMG_2356-scaled.jpg 2048w\" sizes=\"auto, (max-width: 1024px) 100vw, 1024px\" \/><\/figure>\n<\/div>\n<\/div>\n\n\n\n<h3 class=\"wp-block-heading h4\">Commande<\/h3>\n\n\n\n<p>Pour commander aupr\u00e8s de l&rsquo;un des fournisseurs NNC ci-dessus, veuillez consulter leur site web ou les appeler pour obtenir plus d&rsquo;informations sur leur processus de commande individuel.<\/p>\n\n\n\n<div style=\"height:30px\" aria-hidden=\"true\" class=\"wp-block-spacer\"><\/div>\n\n\n\n<h3 class=\"wp-block-heading h4\">Exp\u00e9dition<\/h3>\n\n\n\n<p>Tous les produits frais de NNC seront exp\u00e9di\u00e9s dans les 72 heures et tous les autres aliments, y compris les produits congel\u00e9s, seront exp\u00e9di\u00e9s dans les 72 heures \u00e0 7 jours suivant leur r\u00e9ception dans un entrep\u00f4t de Perimeter Cargo.\nLes entrep\u00f4ts sont situ\u00e9s \u00e0 Winnipeg, Thunder Bay, Sioux Lookout et Thompson. <\/p>\n\n\n\n<hr class=\"wp-block-separator has-text-color has-orange-500-color has-alpha-channel-opacity has-orange-500-background-color has-background\"\/>\n\n\n\n<h2 class=\"wp-block-heading\">\u00c0 propos de Nutrition North<\/h2>\n\n\n\n<p>Nutrition North Canada (NNC) est un programme du gouvernement canadien qui contribue \u00e0 rendre les aliments nutritifs et certains articles essentiels plus abordables et plus accessibles.\nLe programme Nutrition Nord Canada a soutenu les r\u00e9sidents des communaut\u00e9s \u00e9ligibles et isol\u00e9es de la mani\u00e8re suivante : <\/p>\n\n\n\n<ul class=\"wp-block-list\">\n<li>Nutrition North Canada retail subsidy program : subventionne une liste de denr\u00e9es p\u00e9rissables et d&rsquo;articles essentiels achemin\u00e9s par avion, ainsi que des denr\u00e9es non p\u00e9rissables et des articles essentiels achemin\u00e9s par transport maritime saisonnier, par barge ou par route d&rsquo;hiver.  <\/li>\n\n\n\n<li>Harvesters Support Grant and Community Food Programs Fund : am\u00e9liore l&rsquo;acc\u00e8s des habitants du Nord aux aliments traditionnels en soutenant la chasse, la r\u00e9colte et le partage de la nourriture.  <\/li>\n\n\n\n<li>Initiatives d&rsquo;\u00e9ducation nutritionnelle : mise en place d&rsquo;activit\u00e9s d&rsquo;\u00e9ducation nutritionnelle au niveau communautaire et renforcement des activit\u00e9s existantes afin d&rsquo;am\u00e9liorer l&rsquo;acc\u00e8s \u00e0 une alimentation saine (sous la direction d&rsquo;Indigenous Services Canada et de l&rsquo;Agence de sant\u00e9 publique du Canada).<\/li>\n<\/ul>\n\n\n\n<div style=\"height:30px\" aria-hidden=\"true\" class=\"wp-block-spacer\"><\/div>\n\n\n\n<h3 class=\"wp-block-heading\">Comment fonctionne la subvention NNC<\/h3>\n\n\n\n<p>NNC subventionne une liste d&rsquo;aliments nutritifs \u00e9ligibles, ainsi que certains articles non alimentaires tels que les couches et le savon, les d\u00e9sinfectants pour les mains et les produits d&rsquo;hygi\u00e8ne personnelle, vendus par des d\u00e9taillants, des fournisseurs, des transformateurs d&rsquo;aliments locaux et des producteurs d&rsquo;aliments locaux agr\u00e9\u00e9s.<\/p>\n\n\n\n<p>Les clients des communaut\u00e9s \u00e9ligibles peuvent acheter des denr\u00e9es alimentaires subventionn\u00e9es aupr\u00e8s de d\u00e9taillants nordiques agr\u00e9\u00e9s, directement aupr\u00e8s de fournisseurs agr\u00e9\u00e9s ou de producteurs locaux agr\u00e9\u00e9s.<\/p>\n\n\n\n<p>Les communaut\u00e9s \u00e9ligibles peuvent \u00e9galement b\u00e9n\u00e9ficier de la subvention gr\u00e2ce aux denr\u00e9es alimentaires donn\u00e9es par des banques alimentaires agr\u00e9\u00e9es et d&rsquo;autres organisations caritatives, sans but lucratif.<\/p>\n\n\n\n<p>La subvention est appliqu\u00e9e au co\u00fbt total d&rsquo;un produit \u00e9ligible.\nCela signifie que le prix pay\u00e9 par les consommateurs pour ces produits est inf\u00e9rieur \u00e0 ce qu&rsquo;il serait autrement et r\u00e9duit le co\u00fbt pour les organisations caritatives de donner de la nourriture aux communaut\u00e9s isol\u00e9es. <\/p>\n\n\n\n<p>Les entreprises \u00e0 but lucratif doivent r\u00e9percuter l&rsquo;int\u00e9gralit\u00e9 de la subvention sur les consommateurs.<\/p>\n\n\n\n<div style=\"height:30px\" aria-hidden=\"true\" class=\"wp-block-spacer\"><\/div>\n\n\n\n<h3 class=\"wp-block-heading h4\">D\u00e9tails suppl\u00e9mentaires sur le programme<\/h3>\n\n\n\n<p>Pour plus de d\u00e9tails sur le fonctionnement de ce programme, visitez le site <a href=\"https:\/\/www.nutritionnordcanada.gc.ca\/fra\/1415385762263\/1415385790537\" target=\"_blank\" rel=\"noreferrer noopener\">nutritionnorthcanada.gc.ca.<\/a><\/p>\n\n\n\n<div style=\"height:55px\" aria-hidden=\"true\" class=\"wp-block-spacer\"><\/div>\n","protected":false},"excerpt":{"rendered":"<p>D\u00e9fendre la s\u00e9curit\u00e9 alimentaire Pour soutenir le programme Nutrition Nord Canada (NNC), Perimeter Aviation a \u00e9tabli des liens \u00e9troits avec un groupe diversifi\u00e9 de fournisseurs de NNC. Cette collaboration strat\u00e9gique nous permet de transporter et de livrer efficacement des produits alimentaires essentiels aux communaut\u00e9s nordiques \u00e9loign\u00e9es que nous desservons. Notre association avec les fournisseurs suivants &hellip;<\/p>\n","protected":false},"author":11,"featured_media":0,"parent":0,"menu_order":0,"comment_status":"closed","ping_status":"closed","template":"template-narrow.blade.php","meta":{"_acf_changed":false,"footnotes":""},"class_list":["post-1882","page","type-page","status-publish","hentry"],"acf":[],"_links":{"self":[{"href":"https:\/\/perimeter.ca\/fr\/wp-json\/wp\/v2\/pages\/1882","targetHints":{"allow":["GET"]}}],"collection":[{"href":"https:\/\/perimeter.ca\/fr\/wp-json\/wp\/v2\/pages"}],"about":[{"href":"https:\/\/perimeter.ca\/fr\/wp-json\/wp\/v2\/types\/page"}],"author":[{"embeddable":true,"href":"https:\/\/perimeter.ca\/fr\/wp-json\/wp\/v2\/users\/11"}],"replies":[{"embeddable":true,"href":"https:\/\/perimeter.ca\/fr\/wp-json\/wp\/v2\/comments?post=1882"}],"version-history":[{"count":0,"href":"https:\/\/perimeter.ca\/fr\/wp-json\/wp\/v2\/pages\/1882\/revisions"}],"wp:attachment":[{"href":"https:\/\/perimeter.ca\/fr\/wp-json\/wp\/v2\/media?parent=1882"}],"curies":[{"name":"wp","href":"https:\/\/api.w.org\/{rel}","templated":true}]}}