{"id":1884,"date":"2024-06-10T20:19:07","date_gmt":"2024-06-11T01:19:07","guid":{"rendered":"https:\/\/perimeter.ca\/faq-2\/"},"modified":"2024-08-03T18:09:33","modified_gmt":"2024-08-03T23:09:33","slug":"faq-2","status":"publish","type":"page","link":"https:\/\/perimeter.ca\/fr\/faq-2\/","title":{"rendered":"FAQ"},"content":{"rendered":"<div class=\"dropdown-accordion-block w-full mx-auto\">\n\t\t\t\t\t\t\t\t\n\t\t<details  class=\"group border-[#D3D3D3] border-t-2 last:border-b-2\" >\n\t\t\t<summary class=\"[&#038;::-webkit-details-marker]:hidden relative py-4 md:py-6 pr-8 text-lg md:text-xl font-medium text-WCAGorange list-none cursor-pointer transition-colors duration-300\">\n\t\t\t\tExiste-t-il un moyen de transport pour se rendre au terminal d&#039;affr\u00e8tement ?  \n\n\t\t\t\t<svg\n\t\t\t\t\taria-hidden=\"true\" \n\t\t\t\t\twidth=\"24\" \n\t\t\t\t\theight=\"18\" \n\t\t\t\t\tviewBox=\"0 0 24 18\" \n\t\t\t\t\tfill=\"none\" \n\t\t\t\t\txmlns=\"http:\/\/www.w3.org\/2000\/svg\"\n\t\t\t\t\tclass=\"absolute top-1\/2 right-0 transform -translate-y-1\/2 transition-transform max-md:max-w-4\"\n\t\t\t\t>\n\t\t\t\t\t<path d=\"M14.5305 18L12.3719 15.9752L18.2256 10.49L0 10.1926L0.054878 7.3327L18.0976 7.6244L12.128 2.02479L14.2805 0L24 9.11725L14.5305 18Z\" fill=\"#DD5729\"\/>\n\t\t\t\t<\/svg>\n\t\t\t\t\t\n\t\t\t<\/summary>\n\n\t\t\t<div id=\"block_dc049fd2b48124a494a658c7f8f8e5c5-0\" class=\"mt-4 content-wrapper prose-p:px-0\">\n\t\t\t\t<p><span style=\"font-weight: 400;\">Oui, les options de transport urbain vers notre terminal d&rsquo;affr\u00e8tement \u00e0 Winnipeg comprennent les services de taxi Duffy et Unicity, Uber et Winnipeg Transit.<br \/>\nLe terminal est facilement accessible par le biais de divers services de transport. <\/span><\/p>\n\n\t\t\t<\/div>\n\t\t<\/details>\n\t\t\t\t\t\t\t\t\n\t\t<details  class=\"group border-[#D3D3D3] border-t-2 last:border-b-2\" >\n\t\t\t<summary class=\"[&#038;::-webkit-details-marker]:hidden relative py-4 md:py-6 pr-8 text-lg md:text-xl font-medium text-WCAGorange list-none cursor-pointer transition-colors duration-300\">\n\t\t\t\tD&#039;o\u00f9 partent les charters ?  \n\n\t\t\t\t<svg\n\t\t\t\t\taria-hidden=\"true\" \n\t\t\t\t\twidth=\"24\" \n\t\t\t\t\theight=\"18\" \n\t\t\t\t\tviewBox=\"0 0 24 18\" \n\t\t\t\t\tfill=\"none\" \n\t\t\t\t\txmlns=\"http:\/\/www.w3.org\/2000\/svg\"\n\t\t\t\t\tclass=\"absolute top-1\/2 right-0 transform -translate-y-1\/2 transition-transform max-md:max-w-4\"\n\t\t\t\t>\n\t\t\t\t\t<path d=\"M14.5305 18L12.3719 15.9752L18.2256 10.49L0 10.1926L0.054878 7.3327L18.0976 7.6244L12.128 2.02479L14.2805 0L24 9.11725L14.5305 18Z\" fill=\"#DD5729\"\/>\n\t\t\t\t<\/svg>\n\t\t\t\t\t\n\t\t\t<\/summary>\n\n\t\t\t<div id=\"block_dc049fd2b48124a494a658c7f8f8e5c5-1\" class=\"mt-4 content-wrapper prose-p:px-0\">\n\t\t\t\t<p><span style=\"font-weight: 400;\">Les vols charters partent de notre terminal situ\u00e9 au 50 Morberg Way.<br \/>\nPour vous faciliter la t\u00e2che, voici une <a href=\"https:\/\/perimeter.ca\/route-map\/\">carte<\/a> qui vous guidera jusqu&rsquo;au terminal. <\/span><\/p>\n\n\t\t\t<\/div>\n\t\t<\/details>\n\t\t\t\t\t\t\t\t\n\t\t<details  class=\"group border-[#D3D3D3] border-t-2 last:border-b-2\" >\n\t\t\t<summary class=\"[&#038;::-webkit-details-marker]:hidden relative py-4 md:py-6 pr-8 text-lg md:text-xl font-medium text-WCAGorange list-none cursor-pointer transition-colors duration-300\">\n\t\t\t\tDes places de parking sont-elles disponibles ?\n\n\t\t\t\t<svg\n\t\t\t\t\taria-hidden=\"true\" \n\t\t\t\t\twidth=\"24\" \n\t\t\t\t\theight=\"18\" \n\t\t\t\t\tviewBox=\"0 0 24 18\" \n\t\t\t\t\tfill=\"none\" \n\t\t\t\t\txmlns=\"http:\/\/www.w3.org\/2000\/svg\"\n\t\t\t\t\tclass=\"absolute top-1\/2 right-0 transform -translate-y-1\/2 transition-transform max-md:max-w-4\"\n\t\t\t\t>\n\t\t\t\t\t<path d=\"M14.5305 18L12.3719 15.9752L18.2256 10.49L0 10.1926L0.054878 7.3327L18.0976 7.6244L12.128 2.02479L14.2805 0L24 9.11725L14.5305 18Z\" fill=\"#DD5729\"\/>\n\t\t\t\t<\/svg>\n\t\t\t\t\t\n\t\t\t<\/summary>\n\n\t\t\t<div id=\"block_dc049fd2b48124a494a658c7f8f8e5c5-2\" class=\"mt-4 content-wrapper prose-p:px-0\">\n\t\t\t\t<p><span style=\"font-weight: 400;\">Certainement !<br \/>\nNous mettons trois parkings gratuits \u00e0 la disposition de nos passagers.<br \/>\nPour votre information, voici une <a href=\"https:\/\/perimeter.ca\/transportation\/\">carte<\/a> indiquant les zones de stationnement  <\/span><\/p>\n\n\t\t\t<\/div>\n\t\t<\/details>\n\t\t\t\t\t\t\t\t\n\t\t<details  class=\"group border-[#D3D3D3] border-t-2 last:border-b-2\" >\n\t\t\t<summary class=\"[&#038;::-webkit-details-marker]:hidden relative py-4 md:py-6 pr-8 text-lg md:text-xl font-medium text-WCAGorange list-none cursor-pointer transition-colors duration-300\">\n\t\t\t\tQuelle est la diff\u00e9rence entre un vol charter et un vol r\u00e9gulier ?\n\n\t\t\t\t<svg\n\t\t\t\t\taria-hidden=\"true\" \n\t\t\t\t\twidth=\"24\" \n\t\t\t\t\theight=\"18\" \n\t\t\t\t\tviewBox=\"0 0 24 18\" \n\t\t\t\t\tfill=\"none\" \n\t\t\t\t\txmlns=\"http:\/\/www.w3.org\/2000\/svg\"\n\t\t\t\t\tclass=\"absolute top-1\/2 right-0 transform -translate-y-1\/2 transition-transform max-md:max-w-4\"\n\t\t\t\t>\n\t\t\t\t\t<path d=\"M14.5305 18L12.3719 15.9752L18.2256 10.49L0 10.1926L0.054878 7.3327L18.0976 7.6244L12.128 2.02479L14.2805 0L24 9.11725L14.5305 18Z\" fill=\"#DD5729\"\/>\n\t\t\t\t<\/svg>\n\t\t\t\t\t\n\t\t\t<\/summary>\n\n\t\t\t<div id=\"block_dc049fd2b48124a494a658c7f8f8e5c5-3\" class=\"mt-4 content-wrapper prose-p:px-0\">\n\t\t\t\t<p><span style=\"font-weight: 400;\">Un vol charter vous permet de voyager en priv\u00e9 et d&rsquo;acc\u00e9der \u00e0 toutes les capacit\u00e9s de nos avions, vers n&rsquo;importe quelle destination s\u00fbre.<br \/>\nEn revanche, les vols r\u00e9guliers ont des horaires fixes et un inventaire limit\u00e9 pour des destinations pr\u00e9d\u00e9termin\u00e9es. <\/span><\/p>\n\n\t\t\t<\/div>\n\t\t<\/details>\n\t\t\t\t\t\t\t\t\n\t\t<details  class=\"group border-[#D3D3D3] border-t-2 last:border-b-2\" >\n\t\t\t<summary class=\"[&#038;::-webkit-details-marker]:hidden relative py-4 md:py-6 pr-8 text-lg md:text-xl font-medium text-WCAGorange list-none cursor-pointer transition-colors duration-300\">\n\t\t\t\tCombien co\u00fbte un vol charter ?\nQu&#039;est-ce qui est inclus dans le prix ?   \n\n\t\t\t\t<svg\n\t\t\t\t\taria-hidden=\"true\" \n\t\t\t\t\twidth=\"24\" \n\t\t\t\t\theight=\"18\" \n\t\t\t\t\tviewBox=\"0 0 24 18\" \n\t\t\t\t\tfill=\"none\" \n\t\t\t\t\txmlns=\"http:\/\/www.w3.org\/2000\/svg\"\n\t\t\t\t\tclass=\"absolute top-1\/2 right-0 transform -translate-y-1\/2 transition-transform max-md:max-w-4\"\n\t\t\t\t>\n\t\t\t\t\t<path d=\"M14.5305 18L12.3719 15.9752L18.2256 10.49L0 10.1926L0.054878 7.3327L18.0976 7.6244L12.128 2.02479L14.2805 0L24 9.11725L14.5305 18Z\" fill=\"#DD5729\"\/>\n\t\t\t\t<\/svg>\n\t\t\t\t\t\n\t\t\t<\/summary>\n\n\t\t\t<div id=\"block_dc049fd2b48124a494a658c7f8f8e5c5-4\" class=\"mt-4 content-wrapper prose-p:px-0\">\n\t\t\t\t<p><span style=\"font-weight: 400;\">Les co\u00fbts des vols charter varient en fonction de l&rsquo;appareil, de l&rsquo;origine et de la destination.<br \/>\nLorsque vous affr\u00e9tez un avion avec nous, vous b\u00e9n\u00e9ficiez de toutes les capacit\u00e9s de l&rsquo;appareil, y compris les commodit\u00e9s en vol et la capacit\u00e9 de chargement.<br \/>\nContactez-nous pour conna\u00eetre nos tarifs !  <\/span><\/p>\n\n\t\t\t<\/div>\n\t\t<\/details>\n\t\t\t\t\t\t\t\t\n\t\t<details  class=\"group border-[#D3D3D3] border-t-2 last:border-b-2\" >\n\t\t\t<summary class=\"[&#038;::-webkit-details-marker]:hidden relative py-4 md:py-6 pr-8 text-lg md:text-xl font-medium text-WCAGorange list-none cursor-pointer transition-colors duration-300\">\n\t\t\t\tQuelles sont vos destinations ?  \n\n\t\t\t\t<svg\n\t\t\t\t\taria-hidden=\"true\" \n\t\t\t\t\twidth=\"24\" \n\t\t\t\t\theight=\"18\" \n\t\t\t\t\tviewBox=\"0 0 24 18\" \n\t\t\t\t\tfill=\"none\" \n\t\t\t\t\txmlns=\"http:\/\/www.w3.org\/2000\/svg\"\n\t\t\t\t\tclass=\"absolute top-1\/2 right-0 transform -translate-y-1\/2 transition-transform max-md:max-w-4\"\n\t\t\t\t>\n\t\t\t\t\t<path d=\"M14.5305 18L12.3719 15.9752L18.2256 10.49L0 10.1926L0.054878 7.3327L18.0976 7.6244L12.128 2.02479L14.2805 0L24 9.11725L14.5305 18Z\" fill=\"#DD5729\"\/>\n\t\t\t\t<\/svg>\n\t\t\t\t\t\n\t\t\t<\/summary>\n\n\t\t\t<div id=\"block_dc049fd2b48124a494a658c7f8f8e5c5-5\" class=\"mt-4 content-wrapper prose-p:px-0\">\n\t\t\t\t<p><span style=\"font-weight: 400;\">Nous proposons des services d&rsquo;affr\u00e8tement dans toute l&rsquo;Am\u00e9rique du Nord, \u00e0 condition que la piste d&rsquo;atterrissage r\u00e9ponde \u00e0 nos exigences minimales.<\/span><\/p>\n\n\t\t\t<\/div>\n\t\t<\/details>\n\t\t\t\t\t\t\t\t\n\t\t<details  class=\"group border-[#D3D3D3] border-t-2 last:border-b-2\" >\n\t\t\t<summary class=\"[&#038;::-webkit-details-marker]:hidden relative py-4 md:py-6 pr-8 text-lg md:text-xl font-medium text-WCAGorange list-none cursor-pointer transition-colors duration-300\">\n\t\t\t\tY aura-t-il d&#039;autres marchandises \u00e0 bord ?  \n\n\t\t\t\t<svg\n\t\t\t\t\taria-hidden=\"true\" \n\t\t\t\t\twidth=\"24\" \n\t\t\t\t\theight=\"18\" \n\t\t\t\t\tviewBox=\"0 0 24 18\" \n\t\t\t\t\tfill=\"none\" \n\t\t\t\t\txmlns=\"http:\/\/www.w3.org\/2000\/svg\"\n\t\t\t\t\tclass=\"absolute top-1\/2 right-0 transform -translate-y-1\/2 transition-transform max-md:max-w-4\"\n\t\t\t\t>\n\t\t\t\t\t<path d=\"M14.5305 18L12.3719 15.9752L18.2256 10.49L0 10.1926L0.054878 7.3327L18.0976 7.6244L12.128 2.02479L14.2805 0L24 9.11725L14.5305 18Z\" fill=\"#DD5729\"\/>\n\t\t\t\t<\/svg>\n\t\t\t\t\t\n\t\t\t<\/summary>\n\n\t\t\t<div id=\"block_dc049fd2b48124a494a658c7f8f8e5c5-6\" class=\"mt-4 content-wrapper prose-p:px-0\">\n\t\t\t\t<p><span style=\"font-weight: 400;\">Non, lorsque vous affr\u00e9tez avec nous, l&rsquo;ensemble de l&rsquo;avion et sa capacit\u00e9 sont d\u00e9di\u00e9s \u00e0 vos besoins, \u00e0 l&rsquo;exclusion de toute autre cargaison.<\/span><\/p>\n\n\t\t\t<\/div>\n\t\t<\/details>\n\t\t\t\t\t\t\t\t\n\t\t<details  class=\"group border-[#D3D3D3] border-t-2 last:border-b-2\" >\n\t\t\t<summary class=\"[&#038;::-webkit-details-marker]:hidden relative py-4 md:py-6 pr-8 text-lg md:text-xl font-medium text-WCAGorange list-none cursor-pointer transition-colors duration-300\">\n\t\t\t\tEst-il possible de d\u00e9placer des animaux vivants dans le cadre d&#039;un charter ?  \n\n\t\t\t\t<svg\n\t\t\t\t\taria-hidden=\"true\" \n\t\t\t\t\twidth=\"24\" \n\t\t\t\t\theight=\"18\" \n\t\t\t\t\tviewBox=\"0 0 24 18\" \n\t\t\t\t\tfill=\"none\" \n\t\t\t\t\txmlns=\"http:\/\/www.w3.org\/2000\/svg\"\n\t\t\t\t\tclass=\"absolute top-1\/2 right-0 transform -translate-y-1\/2 transition-transform max-md:max-w-4\"\n\t\t\t\t>\n\t\t\t\t\t<path d=\"M14.5305 18L12.3719 15.9752L18.2256 10.49L0 10.1926L0.054878 7.3327L18.0976 7.6244L12.128 2.02479L14.2805 0L24 9.11725L14.5305 18Z\" fill=\"#DD5729\"\/>\n\t\t\t\t<\/svg>\n\t\t\t\t\t\n\t\t\t<\/summary>\n\n\t\t\t<div id=\"block_dc049fd2b48124a494a658c7f8f8e5c5-7\" class=\"mt-4 content-wrapper prose-p:px-0\">\n\t\t\t\t<p><span style=\"font-weight: 400;\">Oui, des dispositions pour le transport d&rsquo;animaux vivants peuvent \u00eatre prises par notre \u00e9quipe Charter Connexions avant le d\u00e9part.<\/span><\/p>\n\n\t\t\t<\/div>\n\t\t<\/details>\n\t\t\t\t\t\t\t\t\n\t\t<details  class=\"group border-[#D3D3D3] border-t-2 last:border-b-2\" >\n\t\t\t<summary class=\"[&#038;::-webkit-details-marker]:hidden relative py-4 md:py-6 pr-8 text-lg md:text-xl font-medium text-WCAGorange list-none cursor-pointer transition-colors duration-300\">\n\t\t\t\tPouvez-vous nous aider dans le domaine du camionnage et d&#039;autres transports ?  \n\n\t\t\t\t<svg\n\t\t\t\t\taria-hidden=\"true\" \n\t\t\t\t\twidth=\"24\" \n\t\t\t\t\theight=\"18\" \n\t\t\t\t\tviewBox=\"0 0 24 18\" \n\t\t\t\t\tfill=\"none\" \n\t\t\t\t\txmlns=\"http:\/\/www.w3.org\/2000\/svg\"\n\t\t\t\t\tclass=\"absolute top-1\/2 right-0 transform -translate-y-1\/2 transition-transform max-md:max-w-4\"\n\t\t\t\t>\n\t\t\t\t\t<path d=\"M14.5305 18L12.3719 15.9752L18.2256 10.49L0 10.1926L0.054878 7.3327L18.0976 7.6244L12.128 2.02479L14.2805 0L24 9.11725L14.5305 18Z\" fill=\"#DD5729\"\/>\n\t\t\t\t<\/svg>\n\t\t\t\t\t\n\t\t\t<\/summary>\n\n\t\t\t<div id=\"block_dc049fd2b48124a494a658c7f8f8e5c5-8\" class=\"mt-4 content-wrapper prose-p:px-0\">\n\t\t\t\t<p><span style=\"font-weight: 400;\">Absolument !<br \/>\nNous collaborons avec de grandes entreprises de camionnage comme Gardewine et Manitoulin pour offrir \u00e0 nos clients des solutions de transport de bout en bout. <\/span><\/p>\n\n\t\t\t<\/div>\n\t\t<\/details>\n\t\t\t\t\t\t\t\t\n\t\t<details  class=\"group border-[#D3D3D3] border-t-2 last:border-b-2\" >\n\t\t\t<summary class=\"[&#038;::-webkit-details-marker]:hidden relative py-4 md:py-6 pr-8 text-lg md:text-xl font-medium text-WCAGorange list-none cursor-pointer transition-colors duration-300\">\n\t\t\t\tY a-t-il une limite \u00e0 ce que vous pouvez voler ?  \n\n\t\t\t\t<svg\n\t\t\t\t\taria-hidden=\"true\" \n\t\t\t\t\twidth=\"24\" \n\t\t\t\t\theight=\"18\" \n\t\t\t\t\tviewBox=\"0 0 24 18\" \n\t\t\t\t\tfill=\"none\" \n\t\t\t\t\txmlns=\"http:\/\/www.w3.org\/2000\/svg\"\n\t\t\t\t\tclass=\"absolute top-1\/2 right-0 transform -translate-y-1\/2 transition-transform max-md:max-w-4\"\n\t\t\t\t>\n\t\t\t\t\t<path d=\"M14.5305 18L12.3719 15.9752L18.2256 10.49L0 10.1926L0.054878 7.3327L18.0976 7.6244L12.128 2.02479L14.2805 0L24 9.11725L14.5305 18Z\" fill=\"#DD5729\"\/>\n\t\t\t\t<\/svg>\n\t\t\t\t\t\n\t\t\t<\/summary>\n\n\t\t\t<div id=\"block_dc049fd2b48124a494a658c7f8f8e5c5-9\" class=\"mt-4 content-wrapper prose-p:px-0\">\n\t\t\t\t<p><span style=\"font-weight: 400;\">Nous ne pouvons pas op\u00e9rer \u00e0 l&rsquo;\u00e9tranger et nos avions ne peuvent pas atterrir sur des pistes d&rsquo;atterrissage de moins de 3 000 pieds de long et 50 pieds de large.<\/span><\/p>\n\n\t\t\t<\/div>\n\t\t<\/details>\n\t\t\t\t\t\t\t\t\n\t\t<details  class=\"group border-[#D3D3D3] border-t-2 last:border-b-2\" >\n\t\t\t<summary class=\"[&#038;::-webkit-details-marker]:hidden relative py-4 md:py-6 pr-8 text-lg md:text-xl font-medium text-WCAGorange list-none cursor-pointer transition-colors duration-300\">\n\t\t\t\tY a-t-il un poids minimum ou maximum ?  \n\n\t\t\t\t<svg\n\t\t\t\t\taria-hidden=\"true\" \n\t\t\t\t\twidth=\"24\" \n\t\t\t\t\theight=\"18\" \n\t\t\t\t\tviewBox=\"0 0 24 18\" \n\t\t\t\t\tfill=\"none\" \n\t\t\t\t\txmlns=\"http:\/\/www.w3.org\/2000\/svg\"\n\t\t\t\t\tclass=\"absolute top-1\/2 right-0 transform -translate-y-1\/2 transition-transform max-md:max-w-4\"\n\t\t\t\t>\n\t\t\t\t\t<path d=\"M14.5305 18L12.3719 15.9752L18.2256 10.49L0 10.1926L0.054878 7.3327L18.0976 7.6244L12.128 2.02479L14.2805 0L24 9.11725L14.5305 18Z\" fill=\"#DD5729\"\/>\n\t\t\t\t<\/svg>\n\t\t\t\t\t\n\t\t\t<\/summary>\n\n\t\t\t<div id=\"block_dc049fd2b48124a494a658c7f8f8e5c5-10\" class=\"mt-4 content-wrapper prose-p:px-0\">\n\t\t\t\t<p><span style=\"font-weight: 400;\">Il n&rsquo;y a pas de poids minimum requis.<br \/>\nCependant, les poids maximums varient en fonction de l&rsquo;avion affr\u00e9t\u00e9. <\/span><\/p>\n\n\t\t\t<\/div>\n\t\t<\/details>\n\t\t<\/div>\n","protected":false},"excerpt":{"rendered":"","protected":false},"author":18,"featured_media":0,"parent":0,"menu_order":0,"comment_status":"closed","ping_status":"closed","template":"","meta":{"_acf_changed":false,"footnotes":""},"class_list":["post-1884","page","type-page","status-publish","hentry"],"acf":[],"_links":{"self":[{"href":"https:\/\/perimeter.ca\/fr\/wp-json\/wp\/v2\/pages\/1884","targetHints":{"allow":["GET"]}}],"collection":[{"href":"https:\/\/perimeter.ca\/fr\/wp-json\/wp\/v2\/pages"}],"about":[{"href":"https:\/\/perimeter.ca\/fr\/wp-json\/wp\/v2\/types\/page"}],"author":[{"embeddable":true,"href":"https:\/\/perimeter.ca\/fr\/wp-json\/wp\/v2\/users\/18"}],"replies":[{"embeddable":true,"href":"https:\/\/perimeter.ca\/fr\/wp-json\/wp\/v2\/comments?post=1884"}],"version-history":[{"count":0,"href":"https:\/\/perimeter.ca\/fr\/wp-json\/wp\/v2\/pages\/1884\/revisions"}],"wp:attachment":[{"href":"https:\/\/perimeter.ca\/fr\/wp-json\/wp\/v2\/media?parent=1884"}],"curies":[{"name":"wp","href":"https:\/\/api.w.org\/{rel}","templated":true}]}}