{"id":1885,"date":"2024-06-10T19:22:23","date_gmt":"2024-06-11T00:22:23","guid":{"rendered":"https:\/\/perimeter.ca\/recompenses-de-connexion\/"},"modified":"2024-09-25T13:01:52","modified_gmt":"2024-09-25T18:01:52","slug":"recompenses-de-connexion","status":"publish","type":"page","link":"https:\/\/perimeter.ca\/fr\/recompenses-de-connexion\/","title":{"rendered":"R\u00e9compenses de connexion"},"content":{"rendered":"\n<div style=\"height:55px\" aria-hidden=\"true\" class=\"wp-block-spacer\"><\/div>\n\n\n\n<h2 class=\"wp-block-heading\">Bonjour les r\u00e9compenses !<\/h2>\n\n\n\n<p>Gagner des points n&rsquo;a jamais \u00e9t\u00e9 aussi facile !\nGagnez des points chaque fois que vous voyagez avec Perimeter Aviation ou Bearskin Airlines et regardez les points s&rsquo;accumuler.\nPlus vous volez, plus vite vous volerez gratuitement !  <\/p>\n\n\n\n<figure class=\"wp-block-image size-large is-resized\"><img loading=\"lazy\" decoding=\"async\" width=\"1024\" height=\"683\" src=\"https:\/\/perimeter.ca\/wp-content\/uploads\/2024\/07\/7R35186-1024x683.jpg\" alt=\"\" class=\"wp-image-1244\" style=\"object-fit:cover;width:1080px;height:450px\" srcset=\"https:\/\/perimeter.ca\/wp-content\/uploads\/2024\/07\/7R35186-1024x683.jpg 1024w, https:\/\/perimeter.ca\/wp-content\/uploads\/2024\/07\/7R35186-300x200.jpg 300w, https:\/\/perimeter.ca\/wp-content\/uploads\/2024\/07\/7R35186-768x512.jpg 768w, https:\/\/perimeter.ca\/wp-content\/uploads\/2024\/07\/7R35186-1536x1025.jpg 1536w, https:\/\/perimeter.ca\/wp-content\/uploads\/2024\/07\/7R35186-2048x1366.jpg 2048w, https:\/\/perimeter.ca\/wp-content\/uploads\/2024\/07\/7R35186-600x400.jpg 600w\" sizes=\"auto, (max-width: 1024px) 100vw, 1024px\" \/><\/figure>\n\n\n\n<div class=\"wp-block-columns is-layout-flex wp-container-core-columns-is-layout-9d6595d7 wp-block-columns-is-layout-flex\">\n<div class=\"wp-block-column is-layout-flow wp-block-column-is-layout-flow\">\n<h3 class=\"wp-block-heading\">Devenez membre de Connecting Rewards<\/h3>\n\n\n\n<p>L&rsquo;inscription est GRATUITE !\nVous serez inscrit automatiquement lorsque vous r\u00e9serverez directement aupr\u00e8s de Perimeter Aviation\/Bearskin Airlines en ligne ou par l&rsquo;interm\u00e9diaire de notre Centre de service \u00e0 la client\u00e8le.\nSi un profil n&rsquo;est pas cr\u00e9\u00e9 lors de la r\u00e9servation, il peut l&rsquo;\u00eatre au moment de l&rsquo;enregistrement.  <\/p>\n<\/div>\n\n\n\n<div class=\"wp-block-column is-layout-flow wp-block-column-is-layout-flow\">\n<h3 class=\"wp-block-heading\">Comment gagner des points<\/h3>\n\n\n\n<p>Il est facile d&rsquo;accumuler des points avec Connecting Rewards !\nGagnez des points avec chaque vol de Perimeter Aviation ou de Bearskin Airlines r\u00e9serv\u00e9 par l&rsquo;interm\u00e9diaire de notre site Web, de notre Centre de service \u00e0 la client\u00e8le ou en personne.\nLes points s&rsquo;accumulent \u00e0 raison d&rsquo;environ un point par tranche de 20,00 $ sur la base du plein tarif avant taxes, frais et suppl\u00e9ments.\nLes tarifs r\u00e9duits ou r\u00e9serv\u00e9s \u00e0 l&rsquo;avance sont calcul\u00e9s au prorata.   <\/p>\n<\/div>\n<\/div>\n\n\n\n<div class=\"wp-block-columns is-layout-flex wp-container-core-columns-is-layout-9d6595d7 wp-block-columns-is-layout-flex\">\n<div class=\"wp-block-column is-layout-flow wp-block-column-is-layout-flow\">\n<h3 class=\"wp-block-heading\">Comment \u00e9changer des points<\/h3>\n\n\n\n<p>Notre objectif est de vous donner plus de temps de vol gratuitement !\nDes \u00e9changes complets ou partiels sont possibles.\n\u00c9changez vos points contre 25 %, 50 %, 75 % ou 100 % de votre vol et payez simplement le solde au moment de la r\u00e9servation.  <\/p>\n<\/div>\n\n\n\n<div class=\"wp-block-column is-layout-flow wp-block-column-is-layout-flow\">\n<h3 class=\"wp-block-heading\">R\u00e9server avec des points<\/h3>\n\n\n\n<p>Lorsque vous \u00e9changez des points contre des vols gratuits, les r\u00e9servations doivent \u00eatre effectu\u00e9es en appelant notre centre de service \u00e0 la client\u00e8le au <a href=\"tel:1-800-665-8986\">1-800-665-8986.<\/a>\nR\u00e9servez \u00e0 l&rsquo;avance pour \u00e9viter toute d\u00e9ception, car les stocks de vols d&rsquo;\u00e9change peuvent \u00eatre limit\u00e9s. <\/p>\n<\/div>\n<\/div>\n\n\n\n<div style=\"height:30px\" aria-hidden=\"true\" class=\"wp-block-spacer\"><\/div>\n\n\n\n<h3 class=\"wp-block-heading\">D\u00e9bloquez plus de r\u00e9compenses<\/h3>\n\n\n\n<p>Transf\u00e9rez vos points \u00e0 un autre titulaire de compte pour les accumuler plus rapidement et les \u00e9changer contre des r\u00e9compenses plus t\u00f4t !\nLes points Connecting Rewards peuvent \u00eatre transf\u00e9r\u00e9s d&rsquo;un compte \u00e0 l&rsquo;autre moyennant des frais minimes de 20 $, soit l&rsquo;\u00e9quivalent d&rsquo;un point. <\/p>\n\n\n\n<figure class=\"wp-block-image size-large is-resized\"><img loading=\"lazy\" decoding=\"async\" width=\"1024\" height=\"683\" src=\"https:\/\/perimeter.ca\/wp-content\/uploads\/2024\/09\/Perimeter_Website-Shoot-330431-1024x683.jpg\" alt=\"\" class=\"wp-image-3395\" style=\"object-fit:cover;width:1080px;height:550px\" srcset=\"https:\/\/perimeter.ca\/wp-content\/uploads\/2024\/09\/Perimeter_Website-Shoot-330431-1024x683.jpg 1024w, https:\/\/perimeter.ca\/wp-content\/uploads\/2024\/09\/Perimeter_Website-Shoot-330431-300x200.jpg 300w, https:\/\/perimeter.ca\/wp-content\/uploads\/2024\/09\/Perimeter_Website-Shoot-330431-768x512.jpg 768w, https:\/\/perimeter.ca\/wp-content\/uploads\/2024\/09\/Perimeter_Website-Shoot-330431-1536x1024.jpg 1536w, https:\/\/perimeter.ca\/wp-content\/uploads\/2024\/09\/Perimeter_Website-Shoot-330431-scaled.jpg 2048w\" sizes=\"auto, (max-width: 1024px) 100vw, 1024px\" \/><\/figure>\n\n\n\n<div style=\"height:30px\" aria-hidden=\"true\" class=\"wp-block-spacer\"><\/div>\n\n\n\n<h3 class=\"wp-block-heading\">\u00c9quilibre<\/h3>\n\n\n\n<p>Pour v\u00e9rifier votre solde, il vous suffit de vous connecter \u00e0 votre compte sur <a href=\"https:\/\/perimeter.ca\/fr\/\" data-type=\"link\" data-id=\"perimeter.ca\">perimeter.ca.<\/a> Vous devrez entrer votre num\u00e9ro de compte Connecting Rewards ou votre nom d&rsquo;utilisateur et votre mot de passe personnalis\u00e9s. Si vous ne les connaissez pas, appelez notre Centre de service \u00e0 la client\u00e8le au <a href=\"tel:1-800-665-8986\" data-type=\"tel\" data-id=\"tel:1-800-665-8986\">1-800-665-8986<\/a>. Une fois votre identit\u00e9 v\u00e9rifi\u00e9e, nous serons heureux de vous aider \u00e0 acc\u00e9der \u00e0 votre compte.<\/p>\n\n\n\n<div style=\"height:30px\" aria-hidden=\"true\" class=\"wp-block-spacer\"><\/div>\n\n\n\n<h3 class=\"wp-block-heading\">Billets et annulation<\/h3>\n\n\n\n<p>Les billets achet\u00e9s avec Connecting Rewards ne sont ni remboursables ni transf\u00e9rables.\nL&rsquo;itin\u00e9raire peut \u00eatre modifi\u00e9 sur les billets.\nLe voyageur est responsable de toute diff\u00e9rence de prix suppl\u00e9mentaire, le cas \u00e9ch\u00e9ant.\nLes passagers qui n&rsquo;annulent pas leurs billets d&rsquo;\u00e9change Connecting Rewards deux heures avant le d\u00e9part pr\u00e9vu et\/ou qui ne se pr\u00e9sentent pas \u00e0 leur vol seront consid\u00e9r\u00e9s comme ne se pr\u00e9sentant pas et perdront la valeur du billet ainsi que les points utilis\u00e9s pour l&rsquo;acheter.   <\/p>\n\n\n\n<div style=\"height:30px\" aria-hidden=\"true\" class=\"wp-block-spacer\"><\/div>\n\n\n\n<h3 class=\"wp-block-heading\">Expiration du point<\/h3>\n\n\n\n<p>Vos points expirent 36 mois apr\u00e8s avoir \u00e9t\u00e9 acquis.  <\/p>\n\n\n\n<div style=\"height:30px\" aria-hidden=\"true\" class=\"wp-block-spacer\"><\/div>\n\n\n\n<h3 class=\"wp-block-heading\">Points manquants<\/h3>\n\n\n\n<p>Vous pouvez demander des points manquants pour des vols ant\u00e9rieurs effectu\u00e9s dans les 30 jours suivant le voyage. Il vous suffit d&rsquo;envoyer une demande \u00e0 <a href=\"mailto:reservations@perimeter.ca\">reservations@perimeter.ca<\/a> et nous entamerons le processus.<\/p>\n\n\n\n<div style=\"height:30px\" aria-hidden=\"true\" class=\"wp-block-spacer\"><\/div>\n\n\n\n<h3 class=\"wp-block-heading\">Comptes et \u00e9ligibilit\u00e9<\/h3>\n\n\n\n<p>Chaque voyageur a besoin de son propre profil pour collecter des points.\nLes points sont acquis par le titulaire du compte et ne peuvent \u00eatre cr\u00e9dit\u00e9s \u00e0 un autre voyageur au moment de la r\u00e9servation. <\/p>\n\n\n\n<p>Les personnes doivent \u00eatre \u00e2g\u00e9es de 2 ans ou plus pour d\u00e9tenir un compte.\nLe tuteur l\u00e9gal peut choisir de g\u00e9rer le compte au nom d&rsquo;un mineur, mais il sera tenu au nom du voyageur individuel. <\/p>\n\n\n\n<p>Les soci\u00e9t\u00e9s, les organisations, les partenariats et les fiducies ne peuvent pas participer au programme.  <\/p>\n\n\n\n<div style=\"height:30px\" aria-hidden=\"true\" class=\"wp-block-spacer\"><\/div>\n\n\n\n<h3 class=\"wp-block-heading\">Transfert de points<\/h3>\n\n\n\n<p>Les points peuvent \u00eatre transf\u00e9r\u00e9s une fois qu&rsquo;ils ont \u00e9t\u00e9 accumul\u00e9s, moyennant des frais de 20 $.<\/p>\n\n\n\n<div style=\"height:30px\" aria-hidden=\"true\" class=\"wp-block-spacer\"><\/div>\n\n\n\n<h3 class=\"wp-block-heading\">Responsabilit\u00e9s des membres<\/h3>\n\n\n\n<p>Les membres sont tenus de fournir un changement des informations de contact principales, y compris, mais sans s&rsquo;y limiter, l&rsquo;adresse postale, l&rsquo;adresse \u00e9lectronique et le num\u00e9ro de t\u00e9l\u00e9phone.\nPerimeter Aviation n&rsquo;est pas responsable des communications mal achemin\u00e9es ni des cons\u00e9quences qui en d\u00e9coulent. <\/p>\n\n\n<div class=\"wp-block-buttons align-with-content my-[1.2em]\">\n  <div class=\"flex flex-wrap justify-center sm:justify-start gap-4\">\n    \n<a class=\"btn wp-block-button\" href=\"https:\/\/booking.perimeter.ca\/home?login=true\" target=\"_blank\" target=\"_blank\">\n          S&#039;inscrire maintenant\n    <\/a>\n\n\n  <\/div>\n<\/div>\n\n\n\n<div style=\"height:30px\" aria-hidden=\"true\" class=\"wp-block-spacer\"><\/div>\n\n\n\n<h3 class=\"wp-block-heading\">Plus de d\u00e9tails<\/h3>\n\n\n\n<p>Les points ne peuvent pas \u00eatre achet\u00e9s et n&rsquo;ont pas de valeur mon\u00e9taire.\nLes points ne peuvent pas \u00eatre gagn\u00e9s sur un billet d&rsquo;\u00e9change de Connecting Rewards.\nLes tarifs communs avec Wasaya Airways et Air Canada ne donnent pas droit \u00e0 des points Connecting Rewards.    <\/p>\n\n\n\n<p>Les billets pay\u00e9s \u00e0 l&rsquo;aide de Connecting Rewards ne peuvent \u00eatre ni vendus, ni troqu\u00e9s, ni \u00e9chang\u00e9s contre de l&rsquo;argent.\nEn cas d&rsquo;abus, le membre peut se voir retirer son compte Connecting Rewards. <\/p>\n\n\n\n<hr class=\"wp-block-separator has-text-color has-orange-500-color has-alpha-channel-opacity has-orange-500-background-color has-background\"\/>\n\n\n\n<h2 class=\"wp-block-heading h4\">Conditions g\u00e9n\u00e9rales d&rsquo;utilisation<\/h2>\n\n\n\n<h3 class=\"wp-block-heading h6\">S&rsquo;inscrire \u00e0 Connecting Rewards<\/h3>\n\n\n\n<ol class=\"wp-block-list has-xs-font-size\">\n<li class=\"has-xs-font-size\">Les nouvelles inscriptions au programme sont limit\u00e9es aux personnes physiques.  <\/li>\n\n\n\n<li class=\"has-xs-font-size\">Les soci\u00e9t\u00e9s, les organisations, les partenariats et les fiducies ne peuvent pas participer au programme Connecting Rewards.  <\/li>\n\n\n\n<li class=\"has-xs-font-size\">Les nouveaux membres du programme doivent s&rsquo;inscrire individuellement, une seule fois, et sous leur nom l\u00e9gal complet.\nCette r\u00e8gle s&rsquo;applique \u00e0 toutes les personnes \u00e2g\u00e9es de 2 ans et plus.\nLe tuteur l\u00e9gal peut choisir de g\u00e9rer le compte au nom du mineur jusqu&rsquo;\u00e0 ce qu&rsquo;il atteigne l&rsquo;\u00e2ge l\u00e9gal.\nL&rsquo;adh\u00e9sion se fait uniquement au b\u00e9n\u00e9fice de l&rsquo;individu ; par cons\u00e9quent, elle sera maintenue au nom de l&rsquo;individu uniquement.     <\/li>\n\n\n\n<li class=\"has-xs-font-size\">Il incombe \u00e0 chaque membre d&rsquo;informer Perimeter Aviation de tout changement d&rsquo;adresse postale ou \u00e9lectronique.\nP\u00e9rim\u00e8tre Aviation n&rsquo;est pas responsable des communications mal achemin\u00e9es, telles que le courrier ou le courriel, ni des cons\u00e9quences qui en d\u00e9coulent.   <\/li>\n\n\n\n<li class=\"has-xs-font-size\">L&rsquo;ouverture d&rsquo;un compte Connecting Rewards est gratuite.<\/li>\n<\/ol>\n\n\n\n<h3 class=\"wp-block-heading h6\">R\u00e8gles d&rsquo;acquisition<\/h3>\n\n\n\n<ol class=\"wp-block-list has-xs-font-size\">\n<li class=\"has-xs-font-size\">Les points Connecting Rewards gagn\u00e9s appartiennent au voyageur.<\/li>\n\n\n\n<li class=\"has-xs-font-size\">Le titulaire du compte re\u00e7oit environ un point pour chaque tranche de 20 $ d\u00e9pens\u00e9e pour un billet plein tarif (avant taxes, frais et suppl\u00e9ments).\nLes tarifs r\u00e9duits ou r\u00e9serv\u00e9s \u00e0 l&rsquo;avance sont calcul\u00e9s au prorata. <\/li>\n\n\n\n<li class=\"has-xs-font-size\">Les points Connecting Rewards ne sont gagn\u00e9s que sur les billets apr\u00e8s le voyage.<\/li>\n\n\n\n<li class=\"has-xs-font-size\">Pour les points manquants, le titulaire du compte Connecting Rewards doit faire une demande d&rsquo;ajout de points, au plus tard 30 jours apr\u00e8s la date du voyage.<\/li>\n\n\n\n<li class=\"has-xs-font-size\">Les points Connecting Rewards ne peuvent pas \u00eatre achet\u00e9s.<\/li>\n\n\n\n<li class=\"has-xs-font-size\">Les points Connecting Rewards ne peuvent pas \u00eatre gagn\u00e9s sur un billet d&rsquo;\u00e9change.<\/li>\n\n\n\n<li class=\"has-xs-font-size\">Les tarifs communs avec Wasaya Airways et Bearskin Airlines ne donnent pas droit \u00e0 des points Connecting Rewards.<\/li>\n<\/ol>\n\n\n\n<h3 class=\"wp-block-heading h6\">R\u00e8gles de rachat<\/h3>\n\n\n\n<ol class=\"wp-block-list\">\n<li class=\"has-xs-font-size\">Les points peuvent \u00eatre \u00e9chang\u00e9s contre un plein tarif Connecting Rewards pour la paire de villes concern\u00e9e.\nCe niveau d&rsquo;\u00e9change inclut les taxes, les suppl\u00e9ments et les frais de tiers. <\/li>\n\n\n\n<li class=\"has-xs-font-size\">Les points Connecting Rewards peuvent \u00e9galement \u00eatre utilis\u00e9s pour un \u00e9change \u00e0 75 %, 50 % ou 25 % du prix total de l&rsquo;\u00e9change.\nLe solde, y compris les taxes, les suppl\u00e9ments et les frais de tiers, peut \u00eatre pay\u00e9 en esp\u00e8ces ou par carte de cr\u00e9dit. <\/li>\n\n\n\n<li class=\"has-xs-font-size\">Les billets achet\u00e9s avec des points Connecting Rewards expirent au bout d&rsquo;un an s&rsquo;ils n&rsquo;ont pas \u00e9t\u00e9 utilis\u00e9s.\nLes points utilis\u00e9s pour acheter le billet seront alors d\u00e9bit\u00e9s du compte et perdus. <\/li>\n\n\n\n<li class=\"has-xs-font-size\">Les billets pay\u00e9s avec des points Connecting Rewards ne peuvent \u00eatre vendus, troqu\u00e9s ou \u00e9chang\u00e9s contre de l&rsquo;argent.\nEn cas d&rsquo;abus, le membre peut se voir retirer son compte Connecting Rewards. <\/li>\n\n\n\n<li class=\"has-xs-font-size\">Les points Connecting Rewards sont d\u00e9bit\u00e9s du compte dans l&rsquo;ordre dans lequel ils ont \u00e9t\u00e9 gagn\u00e9s (les premiers points gagn\u00e9s sont les premiers points utilis\u00e9s).<\/li>\n<\/ol>\n\n\n\n<h3 class=\"wp-block-heading h6\">Expiration<\/h3>\n\n\n\n<ol class=\"wp-block-list\">\n<li class=\"has-xs-font-size\">Les points Connecting Rewards non utilis\u00e9s expirent au bout de 36 mois, \u00e0 minuit le dernier jour du mois au cours duquel ils ont \u00e9t\u00e9 acquis.<\/li>\n\n\n\n<li class=\"has-xs-font-size\">Les Connecting Rewards n&rsquo;expirent pas s&rsquo;ils sont utilis\u00e9s pour un billet achet\u00e9 avec ces points.\nToutefois, ces points expireront ou seront consid\u00e9r\u00e9s comme utilis\u00e9s d\u00e8s que le billet expirera (les billets expirent au bout d&rsquo;un an \u00e0 compter de la date \u00e0 laquelle ils ont \u00e9t\u00e9 pay\u00e9s). <\/li>\n<\/ol>\n\n\n\n<h3 class=\"wp-block-heading h6\">Autre<\/h3>\n\n\n\n<ol class=\"wp-block-list\">\n<li class=\"has-xs-font-size\">Les Connecting Rewards n&rsquo;ont aucune valeur mon\u00e9taire et ne peuvent en aucun cas constituer la base d&rsquo;une r\u00e9clamation mon\u00e9taire \u00e0 l&rsquo;encontre de Perimeter Aviation ou de Bearskin Airlines.<\/li>\n\n\n\n<li class=\"has-xs-font-size\">Les billets achet\u00e9s avec Connecting Rewards ne sont ni remboursables ni transf\u00e9rables.<\/li>\n\n\n\n<li class=\"has-xs-font-size\">Les titulaires de compte peuvent modifier l&rsquo;itin\u00e9raire des billets \u00e0 condition que le prix du billet reste le m\u00eame et que l&rsquo;inventaire soit disponible sur le nouvel itin\u00e9raire.<\/li>\n\n\n\n<li class=\"has-xs-font-size\">La disponibilit\u00e9 des billets d&rsquo;\u00e9change peut \u00eatre limit\u00e9e en fonction de la saison ou du nombre de vols.<\/li>\n\n\n\n<li class=\"has-xs-font-size\">En r\u00e9servant les billets de rachat \u00e0 l&rsquo;avance, vous \u00e9viterez les d\u00e9ceptions.<\/li>\n\n\n\n<li class=\"has-xs-font-size\">Les passagers qui n&rsquo;annulent pas un billet d&rsquo;\u00e9change Connecting Rewards avant les deux heures pr\u00e9c\u00e9dant le d\u00e9part pr\u00e9vu et qui, par la suite, ne se pr\u00e9sentent pas \u00e0 leur vol seront consid\u00e9r\u00e9s comme ne s&rsquo;\u00e9tant pas pr\u00e9sent\u00e9s et perdront la valeur du billet, ainsi que tous les points utilis\u00e9s pour l&rsquo;acheter.<\/li>\n<\/ol>\n\n\n\n<div style=\"height:55px\" aria-hidden=\"true\" class=\"wp-block-spacer\"><\/div>\n","protected":false},"excerpt":{"rendered":"<p>Bonjour les r\u00e9compenses ! Gagner des points n&rsquo;a jamais \u00e9t\u00e9 aussi facile ! Gagnez des points chaque fois que vous voyagez avec Perimeter Aviation ou Bearskin Airlines et regardez les points s&rsquo;accumuler. Plus vous volez, plus vite vous volerez gratuitement ! Devenez membre de Connecting Rewards L&rsquo;inscription est GRATUITE ! Vous serez inscrit automatiquement lorsque &hellip;<\/p>\n","protected":false},"author":18,"featured_media":0,"parent":0,"menu_order":0,"comment_status":"closed","ping_status":"closed","template":"template-narrow.blade.php","meta":{"_acf_changed":true,"footnotes":""},"class_list":["post-1885","page","type-page","status-publish","hentry"],"acf":[],"_links":{"self":[{"href":"https:\/\/perimeter.ca\/fr\/wp-json\/wp\/v2\/pages\/1885","targetHints":{"allow":["GET"]}}],"collection":[{"href":"https:\/\/perimeter.ca\/fr\/wp-json\/wp\/v2\/pages"}],"about":[{"href":"https:\/\/perimeter.ca\/fr\/wp-json\/wp\/v2\/types\/page"}],"author":[{"embeddable":true,"href":"https:\/\/perimeter.ca\/fr\/wp-json\/wp\/v2\/users\/18"}],"replies":[{"embeddable":true,"href":"https:\/\/perimeter.ca\/fr\/wp-json\/wp\/v2\/comments?post=1885"}],"version-history":[{"count":0,"href":"https:\/\/perimeter.ca\/fr\/wp-json\/wp\/v2\/pages\/1885\/revisions"}],"wp:attachment":[{"href":"https:\/\/perimeter.ca\/fr\/wp-json\/wp\/v2\/media?parent=1885"}],"curies":[{"name":"wp","href":"https:\/\/api.w.org\/{rel}","templated":true}]}}