{"id":1886,"date":"2024-06-13T19:29:12","date_gmt":"2024-06-14T00:29:12","guid":{"rendered":"https:\/\/perimeter.ca\/aeroport-perimeter-aviation\/"},"modified":"2024-09-26T15:44:56","modified_gmt":"2024-09-26T20:44:56","slug":"aeroport-perimeter-terminal","status":"publish","type":"page","link":"https:\/\/perimeter.ca\/fr\/aeroport-perimeter-terminal\/","title":{"rendered":"\u00c0 l&rsquo;a\u00e9roport"},"content":{"rendered":"\n<div style=\"height:55px\" aria-hidden=\"true\" class=\"wp-block-spacer\"><\/div>\n\n\n\n<h2 class=\"wp-block-heading\">Terminal d&rsquo;aviation p\u00e9riph\u00e9rique (WPG)<\/h2>\n\n\n\n<p>Bienvenue \u00e0 votre porte d&rsquo;entr\u00e9e vers l&rsquo;aventure !\nNotre a\u00e9roport Perimeter Aviation n&rsquo;est pas seulement une \u00e9tape sur votre chemin, il fait partie de votre exp\u00e9rience de voyage.\nD\u00e8s que vous franchissez nos portes, vous d\u00e9couvrez un centre d&rsquo;activit\u00e9s.\nSavourez une collation rapide ou un repas copieux chez Chicken Delight.\nPrenez un moment de r\u00e9pit dans notre Elder&rsquo;s Lounge, restez connect\u00e9 gr\u00e2ce au Wi-Fi gratuit et profitez des services con\u00e7us pour rendre votre exp\u00e9rience de voyage aussi fluide et agr\u00e9able que possible.\nQue vous soyez un voyageur chevronn\u00e9 ou que vous partiez pour votre premi\u00e8re aventure, nous vous souhaitons la bienvenue !     <\/p>\n\n\n\n<div class=\"wp-block-columns is-layout-flex wp-container-core-columns-is-layout-9d6595d7 wp-block-columns-is-layout-flex\">\n<div class=\"wp-block-column is-layout-flow wp-block-column-is-layout-flow\">\n<figure class=\"wp-block-image size-large is-style-rounded\"><img loading=\"lazy\" decoding=\"async\" width=\"683\" height=\"1024\" src=\"https:\/\/perimeter.ca\/wp-content\/uploads\/2024\/07\/Perimeter_Website-Shoot-33449-1-683x1024.jpg\" alt=\"\" class=\"wp-image-1519\" style=\"aspect-ratio:1;object-fit:cover\" srcset=\"https:\/\/perimeter.ca\/wp-content\/uploads\/2024\/07\/Perimeter_Website-Shoot-33449-1-683x1024.jpg 683w, https:\/\/perimeter.ca\/wp-content\/uploads\/2024\/07\/Perimeter_Website-Shoot-33449-1-200x300.jpg 200w, https:\/\/perimeter.ca\/wp-content\/uploads\/2024\/07\/Perimeter_Website-Shoot-33449-1-768x1152.jpg 768w, https:\/\/perimeter.ca\/wp-content\/uploads\/2024\/07\/Perimeter_Website-Shoot-33449-1-1024x1536.jpg 1024w, https:\/\/perimeter.ca\/wp-content\/uploads\/2024\/07\/Perimeter_Website-Shoot-33449-1-1365x2048.jpg 1365w, https:\/\/perimeter.ca\/wp-content\/uploads\/2024\/07\/Perimeter_Website-Shoot-33449-1-scaled.jpg 1707w\" sizes=\"auto, (max-width: 683px) 100vw, 683px\" \/><\/figure>\n<\/div>\n\n\n\n<div class=\"wp-block-column is-layout-flow wp-block-column-is-layout-flow\">\n<figure class=\"wp-block-image size-large is-style-rounded\"><img loading=\"lazy\" decoding=\"async\" width=\"1024\" height=\"683\" src=\"https:\/\/perimeter.ca\/wp-content\/uploads\/2024\/07\/Perimeter_Website-Shoot-33934-1024x683.jpg\" alt=\"\" class=\"wp-image-1378\" style=\"aspect-ratio:1;object-fit:cover\" srcset=\"https:\/\/perimeter.ca\/wp-content\/uploads\/2024\/07\/Perimeter_Website-Shoot-33934-1024x683.jpg 1024w, https:\/\/perimeter.ca\/wp-content\/uploads\/2024\/07\/Perimeter_Website-Shoot-33934-300x200.jpg 300w, https:\/\/perimeter.ca\/wp-content\/uploads\/2024\/07\/Perimeter_Website-Shoot-33934-768x512.jpg 768w, https:\/\/perimeter.ca\/wp-content\/uploads\/2024\/07\/Perimeter_Website-Shoot-33934-1536x1024.jpg 1536w, https:\/\/perimeter.ca\/wp-content\/uploads\/2024\/07\/Perimeter_Website-Shoot-33934-2048x1365.jpg 2048w, https:\/\/perimeter.ca\/wp-content\/uploads\/2024\/07\/Perimeter_Website-Shoot-33934-600x400.jpg 600w\" sizes=\"auto, (max-width: 1024px) 100vw, 1024px\" \/><\/figure>\n<\/div>\n\n\n\n<div class=\"wp-block-column is-layout-flow wp-block-column-is-layout-flow\">\n<figure class=\"wp-block-image size-large is-style-rounded\"><img loading=\"lazy\" decoding=\"async\" width=\"683\" height=\"1024\" src=\"https:\/\/perimeter.ca\/wp-content\/uploads\/2024\/07\/Perimeter_Website-Shoot-33629-683x1024.jpg\" alt=\"\" class=\"wp-image-1194\" style=\"aspect-ratio:1;object-fit:cover\" srcset=\"https:\/\/perimeter.ca\/wp-content\/uploads\/2024\/07\/Perimeter_Website-Shoot-33629-683x1024.jpg 683w, https:\/\/perimeter.ca\/wp-content\/uploads\/2024\/07\/Perimeter_Website-Shoot-33629-200x300.jpg 200w, https:\/\/perimeter.ca\/wp-content\/uploads\/2024\/07\/Perimeter_Website-Shoot-33629-768x1152.jpg 768w, https:\/\/perimeter.ca\/wp-content\/uploads\/2024\/07\/Perimeter_Website-Shoot-33629-1024x1536.jpg 1024w, https:\/\/perimeter.ca\/wp-content\/uploads\/2024\/07\/Perimeter_Website-Shoot-33629-1365x2048.jpg 1365w, https:\/\/perimeter.ca\/wp-content\/uploads\/2024\/07\/Perimeter_Website-Shoot-33629-scaled.jpg 1707w\" sizes=\"auto, (max-width: 683px) 100vw, 683px\" \/><\/figure>\n<\/div>\n<\/div>\n\n\n\n<div class=\"wp-block-columns is-layout-flex wp-container-core-columns-is-layout-9d6595d7 wp-block-columns-is-layout-flex\">\n<div class=\"wp-block-column is-layout-flow wp-block-column-is-layout-flow\">\n<h3 class=\"wp-block-heading\">S\u00e9curis\u00e9<\/h3>\n\n\n\n<p>Vid\u00e9osurveillance 24\/7 sur place pour votre s\u00e9curit\u00e9 et votre tranquillit\u00e9 d&rsquo;esprit.<\/p>\n<\/div>\n\n\n\n<div class=\"wp-block-column is-layout-flow wp-block-column-is-layout-flow\">\n<h3 class=\"wp-block-heading\">Aide \u00e0 l&rsquo;accessibilit\u00e9<\/h3>\n\n\n\n<p>Un parking r\u00e9serv\u00e9 et une assistance suppl\u00e9mentaire sont disponibles.<\/p>\n<\/div>\n<\/div>\n\n\n\n<div class=\"wp-block-columns is-layout-flex wp-container-core-columns-is-layout-9d6595d7 wp-block-columns-is-layout-flex\">\n<div class=\"wp-block-column is-layout-flow wp-block-column-is-layout-flow\">\n<h3 class=\"wp-block-heading\">Services d&rsquo;accueil<\/h3>\n\n\n\n<p>Restauration et boissons sur place gr\u00e2ce \u00e0 Chicken Delight et aux distributeurs automatiques.<\/p>\n<\/div>\n\n\n\n<div class=\"wp-block-column is-layout-flow wp-block-column-is-layout-flow\">\n<h3 class=\"wp-block-heading\">Chariots \u00e0 bagages<\/h3>\n\n\n\n<p>Des chariots gratuits sont disponibles pour faciliter le transport des bagages.<\/p>\n<\/div>\n<\/div>\n\n\n\n<div class=\"wp-block-columns is-layout-flex wp-container-core-columns-is-layout-9d6595d7 wp-block-columns-is-layout-flex\">\n<div class=\"wp-block-column is-layout-flow wp-block-column-is-layout-flow\">\n<h3 class=\"wp-block-heading\">Balance<\/h3>\n\n\n\n<p>Une balance \u00e0 bagages est disponible pour l&#8217;emballage et l&rsquo;assistance aux bagages.<\/p>\n<\/div>\n\n\n\n<div class=\"wp-block-column is-layout-flow wp-block-column-is-layout-flow\">\n<h3 class=\"wp-block-heading\">Commodit\u00e9<\/h3>\n\n\n\n<p>Des distributeurs automatiques de billets, des t\u00e9l\u00e9phones \u00e0 pr\u00e9paiement et une station de taxis vous permettent de b\u00e9n\u00e9ficier de services rapides et faciles.<\/p>\n<\/div>\n<\/div>\n\n\n\n<figure class=\"wp-block-image size-large is-resized\"><img loading=\"lazy\" decoding=\"async\" width=\"1024\" height=\"891\" src=\"https:\/\/perimeter.ca\/wp-content\/uploads\/2024\/07\/Air-Traffic@300x-1-1024x891.png\" alt=\"\" class=\"wp-image-1139\" style=\"object-fit:cover;width:1080px;height:550px\" srcset=\"https:\/\/perimeter.ca\/wp-content\/uploads\/2024\/07\/Air-Traffic@300x-1-1024x891.png 1024w, https:\/\/perimeter.ca\/wp-content\/uploads\/2024\/07\/Air-Traffic@300x-1-300x261.png 300w, https:\/\/perimeter.ca\/wp-content\/uploads\/2024\/07\/Air-Traffic@300x-1-768x668.png 768w, https:\/\/perimeter.ca\/wp-content\/uploads\/2024\/07\/Air-Traffic@300x-1-1536x1337.png 1536w, https:\/\/perimeter.ca\/wp-content\/uploads\/2024\/07\/Air-Traffic@300x-1-2048x1782.png 2048w\" sizes=\"auto, (max-width: 1024px) 100vw, 1024px\" \/><\/figure>\n\n\n\n<hr class=\"wp-block-separator has-text-color has-orange-500-color has-alpha-channel-opacity has-orange-500-background-color has-background\"\/>\n\n\n\n<h2 class=\"wp-block-heading\">Directions<\/h2>\n\n\n\n<p>L&rsquo;a\u00e9roport Perimeter Aviation est situ\u00e9 dans la r\u00e9gion ouest de Winnipeg, au Manitoba, et fait partie de l&rsquo;Autorit\u00e9 a\u00e9roportuaire de Winnipeg.<\/p>\n\n\n\n<p>P\u00e9rim\u00e8tre Aviation<\/p>\n\n\n\n<p>626 Ferry Road<\/p>\n\n\n\n<p>Winnipeg Manitoba<\/p>\n\n\n\n<hr class=\"wp-block-separator has-text-color has-orange-500-color has-alpha-channel-opacity has-orange-500-background-color has-background\"\/>\n\n\n\n<h2 class=\"wp-block-heading\">Heures d&rsquo;ouverture<\/h2>\n\n\n\n<p>L&rsquo;a\u00e9roport Perimeter Aviation fonctionne :<\/p>\n\n\n\n<p>Du lundi au vendredi : 5:00 am &#8211; 18:00 pm <br>Samedi : 8h00 &#8211; 18h00 <br>Dimanche et jours f\u00e9ri\u00e9s : 7h00 &#8211; 18h00<\/p>\n\n\n\n<p>Veuillez noter que ces horaires sont susceptibles d&rsquo;\u00eatre modifi\u00e9s en fonction des heures d&rsquo;arriv\u00e9e et de d\u00e9part des vols.\nSi vous venez chercher un passager en dehors de ces heures, l&rsquo;entr\u00e9e dans le terminal est possible sur demande. <\/p>\n\n\n\n<hr class=\"wp-block-separator has-text-color has-orange-500-color has-alpha-channel-opacity has-orange-500-background-color has-background\"\/>\n\n\n\n<h2 class=\"wp-block-heading\">Restauration<\/h2>\n\n\n\n<p>Situ\u00e9 \u00e0 proximit\u00e9 de l&rsquo;a\u00e9roport Perimeter Aviation, Chicken Delight propose une savoureuse s\u00e9lection de plats de poulet fra\u00eechement pr\u00e9par\u00e9s qui r\u00e9pondent \u00e0 tous les go\u00fbts.\nQue vous ayez envie de poulet frit croustillant, d&rsquo;un sandwich au poulet chaud et copieux ou d&rsquo;une part de pizza au fromage, notre menu a de quoi satisfaire tout le monde.   <\/p>\n\n\n\n<hr class=\"wp-block-separator has-text-color has-orange-500-color has-alpha-channel-opacity has-orange-500-background-color has-background\"\/>\n\n\n\n<h2 class=\"wp-block-heading\">Salons<\/h2>\n\n\n\n<p>Chez Perimeter Aviation, nous savons que chaque voyageur est unique.\nNotre a\u00e9roport dispose d&rsquo;un salon pour les personnes \u00e2g\u00e9es, sp\u00e9cialement con\u00e7u pour offrir un environnement serein et confortable aux personnes \u00e2g\u00e9es, afin qu&rsquo;elles puissent se d\u00e9tendre et se rencontrer avant leur voyage.\nCe salon incarne notre engagement \u00e0 offrir une exp\u00e9rience de voyage confortable et inclusive \u00e0 tous nos clients.  <\/p>\n\n\n\n<p>Bien que la priorit\u00e9 soit donn\u00e9e aux personnes \u00e2g\u00e9es et aux passagers handicap\u00e9s, le salon accueille \u00e9galement les m\u00e8res avec leur nouveau-n\u00e9, dans la limite des places disponibles.\nSi vous avez besoin d&rsquo;un accompagnateur pendant le voyage, un par passager peut \u00eatre pris en charge.   <\/p>\n\n\n\n<p>Veuillez vous adresser \u00e0 notre superviseur de l&rsquo;exp\u00e9rience client ou \u00e0 notre agent du service client\u00e8le, qui se fera un plaisir de vous accompagner au salon lors de votre prochaine visite.<\/p>\n\n\n\n<hr class=\"wp-block-separator has-text-color has-orange-500-color has-alpha-channel-opacity has-orange-500-background-color has-background\"\/>\n\n\n\n<h2 class=\"wp-block-heading\">Animaux de compagnie<\/h2>\n\n\n\n<p>Vos animaux de compagnie sont les bienvenus \u00e0 l&rsquo;a\u00e9roport Perimeter Aviation.\nVous trouverez ci-dessous des directives visant \u00e0 garantir la s\u00e9curit\u00e9 et la sant\u00e9 de tous les voyageurs, visiteurs et employ\u00e9s de notre a\u00e9roport. <\/p>\n\n\n\n<div style=\"height:30px\" aria-hidden=\"true\" class=\"wp-block-spacer\"><\/div>\n\n\n\n<h3 class=\"wp-block-heading h4\">Lignes directrices<\/h3>\n\n\n\n<p>Les animaux sont autoris\u00e9s dans le terminal si<\/p>\n\n\n\n<ul class=\"wp-block-list\">\n<li>Il s&rsquo;agit d&rsquo;un animal d&rsquo;assistance pour un passager ou un visiteur de l&rsquo;a\u00e9roport.<\/li>\n\n\n\n<li>Il s&rsquo;agit d&rsquo;un animal domestique qui est tenu en laisse (conform\u00e9ment \u00e0 la description des <a href=\"https:\/\/perimeter.ca\/fr\/animaux-de-compagnie\/\" data-type=\"page\" data-id=\"862\">animaux de compagnie<\/a> ), plac\u00e9 dans un chenil ou une cage de transport, ou que vous portez dans vos bras.<\/li>\n\n\n\n<li>Il s&rsquo;agit d&rsquo;un chien d&rsquo;assistance utilis\u00e9 par les forces de l&rsquo;ordre, comme les douaniers ou les policiers.<\/li>\n<\/ul>\n\n\n\n<p>Les propri\u00e9taires sont responsables de tout dommage caus\u00e9 par leur animal.<\/p>\n\n\n\n<div style=\"height:30px\" aria-hidden=\"true\" class=\"wp-block-spacer\"><\/div>\n\n\n\n<h3 class=\"wp-block-heading\">Aide aux animaux<\/h3>\n\n\n\n<p>Veuillez vous assurer que tous les animaux sont sortis du terminal avant l&rsquo;enregistrement.\nLes propri\u00e9taires sont responsables du nettoyage de leur animal. <\/p>\n\n\n\n<div style=\"height:30px\" aria-hidden=\"true\" class=\"wp-block-spacer\"><\/div>\n\n\n\n<h3 class=\"wp-block-heading\">Animaux de compagnie dans la cabine<\/h3>\n\n\n\n<p>Pour en savoir plus sur les animaux de compagnie \u00e0 l&rsquo;ext\u00e9rieur du terminal et dans la cabine de vol, consultez la rubrique <a href=\"https:\/\/perimeter.ca\/fr\/animaux-de-compagnie\/\" data-type=\"page\" data-id=\"862\">Voyager avec un animal de compagnie<\/a>. Pour toutes les autres compagnies a\u00e9riennes, veuillez consulter leur site web pour conna\u00eetre les r\u00e8gles sp\u00e9cifiques \u00e0 chaque compagnie.<\/p>\n\n\n\n<hr class=\"wp-block-separator has-text-color has-orange-500-color has-alpha-channel-opacity has-orange-500-background-color has-background\"\/>\n\n\n\n<h2 class=\"wp-block-heading\">Tous les autres a\u00e9roports<\/h2>\n\n\n\n<p>Pour tous les autres a\u00e9roports, veuillez consulter leurs sites web respectifs pour en savoir plus sur les \u00e9quipements, la s\u00e9curit\u00e9 et les heures d&rsquo;ouverture.<\/p>\n\n\n<div class=\"wp-block-cards-icons icon-cards flex flex-wrap gap-5 w-full items-stretch my-section\">\n            <div class=\"relative flex flex-col flex-wrap flex-1 min-w-52 items-center mt-14\">\n            <div class=\"bg-gradient-to-b from-perimeterOrange to-bearskinOrange rounded-full absolute p-4 aspect-square flex items-center justify-center w-28 -top-14 *:!p-0 *:!m-0\">\n                            <h2 class=\"text-center text-white font-black text-4xl tracking-wide\">YYB<\/h2>\n                        <\/div>\n            <div class=\"bg-theme-6 pb-5 pt-20 px-4 prose-p:text-lg rounded-lg self-stretch w-full h-full\">\n                <p><a href=\"https:\/\/yyb.ca\/\">A\u00e9roport Jack Garland <\/a> (North Bay)<\/p>\n\n            <\/div>\n        <\/div>\n            <div class=\"relative flex flex-col flex-wrap flex-1 min-w-52 items-center mt-14\">\n            <div class=\"bg-gradient-to-b from-perimeterOrange to-bearskinOrange rounded-full absolute p-4 aspect-square flex items-center justify-center w-28 -top-14 *:!p-0 *:!m-0\">\n                            <h2 class=\"text-center text-white font-black text-4xl tracking-wide\">YSB<\/h2>\n                        <\/div>\n            <div class=\"bg-theme-6 pb-5 pt-20 px-4 prose-p:text-lg rounded-lg self-stretch w-full h-full\">\n                <p><a href=\"https:\/\/flysudbury.ca\/\">A\u00e9roport du Grand Sudbury<\/a><\/p>\n\n            <\/div>\n        <\/div>\n            <div class=\"relative flex flex-col flex-wrap flex-1 min-w-52 items-center mt-14\">\n            <div class=\"bg-gradient-to-b from-perimeterOrange to-bearskinOrange rounded-full absolute p-4 aspect-square flex items-center justify-center w-28 -top-14 *:!p-0 *:!m-0\">\n                            <h2 class=\"text-center text-white font-black text-4xl tracking-wide\">YRL<\/h2>\n                        <\/div>\n            <div class=\"bg-theme-6 pb-5 pt-20 px-4 prose-p:text-lg rounded-lg self-stretch w-full h-full\">\n                <p><a href=\"https:\/\/www.redlake.ca\/living-here\/airport\/#contact-mgmt\">A\u00e9roport de Red Lake<\/a><\/p>\n\n            <\/div>\n        <\/div>\n            <div class=\"relative flex flex-col flex-wrap flex-1 min-w-52 items-center mt-14\">\n            <div class=\"bg-gradient-to-b from-perimeterOrange to-bearskinOrange rounded-full absolute p-4 aspect-square flex items-center justify-center w-28 -top-14 *:!p-0 *:!m-0\">\n                            <h2 class=\"text-center text-white font-black text-4xl tracking-wide\">YAM<\/h2>\n                        <\/div>\n            <div class=\"bg-theme-6 pb-5 pt-20 px-4 prose-p:text-lg rounded-lg self-stretch w-full h-full\">\n                <p><a href=\"https:\/\/saultairport.com\/\"><g id=\"gid_0\">Soci\u00e9t\u00e9 de d\u00e9veloppement de l&rsquo;a\u00e9roport de Sault Ste. Marie<\/g><\/a><\/p>\n\n            <\/div>\n        <\/div>\n    <\/div>\n\n\n<div style=\"height:30px\" aria-hidden=\"true\" class=\"wp-block-spacer\"><\/div>\n\n\n<div class=\"wp-block-cards-icons icon-cards flex flex-wrap gap-5 w-full items-stretch my-section\">\n            <div class=\"relative flex flex-col flex-wrap flex-1 min-w-52 items-center mt-14\">\n            <div class=\"bg-gradient-to-b from-perimeterOrange to-bearskinOrange rounded-full absolute p-4 aspect-square flex items-center justify-center w-28 -top-14 *:!p-0 *:!m-0\">\n                            <h2 class=\"text-center text-white font-black text-4xl tracking-wide\">YXL<\/h2>\n                        <\/div>\n            <div class=\"bg-theme-6 pb-5 pt-20 px-4 prose-p:text-lg rounded-lg self-stretch w-full h-full\">\n                <p><a href=\"https:\/\/www.siouxlookoutairport.ca\/\">A\u00e9roport municipal de Sioux Lookout<\/a><\/p>\n\n            <\/div>\n        <\/div>\n            <div class=\"relative flex flex-col flex-wrap flex-1 min-w-52 items-center mt-14\">\n            <div class=\"bg-gradient-to-b from-perimeterOrange to-bearskinOrange rounded-full absolute p-4 aspect-square flex items-center justify-center w-28 -top-14 *:!p-0 *:!m-0\">\n                            <h2 class=\"text-center text-white font-black text-4xl tracking-wide\">YTH<\/h2>\n                        <\/div>\n            <div class=\"bg-theme-6 pb-5 pt-20 px-4 prose-p:text-lg rounded-lg self-stretch w-full h-full\">\n                <p><a href=\"https:\/\/thompsonairport.ca\/\">A\u00e9roport de Thompson<\/a><\/p>\n\n            <\/div>\n        <\/div>\n            <div class=\"relative flex flex-col flex-wrap flex-1 min-w-52 items-center mt-14\">\n            <div class=\"bg-gradient-to-b from-perimeterOrange to-bearskinOrange rounded-full absolute p-4 aspect-square flex items-center justify-center w-28 -top-14 *:!p-0 *:!m-0\">\n                            <h2 class=\"text-center text-white font-black text-4xl tracking-wide\">YQT<\/h2>\n                        <\/div>\n            <div class=\"bg-theme-6 pb-5 pt-20 px-4 prose-p:text-lg rounded-lg self-stretch w-full h-full\">\n                <p><a href=\"https:\/\/www.tbairport.on.ca\/\">A\u00e9roport de Thunder Bay<\/a><\/p>\n\n            <\/div>\n        <\/div>\n            <div class=\"relative flex flex-col flex-wrap flex-1 min-w-52 items-center mt-14\">\n            <div class=\"bg-gradient-to-b from-perimeterOrange to-bearskinOrange rounded-full absolute p-4 aspect-square flex items-center justify-center w-28 -top-14 *:!p-0 *:!m-0\">\n                            <h2 class=\"text-center text-white font-black text-4xl tracking-wide\">YWG<\/h2>\n                        <\/div>\n            <div class=\"bg-theme-6 pb-5 pt-20 px-4 prose-p:text-lg rounded-lg self-stretch w-full h-full\">\n                <p><a href=\"https:\/\/www.ywg.ca\/fr\/passagers\/\">A\u00e9roport international de Winnipeg Richardson<\/a><\/p>\n\n            <\/div>\n        <\/div>\n    <\/div>\n\n\n<div style=\"height:30px\" aria-hidden=\"true\" class=\"wp-block-spacer\"><\/div>\n\n\n\n<p>Les <a href=\"https:\/\/www.gov.mb.ca\/mti\/namo\/index.html\" data-type=\"page\" data-id=\"966\" target=\"_blank\" rel=\"noreferrer noopener\">a\u00e9roports de la NAMO<\/a> comprennent Brochet, Cross Lake, Deer Lake, God&rsquo;s Lake Narrows, God&rsquo;s River, Island Lake, Lac Brochet, North Bay, North Spirit Lake, Norway House, Oxford House, Pikangikum, Red Lake, Red Sucker Lake, Sachigo Lake, Sandy Lake, Shamattawa, Sioux Lookout, South Indian Lake, St. Theresa Point, Tadoule Lake et York Landing.<\/p>\n\n\n\n<div style=\"height:55px\" aria-hidden=\"true\" class=\"wp-block-spacer\"><\/div>\n","protected":false},"excerpt":{"rendered":"<p>Terminal d&rsquo;aviation p\u00e9riph\u00e9rique (WPG) Bienvenue \u00e0 votre porte d&rsquo;entr\u00e9e vers l&rsquo;aventure ! Notre a\u00e9roport Perimeter Aviation n&rsquo;est pas seulement une \u00e9tape sur votre chemin, il fait partie de votre exp\u00e9rience de voyage. D\u00e8s que vous franchissez nos portes, vous d\u00e9couvrez un centre d&rsquo;activit\u00e9s. Savourez une collation rapide ou un repas copieux chez Chicken Delight. Prenez &hellip;<\/p>\n","protected":false},"author":18,"featured_media":0,"parent":0,"menu_order":0,"comment_status":"closed","ping_status":"closed","template":"template-narrow.blade.php","meta":{"_acf_changed":true,"footnotes":""},"class_list":["post-1886","page","type-page","status-publish","hentry"],"acf":[],"_links":{"self":[{"href":"https:\/\/perimeter.ca\/fr\/wp-json\/wp\/v2\/pages\/1886","targetHints":{"allow":["GET"]}}],"collection":[{"href":"https:\/\/perimeter.ca\/fr\/wp-json\/wp\/v2\/pages"}],"about":[{"href":"https:\/\/perimeter.ca\/fr\/wp-json\/wp\/v2\/types\/page"}],"author":[{"embeddable":true,"href":"https:\/\/perimeter.ca\/fr\/wp-json\/wp\/v2\/users\/18"}],"replies":[{"embeddable":true,"href":"https:\/\/perimeter.ca\/fr\/wp-json\/wp\/v2\/comments?post=1886"}],"version-history":[{"count":0,"href":"https:\/\/perimeter.ca\/fr\/wp-json\/wp\/v2\/pages\/1886\/revisions"}],"wp:attachment":[{"href":"https:\/\/perimeter.ca\/fr\/wp-json\/wp\/v2\/media?parent=1886"}],"curies":[{"name":"wp","href":"https:\/\/api.w.org\/{rel}","templated":true}]}}