{"id":1888,"date":"2024-06-10T20:16:52","date_gmt":"2024-06-11T01:16:52","guid":{"rendered":"https:\/\/perimeter.ca\/demande-de-devis\/"},"modified":"2024-10-09T09:28:22","modified_gmt":"2024-10-09T14:28:22","slug":"demande-de-devis","status":"publish","type":"page","link":"https:\/\/perimeter.ca\/fr\/demande-de-devis\/","title":{"rendered":"Demande de devis"},"content":{"rendered":"<div\n  class=\"wp-block-section section bg-cover vdi-section-background\"\n  style=\"\"\n    \n>\n\n\n  \n  \n  \n      <div class=\"md:container content-wrapper py-section max-w-1080\">\n      \n\n<h2 class=\"wp-block-heading\">Am\u00e9liorez votre exp\u00e9rience<\/h2>\n\n\n\n<p>Notre \u00e9quipe de professionnels de l&rsquo;affr\u00e8tement est l\u00e0 pour vous fournir la meilleure solution possible pour vos besoins.<\/p>\n\n\n\n<p>D\u00e8s le moment o\u00f9 vous nous contactez, nous nous efforcerons de d\u00e9passer vos attentes.<\/p>\n\n\n\n<p>Pour en savoir plus sur nos offres ou pour demander un devis personnalis\u00e9, veuillez remplir le formulaire ci-dessous ou contacter Charter Connexions.<\/p>\n\n\n\n<p>P : <a href=\"tel:%201-888-831-8472\">1-888-831-8472<\/a> E : <a href=\"mailto:charters@charterconnexions.com\">charters@charterconnexions.com<\/a><\/p>\n\n\n    <\/div>\n  \n<\/div>\n\n\n<style>\n  .frameWrap {\n    min-height: 1370px !important;\n  }\n<\/style>\n\n<section class=\"frameWrap w-full mx-auto md:max-w-1080 overflow-hidden pb-12\">\n  <iframe\n    id=\"JotFormIFrame-242775349590973\"\n    title=\"Demande de devis pour un charter\"\n    allow=\"geolocation; microphone; camera; fullscreen\"\n    src=\"https:\/\/perimeteraviationlp.jotform.com\/242775349590973\"\n    style=\"width: 100%; max-width: 1080px; height: 1370px !important; border:none; overflow: hidden;\"\n    scrolling=\"no\"\n  >\n  <\/iframe>\n<\/section>\n\n<script src='https:\/\/perimeteraviationlp.jotform.com\/s\/umd\/latest\/for-form-embed-handler.js'><\/script>\n\n<script>\n  window.jotformEmbedHandler(\"iframe[id='JotFormIFrame-242775349590973']\", \"https:\/\/perimeteraviationlp.jotform.com\/\")\n<\/script>\n","protected":false},"excerpt":{"rendered":"","protected":false},"author":18,"featured_media":0,"parent":0,"menu_order":0,"comment_status":"closed","ping_status":"closed","template":"template-narrow.blade.php","meta":{"_acf_changed":true,"footnotes":""},"class_list":["post-1888","page","type-page","status-publish","hentry"],"acf":[],"_links":{"self":[{"href":"https:\/\/perimeter.ca\/fr\/wp-json\/wp\/v2\/pages\/1888","targetHints":{"allow":["GET"]}}],"collection":[{"href":"https:\/\/perimeter.ca\/fr\/wp-json\/wp\/v2\/pages"}],"about":[{"href":"https:\/\/perimeter.ca\/fr\/wp-json\/wp\/v2\/types\/page"}],"author":[{"embeddable":true,"href":"https:\/\/perimeter.ca\/fr\/wp-json\/wp\/v2\/users\/18"}],"replies":[{"embeddable":true,"href":"https:\/\/perimeter.ca\/fr\/wp-json\/wp\/v2\/comments?post=1888"}],"version-history":[{"count":0,"href":"https:\/\/perimeter.ca\/fr\/wp-json\/wp\/v2\/pages\/1888\/revisions"}],"wp:attachment":[{"href":"https:\/\/perimeter.ca\/fr\/wp-json\/wp\/v2\/media?parent=1888"}],"curies":[{"name":"wp","href":"https:\/\/api.w.org\/{rel}","templated":true}]}}