{"id":1890,"date":"2024-06-10T20:17:31","date_gmt":"2024-06-11T01:17:31","guid":{"rendered":"https:\/\/perimeter.ca\/services-daffretement\/"},"modified":"2024-10-09T15:22:08","modified_gmt":"2024-10-09T20:22:08","slug":"services-daffretement","status":"publish","type":"page","link":"https:\/\/perimeter.ca\/fr\/services-daffretement\/","title":{"rendered":"Services d&rsquo;affr\u00e8tement"},"content":{"rendered":"<section class=\" section--has-background bg-cover bg-no-repeat relative h-full container\">\n    <div class=\"md:max-w-1080 flex flex-col lg:flex-row items-center justify-start relative h-full w-full gap-8 md:gap-6 my-20 md:my-32\">\n        <img decoding=\"async\" src=\"https:\/\/perimeter.ca\/wp-content\/uploads\/2024\/07\/Air-Traffic@300x.png\" alt=\"\/\" class=\"object-cover my-0 items-center aspect-square !w-[80vw] md:!w-[65vw] lg:max-w-[33%] h-auto w-auto z-[90] rounded-full\" \/>\n        <div class=\"h-full relative flex flex-col text-left prose-p:my-2 lg:pl-section md:px-0 md:mt-12 md:mb-20 lg:ml-4\">\n            <div class='flex prose-h2:my-auto gap-4 prose-h2:text-WCAGorange'>\n                <h2 class='font-bold pb-6'>Des offres exceptionnelles<\/h2>\n            <\/div>\n            <p>Nous sommes heureux de vous pr\u00e9senter un monde de possibilit\u00e9s o\u00f9 votre voyage est une solution sur mesure. Chacun de nos services est m\u00e9ticuleusement con\u00e7u pour vous offrir confort, efficacit\u00e9 et personnalisation afin que votre exp\u00e9rience d\u00e9passe l&rsquo;ordinaire.<\/p>\n\n        <\/div>\n    <\/div>\n<\/section>\n\n<section class=\"bg-cover bg-no-repeat !bg-top full-width-section h-full !py-32\" style=\"background-image: url('https:\/\/perimeter.ca\/wp-content\/uploads\/2024\/07\/Frame-78.png');\">\n    <div class=\"container\">\n        <div class=\"max-w-1080\">\n                            <div class=\"grid grid-cols-1 md:grid-cols-2 gap-6\">\n                                            <div class=\"bg-white p-8 rounded-lg shadow-lg\">\n                            <h3 class=\"h4 !pt-0 !mt-0\">Groupe<\/h3>\n                            <p>Si vous avez un grand groupe ou plusieurs groupes qui doivent se rendre \u00e0 une destination \u00e0 un horaire qui n&rsquo;est pas desservi par les transporteurs a\u00e9riens commerciaux, notre gamme d&rsquo;avions est \u00e0 votre disposition pour vous emmener l\u00e0 o\u00f9 vous voulez aller.\r\nLes voyages de groupe comprennent les groupes scolaires, les voyages d&rsquo;entreprise, etc. <\/p>\n                        <\/div>\n                                            <div class=\"bg-white p-8 rounded-lg shadow-lg\">\n                            <h3 class=\"h4 !pt-0 !mt-0\">Rotation de l&#039;\u00e9quipage<\/h3>\n                            <p>Nous proposons des d\u00e9placements \u00e0 destination et en provenance de sites de travail \u00e9loign\u00e9s dans tout le Canada pour des industries telles que l&rsquo;exploitation mini\u00e8re, l&rsquo;\u00e9nergie, la sylviculture et la gestion des ressources.\r\nNotre gamme d&rsquo;avions permet de voyager des grands centres aux sites \u00e9loign\u00e9s, dans une vari\u00e9t\u00e9 de conditions m\u00e9t\u00e9orologiques et de pistes d&rsquo;atterrissage. <\/p>\n                        <\/div>\n                                            <div class=\"bg-white p-8 rounded-lg shadow-lg\">\n                            <h3 class=\"h4 !pt-0 !mt-0\">Entreprises<\/h3>\n                            <p>Le ciel est la limite de vos besoins en mati\u00e8re de voyages d&rsquo;affaires.\r\nNotre Merlin peut accueillir jusqu&rsquo;\u00e0 6 passagers et son int\u00e9rieur tout en cuir, ses toilettes priv\u00e9es et son centre de rafra\u00eechissement complet rehausseront tout simplement votre journ\u00e9e au bureau. <\/p>\n                        <\/div>\n                                            <div class=\"bg-white p-8 rounded-lg shadow-lg\">\n                            <h3 class=\"h4 !pt-0 !mt-0\">M\u00e9dical<\/h3>\n                            <p>Nous sommes fiers d&rsquo;\u00eatre un fournisseur de services d&rsquo;\u00e9vacuation m\u00e9dicale.\r\nGr\u00e2ce \u00e0 notre division Aeromed, nous proposons des d\u00e9placements et des soins en cours de route pour les patients bless\u00e9s ou malades, ainsi que des affr\u00e8tements de civi\u00e8res ou de mat\u00e9riel m\u00e9dical de base partout en Am\u00e9rique du Nord.\r\nNos avions sont sp\u00e9cialement \u00e9quip\u00e9s pour le transport de tous les corps.  <\/p>\n                        <\/div>\n                                            <div class=\"bg-white p-8 rounded-lg shadow-lg\">\n                            <h3 class=\"h4 !pt-0 !mt-0\">Cargo<\/h3>\n                            <p>Notre \u00e9quipe propose une grande vari\u00e9t\u00e9 de solutions pour le transport des marchandises.\r\nQu&rsquo;il s&rsquo;agisse de marchandises dangereuses, de mat\u00e9riaux de construction, d&rsquo;aides caritatives ou de produits alimentaires, nos services d&rsquo;affr\u00e8tement de fret sur mesure peuvent vous aider \u00e0 transporter vos envois rapidement et en toute s\u00e9curit\u00e9. <\/p>\n                        <\/div>\n                                            <div class=\"bg-white p-8 rounded-lg shadow-lg\">\n                            <h3 class=\"h4 !pt-0 !mt-0\">Le deuil<\/h3>\n                            <p>Le d\u00e9c\u00e8s d&rsquo;un \u00eatre cher peut \u00eatre p\u00e9nible, surtout s&rsquo;il n&rsquo;est pas dans sa derni\u00e8re demeure.\r\nNous offrons la plus grande attention et le plus grand soin \u00e0 travers nos services d&rsquo;affr\u00e8tement pour le transport de groupes et de la d\u00e9pouille du d\u00e9funt. <\/p>\n                        <\/div>\n                                    <\/div>\n                    <\/div>\n    <\/div>\n<\/section>\n\n\n\n<div style=\"height:55px\" aria-hidden=\"true\" class=\"wp-block-spacer\"><\/div>\n\n\n\n<h2 class=\"wp-block-heading\">Charter FAQs<\/h2>\n\n\n<div class=\"dropdown-accordion-block w-full mx-auto\">\n\t\t\t\t\t\t\t\t\n\t\t<details  class=\"group border-[#D3D3D3] border-t-2 last:border-b-2\" >\n\t\t\t<summary class=\"[&#038;::-webkit-details-marker]:hidden relative py-4 md:py-6 pr-8 text-lg md:text-xl font-medium text-WCAGorange list-none cursor-pointer transition-colors duration-300\">\n\t\t\t\tExiste-t-il un moyen de transport pour se rendre au terminal d&#039;affr\u00e8tement ?  \n\n\t\t\t\t<svg\n\t\t\t\t\taria-hidden=\"true\" \n\t\t\t\t\twidth=\"24\" \n\t\t\t\t\theight=\"18\" \n\t\t\t\t\tviewBox=\"0 0 24 18\" \n\t\t\t\t\tfill=\"none\" \n\t\t\t\t\txmlns=\"http:\/\/www.w3.org\/2000\/svg\"\n\t\t\t\t\tclass=\"absolute top-1\/2 right-0 transform -translate-y-1\/2 transition-transform max-md:max-w-4\"\n\t\t\t\t>\n\t\t\t\t\t<path d=\"M14.5305 18L12.3719 15.9752L18.2256 10.49L0 10.1926L0.054878 7.3327L18.0976 7.6244L12.128 2.02479L14.2805 0L24 9.11725L14.5305 18Z\" fill=\"#DD5729\"\/>\n\t\t\t\t<\/svg>\n\t\t\t\t\t\n\t\t\t<\/summary>\n\n\t\t\t<div id=\"block_b00720b000aa51345468d024576fb10f-0\" class=\"mt-4 content-wrapper prose-p:px-0\">\n\t\t\t\t<p><span style=\"font-weight: 400;\">Oui, les options de transport urbain vers notre terminal d&rsquo;affr\u00e8tement \u00e0 Winnipeg comprennent les services de taxi Duffy et Unicity, Uber et Winnipeg Transit. Le terminal est facilement accessible par le biais de divers services de transport. <\/span><\/p>\n\n\t\t\t<\/div>\n\t\t<\/details>\n\t\t\t\t\t\t\t\t\n\t\t<details  class=\"group border-[#D3D3D3] border-t-2 last:border-b-2\" >\n\t\t\t<summary class=\"[&#038;::-webkit-details-marker]:hidden relative py-4 md:py-6 pr-8 text-lg md:text-xl font-medium text-WCAGorange list-none cursor-pointer transition-colors duration-300\">\n\t\t\t\tD&#039;o\u00f9 partent les charters ?  \n\n\t\t\t\t<svg\n\t\t\t\t\taria-hidden=\"true\" \n\t\t\t\t\twidth=\"24\" \n\t\t\t\t\theight=\"18\" \n\t\t\t\t\tviewBox=\"0 0 24 18\" \n\t\t\t\t\tfill=\"none\" \n\t\t\t\t\txmlns=\"http:\/\/www.w3.org\/2000\/svg\"\n\t\t\t\t\tclass=\"absolute top-1\/2 right-0 transform -translate-y-1\/2 transition-transform max-md:max-w-4\"\n\t\t\t\t>\n\t\t\t\t\t<path d=\"M14.5305 18L12.3719 15.9752L18.2256 10.49L0 10.1926L0.054878 7.3327L18.0976 7.6244L12.128 2.02479L14.2805 0L24 9.11725L14.5305 18Z\" fill=\"#DD5729\"\/>\n\t\t\t\t<\/svg>\n\t\t\t\t\t\n\t\t\t<\/summary>\n\n\t\t\t<div id=\"block_b00720b000aa51345468d024576fb10f-1\" class=\"mt-4 content-wrapper prose-p:px-0\">\n\t\t\t\t<p><span style=\"font-weight: 400;\">Les vols charters partent de notre terminal situ\u00e9 au 50 Morberg Way. Pour vous faciliter la t\u00e2che, voici une <a href=\"https:\/\/perimeter.ca\/fr\/carte-de-litineraire\/\">carte<\/a> qui vous guidera jusqu&rsquo;au terminal. <\/span><\/p>\n\n\t\t\t<\/div>\n\t\t<\/details>\n\t\t\t\t\t\t\t\t\n\t\t<details  class=\"group border-[#D3D3D3] border-t-2 last:border-b-2\" >\n\t\t\t<summary class=\"[&#038;::-webkit-details-marker]:hidden relative py-4 md:py-6 pr-8 text-lg md:text-xl font-medium text-WCAGorange list-none cursor-pointer transition-colors duration-300\">\n\t\t\t\tDes places de parking sont-elles disponibles ?\n\n\t\t\t\t<svg\n\t\t\t\t\taria-hidden=\"true\" \n\t\t\t\t\twidth=\"24\" \n\t\t\t\t\theight=\"18\" \n\t\t\t\t\tviewBox=\"0 0 24 18\" \n\t\t\t\t\tfill=\"none\" \n\t\t\t\t\txmlns=\"http:\/\/www.w3.org\/2000\/svg\"\n\t\t\t\t\tclass=\"absolute top-1\/2 right-0 transform -translate-y-1\/2 transition-transform max-md:max-w-4\"\n\t\t\t\t>\n\t\t\t\t\t<path d=\"M14.5305 18L12.3719 15.9752L18.2256 10.49L0 10.1926L0.054878 7.3327L18.0976 7.6244L12.128 2.02479L14.2805 0L24 9.11725L14.5305 18Z\" fill=\"#DD5729\"\/>\n\t\t\t\t<\/svg>\n\t\t\t\t\t\n\t\t\t<\/summary>\n\n\t\t\t<div id=\"block_b00720b000aa51345468d024576fb10f-2\" class=\"mt-4 content-wrapper prose-p:px-0\">\n\t\t\t\t<p><span style=\"font-weight: 400;\">Certainement ! Nous mettons trois parkings gratuits \u00e0 la disposition de nos passagers. Pour votre information, voici une <a href=\"https:\/\/perimeter.ca\/fr\/transport\/\">carte<\/a> indiquant les zones de stationnement <\/span><\/p>\n\n\t\t\t<\/div>\n\t\t<\/details>\n\t\t\t\t\t\t\t\t\n\t\t<details  class=\"group border-[#D3D3D3] border-t-2 last:border-b-2\" >\n\t\t\t<summary class=\"[&#038;::-webkit-details-marker]:hidden relative py-4 md:py-6 pr-8 text-lg md:text-xl font-medium text-WCAGorange list-none cursor-pointer transition-colors duration-300\">\n\t\t\t\tQuelle est la diff\u00e9rence entre un vol charter et un vol r\u00e9gulier ?\n\n\t\t\t\t<svg\n\t\t\t\t\taria-hidden=\"true\" \n\t\t\t\t\twidth=\"24\" \n\t\t\t\t\theight=\"18\" \n\t\t\t\t\tviewBox=\"0 0 24 18\" \n\t\t\t\t\tfill=\"none\" \n\t\t\t\t\txmlns=\"http:\/\/www.w3.org\/2000\/svg\"\n\t\t\t\t\tclass=\"absolute top-1\/2 right-0 transform -translate-y-1\/2 transition-transform max-md:max-w-4\"\n\t\t\t\t>\n\t\t\t\t\t<path d=\"M14.5305 18L12.3719 15.9752L18.2256 10.49L0 10.1926L0.054878 7.3327L18.0976 7.6244L12.128 2.02479L14.2805 0L24 9.11725L14.5305 18Z\" fill=\"#DD5729\"\/>\n\t\t\t\t<\/svg>\n\t\t\t\t\t\n\t\t\t<\/summary>\n\n\t\t\t<div id=\"block_b00720b000aa51345468d024576fb10f-3\" class=\"mt-4 content-wrapper prose-p:px-0\">\n\t\t\t\t<p><span style=\"font-weight: 400;\">Un vol charter vous permet de voyager en priv\u00e9 et d&rsquo;acc\u00e9der \u00e0 toutes les capacit\u00e9s de nos avions, vers n&rsquo;importe quelle destination s\u00fbre. En revanche, les vols r\u00e9guliers ont des horaires fixes et un inventaire limit\u00e9 pour des destinations pr\u00e9d\u00e9termin\u00e9es. <\/span><\/p>\n\n\t\t\t<\/div>\n\t\t<\/details>\n\t\t\t\t\t\t\t\t\n\t\t<details  class=\"group border-[#D3D3D3] border-t-2 last:border-b-2\" >\n\t\t\t<summary class=\"[&#038;::-webkit-details-marker]:hidden relative py-4 md:py-6 pr-8 text-lg md:text-xl font-medium text-WCAGorange list-none cursor-pointer transition-colors duration-300\">\n\t\t\t\tCombien co\u00fbte un vol charter ?Qu&#039;est-ce qui est inclus dans le prix ?   \n\n\t\t\t\t<svg\n\t\t\t\t\taria-hidden=\"true\" \n\t\t\t\t\twidth=\"24\" \n\t\t\t\t\theight=\"18\" \n\t\t\t\t\tviewBox=\"0 0 24 18\" \n\t\t\t\t\tfill=\"none\" \n\t\t\t\t\txmlns=\"http:\/\/www.w3.org\/2000\/svg\"\n\t\t\t\t\tclass=\"absolute top-1\/2 right-0 transform -translate-y-1\/2 transition-transform max-md:max-w-4\"\n\t\t\t\t>\n\t\t\t\t\t<path d=\"M14.5305 18L12.3719 15.9752L18.2256 10.49L0 10.1926L0.054878 7.3327L18.0976 7.6244L12.128 2.02479L14.2805 0L24 9.11725L14.5305 18Z\" fill=\"#DD5729\"\/>\n\t\t\t\t<\/svg>\n\t\t\t\t\t\n\t\t\t<\/summary>\n\n\t\t\t<div id=\"block_b00720b000aa51345468d024576fb10f-4\" class=\"mt-4 content-wrapper prose-p:px-0\">\n\t\t\t\t<p><span style=\"font-weight: 400;\">Les co\u00fbts des vols charter varient en fonction de l&rsquo;appareil, de l&rsquo;origine et de la destination. Lorsque vous affr\u00e9tez un avion avec nous, vous b\u00e9n\u00e9ficiez de toutes les capacit\u00e9s de l&rsquo;appareil, y compris les commodit\u00e9s en vol et la capacit\u00e9 de chargement. Contactez-nous pour conna\u00eetre nos tarifs ! <\/span><\/p>\n\n\t\t\t<\/div>\n\t\t<\/details>\n\t\t\t\t\t\t\t\t\n\t\t<details  class=\"group border-[#D3D3D3] border-t-2 last:border-b-2\" >\n\t\t\t<summary class=\"[&#038;::-webkit-details-marker]:hidden relative py-4 md:py-6 pr-8 text-lg md:text-xl font-medium text-WCAGorange list-none cursor-pointer transition-colors duration-300\">\n\t\t\t\tQuelles sont vos destinations ?  \n\n\t\t\t\t<svg\n\t\t\t\t\taria-hidden=\"true\" \n\t\t\t\t\twidth=\"24\" \n\t\t\t\t\theight=\"18\" \n\t\t\t\t\tviewBox=\"0 0 24 18\" \n\t\t\t\t\tfill=\"none\" \n\t\t\t\t\txmlns=\"http:\/\/www.w3.org\/2000\/svg\"\n\t\t\t\t\tclass=\"absolute top-1\/2 right-0 transform -translate-y-1\/2 transition-transform max-md:max-w-4\"\n\t\t\t\t>\n\t\t\t\t\t<path d=\"M14.5305 18L12.3719 15.9752L18.2256 10.49L0 10.1926L0.054878 7.3327L18.0976 7.6244L12.128 2.02479L14.2805 0L24 9.11725L14.5305 18Z\" fill=\"#DD5729\"\/>\n\t\t\t\t<\/svg>\n\t\t\t\t\t\n\t\t\t<\/summary>\n\n\t\t\t<div id=\"block_b00720b000aa51345468d024576fb10f-5\" class=\"mt-4 content-wrapper prose-p:px-0\">\n\t\t\t\t<p><span style=\"font-weight: 400;\">Nous proposons des services d&rsquo;affr\u00e8tement dans toute l&rsquo;Am\u00e9rique du Nord, \u00e0 condition que la piste d&rsquo;atterrissage r\u00e9ponde \u00e0 nos exigences minimales.<\/span><\/p>\n\n\t\t\t<\/div>\n\t\t<\/details>\n\t\t\t\t\t\t\t\t\n\t\t<details  class=\"group border-[#D3D3D3] border-t-2 last:border-b-2\" >\n\t\t\t<summary class=\"[&#038;::-webkit-details-marker]:hidden relative py-4 md:py-6 pr-8 text-lg md:text-xl font-medium text-WCAGorange list-none cursor-pointer transition-colors duration-300\">\n\t\t\t\tY aura-t-il d&#039;autres marchandises \u00e0 bord ?  \n\n\t\t\t\t<svg\n\t\t\t\t\taria-hidden=\"true\" \n\t\t\t\t\twidth=\"24\" \n\t\t\t\t\theight=\"18\" \n\t\t\t\t\tviewBox=\"0 0 24 18\" \n\t\t\t\t\tfill=\"none\" \n\t\t\t\t\txmlns=\"http:\/\/www.w3.org\/2000\/svg\"\n\t\t\t\t\tclass=\"absolute top-1\/2 right-0 transform -translate-y-1\/2 transition-transform max-md:max-w-4\"\n\t\t\t\t>\n\t\t\t\t\t<path d=\"M14.5305 18L12.3719 15.9752L18.2256 10.49L0 10.1926L0.054878 7.3327L18.0976 7.6244L12.128 2.02479L14.2805 0L24 9.11725L14.5305 18Z\" fill=\"#DD5729\"\/>\n\t\t\t\t<\/svg>\n\t\t\t\t\t\n\t\t\t<\/summary>\n\n\t\t\t<div id=\"block_b00720b000aa51345468d024576fb10f-6\" class=\"mt-4 content-wrapper prose-p:px-0\">\n\t\t\t\t<p><span style=\"font-weight: 400;\">Non, lorsque vous affr\u00e9tez avec nous, l&rsquo;ensemble de l&rsquo;avion et sa capacit\u00e9 sont d\u00e9di\u00e9s \u00e0 vos besoins, \u00e0 l&rsquo;exclusion de toute autre cargaison.<\/span><\/p>\n\n\t\t\t<\/div>\n\t\t<\/details>\n\t\t\t\t\t\t\t\t\n\t\t<details  class=\"group border-[#D3D3D3] border-t-2 last:border-b-2\" >\n\t\t\t<summary class=\"[&#038;::-webkit-details-marker]:hidden relative py-4 md:py-6 pr-8 text-lg md:text-xl font-medium text-WCAGorange list-none cursor-pointer transition-colors duration-300\">\n\t\t\t\tEst-il possible de d\u00e9placer des animaux vivants dans le cadre d&#039;un charter ?  \n\n\t\t\t\t<svg\n\t\t\t\t\taria-hidden=\"true\" \n\t\t\t\t\twidth=\"24\" \n\t\t\t\t\theight=\"18\" \n\t\t\t\t\tviewBox=\"0 0 24 18\" \n\t\t\t\t\tfill=\"none\" \n\t\t\t\t\txmlns=\"http:\/\/www.w3.org\/2000\/svg\"\n\t\t\t\t\tclass=\"absolute top-1\/2 right-0 transform -translate-y-1\/2 transition-transform max-md:max-w-4\"\n\t\t\t\t>\n\t\t\t\t\t<path d=\"M14.5305 18L12.3719 15.9752L18.2256 10.49L0 10.1926L0.054878 7.3327L18.0976 7.6244L12.128 2.02479L14.2805 0L24 9.11725L14.5305 18Z\" fill=\"#DD5729\"\/>\n\t\t\t\t<\/svg>\n\t\t\t\t\t\n\t\t\t<\/summary>\n\n\t\t\t<div id=\"block_b00720b000aa51345468d024576fb10f-7\" class=\"mt-4 content-wrapper prose-p:px-0\">\n\t\t\t\t<p><span style=\"font-weight: 400;\">Oui, des dispositions pour le transport d&rsquo;animaux vivants peuvent \u00eatre prises par notre \u00e9quipe Charter Connexions avant le d\u00e9part.<\/span><\/p>\n\n\t\t\t<\/div>\n\t\t<\/details>\n\t\t\t\t\t\t\t\t\n\t\t<details  class=\"group border-[#D3D3D3] border-t-2 last:border-b-2\" >\n\t\t\t<summary class=\"[&#038;::-webkit-details-marker]:hidden relative py-4 md:py-6 pr-8 text-lg md:text-xl font-medium text-WCAGorange list-none cursor-pointer transition-colors duration-300\">\n\t\t\t\tPouvez-vous nous aider dans le domaine du camionnage et d&#039;autres transports ?  \n\n\t\t\t\t<svg\n\t\t\t\t\taria-hidden=\"true\" \n\t\t\t\t\twidth=\"24\" \n\t\t\t\t\theight=\"18\" \n\t\t\t\t\tviewBox=\"0 0 24 18\" \n\t\t\t\t\tfill=\"none\" \n\t\t\t\t\txmlns=\"http:\/\/www.w3.org\/2000\/svg\"\n\t\t\t\t\tclass=\"absolute top-1\/2 right-0 transform -translate-y-1\/2 transition-transform max-md:max-w-4\"\n\t\t\t\t>\n\t\t\t\t\t<path d=\"M14.5305 18L12.3719 15.9752L18.2256 10.49L0 10.1926L0.054878 7.3327L18.0976 7.6244L12.128 2.02479L14.2805 0L24 9.11725L14.5305 18Z\" fill=\"#DD5729\"\/>\n\t\t\t\t<\/svg>\n\t\t\t\t\t\n\t\t\t<\/summary>\n\n\t\t\t<div id=\"block_b00720b000aa51345468d024576fb10f-8\" class=\"mt-4 content-wrapper prose-p:px-0\">\n\t\t\t\t<p><span style=\"font-weight: 400;\">Absolument ! Nous collaborons avec de grandes entreprises de camionnage comme Gardewine et Manitoulin pour offrir \u00e0 nos clients des solutions de transport de bout en bout. <\/span><\/p>\n\n\t\t\t<\/div>\n\t\t<\/details>\n\t\t\t\t\t\t\t\t\n\t\t<details  class=\"group border-[#D3D3D3] border-t-2 last:border-b-2\" >\n\t\t\t<summary class=\"[&#038;::-webkit-details-marker]:hidden relative py-4 md:py-6 pr-8 text-lg md:text-xl font-medium text-WCAGorange list-none cursor-pointer transition-colors duration-300\">\n\t\t\t\tY a-t-il une limite \u00e0 ce que vous pouvez voler ?  \n\n\t\t\t\t<svg\n\t\t\t\t\taria-hidden=\"true\" \n\t\t\t\t\twidth=\"24\" \n\t\t\t\t\theight=\"18\" \n\t\t\t\t\tviewBox=\"0 0 24 18\" \n\t\t\t\t\tfill=\"none\" \n\t\t\t\t\txmlns=\"http:\/\/www.w3.org\/2000\/svg\"\n\t\t\t\t\tclass=\"absolute top-1\/2 right-0 transform -translate-y-1\/2 transition-transform max-md:max-w-4\"\n\t\t\t\t>\n\t\t\t\t\t<path d=\"M14.5305 18L12.3719 15.9752L18.2256 10.49L0 10.1926L0.054878 7.3327L18.0976 7.6244L12.128 2.02479L14.2805 0L24 9.11725L14.5305 18Z\" fill=\"#DD5729\"\/>\n\t\t\t\t<\/svg>\n\t\t\t\t\t\n\t\t\t<\/summary>\n\n\t\t\t<div id=\"block_b00720b000aa51345468d024576fb10f-9\" class=\"mt-4 content-wrapper prose-p:px-0\">\n\t\t\t\t<p><span style=\"font-weight: 400;\">Nous ne pouvons pas op\u00e9rer \u00e0 l&rsquo;\u00e9tranger et nos avions ne peuvent pas atterrir sur des pistes d&rsquo;atterrissage de moins de 3 000 pieds de long et 50 pieds de large.<\/span><\/p>\n\n\t\t\t<\/div>\n\t\t<\/details>\n\t\t\t\t\t\t\t\t\n\t\t<details  class=\"group border-[#D3D3D3] border-t-2 last:border-b-2\" >\n\t\t\t<summary class=\"[&#038;::-webkit-details-marker]:hidden relative py-4 md:py-6 pr-8 text-lg md:text-xl font-medium text-WCAGorange list-none cursor-pointer transition-colors duration-300\">\n\t\t\t\tY a-t-il un poids minimum ou maximum ?  \n\n\t\t\t\t<svg\n\t\t\t\t\taria-hidden=\"true\" \n\t\t\t\t\twidth=\"24\" \n\t\t\t\t\theight=\"18\" \n\t\t\t\t\tviewBox=\"0 0 24 18\" \n\t\t\t\t\tfill=\"none\" \n\t\t\t\t\txmlns=\"http:\/\/www.w3.org\/2000\/svg\"\n\t\t\t\t\tclass=\"absolute top-1\/2 right-0 transform -translate-y-1\/2 transition-transform max-md:max-w-4\"\n\t\t\t\t>\n\t\t\t\t\t<path d=\"M14.5305 18L12.3719 15.9752L18.2256 10.49L0 10.1926L0.054878 7.3327L18.0976 7.6244L12.128 2.02479L14.2805 0L24 9.11725L14.5305 18Z\" fill=\"#DD5729\"\/>\n\t\t\t\t<\/svg>\n\t\t\t\t\t\n\t\t\t<\/summary>\n\n\t\t\t<div id=\"block_b00720b000aa51345468d024576fb10f-10\" class=\"mt-4 content-wrapper prose-p:px-0\">\n\t\t\t\t<p><span style=\"font-weight: 400;\">Il n&rsquo;y a pas de poids minimum requis. Cependant, les poids maximums varient en fonction de l&rsquo;avion affr\u00e9t\u00e9. <\/span><\/p>\n\n\t\t\t<\/div>\n\t\t<\/details>\n\t\t<\/div>\n\n\n\n<div style=\"height:55px\" aria-hidden=\"true\" class=\"wp-block-spacer\"><\/div>\n\n\n<div class=\"charters-form full-width-section py-12\"\n     style=\"background-image: url('https:\/\/perimeter.ca\/wp-content\/uploads\/2024\/08\/elevate-your-experience-bg.jpg'); background-size: cover; background-position: center;\">\n    <div class=\"container mx-auto bg-opacity-90 p-8 rounded-lg\">\n        <div class=\"md:max-w-1080\">\n                            <h2 class=\"h2\">Am\u00e9liorez votre exp\u00e9rience<\/h2>\n            \n                            <div class=\"mt-4 text-lg text-gray-700\">\n                    <p>Notre \u00e9quipe de professionnels de l\u2019affr\u00e8tement est l\u00e0 pour vous fournir la meilleure solution possible pour vos besoins.<br \/>\nD\u00e8s le moment o\u00f9 vous nous contactez, nous nous efforcerons de d\u00e9passer vos attentes.<\/p>\n<p><strong>Pour en savoir plus sur nos offres ou pour demander un devis personnalis\u00e9, veuillez remplir le formulaire ci-dessous ou contacter Charter Connexions.<\/strong><\/p>\n\n                <\/div>\n            \n            <div class=\"mt-6 flex flex-col md:flex-row prose-strong:!text-WCAGorange prose-a:!text-primary prose-p:my-2 md:gap-12\">\n                                    <p class=\"text-lg flex gap-4\">\n                        <strong>P: <\/strong>\n                        <a href=\"tel:1-888-831-8472\" class=\"break-all\">1-888-831-8472<\/a>\n                    <\/p>\n                \n                                    <p class=\"text-lg !text-WCAGorange flex gap-4\">\n                        <strong>E: <\/strong>\n                        <a href=\"mailto:charters@charterconnexions.com\" class=\"break-all\">charters@charterconnexions.com<\/a>\n                    <\/p>\n                            <\/div>\n        <\/div>\n    <\/div>\n\n    <\/div>\n\n<script>\n    window.addEventListener('DOMContentLoaded', function() {\n        const iframe = document.getElementById('FormIFrame');\n        const frameWrap = document.querySelector('.frameWrap');\n\n        function resizeIframe() {\n            iframe.style.height = `${frameWrap.offsetHeight}px`;\n        }\n        window.addEventListener('resize', resizeIframe);\n        resizeIframe();\n    });\n<\/script>\n\n\n<style>\n  .frameWrap {\n    min-height: 1370px !important;\n  }\n<\/style>\n\n<section class=\"frameWrap w-full mx-auto md:max-w-1080 overflow-hidden pb-12\">\n  <iframe\n    id=\"JotFormIFrame-242775349590973 \"\n    title=\"Demande de devis pour un charter\"\n    allow=\"geolocation; microphone; camera; fullscreen\"\n    src=\"https:\/\/perimeteraviationlp.jotform.com\/242775349590973 \"\n    style=\"width: 100%; max-width: 1080px; height: 1370px !important; border:none; overflow: hidden;\"\n    scrolling=\"no\"\n  >\n  <\/iframe>\n<\/section>\n\n<script src='https:\/\/perimeteraviationlp.jotform.com\/s\/umd\/latest\/for-form-embed-handler.js'><\/script>\n\n<script>\n  window.jotformEmbedHandler(\"iframe[id='JotFormIFrame-242775349590973 ']\", \"https:\/\/perimeteraviationlp.jotform.com\/\")\n<\/script>\n","protected":false},"excerpt":{"rendered":"<p>Charter FAQs<\/p>\n","protected":false},"author":18,"featured_media":0,"parent":0,"menu_order":0,"comment_status":"closed","ping_status":"closed","template":"template-narrow.blade.php","meta":{"_acf_changed":true,"footnotes":""},"class_list":["post-1890","page","type-page","status-publish","hentry"],"acf":[],"_links":{"self":[{"href":"https:\/\/perimeter.ca\/fr\/wp-json\/wp\/v2\/pages\/1890","targetHints":{"allow":["GET"]}}],"collection":[{"href":"https:\/\/perimeter.ca\/fr\/wp-json\/wp\/v2\/pages"}],"about":[{"href":"https:\/\/perimeter.ca\/fr\/wp-json\/wp\/v2\/types\/page"}],"author":[{"embeddable":true,"href":"https:\/\/perimeter.ca\/fr\/wp-json\/wp\/v2\/users\/18"}],"replies":[{"embeddable":true,"href":"https:\/\/perimeter.ca\/fr\/wp-json\/wp\/v2\/comments?post=1890"}],"version-history":[{"count":0,"href":"https:\/\/perimeter.ca\/fr\/wp-json\/wp\/v2\/pages\/1890\/revisions"}],"wp:attachment":[{"href":"https:\/\/perimeter.ca\/fr\/wp-json\/wp\/v2\/media?parent=1890"}],"curies":[{"name":"wp","href":"https:\/\/api.w.org\/{rel}","templated":true}]}}