{"id":1892,"date":"2024-06-10T20:18:12","date_gmt":"2024-06-11T01:18:12","guid":{"rendered":"https:\/\/perimeter.ca\/avantages-de-la-charte\/"},"modified":"2024-10-09T15:51:02","modified_gmt":"2024-10-09T20:51:02","slug":"avantages-de-la-charte","status":"publish","type":"page","link":"https:\/\/perimeter.ca\/fr\/avantages-de-la-charte\/","title":{"rendered":"Avantages de la Charte"},"content":{"rendered":"<section class=\"reset items-center min-h-[800px] !max-h-min py-section h-full full-width-section bg-cover bg-no-repeat relative !-mt-section overflow-hidden\" style=\"background-image: url('https:\/\/perimeter.ca\/wp-content\/uploads\/2024\/08\/charter-benefits.jpg')\">\n    <div class=\"relative flex flex-col md:flex-row h-full justify-between container px-section pt-section z-[2]\">\n        <div class=\"relative mx-0 pt-12 md:pt-32 lg:max-w-[55%] flex flex-col gap-2\">\n            <h2 class=\"my-0 !text-WCAGorange\">Voler avec nous<\/h2>\n            <div><p>Bienvenue dans l&rsquo;exp\u00e9rience de l&rsquo;affr\u00e8tement.<\/p>\n<p>Vos besoins sont notre priorit\u00e9 absolue, ce qui signifie que nous vous proposons des options qui r\u00e9pondent \u00e0 vos exigences, qu&rsquo;elles soient budg\u00e9taires, logistiques ou li\u00e9es \u00e0 l&rsquo;exp\u00e9rience.<\/p>\n<p>Nous nous occupons de tout, de sorte que vous n&rsquo;ayez plus qu&rsquo;\u00e0 vous pr\u00e9occuper de votre prochaine destination.<\/p>\n<\/div>\n        <\/div>\n    <\/div>\n\n    <div class=\"relative flex flex-col justify-between mx-auto pb-section max-w-content z-[2]\">\n        <div class=\"grid grid-cols-1 md:grid-cols-2 xl:grid-cols-4 gap-8 justify-between my-8 h-fit\">\n                            <div class=\"flex flex-col mb-2 w-full items-center h-auto\">\n                    <img decoding=\"async\" src=\"https:\/\/perimeter.ca\/wp-content\/uploads\/2024\/07\/Flexibility.png\" alt=\"\/\" class=\"my-0 !-mb-12 w-28 h-28 md:w-40 md:h-40 z-[40]\" \/>\n                    <div class='bg-white px-6 py-12 rounded-lg h-full shadow-md'>\n                        <h3 class=\"!text-3xl font-normal mt-4 mb-4 !ml-0 !text-WCAGorange\">Flexibilit\u00e9<\/h3>\n                        <p>\u00c9chappez aux limites du voyage traditionnel et profitez de la libert\u00e9 de cr\u00e9er votre propre itin\u00e9raire.\r\nQu&#039;il s&#039;agisse d&#039;une r\u00e9union d&#039;affaires de derni\u00e8re minute, d&#039;une urgence familiale ou d&#039;un projet n\u00e9cessitant l&#039;attention d&#039;une \u00e9quipe plus importante, le pouvoir de d\u00e9cider de votre emploi du temps est entre vos mains. <\/p>\n                    <\/div>\n                <\/div>\n                            <div class=\"flex flex-col mb-2 w-full items-center h-auto\">\n                    <img decoding=\"async\" src=\"https:\/\/perimeter.ca\/wp-content\/uploads\/2024\/07\/Destinations.png\" alt=\"\/\" class=\"my-0 !-mb-12 w-28 h-28 md:w-40 md:h-40 z-[40]\" \/>\n                    <div class='bg-white px-6 py-12 rounded-lg h-full shadow-md'>\n                        <h3 class=\"!text-3xl font-normal mt-4 mb-4 !ml-0 !text-WCAGorange\">Plus de destinations<\/h3>\n                        <p>Avec un avion priv\u00e9 \u00e0 votre disposition, le Manitoba, l&#039;Ontario et au-del\u00e0 deviennent votre terrain de jeu.\r\nR\u00e9unissez votre \u00e9quipe dans un endroit \u00e9loign\u00e9 ou acc\u00e9dez \u00e0 des r\u00e9gions que les vols commerciaux ne peuvent atteindre.\r\nLaissez libre cours \u00e0 votre cr\u00e9ativit\u00e9 et d\u00e9couvrez des destinations hors des sentiers battus.  <\/p>\n                    <\/div>\n                <\/div>\n                            <div class=\"flex flex-col mb-2 w-full items-center h-auto\">\n                    <img decoding=\"async\" src=\"https:\/\/perimeter.ca\/wp-content\/uploads\/2024\/07\/Safety.png\" alt=\"\/\" class=\"my-0 !-mb-12 w-28 h-28 md:w-40 md:h-40 z-[40]\" \/>\n                    <div class='bg-white px-6 py-12 rounded-lg h-full shadow-md'>\n                        <h3 class=\"!text-3xl font-normal mt-4 mb-4 !ml-0 !text-WCAGorange\">S\u00e9curit\u00e9<\/h3>\n                        <p>Votre tranquillit\u00e9 d&#039;esprit est aussi importante pour nous que votre exp\u00e9rience de voyage.\r\nSoyez assur\u00e9 que notre \u00e9quipe vous guidera tout au long de votre exp\u00e9rience de vol, en prenant soin d&#039;aborder les protocoles de s\u00e9curit\u00e9 et les consid\u00e9rations qui s&#039;y rapportent.\r\nProfitez d&#039;un voyage o\u00f9 la s\u00e9curit\u00e9 et la satisfaction convergent parfaitement.  <\/p>\n                    <\/div>\n                <\/div>\n                            <div class=\"flex flex-col mb-2 w-full items-center h-auto\">\n                    <img decoding=\"async\" src=\"https:\/\/perimeter.ca\/wp-content\/uploads\/2024\/07\/Privacy.png\" alt=\"\/\" class=\"my-0 !-mb-12 w-28 h-28 md:w-40 md:h-40 z-[40]\" \/>\n                    <div class='bg-white px-6 py-12 rounded-lg h-full shadow-md'>\n                        <h3 class=\"!text-3xl font-normal mt-4 mb-4 !ml-0 !text-WCAGorange\">Vie priv\u00e9e<\/h3>\n                        <p>Faites votre charter en toute confiance en sachant que nous attachons de l&#039;importance \u00e0 la protection de votre vie priv\u00e9e et \u00e0 la confidentialit\u00e9 de vos donn\u00e9es.\r\nOrganisez des r\u00e9unions d\u00e9licates, r\u00e9unissez des proches pour c\u00e9l\u00e9brer la vie, ou partagez simplement un objectif commun pour le bien de tous.\r\nVotre vol est personnalis\u00e9 et, surtout, priv\u00e9.  <\/p>\n                    <\/div>\n                <\/div>\n                    <\/div>\n\n            <\/div>\n<\/section>\n\n\n\n\n<div class=\"charters-form full-width-section py-12\"\n     style=\"background-image: url('https:\/\/perimeter.ca\/wp-content\/uploads\/2024\/08\/elevate-your-experience-bg.jpg'); background-size: cover; background-position: center;\">\n    <div class=\"container mx-auto bg-opacity-90 p-8 rounded-lg\">\n        <div class=\"md:max-w-1080\">\n                            <h2 class=\"h2\">Am\u00e9liorez votre exp\u00e9rience<\/h2>\n            \n                            <div class=\"mt-4 text-lg text-gray-700\">\n                    <p>Notre \u00e9quipe de professionnels de l\u2019affr\u00e8tement est l\u00e0 pour vous fournir la meilleure solution possible pour vos besoins.<br \/>\nD\u00e8s le moment o\u00f9 vous nous contactez, nous nous efforcerons de d\u00e9passer vos attentes.<\/p>\n<p><strong>Pour en savoir plus sur nos offres ou pour demander un devis personnalis\u00e9, veuillez remplir le formulaire ci-dessous ou contacter Charter Connexions.<\/strong><\/p>\n\n                <\/div>\n            \n            <div class=\"mt-6 flex flex-col md:flex-row prose-strong:!text-WCAGorange prose-a:!text-primary prose-p:my-2 md:gap-12\">\n                                    <p class=\"text-lg flex gap-4\">\n                        <strong>P: <\/strong>\n                        <a href=\"tel:1-888-831-8472\" class=\"break-all\">1-888-831-8472<\/a>\n                    <\/p>\n                \n                                    <p class=\"text-lg !text-WCAGorange flex gap-4\">\n                        <strong>E: <\/strong>\n                        <a href=\"mailto:charters@charterconnexions.com\" class=\"break-all\">charters@charterconnexions.com<\/a>\n                    <\/p>\n                            <\/div>\n        <\/div>\n    <\/div>\n\n    <\/div>\n\n<script>\n    window.addEventListener('DOMContentLoaded', function() {\n        const iframe = document.getElementById('FormIFrame');\n        const frameWrap = document.querySelector('.frameWrap');\n\n        function resizeIframe() {\n            iframe.style.height = `${frameWrap.offsetHeight}px`;\n        }\n        window.addEventListener('resize', resizeIframe);\n        resizeIframe();\n    });\n<\/script>\n\n\n<style>\n  .frameWrap {\n    min-height: 1370px !important;\n  }\n<\/style>\n\n<section class=\"frameWrap w-full mx-auto md:max-w-1080 overflow-hidden pb-12\">\n  <iframe\n    id=\"JotFormIFrame-242775349590973\"\n    title=\"Demande de devis pour un charter\"\n    allow=\"geolocation; microphone; camera; fullscreen\"\n    src=\"https:\/\/perimeteraviationlp.jotform.com\/242775349590973\"\n    style=\"width: 100%; max-width: 1080px; height: 1370px !important; border:none; overflow: hidden;\"\n    scrolling=\"no\"\n  >\n  <\/iframe>\n<\/section>\n\n<script src='https:\/\/perimeteraviationlp.jotform.com\/s\/umd\/latest\/for-form-embed-handler.js'><\/script>\n\n<script>\n  window.jotformEmbedHandler(\"iframe[id='JotFormIFrame-242775349590973']\", \"https:\/\/perimeteraviationlp.jotform.com\/\")\n<\/script>\n","protected":false},"excerpt":{"rendered":"","protected":false},"author":18,"featured_media":0,"parent":0,"menu_order":0,"comment_status":"closed","ping_status":"closed","template":"","meta":{"_acf_changed":true,"footnotes":""},"class_list":["post-1892","page","type-page","status-publish","hentry"],"acf":[],"_links":{"self":[{"href":"https:\/\/perimeter.ca\/fr\/wp-json\/wp\/v2\/pages\/1892","targetHints":{"allow":["GET"]}}],"collection":[{"href":"https:\/\/perimeter.ca\/fr\/wp-json\/wp\/v2\/pages"}],"about":[{"href":"https:\/\/perimeter.ca\/fr\/wp-json\/wp\/v2\/types\/page"}],"author":[{"embeddable":true,"href":"https:\/\/perimeter.ca\/fr\/wp-json\/wp\/v2\/users\/18"}],"replies":[{"embeddable":true,"href":"https:\/\/perimeter.ca\/fr\/wp-json\/wp\/v2\/comments?post=1892"}],"version-history":[{"count":0,"href":"https:\/\/perimeter.ca\/fr\/wp-json\/wp\/v2\/pages\/1892\/revisions"}],"wp:attachment":[{"href":"https:\/\/perimeter.ca\/fr\/wp-json\/wp\/v2\/media?parent=1892"}],"curies":[{"name":"wp","href":"https:\/\/api.w.org\/{rel}","templated":true}]}}