{"id":1896,"date":"2024-06-18T20:26:07","date_gmt":"2024-06-19T01:26:07","guid":{"rendered":"https:\/\/perimeter.ca\/options-dexpedition\/"},"modified":"2024-09-25T11:34:43","modified_gmt":"2024-09-25T16:34:43","slug":"options-dexpedition","status":"publish","type":"page","link":"https:\/\/perimeter.ca\/fr\/options-dexpedition\/","title":{"rendered":"Options d&rsquo;exp\u00e9dition"},"content":{"rendered":"\n<div style=\"height:55px\" aria-hidden=\"true\" class=\"wp-block-spacer\"><\/div>\n\n\n\n<h2 class=\"wp-block-heading\">Nos options de service<\/h2>\n\n\n\n<p>Bienvenue \u00e0 Perimeter Cargo. Nous sommes d\u00e9termin\u00e9s \u00e0 offrir une exp\u00e9rience de fret sans faille dans notre r\u00e9seau du Manitoba et de l&rsquo;Ontario. Qu&rsquo;il s&rsquo;agisse de produits alimentaires, de petits colis, de m\u00e9dicaments essentiels ou d&rsquo;\u00e9quipements, notre mission est d&rsquo;assurer la livraison de vos marchandises en toute s\u00e9curit\u00e9 et dans les d\u00e9lais impartis. Nous disposons d&rsquo;une vari\u00e9t\u00e9 d&rsquo;options pour r\u00e9pondre \u00e0 vos besoins en mati\u00e8re d&rsquo;exp\u00e9dition de marchandises.<\/p>\n\n\n\n<p>Il est important de noter que, bien que nous fassions de notre mieux pour respecter tous les accords de niveau de service, toutes les options sont bas\u00e9es sur le poids de l&rsquo;avion et la disponibilit\u00e9 de l&rsquo;espace, y compris Rush.\nLa r\u00e9ception du paiement est requise pour tous les niveaux de service au moment de la d\u00e9pose. <\/p>\n\n\n\n<div class=\"wp-block-columns is-layout-flex wp-container-core-columns-is-layout-9d6595d7 wp-block-columns-is-layout-flex\">\n<div class=\"wp-block-column is-layout-flow wp-block-column-is-layout-flow\">\n<figure class=\"wp-block-image size-large is-style-rounded\"><img loading=\"lazy\" decoding=\"async\" width=\"1024\" height=\"683\" src=\"https:\/\/perimeter.ca\/wp-content\/uploads\/2024\/09\/0H9A7430-1024x683.jpg\" alt=\"\" class=\"wp-image-3448\" style=\"aspect-ratio:1;object-fit:cover\" srcset=\"https:\/\/perimeter.ca\/wp-content\/uploads\/2024\/09\/0H9A7430-1024x683.jpg 1024w, https:\/\/perimeter.ca\/wp-content\/uploads\/2024\/09\/0H9A7430-300x200.jpg 300w, https:\/\/perimeter.ca\/wp-content\/uploads\/2024\/09\/0H9A7430-768x512.jpg 768w, https:\/\/perimeter.ca\/wp-content\/uploads\/2024\/09\/0H9A7430-1536x1024.jpg 1536w, https:\/\/perimeter.ca\/wp-content\/uploads\/2024\/09\/0H9A7430-scaled.jpg 2048w\" sizes=\"auto, (max-width: 1024px) 100vw, 1024px\" \/><\/figure>\n<\/div>\n\n\n\n<div class=\"wp-block-column is-layout-flow wp-block-column-is-layout-flow\">\n<figure class=\"wp-block-image size-large is-style-rounded\"><img loading=\"lazy\" decoding=\"async\" width=\"683\" height=\"1024\" src=\"https:\/\/perimeter.ca\/wp-content\/uploads\/2024\/09\/0H9A7315-683x1024.jpg\" alt=\"\" class=\"wp-image-3446\" style=\"aspect-ratio:1;object-fit:cover\" srcset=\"https:\/\/perimeter.ca\/wp-content\/uploads\/2024\/09\/0H9A7315-683x1024.jpg 683w, https:\/\/perimeter.ca\/wp-content\/uploads\/2024\/09\/0H9A7315-200x300.jpg 200w, https:\/\/perimeter.ca\/wp-content\/uploads\/2024\/09\/0H9A7315-768x1152.jpg 768w, https:\/\/perimeter.ca\/wp-content\/uploads\/2024\/09\/0H9A7315-1024x1536.jpg 1024w, https:\/\/perimeter.ca\/wp-content\/uploads\/2024\/09\/0H9A7315-scaled.jpg 1365w\" sizes=\"auto, (max-width: 683px) 100vw, 683px\" \/><\/figure>\n<\/div>\n\n\n\n<div class=\"wp-block-column is-layout-flow wp-block-column-is-layout-flow\">\n<figure class=\"wp-block-image size-large is-style-rounded\"><img loading=\"lazy\" decoding=\"async\" width=\"1024\" height=\"683\" src=\"https:\/\/perimeter.ca\/wp-content\/uploads\/2024\/09\/0H9A8712-1024x683.jpg\" alt=\"\" class=\"wp-image-3450\" style=\"aspect-ratio:1;object-fit:cover\" srcset=\"https:\/\/perimeter.ca\/wp-content\/uploads\/2024\/09\/0H9A8712-1024x683.jpg 1024w, https:\/\/perimeter.ca\/wp-content\/uploads\/2024\/09\/0H9A8712-300x200.jpg 300w, https:\/\/perimeter.ca\/wp-content\/uploads\/2024\/09\/0H9A8712-768x512.jpg 768w, https:\/\/perimeter.ca\/wp-content\/uploads\/2024\/09\/0H9A8712-1536x1024.jpg 1536w, https:\/\/perimeter.ca\/wp-content\/uploads\/2024\/09\/0H9A8712-scaled.jpg 2048w\" sizes=\"auto, (max-width: 1024px) 100vw, 1024px\" \/><\/figure>\n<\/div>\n<\/div>\n\n\n\n<div style=\"height:30px\" aria-hidden=\"true\" class=\"wp-block-spacer\"><\/div>\n\n\n\n<h3 class=\"wp-block-heading\">Priorit\u00e9<\/h3>\n\n\n\n<p>Si vous avez des marchandises importantes qui doivent respecter un d\u00e9lai important, c&rsquo;est la meilleure option pour vous.\nLe service Priorit\u00e9 exp\u00e9die jusqu&rsquo;\u00e0 200 livres par envoi, \u00e0 l&rsquo;exception des articles en vrac.\nLes marchandises dangereuses ne sont pas autoris\u00e9es.    <\/p>\n\n\n\n<p>Livraison : 24 heures ou le prochain vol disponible<\/p>\n\n\n\n<div style=\"height:30px\" aria-hidden=\"true\" class=\"wp-block-spacer\"><\/div>\n\n\n\n<h3 class=\"wp-block-heading\">Enveloppe\/petite bo\u00eete<\/h3>\n\n\n\n<p>Ce service de livraison rentable accepte les colis ou les enveloppes pesant entre 1 et 5 livres.\nSoyez assur\u00e9 que vos petits colis arriveront rapidement \u00e0 destination ! <\/p>\n\n\n\n<p>Livraison : Jusqu&rsquo;\u00e0 2 jours<\/p>\n\n\n\n<div style=\"height:30px\" aria-hidden=\"true\" class=\"wp-block-spacer\"><\/div>\n\n\n\n<h3 class=\"wp-block-heading\">G\u00e9n\u00e9ral<\/h3>\n\n\n\n<p>L&rsquo;exp\u00e9dition g\u00e9n\u00e9rale est utilis\u00e9e si vous avez le temps d&rsquo;attendre que vos articles soient exp\u00e9di\u00e9s, car ils sont envoy\u00e9s selon le principe du premier arriv\u00e9, premier servi et en fonction de l&rsquo;espace et du poids disponibles.\nIl s&rsquo;agit de l&rsquo;option la plus rentable et peut inclure tout article de plus de 5 livres, \u00e0 l&rsquo;exception des articles qui correspondent \u00e0 la taille Bulk. <\/p>\n\n\n\n<p>Livraison : Jusqu&rsquo;\u00e0 7 jours<\/p>\n\n\n\n<div style=\"height:30px\" aria-hidden=\"true\" class=\"wp-block-spacer\"><\/div>\n\n\n\n<h3 class=\"wp-block-heading\">En vrac<\/h3>\n\n\n\n<p>Le transport en vrac peut r\u00e9pondre aux besoins d&rsquo;exp\u00e9dition d&rsquo;articles surdimensionn\u00e9s comme les matelas, les appareils \u00e9lectrom\u00e9nagers, les meubles, les motoneiges, les bicyclettes, etc.\nTout article d\u00e9passant 150 livres et\/ou 3&rsquo;h x 3&rsquo;w x 3&rsquo;l est class\u00e9 dans la cat\u00e9gorie \u00ab\u00a0Bulk\u00a0\u00bb. <\/p>\n\n\n\n<p>Livraison : Jusqu&rsquo;\u00e0 21 jours<\/p>\n\n\n\n<div style=\"height:30px\" aria-hidden=\"true\" class=\"wp-block-spacer\"><\/div>\n\n\n\n<h3 class=\"wp-block-heading\">Rush<\/h3>\n\n\n\n<p>Lorsqu&rsquo;un article exige une attention urgente, comptez sur nous pour effectuer votre livraison.\nNous proposons des livraisons urgentes pour tous les articles, \u00e0 l&rsquo;exception des marchandises en vrac et des marchandises dangereuses.\nLes plantes vivantes, le tabac, les aliments pour f\u00eates et les substances infectieuses doivent \u00eatre exp\u00e9di\u00e9s en tant que fret urgent.  <\/p>\n\n\n\n<p>Livraison : Jusqu&rsquo;\u00e0 3 jours<\/p>\n\n\n\n<div style=\"height:30px\" aria-hidden=\"true\" class=\"wp-block-spacer\"><\/div>\n\n\n\n<h3 class=\"wp-block-heading\">Marchandises dangereuses<\/h3>\n\n\n\n<p>Les marchandises dangereuses sont des articles qui peuvent pr\u00e9senter un danger lors de leur transport.\nEn vertu de la r\u00e9glementation f\u00e9d\u00e9rale, elles doivent \u00eatre manipul\u00e9es et transport\u00e9es d&rsquo;une mani\u00e8re sp\u00e9cifique pour la s\u00e9curit\u00e9 de nos passagers et de l&rsquo;\u00e9quipage.\nLes marchandises dangereuses peuvent \u00eatre conserv\u00e9es jusqu&rsquo;\u00e0 la fin d&rsquo;un vol par un avion cargo.\nConsultez la rubrique <a href=\"https:\/\/perimeter.ca\/fr\/marchandises-dangereuses\/\" data-type=\"page\" data-id=\"872\">Marchandises dangereuses<\/a> pour plus d&rsquo;informations sur le transport maritime.   <\/p>\n\n\n\n<p>Livraison : Jusqu&rsquo;\u00e0 7 jours<\/p>\n\n\n\n<div style=\"height:30px\" aria-hidden=\"true\" class=\"wp-block-spacer\"><\/div>\n\n\n\n<h3 class=\"wp-block-heading\">Transport maritime par affr\u00e8tement sur mesure<\/h3>\n\n\n\n<p>Si vous avez une grande quantit\u00e9 de marchandises ou si vous devez transporter votre cargaison vers un lieu qui ne figure pas sur notre page de destinations, les services d&rsquo;exp\u00e9dition par charter pourraient r\u00e9pondre \u00e0 vos besoins. <a href=\"https:\/\/perimeter.ca\/fr\/demande-de-devis\/\" data-type=\"page\" data-id=\"697\">Veuillez remplir le formulaire de demande d&rsquo;affr\u00e8tement pour obtenir un devis<\/a>.<\/p>\n\n\n\n<p>Livraison : Sur la base d&rsquo;un contrat<\/p>\n\n\n\n<div style=\"height:55px\" aria-hidden=\"true\" class=\"wp-block-spacer\"><\/div>\n","protected":false},"excerpt":{"rendered":"<p>Nos options de service Bienvenue \u00e0 Perimeter Cargo. Nous sommes d\u00e9termin\u00e9s \u00e0 offrir une exp\u00e9rience de fret sans faille dans notre r\u00e9seau du Manitoba et de l&rsquo;Ontario. Qu&rsquo;il s&rsquo;agisse de produits alimentaires, de petits colis, de m\u00e9dicaments essentiels ou d&rsquo;\u00e9quipements, notre mission est d&rsquo;assurer la livraison de vos marchandises en toute s\u00e9curit\u00e9 et dans les &hellip;<\/p>\n","protected":false},"author":11,"featured_media":0,"parent":0,"menu_order":0,"comment_status":"closed","ping_status":"closed","template":"template-narrow.blade.php","meta":{"_acf_changed":false,"footnotes":""},"class_list":["post-1896","page","type-page","status-publish","hentry"],"acf":[],"_links":{"self":[{"href":"https:\/\/perimeter.ca\/fr\/wp-json\/wp\/v2\/pages\/1896","targetHints":{"allow":["GET"]}}],"collection":[{"href":"https:\/\/perimeter.ca\/fr\/wp-json\/wp\/v2\/pages"}],"about":[{"href":"https:\/\/perimeter.ca\/fr\/wp-json\/wp\/v2\/types\/page"}],"author":[{"embeddable":true,"href":"https:\/\/perimeter.ca\/fr\/wp-json\/wp\/v2\/users\/11"}],"replies":[{"embeddable":true,"href":"https:\/\/perimeter.ca\/fr\/wp-json\/wp\/v2\/comments?post=1896"}],"version-history":[{"count":0,"href":"https:\/\/perimeter.ca\/fr\/wp-json\/wp\/v2\/pages\/1896\/revisions"}],"wp:attachment":[{"href":"https:\/\/perimeter.ca\/fr\/wp-json\/wp\/v2\/media?parent=1896"}],"curies":[{"name":"wp","href":"https:\/\/api.w.org\/{rel}","templated":true}]}}