{"id":1897,"date":"2024-06-18T20:37:00","date_gmt":"2024-06-19T01:37:00","guid":{"rendered":"https:\/\/perimeter.ca\/transport-compassionnel\/"},"modified":"2024-09-25T13:46:08","modified_gmt":"2024-09-25T18:46:08","slug":"transport-compassionnel","status":"publish","type":"page","link":"https:\/\/perimeter.ca\/fr\/transport-compassionnel\/","title":{"rendered":"Transport compassionnel"},"content":{"rendered":"\n<div style=\"height:55px\" aria-hidden=\"true\" class=\"wp-block-spacer\"><\/div>\n\n\n\n<h2 class=\"wp-block-heading\">Un engagement pour des soins de compassion<\/h2>\n\n\n\n<p>Chez Perimeter Cargo, nous nous engageons \u00e0 fournir des services de transport compassionnels avec le plus grand soin et le plus grand respect, afin de garantir la tranquillit\u00e9 d&rsquo;esprit de toutes les personnes concern\u00e9es.\nNotre engagement garantit un traitement prioritaire lors des processus de chargement et de d\u00e9chargement des d\u00e9pouilles \u00e0 bord de nos avions.\nNotre \u00e9quipe sp\u00e9cialis\u00e9e dans le fret collabore de mani\u00e8re transparente avec les entreprises de pompes fun\u00e8bres et les transitaires afin de garantir un voyage sans encombre jusqu&rsquo;\u00e0 la derni\u00e8re demeure de vos proches.    <\/p>\n\n\n\n<p>Nos principales caract\u00e9ristiques comprennent la manutention, le chargement et le d\u00e9chargement prioritaires, ainsi que la garantie d&rsquo;un transport respectueux.\nLorsque l&rsquo;exp\u00e9diteur l&rsquo;indique, cela inclut une sensibilit\u00e9 culturelle, en veillant \u00e0 ce que les animaux vivants ne soient pas autoris\u00e9s dans la soute du m\u00eame vol pendant le transport.\nNous proposons \u00e9galement des d\u00e9lais de livraison et de r\u00e9cup\u00e9ration adapt\u00e9s \u00e0 ces envois sensibles, ainsi que des capacit\u00e9s de suivi en temps r\u00e9el.    <\/p>\n\n\n\n<p>Tous les services de transport compassionnel sont soumis \u00e0 des arrangements pr\u00e9alables.<\/p>\n\n\n\n<div style=\"height:30px\" aria-hidden=\"true\" class=\"wp-block-spacer\"><\/div>\n\n\n\n<h3 class=\"wp-block-heading\">Lignes directrices pour l&rsquo;exp\u00e9dition<\/h3>\n\n\n\n<p>Pour faciliter le transport des d\u00e9pouilles mortelles, les documents appropri\u00e9s doivent \u00eatre re\u00e7us de l&rsquo;entreprise de pompes fun\u00e8bres avant la r\u00e9ception de votre pr\u00e9cieux envoi.<\/p>\n\n\n\n<div style=\"height:30px\" aria-hidden=\"true\" class=\"wp-block-spacer\"><\/div>\n\n\n\n<h3 class=\"wp-block-heading\">Restrictions<\/h3>\n\n\n\n<p>Les envois remis avec des instructions de livraison contre remboursement (C.O.D.) ne sont pas accept\u00e9s.<\/p>\n\n\n\n<div style=\"height:30px\" aria-hidden=\"true\" class=\"wp-block-spacer\"><\/div>\n\n\n\n<h3 class=\"wp-block-heading\">Soutien<\/h3>\n\n\n\n<p>Pour toute question concernant l&rsquo;ad\u00e9quation de votre envoi au transport a\u00e9rien, veuillez contacter notre <a href=\"https:\/\/perimeter.ca\/fr\/contactez-nous\/#cargo\" data-type=\"page\" data-id=\"966\">service Cargo<\/a>.<\/p>\n\n\n\n<div style=\"height:55px\" aria-hidden=\"true\" class=\"wp-block-spacer\"><\/div>\n","protected":false},"excerpt":{"rendered":"<p>Un engagement pour des soins de compassion Chez Perimeter Cargo, nous nous engageons \u00e0 fournir des services de transport compassionnels avec le plus grand soin et le plus grand respect, afin de garantir la tranquillit\u00e9 d&rsquo;esprit de toutes les personnes concern\u00e9es. Notre engagement garantit un traitement prioritaire lors des processus de chargement et de d\u00e9chargement &hellip;<\/p>\n","protected":false},"author":11,"featured_media":0,"parent":0,"menu_order":0,"comment_status":"closed","ping_status":"closed","template":"template-narrow.blade.php","meta":{"_acf_changed":false,"footnotes":""},"class_list":["post-1897","page","type-page","status-publish","hentry"],"acf":[],"_links":{"self":[{"href":"https:\/\/perimeter.ca\/fr\/wp-json\/wp\/v2\/pages\/1897","targetHints":{"allow":["GET"]}}],"collection":[{"href":"https:\/\/perimeter.ca\/fr\/wp-json\/wp\/v2\/pages"}],"about":[{"href":"https:\/\/perimeter.ca\/fr\/wp-json\/wp\/v2\/types\/page"}],"author":[{"embeddable":true,"href":"https:\/\/perimeter.ca\/fr\/wp-json\/wp\/v2\/users\/11"}],"replies":[{"embeddable":true,"href":"https:\/\/perimeter.ca\/fr\/wp-json\/wp\/v2\/comments?post=1897"}],"version-history":[{"count":0,"href":"https:\/\/perimeter.ca\/fr\/wp-json\/wp\/v2\/pages\/1897\/revisions"}],"wp:attachment":[{"href":"https:\/\/perimeter.ca\/fr\/wp-json\/wp\/v2\/media?parent=1897"}],"curies":[{"name":"wp","href":"https:\/\/api.w.org\/{rel}","templated":true}]}}