{"id":1899,"date":"2024-06-18T20:48:00","date_gmt":"2024-06-19T01:48:00","guid":{"rendered":"https:\/\/perimeter.ca\/sauvetage-et-animaux-vivants\/"},"modified":"2024-09-25T13:47:38","modified_gmt":"2024-09-25T18:47:38","slug":"sauvetage-et-animaux-vivants","status":"publish","type":"page","link":"https:\/\/perimeter.ca\/fr\/sauvetage-et-animaux-vivants\/","title":{"rendered":"Vivre et sauver des animaux"},"content":{"rendered":"\n<div style=\"height:55px\" aria-hidden=\"true\" class=\"wp-block-spacer\"><\/div>\n\n\n\n<h2 class=\"wp-block-heading\">Sauvetage et animaux vivants<\/h2>\n\n\n\n<p><strong>Chez Perimeter Aviation, notre engagement \u00e0 relier les communaut\u00e9s et \u00e0 prendre soin des animaux va au-del\u00e0 de l&rsquo;ordinaire.  <\/strong><\/p>\n\n\n\n<p>Pour ceux qui se lancent dans l&rsquo;exp\u00e9dition de leurs animaux de compagnie bien-aim\u00e9s pour la premi\u00e8re fois ou qui coordonnent le transport d&rsquo;animaux de sauvetage, il est essentiel de comprendre le processus.\nChez Perimeter Aviation, nous accordons la priorit\u00e9 \u00e0 la s\u00e9curit\u00e9, au confort et au bien-\u00eatre de vos animaux tout au long de leur voyage. <\/p>\n\n\n\n<p>Tous les animaux r\u00e9serv\u00e9s avec le service Animaux vivants de Perimeter Aviation sont transport\u00e9s dans la soute, avec les bagages et les autres marchandises.\nSoyez assur\u00e9 que les animaux vivants font l&rsquo;objet d&rsquo;un traitement sp\u00e9cial pendant le transport au sol, ce qui garantit une exp\u00e9rience transparente et attentionn\u00e9e.\nNos soutes sont pressuris\u00e9es et la plupart de nos avions disposent de compartiments de fret \u00e0 temp\u00e9rature contr\u00f4l\u00e9e.  <\/p>\n\n\n\n<p>Si le contr\u00f4le de la temp\u00e9rature n&rsquo;est pas disponible sur l&rsquo;itin\u00e9raire que vous avez choisi, nos agents de r\u00e9servation travailleront avec vous pour vous proposer d&rsquo;autres itin\u00e9raires ou d&rsquo;autres dates de voyage qui donnent la priorit\u00e9 \u00e0 la s\u00e9curit\u00e9 et au confort de l&rsquo;animal.  <\/p>\n\n\n\n<p>Pour renforcer votre tranquillit\u00e9 d&rsquo;esprit, nos niches sont solidement positionn\u00e9es pour \u00e9viter tout mouvement pendant le vol, en privil\u00e9giant la stabilit\u00e9, le confort et la ventilation. Pour les chiens et les chats de petite taille, il existe d&rsquo;autres possibilit\u00e9s de voyager en cabine avec les passagers. Pour en savoir plus sur les possibilit\u00e9s de transport des animaux en cabine, consultez nos conditions de <a href=\"https:\/\/perimeter.ca\/fr\/animaux-de-compagnie\/\" data-type=\"page\" data-id=\"862\">voyage avec des animaux de compagnie<\/a>.<\/p>\n\n\n\n<hr class=\"wp-block-separator has-text-color has-orange-500-color has-alpha-channel-opacity has-orange-500-background-color has-background\"\/>\n\n\n\n<h2 class=\"wp-block-heading\">Animaux vivants<\/h2>\n\n\n\n<h3 class=\"wp-block-heading\">Conditions d&rsquo;acceptation des animaux vivants<\/h3>\n\n\n\n<p>Le bien-\u00eatre des animaux est notre priorit\u00e9.\nAucun animal ne sera charg\u00e9 ou transport\u00e9 s&rsquo;il pr\u00e9sente des signes d&rsquo;infection, des blessures non couvertes ou des odeurs naus\u00e9abondes.\nBien que nous transportions des animaux bless\u00e9s n\u00e9cessitant des soins m\u00e9dicaux, nous n&rsquo;acceptons aucune responsabilit\u00e9 pour ces animaux.\nLes animaux sous s\u00e9datifs ne seront pas transport\u00e9s.   <\/p>\n\n\n\n<p>Pour que les envois d&rsquo;animaux vivants soient accept\u00e9s, les crit\u00e8res suivants doivent \u00eatre remplis :<\/p>\n\n\n\n<ul class=\"wp-block-list\">\n<li>L&rsquo;exp\u00e9diteur doit fournir un certificat d&rsquo;exp\u00e9diteur d&rsquo;animaux vivants (PAL-CS-FORM-018) d\u00fbment rempli, disponible dans tous les bureaux de fret.<\/li>\n\n\n\n<li>Les conteneurs doivent \u00eatre conformes \u00e0 la r\u00e9glementation de l&rsquo;IATA sur les animaux vivants, c&rsquo;est-\u00e0-dire des conteneurs \u00e0 parois rigides, \u00e9tanches, r\u00e9sistants aux fuites et aux griffes.<\/li>\n<\/ul>\n\n\n\n<figure class=\"wp-block-image size-large\"><img loading=\"lazy\" decoding=\"async\" width=\"1024\" height=\"689\" src=\"https:\/\/perimeter.ca\/wp-content\/uploads\/2024\/09\/Perimeter-Cargo-Pet-Kennel-FR-1024x689.png\" alt=\"\" class=\"wp-image-2824\" style=\"object-fit:cover\" srcset=\"https:\/\/perimeter.ca\/wp-content\/uploads\/2024\/09\/Perimeter-Cargo-Pet-Kennel-FR-1024x689.png 1024w, https:\/\/perimeter.ca\/wp-content\/uploads\/2024\/09\/Perimeter-Cargo-Pet-Kennel-FR-300x202.png 300w, https:\/\/perimeter.ca\/wp-content\/uploads\/2024\/09\/Perimeter-Cargo-Pet-Kennel-FR-768x517.png 768w, https:\/\/perimeter.ca\/wp-content\/uploads\/2024\/09\/Perimeter-Cargo-Pet-Kennel-FR-1536x1033.png 1536w, https:\/\/perimeter.ca\/wp-content\/uploads\/2024\/09\/Perimeter-Cargo-Pet-Kennel-FR-2048x1378.png 2048w\" sizes=\"auto, (max-width: 1024px) 100vw, 1024px\" \/><\/figure>\n\n\n\n<ul class=\"wp-block-list\">\n<li>Les conteneurs doivent permettre \u00e0 l&rsquo;animal de se tenir debout et de se retourner librement, ne pas peser plus de 120 livres et mesurer moins de 90 pouces lin\u00e9aires.<\/li>\n\n\n\n<li>D\u00e9barquement dans les installations de fret une heure avant le d\u00e9part lorsqu&rsquo;il s&rsquo;agit d&rsquo;un d\u00e9part d&rsquo;une communaut\u00e9 nordique.<\/li>\n\n\n\n<li>L&rsquo;exp\u00e9diteur doit rester \u00e0 l&rsquo;a\u00e9roport de d\u00e9part jusqu&rsquo;au d\u00e9collage du vol.<\/li>\n<\/ul>\n\n\n\n<div style=\"height:30px\" aria-hidden=\"true\" class=\"wp-block-spacer\"><\/div>\n\n\n\n<h3 class=\"wp-block-heading\">Embargo et restrictions sur les animaux vivants<\/h3>\n\n\n\n<p>Les vols sont limit\u00e9s \u00e0 deux conteneurs\/niches par vol et, en fonction de la destination de l&rsquo;animal vivant, il existe des limitations d&rsquo;exp\u00e9dition.  <\/p>\n\n\n\n<p>Les Metro qui op\u00e8rent dans le r\u00e9seau de Bearskin Airlines n&rsquo;offrent pas de compartiments de fret \u00e0 temp\u00e9rature contr\u00f4l\u00e9e.\nPar cons\u00e9quent, du 15 avril au 15 octobre de chaque ann\u00e9e, nous imposons un embargo sur les exp\u00e9ditions d&rsquo;animaux vivants.   <\/p>\n\n\n\n<hr class=\"wp-block-separator has-text-color has-orange-500-color has-alpha-channel-opacity has-orange-500-background-color has-background\"\/>\n\n\n\n<h2 class=\"wp-block-heading\">Animaux de sauvetage<\/h2>\n\n\n\n<h3 class=\"wp-block-heading\">Notre engagement  <\/h3>\n\n\n\n<p>Nous nous engageons \u00e0 soutenir les op\u00e9rations de sauvetage d&rsquo;animaux.\nNotre mission est de faciliter le transport s\u00fbr et compatissant des animaux de sauvetage des communaut\u00e9s nordiques vers les centres urbains, en veillant \u00e0 ce qu&rsquo;ils re\u00e7oivent les n\u00e9cessit\u00e9s de la vie et des soins v\u00e9t\u00e9rinaires.\nToutes nos op\u00e9rations respectent strictement les r\u00e9glementations provinciales et f\u00e9d\u00e9rales.  <\/p>\n\n\n\n<div style=\"height:30px\" aria-hidden=\"true\" class=\"wp-block-spacer\"><\/div>\n\n\n\n<h3 class=\"wp-block-heading\">Conditions d&rsquo;acceptation des animaux de sauvetage<\/h3>\n\n\n\n<p>Pour que les animaux de sauvetage soient accept\u00e9s, les conditions suivantes doivent \u00eatre remplies, en plus des conditions d&rsquo;acceptation des animaux vivants :<\/p>\n\n\n\n<ul class=\"wp-block-list\">\n<li>L&rsquo;exp\u00e9diteur doit fournir un num\u00e9ro de t\u00e9l\u00e9phone au cas o\u00f9 le vol serait ramen\u00e9 \u00e0 la station de d\u00e9part initiale pour une raison quelconque et o\u00f9 l&rsquo;animal de sauvetage devrait \u00eatre r\u00e9cup\u00e9r\u00e9.<\/li>\n\n\n\n<li>Les animaux de sauvetage ne seront pas accept\u00e9s si le vol ne peut atteindre la destination finale en raison des conditions m\u00e9t\u00e9orologiques.<\/li>\n\n\n\n<li>Les animaux de sauvetage ne seront pas accept\u00e9s sur un vol qui arrive \u00e0 sa destination finale apr\u00e8s 17 heures, heure locale.<\/li>\n\n\n\n<li>Au moment de l&rsquo;acceptation de l&rsquo;animal de sauvetage, l&rsquo;exp\u00e9diteur doit fournir le nom et le num\u00e9ro de contact du destinataire (personne\/organisation acceptant l&rsquo;animal de sauvetage) \u00e0 sa destination finale.<\/li>\n\n\n\n<li>L&rsquo;exp\u00e9diteur doit prendre des dispositions pr\u00e9alables pour que le destinataire vienne chercher l&rsquo;animal de sauvetage et le chenil dans l&rsquo;heure qui suit l&rsquo;arriv\u00e9e du vol \u00e0 la destination finale.<\/li>\n\n\n\n<li>Avant l&#8217;embarquement d&rsquo;un animal de sauvetage \u00e0 bord d&rsquo;un a\u00e9ronef de la compagnie, cette derni\u00e8re s&rsquo;assurera qu&rsquo;il y a de la place et du poids disponibles \u00e0 bord de l&rsquo;a\u00e9ronef, de la station de d\u00e9part jusqu&rsquo;\u00e0 la destination finale.<\/li>\n<\/ul>\n\n\n\n<div style=\"height:30px\" aria-hidden=\"true\" class=\"wp-block-spacer\"><\/div>\n\n\n\n<h3 class=\"wp-block-heading\">Destination et ramassage des animaux de sauvetage<\/h3>\n\n\n\n<ul class=\"wp-block-list\">\n<li>Les animaux sauv\u00e9s doivent \u00eatre r\u00e9cup\u00e9r\u00e9s dans l&rsquo;heure qui suit leur arriv\u00e9e.\n<ul class=\"wp-block-list\">\n<li>Si le destinataire ne vient pas chercher l&rsquo;animal dans les deux heures, celui-ci sera remis \u00e0 un refuge pour animaux aux frais du destinataire.<\/li>\n<\/ul>\n<\/li>\n\n\n\n<li>Les destinataires doivent fournir une preuve d&rsquo;identit\u00e9.<\/li>\n\n\n\n<li>D\u00e8s leur arriv\u00e9e, les animaux sont prot\u00e9g\u00e9s dans notre entrep\u00f4t de fret jusqu&rsquo;\u00e0 leur enl\u00e8vement.<\/li>\n<\/ul>\n\n\n\n<div style=\"height:30px\" aria-hidden=\"true\" class=\"wp-block-spacer\"><\/div>\n\n\n\n<h3 class=\"wp-block-heading\">Retour des conteneurs de sauvetage et des animaux<\/h3>\n\n\n\n<ul class=\"wp-block-list\">\n<li>Perimeter Aviation transportera les chenils nettoy\u00e9s et d\u00e9sinfect\u00e9s jusqu&rsquo;\u00e0 leur lieu d&rsquo;origine au tarif du fret g\u00e9n\u00e9ral.<\/li>\n\n\n\n<li>Les animaux transport\u00e9s vers les communaut\u00e9s nordiques seront accept\u00e9s au tarif normal pour les animaux.<\/li>\n<\/ul>\n\n\n\n<p>Pour plus de d\u00e9tails sur notre engagement et nos proc\u00e9dures, veuillez contacter notre <a href=\"https:\/\/perimeter.ca\/fr\/contactez-nous\/#cargo\" data-type=\"page\" data-id=\"966\">Cargo Office<\/a>.<\/p>\n\n\n\n<div style=\"height:55px\" aria-hidden=\"true\" class=\"wp-block-spacer\"><\/div>\n","protected":false},"excerpt":{"rendered":"<p>Sauvetage et animaux vivants Chez Perimeter Aviation, notre engagement \u00e0 relier les communaut\u00e9s et \u00e0 prendre soin des animaux va au-del\u00e0 de l&rsquo;ordinaire. Pour ceux qui se lancent dans l&rsquo;exp\u00e9dition de leurs animaux de compagnie bien-aim\u00e9s pour la premi\u00e8re fois ou qui coordonnent le transport d&rsquo;animaux de sauvetage, il est essentiel de comprendre le processus. &hellip;<\/p>\n","protected":false},"author":11,"featured_media":0,"parent":0,"menu_order":0,"comment_status":"closed","ping_status":"closed","template":"template-narrow.blade.php","meta":{"_acf_changed":false,"footnotes":""},"class_list":["post-1899","page","type-page","status-publish","hentry"],"acf":[],"_links":{"self":[{"href":"https:\/\/perimeter.ca\/fr\/wp-json\/wp\/v2\/pages\/1899","targetHints":{"allow":["GET"]}}],"collection":[{"href":"https:\/\/perimeter.ca\/fr\/wp-json\/wp\/v2\/pages"}],"about":[{"href":"https:\/\/perimeter.ca\/fr\/wp-json\/wp\/v2\/types\/page"}],"author":[{"embeddable":true,"href":"https:\/\/perimeter.ca\/fr\/wp-json\/wp\/v2\/users\/11"}],"replies":[{"embeddable":true,"href":"https:\/\/perimeter.ca\/fr\/wp-json\/wp\/v2\/comments?post=1899"}],"version-history":[{"count":0,"href":"https:\/\/perimeter.ca\/fr\/wp-json\/wp\/v2\/pages\/1899\/revisions"}],"wp:attachment":[{"href":"https:\/\/perimeter.ca\/fr\/wp-json\/wp\/v2\/media?parent=1899"}],"curies":[{"name":"wp","href":"https:\/\/api.w.org\/{rel}","templated":true}]}}