{"id":1901,"date":"2024-06-19T15:29:23","date_gmt":"2024-06-19T20:29:23","guid":{"rendered":"https:\/\/perimeter.ca\/informations-sur-lenregistrement\/"},"modified":"2024-10-10T08:40:58","modified_gmt":"2024-10-10T13:40:58","slug":"informations-sur-lenregistrement","status":"publish","type":"page","link":"https:\/\/perimeter.ca\/fr\/informations-sur-lenregistrement\/","title":{"rendered":"Informations sur l&rsquo;enregistrement"},"content":{"rendered":"\n<div style=\"height:55px\" aria-hidden=\"true\" class=\"wp-block-spacer\"><\/div>\n\n\n\n<h2 class=\"wp-block-heading\">Ce qu&rsquo;il faut v\u00e9rifier<\/h2>\n\n\n<div class=\"wp-block-cards-icons icon-cards flex flex-wrap gap-5 w-full items-stretch my-section\">\n            <div class=\"relative flex flex-col flex-wrap flex-1 min-w-52 items-center mt-14\">\n            <div class=\"bg-gradient-to-b from-perimeterOrange to-bearskinOrange rounded-full absolute p-4 aspect-square flex items-center justify-center w-28 -top-14 *:!p-0 *:!m-0\">\n                                                <img loading=\"lazy\" decoding=\"async\" width=\"103\" height=\"90\" src=\"https:\/\/perimeter.ca\/wp-content\/uploads\/2024\/09\/Calendar-e1725979033330.png\" class=\"p-0 m-0\" alt=\"\" \/>\n                                        <\/div>\n            <div class=\"bg-theme-6 pb-5 pt-20 px-4 prose-p:text-lg rounded-lg self-stretch w-full h-full\">\n                <p>Num\u00e9ro de r\u00e9servation<\/p>\n\n            <\/div>\n        <\/div>\n            <div class=\"relative flex flex-col flex-wrap flex-1 min-w-52 items-center mt-14\">\n            <div class=\"bg-gradient-to-b from-perimeterOrange to-bearskinOrange rounded-full absolute p-4 aspect-square flex items-center justify-center w-28 -top-14 *:!p-0 *:!m-0\">\n                                                <img loading=\"lazy\" decoding=\"async\" width=\"62\" height=\"75\" src=\"https:\/\/perimeter.ca\/wp-content\/uploads\/2024\/09\/Passenger-e1725978981906.png\" class=\"p-0 m-0\" alt=\"\" \/>\n                                        <\/div>\n            <div class=\"bg-theme-6 pb-5 pt-20 px-4 prose-p:text-lg rounded-lg self-stretch w-full h-full\">\n                <p>Votre nom complet<\/p>\n\n            <\/div>\n        <\/div>\n            <div class=\"relative flex flex-col flex-wrap flex-1 min-w-52 items-center mt-14\">\n            <div class=\"bg-gradient-to-b from-perimeterOrange to-bearskinOrange rounded-full absolute p-4 aspect-square flex items-center justify-center w-28 -top-14 *:!p-0 *:!m-0\">\n                                                <img loading=\"lazy\" decoding=\"async\" width=\"68\" height=\"51\" src=\"https:\/\/perimeter.ca\/wp-content\/uploads\/2024\/09\/license.png\" class=\"p-0 m-0\" alt=\"\" \/>\n                                        <\/div>\n            <div class=\"bg-theme-6 pb-5 pt-20 px-4 prose-p:text-lg rounded-lg self-stretch w-full h-full\">\n                <p><a href=\"https:\/\/perimeter.ca\/fr\/documents-de-voyage\/\">Identification<\/a><\/p>\n\n            <\/div>\n        <\/div>\n    <\/div>\n\n\n<hr class=\"wp-block-separator has-text-color has-orange-500-color has-alpha-channel-opacity has-orange-500-background-color has-background\"\/>\n\n\n\n<h2 class=\"wp-block-heading\">Enregistrement en ligne<\/h2>\n\n\n\n<p>L&rsquo;enregistrement en ligne est rapide, facile et \u00e0 port\u00e9e de clic. Vous pouvez vous enregistrer en ligne \u00e0 partir de 24 heures avant l&rsquo;heure de d\u00e9part pr\u00e9vue pour tous les vols de la marque Bearskin Airlines et pour les vols au d\u00e9part de l&rsquo;a\u00e9roport Perimeter Aviation ou de Thompson. L&rsquo;enregistrement en ligne se termine 2 heures avant l&rsquo;heure de d\u00e9part pr\u00e9vue.  <\/p>\n\n\n\n<p>Si vous vous enregistrez \u00e0 l&rsquo;aide de votre appareil mobile, ajoutez simplement votre carte d&#8217;embarquement \u00e0 votre Apple Wallet ou Google Pass. Si vous vous enregistrez \u00e0 partir d&rsquo;un ordinateur de bureau, imprimez votre carte d&#8217;embarquement ou t\u00e9l\u00e9chargez-la sur votre appareil mobile. <\/p>\n\n\n<div class=\"wp-block-buttons align-with-content my-[1.2em]\">\n  <div class=\"flex flex-wrap justify-center sm:justify-start gap-4\">\n    \n<a class=\"btn wp-block-button\" href=\"https:\/\/booking.perimeter.ca\/res\/search\" target=\"_blank\" target=\"_blank\">\n          S&#039;enregistrer maintenant\n    <\/a>\n\n\n  <\/div>\n<\/div>\n\n\n\n<hr class=\"wp-block-separator has-text-color has-orange-500-color has-alpha-channel-opacity has-orange-500-background-color has-background\"\/>\n\n\n\n<h2 class=\"wp-block-heading\">Enregistrement \u00e0 l&rsquo;a\u00e9roport<\/h2>\n\n\n\n<p>L&rsquo;arriv\u00e9e \u00e0 l&rsquo;a\u00e9roport, l&rsquo;enregistrement et le passage de la s\u00e9curit\u00e9 peuvent prendre du temps. Nous vous recommandons d&rsquo;arriver \u00e0 l&rsquo;a\u00e9roport le plus t\u00f4t possible. Vous devez obtenir votre carte d&#8217;embarquement et enregistrer vos bagages avant la fermeture de l&rsquo;enregistrement.  <\/p>\n\n\n\n<p>Vous devrez pr\u00e9voir plus de temps et vous enregistrer aupr\u00e8s d&rsquo;un agent au comptoir de l&rsquo;a\u00e9roport si.. :<\/p>\n\n\n\n<ul class=\"wp-block-list\">\n<li>Votre r\u00e9servation est pour plus de neuf (9) passagers<\/li>\n\n\n\n<li>L&rsquo;un de vos passagers est un nourrisson<\/li>\n\n\n\n<li>Vous \u00eates un mineur non accompagn\u00e9<\/li>\n\n\n\n<li>Vous avez besoin d&rsquo;une assistance m\u00e9dicale, d&rsquo;un fauteuil roulant ou votre r\u00e9servation contient une demande sp\u00e9ciale.<\/li>\n\n\n\n<li>Vous voyagez avec un animal de compagnie<\/li>\n\n\n\n<li>Vous avez tent\u00e9 de vous enregistrer en ligne, mais l&rsquo;op\u00e9ration a \u00e9chou\u00e9 pour quelque raison que ce soit.<\/li>\n<\/ul>\n\n\n\n<hr class=\"wp-block-separator has-text-color has-orange-500-color has-alpha-channel-opacity has-orange-500-background-color has-background\"\/>\n\n\n\n<h2 class=\"wp-block-heading\" id=\"check-in-times\">Heures d&rsquo;enregistrement<\/h2>\n\n\n\n<p style=\"padding-bottom:var(--wp--preset--spacing--30)\">Tous les horaires indiqu\u00e9s sont ant\u00e9rieurs \u00e0 l&rsquo;heure de d\u00e9part pr\u00e9vue de votre vol.<\/p>\n\n\n\n<figure class=\"wp-block-table\"><table class=\"has-fixed-layout\"><thead><tr><th scope=\"col\">A\u00e9roport<\/th><th scope=\"col\">Enregistrement recommand\u00e9<\/th><th scope=\"col\">Fermeture de l&rsquo;enregistrement<\/th><th scope=\"col\">Fermeture de l&rsquo;acceptation des bagages<\/th><\/tr><\/thead><tbody><tr><th scope=\"row\">A\u00e9roport Perimeter Aviation\n            <\/th><td>90 minutes<\/td><td>45 minutes<\/td><td>45 minutes<\/td><\/tr><tr><th scope=\"row\">A\u00e9roport international de Winnipeg Richardson\n            <\/th><td>90 minutes<\/td><td>45 minutes<\/td><td>45 minutes<\/td><\/tr><tr><th scope=\"row\">Thompson\n            <\/th><td>90 minutes<\/td><td>45 minutes<\/td><td>45 minutes<\/td><\/tr><tr><th scope=\"row\">Thunder Bay, Sudbury, North Bay, Sault Ste. Marie\n            <\/th><td>60 minutes<\/td><td>30 minutes<\/td><td>30 minutes<\/td><\/tr><tr><th scope=\"row\">Tous les autres a\u00e9roports\n            <\/th><td>60 minutes<\/td><td>30 minutes<\/td><td>30 minutes<\/td><\/tr><\/tbody><\/table><\/figure>\n\n\n\n<p style=\"padding-top:var(--wp--preset--spacing--30)\">Le non-respect de ces d\u00e9lais peut entra\u00eener l&rsquo;annulation de votre r\u00e9servation et l&rsquo;impossibilit\u00e9 de b\u00e9n\u00e9ficier d&rsquo;une compensation pour refus d&#8217;embarquement. En fonction du billet achet\u00e9, il peut \u00e9galement entra\u00eener la perte du prix du billet. <\/p>\n\n\n\n<hr class=\"wp-block-separator has-text-color has-orange-500-color has-alpha-channel-opacity has-orange-500-background-color has-background\"\/>\n\n\n\n<h2 class=\"wp-block-heading\">Embarquement<\/h2>\n\n\n\n<p>Nous vous encourageons \u00e0 vous rendre directement \u00e0 votre porte d&#8217;embarquement une fois l&rsquo;enregistrement termin\u00e9. Si vous n&rsquo;\u00eates pas \u00e0 la porte d&#8217;embarquement \u00e0 l&rsquo;heure de d\u00e9part pr\u00e9vue, l&#8217;embarquement vous sera refus\u00e9 et vous n&rsquo;aurez pas droit \u00e0 une compensation pour refus d&#8217;embarquement. <\/p>\n\n\n\n<p>Si vous avez besoin d&rsquo;aide pour l&rsquo;enregistrement ou l&#8217;embarquement, pr\u00e9voyez plus de temps. Arrivez au plus tard 90 minutes avant l&rsquo;heure de d\u00e9part pr\u00e9vue et pr\u00e9venez l&rsquo;agent d&rsquo;enregistrement. <\/p>\n\n\n\n<p>\u00c0 l&rsquo;a\u00e9roport d&rsquo;aviation de Winnipeg, nous offrons un service de transport gratuit jusqu&rsquo;\u00e0 l&rsquo;avion. Ce service est strictement r\u00e9serv\u00e9 aux personnes ayant besoin d&rsquo;un peu plus d&rsquo;assistance. Vous \u00eates admissible si vous avez besoin d&rsquo;une aide \u00e0 la mobilit\u00e9 (l&rsquo;escorte est autoris\u00e9e en fonction des places disponibles), si vous \u00eates une personne \u00e2g\u00e9e ou si vous \u00eates un parent ou un tuteur voyageant avec un ou des enfants en bas \u00e2ge.  <\/p>\n\n\n\n<p>Pour en savoir plus sur les services que nous offrons aux passagers ayant des besoins sp\u00e9cifiques en mati\u00e8re de voyage, veuillez consulter la page <a href=\"https:\/\/perimeter.ca\/fr\/services-daccessibilite\/\" data-type=\"link\" data-id=\"https:\/\/perimeter.ca\/fr\/services-daccessibilite\/\">Services d&rsquo;accessibilit\u00e9<\/a>.<\/p>\n\n\n\n<hr class=\"wp-block-separator has-text-color has-orange-500-color has-alpha-channel-opacity has-orange-500-background-color has-background\"\/>\n\n\n\n<h2 class=\"wp-block-heading\">S\u00e9curit\u00e9<\/h2>\n\n\n\n<p>Nous op\u00e9rons dans de nombreux a\u00e9roports, chacun ayant des protocoles de s\u00e9curit\u00e9 et des temps d&rsquo;attente diff\u00e9rents. Si vous voyagez en p\u00e9riode de pointe ou pendant les vacances, pr\u00e9voyez de vous y prendre \u00e0 l&rsquo;avance. <\/p>\n\n\n\n<p>Une fois l&rsquo;enregistrement effectu\u00e9, il vous incombe de vous assurer que vous disposez de suffisamment de temps pour passer les contr\u00f4les de s\u00e9curit\u00e9 et vous pr\u00e9senter \u00e0 la porte d&#8217;embarquement. L&rsquo;acceptation d&rsquo;un passager par le biais de l&rsquo;enregistrement \u00e0 l&rsquo;a\u00e9roport ou en ligne ne garantit pas que l&rsquo;avion sera retenu au-del\u00e0 du d\u00e9part pr\u00e9vu. <\/p>\n\n\n\n<p>Pour un aper\u00e7u complet des proc\u00e9dures de s\u00e9curit\u00e9 \u00e0 l&rsquo;a\u00e9roport Perimeter Aviation, visitez notre section <a href=\"https:\/\/perimeter.ca\/fr\/securite\/\">S\u00e9curit\u00e9<\/a>.<\/p>\n\n\n\n<div style=\"height:55px\" aria-hidden=\"true\" class=\"wp-block-spacer\"><\/div>\n","protected":false},"excerpt":{"rendered":"<p>Ce qu&rsquo;il faut v\u00e9rifier Enregistrement en ligne L&rsquo;enregistrement en ligne est rapide, facile et \u00e0 port\u00e9e de clic. Vous pouvez vous enregistrer en ligne \u00e0 partir de 24 heures avant l&rsquo;heure de d\u00e9part pr\u00e9vue pour tous les vols de la marque Bearskin Airlines et pour les vols au d\u00e9part de l&rsquo;a\u00e9roport Perimeter Aviation ou de &hellip;<\/p>\n","protected":false},"author":18,"featured_media":0,"parent":0,"menu_order":0,"comment_status":"closed","ping_status":"closed","template":"template-narrow.blade.php","meta":{"_acf_changed":false,"footnotes":""},"class_list":["post-1901","page","type-page","status-publish","hentry"],"acf":[],"_links":{"self":[{"href":"https:\/\/perimeter.ca\/fr\/wp-json\/wp\/v2\/pages\/1901","targetHints":{"allow":["GET"]}}],"collection":[{"href":"https:\/\/perimeter.ca\/fr\/wp-json\/wp\/v2\/pages"}],"about":[{"href":"https:\/\/perimeter.ca\/fr\/wp-json\/wp\/v2\/types\/page"}],"author":[{"embeddable":true,"href":"https:\/\/perimeter.ca\/fr\/wp-json\/wp\/v2\/users\/18"}],"replies":[{"embeddable":true,"href":"https:\/\/perimeter.ca\/fr\/wp-json\/wp\/v2\/comments?post=1901"}],"version-history":[{"count":0,"href":"https:\/\/perimeter.ca\/fr\/wp-json\/wp\/v2\/pages\/1901\/revisions"}],"wp:attachment":[{"href":"https:\/\/perimeter.ca\/fr\/wp-json\/wp\/v2\/media?parent=1901"}],"curies":[{"name":"wp","href":"https:\/\/api.w.org\/{rel}","templated":true}]}}