{"id":1902,"date":"2024-06-18T16:34:49","date_gmt":"2024-06-18T21:34:49","guid":{"rendered":"https:\/\/perimeter.ca\/demande-de-remboursement\/"},"modified":"2024-10-09T08:50:23","modified_gmt":"2024-10-09T13:50:23","slug":"demande-de-remboursement","status":"publish","type":"page","link":"https:\/\/perimeter.ca\/fr\/demande-de-remboursement\/","title":{"rendered":"Demande de remboursement"},"content":{"rendered":"<div\n  class=\"wp-block-section section bg-cover vdi-section-background\"\n  style=\"\"\n    \n>\n\n\n  \n  \n  \n      <div class=\"md:container content-wrapper py-section max-w-1080\">\n      \n\n<h2 class=\"wp-block-heading\">Demande de remboursement<\/h2>\n\n\n\n<p>Si vous engagez des d\u00e9penses en raison d&rsquo;un incident de retard ou de d\u00e9t\u00e9rioration des bagages qui est de notre ressort, vous avez le droit de pr\u00e9senter une demande de remboursement \u00e0 Perimeter Aviation.\nNous \u00e9valuerons les demandes de remboursement pour des d\u00e9penses raisonnables conformes \u00e0 nos directives.\nVeuillez vous assurer que votre demande comprend tous les re\u00e7us d\u00e9taill\u00e9s n\u00e9cessaires.    <\/p>\n\n\n\n<p>Apr\u00e8s approbation, vous recevrez des instructions de remboursement \u00e0 l&rsquo;adresse \u00e9lectronique que vous avez fournie, vous proposant diff\u00e9rentes m\u00e9thodes de paiement \u00e9lectronique.\nVous pouvez \u00e9galement opter pour un bon ou un ch\u00e8que. <\/p>\n\n\n\n<h3 class=\"wp-block-heading\">Lignes directrices<\/h3>\n\n\n\n<p>Montant du remboursement : Nous sugg\u00e9rons un maximum de 100 $ pour les premi\u00e8res 48 heures si vos bagages sont retard\u00e9s.<\/p>\n\n\n\n<p>Perimeter Aviation n&rsquo;est pas responsable de la d\u00e9t\u00e9rioration d&rsquo;articles p\u00e9rissables retard\u00e9s en transit.<\/p>\n\n\n\n<p>Toutes les d\u00e9penses provisoires doivent \u00eatre soumises dans les 21 jours \u00e0 compter de la date \u00e0 laquelle vous avez re\u00e7u vos bagages ou de la date \u00e0 laquelle la demande a \u00e9t\u00e9 trait\u00e9e. Toutes les demandes de remboursement pr\u00e9sent\u00e9es dans un d\u00e9lai sup\u00e9rieur \u00e0 21 jours seront automatiquement refus\u00e9es.<\/p>\n\n\n\n<p>Exclusions : Veuillez noter que Perimeter Aviation et Bearskin Airlines ne couvrent pas les remboursements pour les marchandises dangereuses, les frais d&rsquo;itin\u00e9rance cellulaire, les divertissements, les sports ou les excursions manqu\u00e9s, les salaires perdus ou les correspondances manqu\u00e9es avec des compagnies a\u00e9riennes non partenaires.<\/p>\n\n\n\n<p>Soumission par des tiers : Si un agent de voyage ou un autre organisateur tiers soumet ce formulaire au nom d&rsquo;un passager, toutes les informations fournies doivent \u00eatre compl\u00e8tes et exactes et se rapporter sp\u00e9cifiquement au voyageur. Les remboursements seront effectu\u00e9s directement au voyageur uniquement.<\/p>\n\n\n\n<p><strong>Veuillez noter que vous recevrez automatiquement une copie de votre correspondance.<\/strong><\/p>\n\n\n    <\/div>\n  \n<\/div>\n\n\n<style>\n  .frameWrap {\n    min-height: 1370px !important;\n  }\n<\/style>\n\n<section class=\"frameWrap w-full mx-auto md:max-w-1080 overflow-hidden pb-12\">\n  <iframe\n    id=\"JotFormIFrame-242775628758979\"\n    title=\"Demande de remboursement de frais\"\n    allow=\"geolocation; microphone; camera; fullscreen\"\n    src=\"https:\/\/perimeteraviationlp.jotform.com\/242775628758979\"\n    style=\"width: 100%; max-width: 1080px; height: 1370px !important; border:none; overflow: hidden;\"\n    scrolling=\"no\"\n  >\n  <\/iframe>\n<\/section>\n\n<script src='https:\/\/perimeteraviationlp.jotform.com\/s\/umd\/latest\/for-form-embed-handler.js'><\/script>\n\n<script>\n  window.jotformEmbedHandler(\"iframe[id='JotFormIFrame-242775628758979']\", \"https:\/\/perimeteraviationlp.jotform.com\/\")\n<\/script>\n","protected":false},"excerpt":{"rendered":"","protected":false},"author":18,"featured_media":0,"parent":0,"menu_order":0,"comment_status":"closed","ping_status":"closed","template":"template-narrow.blade.php","meta":{"_acf_changed":true,"footnotes":""},"class_list":["post-1902","page","type-page","status-publish","hentry"],"acf":[],"_links":{"self":[{"href":"https:\/\/perimeter.ca\/fr\/wp-json\/wp\/v2\/pages\/1902","targetHints":{"allow":["GET"]}}],"collection":[{"href":"https:\/\/perimeter.ca\/fr\/wp-json\/wp\/v2\/pages"}],"about":[{"href":"https:\/\/perimeter.ca\/fr\/wp-json\/wp\/v2\/types\/page"}],"author":[{"embeddable":true,"href":"https:\/\/perimeter.ca\/fr\/wp-json\/wp\/v2\/users\/18"}],"replies":[{"embeddable":true,"href":"https:\/\/perimeter.ca\/fr\/wp-json\/wp\/v2\/comments?post=1902"}],"version-history":[{"count":0,"href":"https:\/\/perimeter.ca\/fr\/wp-json\/wp\/v2\/pages\/1902\/revisions"}],"wp:attachment":[{"href":"https:\/\/perimeter.ca\/fr\/wp-json\/wp\/v2\/media?parent=1902"}],"curies":[{"name":"wp","href":"https:\/\/api.w.org\/{rel}","templated":true}]}}