{"id":1906,"date":"2024-06-07T14:37:10","date_gmt":"2024-06-07T19:37:10","guid":{"rendered":"https:\/\/perimeter.ca\/horaires-de-vol\/"},"modified":"2024-09-27T10:56:17","modified_gmt":"2024-09-27T15:56:17","slug":"horaires-de-vol","status":"publish","type":"page","link":"https:\/\/perimeter.ca\/fr\/horaires-de-vol\/","title":{"rendered":"Horaires de vol"},"content":{"rendered":"\n<div style=\"height:55px\" aria-hidden=\"true\" class=\"wp-block-spacer\"><\/div>\n\n\n\n<h2 class=\"wp-block-heading\">Horaires de vol<\/h2>\n\n\n\n<p>Que vous planifiez un voyage d&rsquo;affaires ou des vacances, vous trouverez une liste coh\u00e9rente de nos vols afin de disposer de tous les d\u00e9tails n\u00e9cessaires \u00e0 un voyage sans encombre.\nPour obtenir les informations les plus r\u00e9centes sur les vols, veuillez toujours v\u00e9rifier le statut du vol ou utiliser l&rsquo;outil de r\u00e9servation.   <strong>Nous nous r\u00e9jouissons de pouvoir vous aider \u00e0 atteindre votre destination avec facilit\u00e9 et confiance !<\/strong><\/p>\n\n\n\n<figure class=\"wp-block-image size-large is-resized\"><img loading=\"lazy\" decoding=\"async\" width=\"1024\" height=\"683\" src=\"https:\/\/perimeter.ca\/wp-content\/uploads\/2024\/09\/Perimeter_Website-Shoot-33791-1024x683.jpg\" alt=\"\" class=\"wp-image-3312\" style=\"object-fit:cover;width:1080px;height:450px\" srcset=\"https:\/\/perimeter.ca\/wp-content\/uploads\/2024\/09\/Perimeter_Website-Shoot-33791-1024x683.jpg 1024w, https:\/\/perimeter.ca\/wp-content\/uploads\/2024\/09\/Perimeter_Website-Shoot-33791-300x200.jpg 300w, https:\/\/perimeter.ca\/wp-content\/uploads\/2024\/09\/Perimeter_Website-Shoot-33791-768x512.jpg 768w, https:\/\/perimeter.ca\/wp-content\/uploads\/2024\/09\/Perimeter_Website-Shoot-33791-1536x1024.jpg 1536w, https:\/\/perimeter.ca\/wp-content\/uploads\/2024\/09\/Perimeter_Website-Shoot-33791-scaled.jpg 2048w\" sizes=\"auto, (max-width: 1024px) 100vw, 1024px\" \/><\/figure>\n\n\n\n<div style=\"height:30px\" aria-hidden=\"true\" class=\"wp-block-spacer\"><\/div>\n\n\n\n<ul class=\"wp-block-list\">\n<li><a href=\"\/wp-content\/uploads\/2024\/08\/PA_Flight-Schedule_BROCHET_01Jul24_V1.pdf\">Horaire des vols du Brochet (PDF)<\/a><\/li>\n\n\n\n<li><a href=\"\/wp-content\/uploads\/2024\/08\/PA_Flight-Schedule_CROSS-LAKE_01May24_V1.pdf\">Horaire des vols de Cross Lake (PDF)<\/a><\/li>\n\n\n\n<li><a href=\"\/wp-content\/uploads\/2024\/08\/PA_Flight-Schedule_DEER-LAKE_01Oct23_V1.pdf\">Horaire des vols \u00e0 Deer Lake (PDF)<\/a><\/li>\n\n\n\n<li><a href=\"\/wp-content\/uploads\/2024\/08\/PA_Flight-Schedule_GODS-LAKE-NARROWS_06Feb24_V1.pdf\">Horaires de vol du God&rsquo;s Lake Narrows (PDF)<\/a><\/li>\n\n\n\n<li><a href=\"\/wp-content\/uploads\/2024\/08\/PA_Flight-Schedule_GODS-RIVER_06Feb24_V1.pdf\">Horaire des vols de la rivi\u00e8re de Dieu (PDF)<\/a><\/li>\n\n\n\n<li><a href=\"\/wp-content\/uploads\/2024\/08\/PA_Flight-Schedule_ISLAND-LAKE_01Sep24_V1-1.pdf\">Horaires de vol du lac Island (PDF)<\/a><\/li>\n\n\n\n<li><a href=\"\/wp-content\/uploads\/2024\/08\/PA_Flight-Schedule_LAC-BROCHET_01Jul24_V1.pdf\">Horaire des vols du Lac Brochet (PDF)<\/a><\/li>\n\n\n\n<li><a href=\"\/wp-content\/uploads\/2024\/08\/PA_Flight-Schedule_NORTH-SPIRIT-LAKE_01Feb24_V1.pdf\">Horaire des vols du lac North Spirit (PDF)<\/a><\/li>\n\n\n\n<li><a href=\"\/wp-content\/uploads\/2024\/08\/PA_Flight-Schedule_NORWAY-HOUSE_01May24_V1.pdf\">Horaire des vols de Norway House (PDF)<\/a><\/li>\n\n\n\n<li><a href=\"\/wp-content\/uploads\/2024\/08\/PA_Flight-Schedule_OXFORD-HOUSE_06Feb24_V1.pdf\">Horaire des vols de la Maison d&rsquo;Oxford (PDF)<\/a><\/li>\n\n\n\n<li><a href=\"\/wp-content\/uploads\/2024\/08\/PA_Flight-Schedule_PIKANGIKUM_01Feb24_V1.pdf\">Horaire des vols de Pikangikum (PDF)<\/a><\/li>\n\n\n\n<li><a href=\"\/wp-content\/uploads\/2024\/08\/PA_Flight-Schedule_RED-SUCKER-LAKE_01Sep24_V1.pdf\">Horaire des vols au lac Red Sucker (PDF)<\/a><\/li>\n\n\n\n<li><a href=\"\/wp-content\/uploads\/2024\/08\/PA_Flight-Schedule_SACHIGO-LAKE_01Oct23_V2.pdf\">Horaire des vols au lac Sachigo (PDF)<\/a><\/li>\n\n\n\n<li><a href=\"\/wp-content\/uploads\/2024\/08\/PA_Flight-Schedule_SANDY-LAKE_01Feb24_V1.pdf\">Horaire des vols au lac Sandy (PDF)<\/a><\/li>\n\n\n\n<li><a href=\"\/wp-content\/uploads\/2024\/08\/PA_Flight-Schedule_SHAMATTAWA_01Nov23_V1.pdf\">Horaire des vols de Shamattawa (PDF)<\/a><\/li>\n\n\n\n<li><a href=\"\/wp-content\/uploads\/2024\/08\/PA_Flight-Schedule_SOUTH-INDIAN-LAKE_01Jul24_V1.pdf\">Horaire des vols \u00e0 South Indian Lake (PDF)<\/a><\/li>\n\n\n\n<li><a href=\"\/wp-content\/uploads\/2024\/08\/PA_Flight-Schedule_ST-THERESA-PT_01Sep24_V1.pdf\">Horaire des vols de St. Theresa Point (PDF)<\/a><\/li>\n\n\n\n<li><a href=\"\/wp-content\/uploads\/2024\/08\/PA_Flight-Schedule_TADOULE-LAKE_01Feb24_V1.pdf\">Programme des vols du lac Tadoule (PDF)<\/a><\/li>\n\n\n\n<li><a href=\"\/wp-content\/uploads\/2024\/08\/PA_Flight-Schedule_YORK-LANDING_01Jul24_V1.pdf\">Horaire des vols de York Landing (PDF)<\/a><\/li>\n<\/ul>\n\n\n<div class=\"wp-block-buttons align-with-content my-[1.2em]\">\n  <div class=\"flex flex-wrap justify-center sm:justify-start gap-4\">\n    \n<a class=\"btn wp-block-button\" href=\"https:\/\/booking.perimeter.ca\/flight-status\" target=\"\" target=\"\">\n          Statut du vol\n    <\/a>\n\n\n<a class=\"btn wp-block-button\" href=\"https:\/\/booking.perimeter.ca\/home\" target=\"\" target=\"\">\n          R\u00e9server un vol\n    <\/a>\n\n\n  <\/div>\n<\/div>\n\n\n\n<div style=\"height:55px\" aria-hidden=\"true\" class=\"wp-block-spacer\"><\/div>\n","protected":false},"excerpt":{"rendered":"<p>Horaires de vol Que vous planifiez un voyage d&rsquo;affaires ou des vacances, vous trouverez une liste coh\u00e9rente de nos vols afin de disposer de tous les d\u00e9tails n\u00e9cessaires \u00e0 un voyage sans encombre. Pour obtenir les informations les plus r\u00e9centes sur les vols, veuillez toujours v\u00e9rifier le statut du vol ou utiliser l&rsquo;outil de r\u00e9servation. &hellip;<\/p>\n","protected":false},"author":18,"featured_media":0,"parent":0,"menu_order":0,"comment_status":"closed","ping_status":"closed","template":"template-narrow.blade.php","meta":{"_acf_changed":false,"footnotes":""},"class_list":["post-1906","page","type-page","status-publish","hentry"],"acf":[],"_links":{"self":[{"href":"https:\/\/perimeter.ca\/fr\/wp-json\/wp\/v2\/pages\/1906","targetHints":{"allow":["GET"]}}],"collection":[{"href":"https:\/\/perimeter.ca\/fr\/wp-json\/wp\/v2\/pages"}],"about":[{"href":"https:\/\/perimeter.ca\/fr\/wp-json\/wp\/v2\/types\/page"}],"author":[{"embeddable":true,"href":"https:\/\/perimeter.ca\/fr\/wp-json\/wp\/v2\/users\/18"}],"replies":[{"embeddable":true,"href":"https:\/\/perimeter.ca\/fr\/wp-json\/wp\/v2\/comments?post=1906"}],"version-history":[{"count":0,"href":"https:\/\/perimeter.ca\/fr\/wp-json\/wp\/v2\/pages\/1906\/revisions"}],"wp:attachment":[{"href":"https:\/\/perimeter.ca\/fr\/wp-json\/wp\/v2\/media?parent=1906"}],"curies":[{"name":"wp","href":"https:\/\/api.w.org\/{rel}","templated":true}]}}