{"id":1909,"date":"2024-06-10T19:08:37","date_gmt":"2024-06-11T00:08:37","guid":{"rendered":"https:\/\/perimeter.ca\/formulaire-dindemnisation-des-vols\/"},"modified":"2024-10-09T08:43:52","modified_gmt":"2024-10-09T13:43:52","slug":"formulaire-dindemnisation-des-vols","status":"publish","type":"page","link":"https:\/\/perimeter.ca\/fr\/formulaire-dindemnisation-des-vols\/","title":{"rendered":"Formulaire d&rsquo;indemnisation des vols"},"content":{"rendered":"<div\n  class=\"wp-block-section section bg-cover vdi-section-background\"\n  style=\"\"\n    \n>\n\n\n  \n  \n  \n      <div class=\"md:container content-wrapper py-section max-w-1080\">\n      \n\n<h2 class=\"wp-block-heading\">Formulaire d&rsquo;indemnisation en cas de retard ou d&rsquo;annulation de vol<\/h2>\n\n\n\n<p>Sous certaines conditions, vous pouvez pr\u00e9tendre \u00e0 une indemnisation pour un vol retard\u00e9 ou annul\u00e9.<\/p>\n\n\n\n<p>Cette page pr\u00e9sente un bref aper\u00e7u des lignes directrices applicables en vertu du r\u00e8glement relatif \u00e0 la protection des passagers a\u00e9riens.<\/p>\n\n\n\n<p>En cas de divergence entre ce r\u00e9sum\u00e9 et les lois applicables, ces derni\u00e8res pr\u00e9vaudront.<\/p>\n\n\n\n<div style=\"height:30px\" aria-hidden=\"true\" class=\"wp-block-spacer\"><\/div>\n\n\n\n<h3 class=\"wp-block-heading\">Vous pouvez demander une indemnisation si<\/h3>\n\n\n\n<ul class=\"wp-block-list\">\n<li>votre arriv\u00e9e \u00e0 l&rsquo;a\u00e9roport de destination indiqu\u00e9 sur votre billet original est retard\u00e9e de trois heures ou plus pour des raisons qui sont de notre ressort (\u00e0 l&rsquo;exclusion des questions li\u00e9es \u00e0 la s\u00e9curit\u00e9) et non en raison de circonstances in\u00e9vitables (telles que des d\u00e9cisions relatives au contr\u00f4le du trafic a\u00e9rien, des conditions m\u00e9t\u00e9orologiques d\u00e9favorables, l&rsquo;instabilit\u00e9 politique ou des risques pour la s\u00e9curit\u00e9)<\/li>\n\n\n\n<li>vous avez d\u00e9pos\u00e9 votre demande dans l&rsquo;ann\u00e9e qui suit l&rsquo;arriv\u00e9e du dernier vol de votre voyage.<\/li>\n<\/ul>\n\n\n\n<div style=\"height:30px\" aria-hidden=\"true\" class=\"wp-block-spacer\"><\/div>\n\n\n\n<h3 class=\"wp-block-heading\">Vous ne pouvez pas pr\u00e9tendre \u00e0 une indemnisation si<\/h3>\n\n\n\n<ul class=\"wp-block-list\">\n<li>le vol a \u00e9t\u00e9 retard\u00e9 et arrive \u00e0 sa destination finale avec un retard de moins de trois heures<\/li>\n\n\n\n<li>votre voyage a \u00e9t\u00e9 affect\u00e9 par des circonstances \u00e9chappant au contr\u00f4le raisonnable de Perimeter Aviation ou de Bearskin Airline (telles que des d\u00e9cisions de contr\u00f4le du trafic a\u00e9rien, des conditions m\u00e9t\u00e9orologiques d\u00e9favorables ou des risques de s\u00e9curit\u00e9) et n&rsquo;\u00e9tait pas li\u00e9 \u00e0 la s\u00e9curit\u00e9.<\/li>\n<\/ul>\n\n\n\n<div style=\"height:30px\" aria-hidden=\"true\" class=\"wp-block-spacer\"><\/div>\n\n\n\n<h3 class=\"wp-block-heading\">Le montant de l&rsquo;indemnisation que vous pouvez recevoir :<\/h3>\n\n\n\n<p>Les niveaux d&rsquo;indemnisation des passagers touch\u00e9s par des perturbations de vol sont r\u00e9gis par le R\u00e8glement sur la protection des passagers a\u00e9riens (RPPA) du Canada. Conform\u00e9ment \u00e0 ce r\u00e8glement, nous verserons les indemnit\u00e9s minimales suivantes aux passagers admissibles en cas de retards et d&rsquo;annulations admissibles :<\/p>\n\n\n\n<figure class=\"wp-block-table\"><table class=\"has-fixed-layout\"><thead><tr><th><strong>Dur\u00e9e du d\u00e9lai<\/strong><\/th><th><strong>R\u00e9mun\u00e9ration \u00e9ligible<\/strong><\/th><\/tr><\/thead><tbody><tr><td>3 \u00e0 6 heures<\/td><td>$125<\/td><\/tr><tr><td>6 \u00e0 9 heures<\/td><td>$250<\/td><\/tr><tr><td>9 heures ou plus<\/td><td>$500<\/td><\/tr><\/tbody><\/table><\/figure>\n\n\n\n<p>L&rsquo;indemnisation est accord\u00e9e par trajet.\nL&rsquo;\u00e9ligibilit\u00e9 d\u00e9pend de la dur\u00e9e du retard de votre arriv\u00e9e \u00e0 destination et de la cause principale du retard. <\/p>\n\n\n\n<p>Si vous refusez de prendre d&rsquo;autres dispositions pour votre voyage et optez plut\u00f4t pour le remboursement de votre billet, vous pouvez pr\u00e9tendre \u00e0 une indemnisation pouvant aller jusqu&rsquo;\u00e0 125 dollars.<\/p>\n\n\n\n<p>L&rsquo;indemnisation sera propos\u00e9e sous forme de ch\u00e8que ou sous une forme \u00e9quivalente (y compris les paiements \u00e9lectroniques).\nToutefois, les passagers peuvent choisir d&rsquo;accepter d&rsquo;autres formes d&rsquo;indemnisation (par exemple, des bons de vol), qui doivent \u00eatre d&rsquo;une valeur sup\u00e9rieure et ne peuvent pas avoir de date d&rsquo;expiration. <\/p>\n\n\n\n<div style=\"height:30px\" aria-hidden=\"true\" class=\"wp-block-spacer\"><\/div>\n\n\n\n<h3 class=\"wp-block-heading\">Avant de poursuivre, veuillez pr\u00e9parer<\/h3>\n\n\n\n<ul class=\"wp-block-list\">\n<li>Informations sur les passagers<\/li>\n\n\n\n<li>Num\u00e9ro de r\u00e9servation du vol<\/li>\n\n\n\n<li>Dates de voyage<\/li>\n<\/ul>\n\n\n    <\/div>\n  \n<\/div>\n\n\n<style>\n  .frameWrap {\n    min-height: 1370px !important;\n  }\n<\/style>\n\n<section class=\"frameWrap w-full mx-auto md:max-w-1080 overflow-hidden pb-12\">\n  <iframe\n    id=\"JotFormIFrame-242775696483979\"\n    title=\"Retard ou annulation de vol\"\n    allow=\"geolocation; microphone; camera; fullscreen\"\n    src=\"https:\/\/perimeteraviationlp.jotform.com\/242775696483979\"\n    style=\"width: 100%; max-width: 1080px; height: 1370px !important; border:none; overflow: hidden;\"\n    scrolling=\"no\"\n  >\n  <\/iframe>\n<\/section>\n\n<script src='https:\/\/perimeteraviationlp.jotform.com\/s\/umd\/latest\/for-form-embed-handler.js'><\/script>\n\n<script>\n  window.jotformEmbedHandler(\"iframe[id='JotFormIFrame-242775696483979']\", \"https:\/\/perimeteraviationlp.jotform.com\/\")\n<\/script>\n","protected":false},"excerpt":{"rendered":"","protected":false},"author":18,"featured_media":0,"parent":0,"menu_order":0,"comment_status":"closed","ping_status":"closed","template":"template-narrow.blade.php","meta":{"_acf_changed":true,"footnotes":""},"class_list":["post-1909","page","type-page","status-publish","hentry"],"acf":[],"_links":{"self":[{"href":"https:\/\/perimeter.ca\/fr\/wp-json\/wp\/v2\/pages\/1909","targetHints":{"allow":["GET"]}}],"collection":[{"href":"https:\/\/perimeter.ca\/fr\/wp-json\/wp\/v2\/pages"}],"about":[{"href":"https:\/\/perimeter.ca\/fr\/wp-json\/wp\/v2\/types\/page"}],"author":[{"embeddable":true,"href":"https:\/\/perimeter.ca\/fr\/wp-json\/wp\/v2\/users\/18"}],"replies":[{"embeddable":true,"href":"https:\/\/perimeter.ca\/fr\/wp-json\/wp\/v2\/comments?post=1909"}],"version-history":[{"count":0,"href":"https:\/\/perimeter.ca\/fr\/wp-json\/wp\/v2\/pages\/1909\/revisions"}],"wp:attachment":[{"href":"https:\/\/perimeter.ca\/fr\/wp-json\/wp\/v2\/media?parent=1909"}],"curies":[{"name":"wp","href":"https:\/\/api.w.org\/{rel}","templated":true}]}}