{"id":1912,"date":"2024-06-10T19:05:25","date_gmt":"2024-06-11T00:05:25","guid":{"rendered":"https:\/\/perimeter.ca\/conseils-aux-voyageurs\/"},"modified":"2024-10-11T15:22:59","modified_gmt":"2024-10-11T20:22:59","slug":"conseils-aux-voyageurs","status":"publish","type":"page","link":"https:\/\/perimeter.ca\/fr\/conseils-aux-voyageurs\/","title":{"rendered":"Conseils aux voyageurs"},"content":{"rendered":"\n<div style=\"height:55px\" aria-hidden=\"true\" class=\"wp-block-spacer\"><\/div>\n\n\n\n<h2 class=\"wp-block-heading\">Avis de voyage<\/h2>\n\n\n\n<p>Nous nous engageons \u00e0 relier les horizons.  <\/p>\n\n\n\n<div style=\"height:30px\" aria-hidden=\"true\" class=\"wp-block-spacer\"><\/div>\n\n\n\n<h3 class=\"wp-block-heading\">Avis de voyage en cours<\/h3>\n\n\n\n<figure class=\"wp-block-table\"><table class=\"has-fixed-layout\"><thead><tr><th>A\u00e9roport (aller\/retour)<\/th><th>Avis<\/th><th>Pour les voyages sur ou entre<\/th><th>Date de publication<\/th><th>Informations compl\u00e9mentaires<\/th><\/tr><\/thead><tbody><tr><td>Lac de l&rsquo;\u00eele (YIV)<\/td><td>Brouillard \u00e9pais<\/td><td>22 mars 2024 &#8211; 26 mars 2024<\/td><td>22 mars 2024<\/td><td>Pour modifier une r\u00e9servation existante, veuillez nous contacter.<\/td><\/tr><tr><td>Oxford House (YOH)<\/td><td>\u00c9tat des pistes<\/td><td>22 mars 2024<\/td><td>22 mars 2024<\/td><td>Pour modifier une r\u00e9servation existante, veuillez nous contacter.<\/td><\/tr><tr><td>Shamattawa (ZTM)<\/td><td>Syst\u00e8me de temp\u00eate hivernale<\/td><td>22 mars 2024<\/td><td>22 mars 2024<\/td><td>Pour modifier une r\u00e9servation existante, veuillez nous contacter.<\/td><\/tr><\/tbody><\/table><\/figure>\n\n\n\n<p>V\u00e9rifiez le <a href=\"https:\/\/booking.perimeter.ca\/flight-status\" data-type=\"page\" data-id=\"666\">statut de votre vol<\/a> pour savoir si vos projets de voyage sont concern\u00e9s par ces avis.<\/p>\n\n\n\n<div style=\"height:55px\" aria-hidden=\"true\" class=\"wp-block-spacer\"><\/div>\n","protected":false},"excerpt":{"rendered":"<p>Avis de voyage Nous nous engageons \u00e0 relier les horizons. Avis de voyage en cours A\u00e9roport (aller\/retour) Avis Pour les voyages sur ou entre Date de publication Informations compl\u00e9mentaires Lac de l&rsquo;\u00eele (YIV) Brouillard \u00e9pais 22 mars 2024 &#8211; 26 mars 2024 22 mars 2024 Pour modifier une r\u00e9servation existante, veuillez nous contacter. Oxford House &hellip;<\/p>\n","protected":false},"author":18,"featured_media":0,"parent":0,"menu_order":0,"comment_status":"closed","ping_status":"closed","template":"template-narrow.blade.php","meta":{"_acf_changed":false,"footnotes":""},"class_list":["post-1912","page","type-page","status-publish","hentry"],"acf":[],"_links":{"self":[{"href":"https:\/\/perimeter.ca\/fr\/wp-json\/wp\/v2\/pages\/1912","targetHints":{"allow":["GET"]}}],"collection":[{"href":"https:\/\/perimeter.ca\/fr\/wp-json\/wp\/v2\/pages"}],"about":[{"href":"https:\/\/perimeter.ca\/fr\/wp-json\/wp\/v2\/types\/page"}],"author":[{"embeddable":true,"href":"https:\/\/perimeter.ca\/fr\/wp-json\/wp\/v2\/users\/18"}],"replies":[{"embeddable":true,"href":"https:\/\/perimeter.ca\/fr\/wp-json\/wp\/v2\/comments?post=1912"}],"version-history":[{"count":0,"href":"https:\/\/perimeter.ca\/fr\/wp-json\/wp\/v2\/pages\/1912\/revisions"}],"wp:attachment":[{"href":"https:\/\/perimeter.ca\/fr\/wp-json\/wp\/v2\/media?parent=1912"}],"curies":[{"name":"wp","href":"https:\/\/api.w.org\/{rel}","templated":true}]}}