{"id":1914,"date":"2024-06-04T18:31:47","date_gmt":"2024-06-04T23:31:47","guid":{"rendered":"https:\/\/perimeter.ca\/tarification-de-laffretement\/"},"modified":"2024-10-09T15:23:03","modified_gmt":"2024-10-09T20:23:03","slug":"tarification-de-laffretement","status":"publish","type":"page","link":"https:\/\/perimeter.ca\/fr\/tarification-de-laffretement\/","title":{"rendered":"Tarification de l&rsquo;affr\u00e8tement"},"content":{"rendered":"<section \n    data-image-on-left=\"\" \n    class=\"!-mt-section section--has-background bg-cover bg-no-repeat full-width-section mb-section !py-0 !min-h-[182px] lg:!min-h-[560px] !max-h-min h-full relative flex flex-col-reverse lg:!flex-col !items-center lg:mb-20\">\n    <div class=\"flex flex-col lg:flex-row container px-section !items-center !mx-auto  justify-start  gap-8 relative h-full w-full\">\n        <div class=\"h-full relative flex flex-col text-left mt-20 mb-20 md:mb-32 lg:my-32 lg:max-w-[60%] xl:max-w-[55%] 2xl:max-w-[50%] px-0 w-full text-start z-[100]\">\n            <div>\n                <h2 class=\"h2\">\n                    Structure des prix\n                <\/h2>\n                <p>Vous vous interrogez sur le co\u00fbt de l&rsquo;affr\u00e8tement de nos avions ? Notre tarification est bas\u00e9e sur un taux horaire, adapt\u00e9 \u00e0 vos besoins sp\u00e9cifiques. Cette approche globale tient compte de consid\u00e9rations telles que le type d&rsquo;appareil, la dur\u00e9e du voyage, les services de conciergerie, les frais d&rsquo;a\u00e9roport, les frais d&rsquo;\u00e9quipage et les frais g\u00e9n\u00e9raux.<\/p>\n\n            <\/div>\n                                <\/div>\n    <\/div>\n    <div class=\"w-full h-full lg:min-w-[35%] xl:min-w-[40%] 2xl:min-w-[45%] lg:!max-w-min !max-h-[370px] lg:!max-h-[95%] lg:absolute top-0  right-0  \">\n        <img decoding=\"async\" id=\"side-image\"\n            src=\"https:\/\/perimeter.ca\/wp-content\/uploads\/2024\/06\/Rectangle-668-e1723823906128.png\"\n            alt=\"\"\n            class=\"my-0 object-cover w-full h-full !max-h-[370px] lg:!max-h-[100%] !z-[50]  object-center lg:pr-0  rounded-bl-[98px]\" \/>\n    <\/div>\n        <img decoding=\"async\" id=\"sprinkle-1\"\n            src=\"https:\/\/perimeter.ca\/wp-content\/uploads\/2024\/06\/Bear-Paw3.png\" \n            alt=\"\" \n            class=\"-z-10 w-full object-cover md:max-w-[30%] h-auto my-0 absolute right-0 !mt-16 mr-8  lg:right-0 -bottom-[20%] lg:-bottom-[35%] \" \/>\n<\/section>\n\n\n\n<div class=\"wp-block-group is-layout-constrained wp-container-core-group-is-layout-b19b8825 wp-block-group-is-layout-constrained\">\n<h3 class=\"wp-block-heading\">Co\u00fbt total du temps de vol<\/h3>\n\n\n\n<p>Le principal facteur influen\u00e7ant le co\u00fbt de votre vol est la distance parcourue, mesur\u00e9e en milles terrestres. Le temps total facturable comprend les frais de positionnement, le temps de vol, avec un minimum standard de deux heures par jour et un maximum de 11 heures.<\/p>\n\n\n\n<div style=\"height:30px\" aria-hidden=\"true\" class=\"wp-block-spacer\"><\/div>\n\n\n\n<h3 class=\"wp-block-heading\">Disponibilit\u00e9 des vols en haute saison<\/h3>\n\n\n\n<p>Bien que nos co\u00fbts ne fluctuent pas, la disponibilit\u00e9 peut \u00eatre influenc\u00e9e par la p\u00e9riode du voyage. Les saisons de pointe et les jours f\u00e9ri\u00e9s peuvent conna\u00eetre une augmentation de la demande, ce qui a un impact sur la disponibilit\u00e9 des appareils et des \u00e9quipages. Rassurez-vous, nous nous effor\u00e7ons de vous guider \u00e0 travers les options possibles pour minimiser les fluctuations.<\/p>\n\n\n\n<div style=\"height:30px\" aria-hidden=\"true\" class=\"wp-block-spacer\"><\/div>\n\n\n\n<h3 class=\"wp-block-heading\">Type d&rsquo;avion<\/h3>\n\n\n\n<p>Le type et la taille de l\u2019avion jouent un r\u00f4le important dans la d\u00e9termination des co\u00fbts. En r\u00e8gle g\u00e9n\u00e9rale, les avions plus grands ont tendance \u00e0 engendrer des d\u00e9penses plus \u00e9lev\u00e9es. Veillez \u00e0 tirer le meilleur parti de l\u2019appareil que vous choisissez et renseignez-vous sur les capacit\u00e9s disponibles.<\/p>\n\n\n\n<div style=\"height:30px\" aria-hidden=\"true\" class=\"wp-block-spacer\"><\/div>\n\n\n\n<h3 class=\"wp-block-heading\">Services de conciergerie<\/h3>\n\n\n\n<p>Personnalisez votre voyage avec des options suppl\u00e9mentaires telles que la restauration en vol et l\u2019h\u00e9bergement. Ces services suppl\u00e9mentaires, disponibles moyennant un suppl\u00e9ment, contribueront \u00e0 am\u00e9liorer votre exp\u00e9rience globale de voyage.<\/p>\n\n\n\n<div style=\"height:30px\" aria-hidden=\"true\" class=\"wp-block-spacer\"><\/div>\n\n\n\n<h3 class=\"wp-block-heading\">Honoraires<\/h3>\n\n\n\n<p>Au-del\u00e0 des tarifs de base, prenez en compte les frais suppl\u00e9mentaires tels que les frais d\u2019a\u00e9roport, les frais de hangar, les frais d\u2019\u00e9quipage et les surcharges de carburant. Nous garantissons des discussions transparentes sur toutes les exigences, et ces frais sont int\u00e9gr\u00e9s dans votre prix final.<\/p>\n\n\n\n<div style=\"height:30px\" aria-hidden=\"true\" class=\"wp-block-spacer\"><\/div>\n\n\n\n<h3 class=\"wp-block-heading\">Tarifs de groupe<\/h3>\n\n\n\n<p>Explorez nos diverses options tarifaires, y compris les tarifs de groupe et les contrats flexibles \u00e0 court et \u00e0 long terme. Des forfaits sp\u00e9cialis\u00e9s, adapt\u00e9s \u00e0 des groupes tels que les mineurs et les travailleurs en d\u00e9placement, sont \u00e9galement disponibles. Veuillez nous contacter pour plus d\u2019informations sur ces offres exclusives.<\/p>\n\n\n\n<div style=\"height:55px\" aria-hidden=\"true\" class=\"wp-block-spacer\"><\/div>\n<\/div>\n\n\n<div class=\"charters-form full-width-section py-12\"\n     style=\"background-image: url('https:\/\/perimeter.ca\/wp-content\/uploads\/2024\/08\/elevate-your-experience-bg.jpg'); background-size: cover; background-position: center;\">\n    <div class=\"container mx-auto bg-opacity-90 p-8 rounded-lg\">\n        <div class=\"md:max-w-1080\">\n                            <h2 class=\"h2\">Am\u00e9liorez votre exp\u00e9rience<\/h2>\n            \n                            <div class=\"mt-4 text-lg text-gray-700\">\n                    <p>Notre \u00e9quipe de professionnels de l\u2019affr\u00e8tement est l\u00e0 pour vous fournir la meilleure solution possible pour vos besoins. D\u00e8s le moment o\u00f9 vous nous contactez, nous nous efforcerons de d\u00e9passer vos attentes.<\/p>\n<p><strong>Pour en savoir plus sur nos offres ou pour demander un devis personnalis\u00e9, veuillez remplir le formulaire ci-dessous ou contacter Charter Connexions.<\/strong><\/p>\n\n                <\/div>\n            \n            <div class=\"mt-6 flex flex-col md:flex-row prose-strong:!text-WCAGorange prose-a:!text-primary prose-p:my-2 md:gap-12\">\n                                    <p class=\"text-lg flex gap-4\">\n                        <strong>P: <\/strong>\n                        <a href=\"tel:1-888-831-8472\" class=\"break-all\">1-888-831-8472<\/a>\n                    <\/p>\n                \n                                    <p class=\"text-lg !text-WCAGorange flex gap-4\">\n                        <strong>E: <\/strong>\n                        <a href=\"mailto:charters@charterconnexions.com\" class=\"break-all\">charters@charterconnexions.com<\/a>\n                    <\/p>\n                            <\/div>\n        <\/div>\n    <\/div>\n\n    <\/div>\n\n<script>\n    window.addEventListener('DOMContentLoaded', function() {\n        const iframe = document.getElementById('FormIFrame');\n        const frameWrap = document.querySelector('.frameWrap');\n\n        function resizeIframe() {\n            iframe.style.height = `${frameWrap.offsetHeight}px`;\n        }\n        window.addEventListener('resize', resizeIframe);\n        resizeIframe();\n    });\n<\/script>\n\n\n<style>\n  .frameWrap {\n    min-height: 1370px !important;\n  }\n<\/style>\n\n<section class=\"frameWrap w-full mx-auto md:max-w-1080 overflow-hidden pb-12\">\n  <iframe\n    id=\"JotFormIFrame-242775349590973\"\n    title=\"Demande de devis pour un charter\"\n    allow=\"geolocation; microphone; camera; fullscreen\"\n    src=\"https:\/\/perimeteraviationlp.jotform.com\/242775349590973\"\n    style=\"width: 100%; max-width: 1080px; height: 1370px !important; border:none; overflow: hidden;\"\n    scrolling=\"no\"\n  >\n  <\/iframe>\n<\/section>\n\n<script src='https:\/\/perimeteraviationlp.jotform.com\/s\/umd\/latest\/for-form-embed-handler.js'><\/script>\n\n<script>\n  window.jotformEmbedHandler(\"iframe[id='JotFormIFrame-242775349590973']\", \"https:\/\/perimeteraviationlp.jotform.com\/\")\n<\/script>\n","protected":false},"excerpt":{"rendered":"<p>Co\u00fbt total du temps de vol Le principal facteur influen\u00e7ant le co\u00fbt de votre vol est la distance parcourue, mesur\u00e9e en milles terrestres. Le temps total facturable comprend les frais de positionnement, le temps de vol, avec un minimum standard de deux heures par jour et un maximum de 11 heures. Disponibilit\u00e9 des vols en &hellip;<\/p>\n","protected":false},"author":18,"featured_media":0,"parent":0,"menu_order":0,"comment_status":"closed","ping_status":"closed","template":"","meta":{"_acf_changed":true,"footnotes":""},"class_list":["post-1914","page","type-page","status-publish","hentry"],"acf":[],"_links":{"self":[{"href":"https:\/\/perimeter.ca\/fr\/wp-json\/wp\/v2\/pages\/1914","targetHints":{"allow":["GET"]}}],"collection":[{"href":"https:\/\/perimeter.ca\/fr\/wp-json\/wp\/v2\/pages"}],"about":[{"href":"https:\/\/perimeter.ca\/fr\/wp-json\/wp\/v2\/types\/page"}],"author":[{"embeddable":true,"href":"https:\/\/perimeter.ca\/fr\/wp-json\/wp\/v2\/users\/18"}],"replies":[{"embeddable":true,"href":"https:\/\/perimeter.ca\/fr\/wp-json\/wp\/v2\/comments?post=1914"}],"version-history":[{"count":0,"href":"https:\/\/perimeter.ca\/fr\/wp-json\/wp\/v2\/pages\/1914\/revisions"}],"wp:attachment":[{"href":"https:\/\/perimeter.ca\/fr\/wp-json\/wp\/v2\/media?parent=1914"}],"curies":[{"name":"wp","href":"https:\/\/api.w.org\/{rel}","templated":true}]}}