{"id":1915,"date":"2024-06-07T14:40:48","date_gmt":"2024-06-07T19:40:48","guid":{"rendered":"https:\/\/perimeter.ca\/carte-de-litineraire\/"},"modified":"2024-09-24T15:32:05","modified_gmt":"2024-09-24T20:32:05","slug":"carte-de-litineraire","status":"publish","type":"page","link":"https:\/\/perimeter.ca\/fr\/carte-de-litineraire\/","title":{"rendered":"Carte de l&rsquo;itin\u00e9raire"},"content":{"rendered":"\n<h2 class=\"wp-block-heading\">Carte de l&rsquo;itin\u00e9raire<\/h2>\n\n<p>Explorez le Manitoba et l&rsquo;Ontario avec nous !\nNotre carte routi\u00e8re est votre porte d&rsquo;entr\u00e9e pour d\u00e9couvrir un vaste r\u00e9seau de destinations.\nQue vous planifiez une journ\u00e9e d&rsquo;activit\u00e9s sur le front de mer de Thunder Bay, que vous vous lanciez dans une aventure nordique en plein air ou que vous partiez en voyage d&rsquo;affaires, nous esp\u00e9rons vous inspirer.\nCommencez \u00e0 r\u00eaver de votre prochaine destination et laissez-nous vous y emmener.   <\/p>\n\n<div style=\"height:var(--wp--preset--spacing--70)\" aria-hidden=\"true\" class=\"wp-block-spacer\"><\/div>\n<div class=\"relative\">\n  <a class=\"skip-link\" href=\"#endMap\">\n    Passer la carte  <\/a>\n  <div id=\"map\"><\/div>\n  <div id=\"endMap\"><\/div>\n<\/div>\n\n<script>\n  \/\/ Map config\n  let config = {\n    minZoom: 4,\n    maxZoom: 18,\n    zoomSnap: 0.5,\n  };\n\n  \/\/ Magnification with which the map will start\n  const zoom = 5;\n\n  \/\/ Map center coordinates\n  const lat = 53.5089;\n  const lng = -92.1003;\n\n  \/\/ Coordinate array with popup text\n  let points = [\n    [57.886896624160855, -101.68169822328287, \"Brochet\"],\n    [54.608930304862504, -97.76840887514595, \"Lac Cross\"],\n    [52.6518865620196, -94.05742328458663, \"Lac Deer\"],\n    [54.55366372503901, -94.48157751540228, \"Le goulet du lac de Dieu\"],\n    [54.839015406994946, -94.07838061724085, \"Le fleuve de Dieu\"],\n    [53.85609454912367, -94.65650590194244, \"Lac de l'\u00eele\"],\n    [58.61924454314814, -101.46966084036025, \"Lac Brochet\"],\n    [46.357497762829546, -79.42688555809008, \"Baie du Nord\"],\n    [52.490356756612485, -92.97565148463607, \"Lac Spirit Nord\"],\n    [53.95965959418636, -97.84335741542978, \"Maison de la Norv\u00e8ge\"],\n    [54.93068214843406, -95.28715331723657, \"Maison d'Oxford\"],\n    [51.81842411022841, -93.97257652901908, \"Pikangikum\"],\n    [51.0686034300962, -93.80081674088696, \"Lac Rouge\"],\n    [54.170010881150155, -93.5635401430472, \"Lac Red Sucker\"],\n    [53.8914169037264, -92.19816497310482, \"Lac Sachigo\"],\n    [53.06207209303072, -93.34341118446055, \"Lac Sandy\"],\n    [46.48311660958991, -84.50615285808489, \"Sault Ste. Marie\"],\n    [55.85839718339496, -92.08552459892726, \"Shamattawa\"],\n    [50.1152129488112, -91.90267018676641, \"Sioux Lookout\"],\n    [56.7946140069887, -98.90864680180482, \"Lac indien sud\"],\n    [53.843239240390844, -94.85272833236613, \"Theresa Point\"],\n    [46.62610344292029, -80.79886260999291, \"Sudbury\"],\n    [58.70927769667783, -98.50320785938456, \"Lac Tadoule\"],\n    [55.7976964756998, -97.86084083068803, \"Thompson\"],\n    [48.3720720315228, -89.31213345985745, \"Thunder Bay\"],\n    [49.894030137443224, -97.21976107328399, \"Winnipeg (Terminal P\u00e9rim\u00e8tre)\"],\n    [49.909884642870914, -97.23651107761299, \"Winnipeg (International)\"],\n    [56.089913598321125, -96.0918327595102, \"York Landing\"],\n];\n\n  document.addEventListener(\"DOMContentLoaded\", function () {\n    const map = L.map(\"map\", config).setView([lat, lng], zoom);\n\n    \/\/ Used to load and display tile layers on the map\n    \/\/ Most tile servers require attribution, which you can set under `Layer`\n    L.tileLayer(\"https:\/\/tile.openstreetmap.org\/{z}\/{x}\/{y}.png\", {\n      attribution: '&copy; <a href=\"https:\/\/www.openstreetmap.org\/copyright\">OpenStreetMap<\/a>',\n    }).addTo(map);\n\n    \/\/ loop that adds many markers to the map\n    for (let i = 0; i < points.length; i++) {\n      const [lat, lng, popupText]=points[i];\n\n      marker=new L.marker([lat, lng], {alt: popupText}).bindPopup(popupText).addTo(map);\n    }\n  });\n<\/script>\n","protected":false},"excerpt":{"rendered":"<p>Carte de l&rsquo;itin\u00e9raire Explorez le Manitoba et l&rsquo;Ontario avec nous ! Notre carte routi\u00e8re est votre porte d&rsquo;entr\u00e9e pour d\u00e9couvrir un vaste r\u00e9seau de destinations. Que vous planifiez une journ\u00e9e d&rsquo;activit\u00e9s sur le front de mer de Thunder Bay, que vous vous lanciez dans une aventure nordique en plein air ou que vous partiez en &hellip;<\/p>\n","protected":false},"author":18,"featured_media":0,"parent":0,"menu_order":0,"comment_status":"closed","ping_status":"closed","template":"template-narrow.blade.php","meta":{"_acf_changed":false,"footnotes":""},"class_list":["post-1915","page","type-page","status-publish","hentry"],"acf":[],"_links":{"self":[{"href":"https:\/\/perimeter.ca\/fr\/wp-json\/wp\/v2\/pages\/1915","targetHints":{"allow":["GET"]}}],"collection":[{"href":"https:\/\/perimeter.ca\/fr\/wp-json\/wp\/v2\/pages"}],"about":[{"href":"https:\/\/perimeter.ca\/fr\/wp-json\/wp\/v2\/types\/page"}],"author":[{"embeddable":true,"href":"https:\/\/perimeter.ca\/fr\/wp-json\/wp\/v2\/users\/18"}],"replies":[{"embeddable":true,"href":"https:\/\/perimeter.ca\/fr\/wp-json\/wp\/v2\/comments?post=1915"}],"version-history":[{"count":0,"href":"https:\/\/perimeter.ca\/fr\/wp-json\/wp\/v2\/pages\/1915\/revisions"}],"wp:attachment":[{"href":"https:\/\/perimeter.ca\/fr\/wp-json\/wp\/v2\/media?parent=1915"}],"curies":[{"name":"wp","href":"https:\/\/api.w.org\/{rel}","templated":true}]}}