{"id":1916,"date":"2024-06-06T19:30:08","date_gmt":"2024-06-07T00:30:08","guid":{"rendered":"https:\/\/perimeter.ca\/experience-de-la-charte\/"},"modified":"2024-10-09T15:17:04","modified_gmt":"2024-10-09T20:17:04","slug":"experience-de-la-charte","status":"publish","type":"page","link":"https:\/\/perimeter.ca\/fr\/experience-de-la-charte\/","title":{"rendered":"Solutions personnalis\u00e9es"},"content":{"rendered":"<section \n    data-image-on-left=\"1\" \n    class=\"!-mt-section section--has-background bg-cover bg-no-repeat full-width-section mb-section !py-0 !min-h-[182px] lg:!min-h-[560px] !max-h-min h-full relative flex flex-col-reverse lg:!flex-col !items-center lg:mb-20\">\n    <div class=\"flex flex-col lg:flex-row container px-section !items-center !mx-auto  justify-end  gap-8 relative h-full w-full\">\n        <div class=\"h-full relative flex flex-col text-left mt-20 mb-20 md:mb-32 lg:my-32 lg:max-w-[60%] xl:max-w-[55%] 2xl:max-w-[50%] px-0 w-full text-start z-[100]\">\n            <div>\n                <h2 class=\"h2\">\n                    Solutions personnalis\u00e9es\n                <\/h2>\n                <p>Que vous vous lanciez dans un voyage passionnant, que vous d\u00e9placiez une \u00e9quipe de professionnels ou que vous planifiez le rassemblement de vos proches, nous nous engageons \u00e0 vous guider \u00e0 chaque \u00e9tape du voyage afin de planifier vos besoins personnalis\u00e9s en mati\u00e8re de voyage.<\/p>\n\n            <\/div>\n                            <div class=\"reset mt-4 sm:mt-6 grid grid-cols-1 lg:grid-cols-2 justify-center lg:justify-start gap-y-4 gap-x-10\">\n                                            <div>\n                            <h3 class=\"h3\">Contactez nous<\/h3>\n                            <p>Commencez votre voyage en contactant notre \u00e9quipe d\u00e9vou\u00e9e. Nous sommes pr\u00eats \u00e0 discuter des d\u00e9tails importants et \u00e0 vous aider \u00e0 organiser votre voyage pour vous garantir une exp\u00e9rience sans faille. Demandez un devis ou une consultation en remplissant notre formulaire en quelques minutes.<\/p>\n\n                        <\/div>\n                                            <div>\n                            <h3 class=\"h3\">Consulter<\/h3>\n                            <p>Une fois que vous aurez entam\u00e9 la conversation, nos experts prendront le temps de comprendre vos besoins sp\u00e9cifiques. Qu&rsquo;il s&rsquo;agisse de destinations sp\u00e9cifiques, d&rsquo;horaires ou de pr\u00e9f\u00e9rences en mati\u00e8re d&rsquo;appareils, nous veillerons \u00e0 ce que votre affr\u00e8tement soit adapt\u00e9 \u00e0 vos attentes.<\/p>\n\n                        <\/div>\n                                            <div>\n                            <h3 class=\"h3\">D\u00e9tendez-vous<\/h3>\n                            <p>Une fois les d\u00e9tails r\u00e9gl\u00e9s et votre itin\u00e9raire personnalis\u00e9 en main, il est temps de se d\u00e9tendre. Notre \u00e9quipe s&rsquo;occupe de la logistique, ce qui vous permet de vous concentrer sur d&rsquo;autres aspects de votre voyage. Qu&rsquo;il s&rsquo;agisse de l&rsquo;organisation des services ou du suivi des d\u00e9tails importants, nous sommes l\u00e0 pour vous aider.<\/p>\n\n                        <\/div>\n                                            <div>\n                            <h3 class=\"h3\">D\u00e9collage !<\/h3>\n                            <p>Le jour J est arriv\u00e9 ! Dirigez-vous vers notre terminal d\u00e9di\u00e9 \u00e0 Charter Connexions, o\u00f9 notre \u00e9quipe \u00e9largie est pr\u00eate \u00e0 vous accueillir tout au long de la proc\u00e9dure d&#8217;embarquement. Au moment du d\u00e9collage, rappelez-vous que vous ne prenez pas n&rsquo;importe quel vol, mais un vol adapt\u00e9 \u00e0 vos besoins personnels.<\/p>\n\n                        <\/div>\n                                    <\/div>\n                                <\/div>\n    <\/div>\n    <div class=\"w-full h-full lg:min-w-[35%] xl:min-w-[40%] 2xl:min-w-[45%] lg:!max-w-min !max-h-[370px] lg:!max-h-[95%] lg:absolute top-0  left-0   lg:order-first \">\n        <img decoding=\"async\" id=\"side-image\"\n            src=\"https:\/\/perimeter.ca\/wp-content\/uploads\/2024\/06\/Rectangle-2-e1723574984629.png\"\n            alt=\"A group of 5 enjoying the magnificent view of the Northern Lights\"\n            class=\"my-0 object-cover w-full h-full !max-h-[370px] lg:!max-h-[100%] !z-[50]  object-center lg:pl-0  rounded-bl-[98px]\" \/>\n    <\/div>\n        <img decoding=\"async\" id=\"sprinkle-1\"\n            src=\"https:\/\/perimeter.ca\/wp-content\/uploads\/2024\/06\/Bear-Paw3.png\" \n            alt=\"\" \n            class=\"-z-10 w-full object-cover md:max-w-[30%] h-auto my-0 absolute right-0 !mt-16 mr-8  lg:right-0 bottom-0 \" \/>\n<\/section>\n\n\n<div class=\"charters-form full-width-section py-12\"\n     style=\"background-image: url('https:\/\/perimeter.ca\/wp-content\/uploads\/2024\/08\/elevate-your-experience-bg.jpg'); background-size: cover; background-position: center;\">\n    <div class=\"container mx-auto bg-opacity-90 p-8 rounded-lg\">\n        <div class=\"md:max-w-1080\">\n                            <h2 class=\"h2\">Am\u00e9liorez votre exp\u00e9rience<\/h2>\n            \n                            <div class=\"mt-4 text-lg text-gray-700\">\n                    <p>Notre \u00e9quipe de professionnels de l\u2019affr\u00e8tement est l\u00e0 pour vous fournir la meilleure solution possible pour vos besoins. D\u00e8s le moment o\u00f9 vous nous contactez, nous nous efforcerons de d\u00e9passer vos attentes.<\/p>\n<p><strong>Pour en savoir plus sur nos offres ou pour demander un devis personnalis\u00e9, veuillez remplir le formulaire ci-dessous ou contacter Charter Connexions.<\/strong><\/p>\n\n                <\/div>\n            \n            <div class=\"mt-6 flex flex-col md:flex-row prose-strong:!text-WCAGorange prose-a:!text-primary prose-p:my-2 md:gap-12\">\n                                    <p class=\"text-lg flex gap-4\">\n                        <strong>P: <\/strong>\n                        <a href=\"tel:1-888-831-8472\" class=\"break-all\">1-888-831-8472<\/a>\n                    <\/p>\n                \n                                    <p class=\"text-lg !text-WCAGorange flex gap-4\">\n                        <strong>E: <\/strong>\n                        <a href=\"mailto:charters@charterconnexions.com\" class=\"break-all\">charters@charterconnexions.com<\/a>\n                    <\/p>\n                            <\/div>\n        <\/div>\n    <\/div>\n\n    <\/div>\n\n<script>\n    window.addEventListener('DOMContentLoaded', function() {\n        const iframe = document.getElementById('FormIFrame');\n        const frameWrap = document.querySelector('.frameWrap');\n\n        function resizeIframe() {\n            iframe.style.height = `${frameWrap.offsetHeight}px`;\n        }\n        window.addEventListener('resize', resizeIframe);\n        resizeIframe();\n    });\n<\/script>\n\n\n<style>\n  .frameWrap {\n    min-height: 1370px !important;\n  }\n<\/style>\n\n<section class=\"frameWrap w-full mx-auto md:max-w-1080 overflow-hidden pb-12\">\n  <iframe\n    id=\"JotFormIFrame-242775349590973\"\n    title=\"Demande de devis pour un charter\"\n    allow=\"geolocation; microphone; camera; fullscreen\"\n    src=\"https:\/\/perimeteraviationlp.jotform.com\/242775349590973\"\n    style=\"width: 100%; max-width: 1080px; height: 1370px !important; border:none; overflow: hidden;\"\n    scrolling=\"no\"\n  >\n  <\/iframe>\n<\/section>\n\n<script src='https:\/\/perimeteraviationlp.jotform.com\/s\/umd\/latest\/for-form-embed-handler.js'><\/script>\n\n<script>\n  window.jotformEmbedHandler(\"iframe[id='JotFormIFrame-242775349590973']\", \"https:\/\/perimeteraviationlp.jotform.com\/\")\n<\/script>\n","protected":false},"excerpt":{"rendered":"","protected":false},"author":18,"featured_media":0,"parent":0,"menu_order":0,"comment_status":"closed","ping_status":"closed","template":"","meta":{"_acf_changed":true,"footnotes":""},"class_list":["post-1916","page","type-page","status-publish","hentry"],"acf":[],"_links":{"self":[{"href":"https:\/\/perimeter.ca\/fr\/wp-json\/wp\/v2\/pages\/1916","targetHints":{"allow":["GET"]}}],"collection":[{"href":"https:\/\/perimeter.ca\/fr\/wp-json\/wp\/v2\/pages"}],"about":[{"href":"https:\/\/perimeter.ca\/fr\/wp-json\/wp\/v2\/types\/page"}],"author":[{"embeddable":true,"href":"https:\/\/perimeter.ca\/fr\/wp-json\/wp\/v2\/users\/18"}],"replies":[{"embeddable":true,"href":"https:\/\/perimeter.ca\/fr\/wp-json\/wp\/v2\/comments?post=1916"}],"version-history":[{"count":0,"href":"https:\/\/perimeter.ca\/fr\/wp-json\/wp\/v2\/pages\/1916\/revisions"}],"wp:attachment":[{"href":"https:\/\/perimeter.ca\/fr\/wp-json\/wp\/v2\/media?parent=1916"}],"curies":[{"name":"wp","href":"https:\/\/api.w.org\/{rel}","templated":true}]}}