{"id":1919,"date":"2024-06-07T14:38:46","date_gmt":"2024-06-07T19:38:46","guid":{"rendered":"https:\/\/perimeter.ca\/voyages-en-groupe\/"},"modified":"2024-10-09T09:32:38","modified_gmt":"2024-10-09T14:32:38","slug":"voyages-en-groupe","status":"publish","type":"page","link":"https:\/\/perimeter.ca\/fr\/voyages-en-groupe\/","title":{"rendered":"Voyages en groupe"},"content":{"rendered":"\n<h2 class=\"wp-block-heading\">Demande de voyage de groupe<\/h2>\n\n\n\n<p>Toutes les demandes seront trait\u00e9es dans un d\u00e9lai de sept (7) jours ouvrables. Si vous ne recevez pas de r\u00e9ponse, veuillez appeler le Centre de service \u00e0 la client\u00e8le. Toutes les demandes de voyage de groupe doivent \u00eatre soumises au moins 30 jours avant la date de voyage souhait\u00e9e. Les demandes de voyage soumises moins de 30 jours \u00e0 l&rsquo;avance seront automatiquement refus\u00e9es.<\/p>\n\n\n\n<p>Pour en savoir plus sur les voyages de groupe et nos codes de conf\u00e9rence, consultez la page <a href=\"https:\/\/perimeter.ca\/fr\/groupes-et-evenements\/\">Voyages de groupe<\/a>.<\/p>\n\n\n\n<h3 class=\"wp-block-heading\">Clause de non-responsabilit\u00e9<\/h3>\n\n\n\n<p>La soumission d&rsquo;une demande de voyage de groupe ou d&rsquo;entreprise ne garantit pas son acceptation. Toutes les demandes sont examin\u00e9es en fonction de la disponibilit\u00e9, de la conformit\u00e9 et de l&rsquo;ad\u00e9quation avec nos capacit\u00e9s op\u00e9rationnelles. Nous vous remercions de comprendre que toutes les demandes ne peuvent pas \u00eatre satisfaites.<\/p>\n\n\n\n<p>Pour demander des tarifs de groupe, un minimum de 8 voyageurs est requis.<\/p>\n\n\n\n<p>Nous r\u00e9pondrons \u00e0 toutes les demandes dans un d\u00e9lai de sept (7) jours ouvrables. Si vous ne recevez pas de r\u00e9ponse, veuillez appeler notre Centre de service \u00e0 la client\u00e8le. Toutes les demandes de voyage de groupe doivent \u00eatre soumises au moins 30 jours avant la date de voyage souhait\u00e9e. Les demandes de voyage soumises moins de 30 jours \u00e0 l&rsquo;avance seront automatiquement refus\u00e9es.<\/p>\n\n\n\n<p>Pour en savoir plus sur les voyages de groupe et nos codes de conf\u00e9rence, consultez la page <a href=\"https:\/\/perimeter.ca\/fr\/groupes-et-evenements\/\">Voyages de groupe<\/a>.<\/p>\n\n\n\n<div style=\"height:64px\" aria-hidden=\"true\" class=\"wp-block-spacer\"><\/div>\n\n\n<style>\n  .frameWrap {\n    min-height: 1370px !important;\n  }\n<\/style>\n\n<section class=\"frameWrap w-full mx-auto md:max-w-1080 overflow-hidden pb-12\">\n  <iframe\n    id=\"JotFormIFrame-242775626231963\"\n    title=\"Demande de voyage de groupe\"\n    allow=\"geolocation; microphone; camera; fullscreen\"\n    src=\"https:\/\/perimeteraviationlp.jotform.com\/242775626231963\"\n    style=\"width: 100%; max-width: 1080px; height: 1370px !important; border:none; overflow: hidden;\"\n    scrolling=\"no\"\n  >\n  <\/iframe>\n<\/section>\n\n<script src='https:\/\/perimeteraviationlp.jotform.com\/s\/umd\/latest\/for-form-embed-handler.js'><\/script>\n\n<script>\n  window.jotformEmbedHandler(\"iframe[id='JotFormIFrame-242775626231963']\", \"https:\/\/perimeteraviationlp.jotform.com\/\")\n<\/script>\n","protected":false},"excerpt":{"rendered":"<p>Demande de voyage de groupe Toutes les demandes seront trait\u00e9es dans un d\u00e9lai de sept (7) jours ouvrables. Si vous ne recevez pas de r\u00e9ponse, veuillez appeler le Centre de service \u00e0 la client\u00e8le. Toutes les demandes de voyage de groupe doivent \u00eatre soumises au moins 30 jours avant la date de voyage souhait\u00e9e. Les &hellip;<\/p>\n","protected":false},"author":18,"featured_media":0,"parent":0,"menu_order":0,"comment_status":"closed","ping_status":"closed","template":"template-narrow.blade.php","meta":{"_acf_changed":true,"footnotes":""},"class_list":["post-1919","page","type-page","status-publish","hentry"],"acf":[],"_links":{"self":[{"href":"https:\/\/perimeter.ca\/fr\/wp-json\/wp\/v2\/pages\/1919","targetHints":{"allow":["GET"]}}],"collection":[{"href":"https:\/\/perimeter.ca\/fr\/wp-json\/wp\/v2\/pages"}],"about":[{"href":"https:\/\/perimeter.ca\/fr\/wp-json\/wp\/v2\/types\/page"}],"author":[{"embeddable":true,"href":"https:\/\/perimeter.ca\/fr\/wp-json\/wp\/v2\/users\/18"}],"replies":[{"embeddable":true,"href":"https:\/\/perimeter.ca\/fr\/wp-json\/wp\/v2\/comments?post=1919"}],"version-history":[{"count":0,"href":"https:\/\/perimeter.ca\/fr\/wp-json\/wp\/v2\/pages\/1919\/revisions"}],"wp:attachment":[{"href":"https:\/\/perimeter.ca\/fr\/wp-json\/wp\/v2\/media?parent=1919"}],"curies":[{"name":"wp","href":"https:\/\/api.w.org\/{rel}","templated":true}]}}