{"id":1920,"date":"2024-06-10T18:53:46","date_gmt":"2024-06-10T23:53:46","guid":{"rendered":"https:\/\/perimeter.ca\/articles-speciaux\/"},"modified":"2024-09-25T09:42:23","modified_gmt":"2024-09-25T14:42:23","slug":"articles-speciaux","status":"publish","type":"page","link":"https:\/\/perimeter.ca\/fr\/articles-speciaux\/","title":{"rendered":"Articles sp\u00e9ciaux"},"content":{"rendered":"\n<div style=\"height:55px\" aria-hidden=\"true\" class=\"wp-block-spacer\"><\/div>\n\n\n\n<h2 class=\"wp-block-heading\">Bagages sp\u00e9ciaux<\/h2>\n\n\n\n<p>Nous comprenons l&rsquo;importance de vos articles essentiels et nous nous engageons \u00e0 les prendre en charge.\nNotre objectif est de vous garantir une exp\u00e9rience de voyage sans faille, adapt\u00e9e \u00e0 vos besoins. <\/p>\n\n\n\n<div style=\"height:30px\" aria-hidden=\"true\" class=\"wp-block-spacer\"><\/div>\n\n\n\n<h3 class=\"wp-block-heading\">\u00c9quipement sportif<\/h3>\n\n\n\n<p>Les \u00e9quipements de p\u00eache, les clubs de golf et les autres \u00e9quipements sportifs doivent \u00eatre solidement emball\u00e9s dans une valise \u00e0 coque dure con\u00e7ue pour l&rsquo;exp\u00e9dition.  <\/p>\n\n\n\n<p>S&rsquo;ils sont emball\u00e9s diff\u00e9remment, ces articles ne seront accept\u00e9s qu&rsquo;avec une \u00e9tiquette Limited Release, qui doit \u00eatre sign\u00e9e lors de l&rsquo;enregistrement, indemnisant Perimeter Aviation\/Bearskin Airlines de tout dommage qui pourrait \u00eatre caus\u00e9.<\/p>\n\n\n\n<p>Tous les \u00e9quipements sportifs sont soumis aux restrictions de poids et de taille de la <a href=\"https:\/\/perimeter.ca\/fr\/allocation\/\" data-type=\"page\" data-id=\"787\">franchise bagages<\/a>. Consultez la liste des <a href=\"https:\/\/perimeter.ca\/fr\/articles-restreints-et-interdits\/\" data-type=\"page\" data-id=\"789\">articles restreints et interdits<\/a> pour conna\u00eetre la liste compl\u00e8te des \u00e9quipements sportifs autoris\u00e9s.<\/p>\n\n\n\n<div style=\"height:30px\" aria-hidden=\"true\" class=\"wp-block-spacer\"><\/div>\n\n\n\n<h3 class=\"wp-block-heading\">Fauteuils roulants et appareils d&rsquo;assistance<\/h3>\n\n\n\n<p>Si vous voyagez avec un fauteuil roulant, une aide \u00e0 la mobilit\u00e9 ou un appareil m\u00e9dical, vous pouvez emporter un de ces articles sans frais suppl\u00e9mentaires, en plus de la franchise de bagages standard.  <\/p>\n\n\n\n<p>Pour plus de d\u00e9tails, veuillez consulter notre page sur les <a href=\"https:\/\/perimeter.ca\/fr\/services-daccessibilite\/\" data-type=\"page\" data-id=\"649\">services d&rsquo;accessibilit\u00e9<\/a>. Pour plus d&rsquo;informations sur l&rsquo;acceptation des <a href=\"https:\/\/perimeter.ca\/fr\/articles-restreints-et-interdits\/#batteries\" data-type=\"page\" data-id=\"789\">piles<\/a>, reportez-vous \u00e0 la section <a href=\"https:\/\/perimeter.ca\/fr\/articles-restreints-et-interdits\/#batteries\" data-type=\"page\" data-id=\"789\">Piles<\/a> de la page <a href=\"https:\/\/perimeter.ca\/fr\/articles-restreints-et-interdits\/\" data-type=\"page\" data-id=\"789\">Articles r\u00e9glement\u00e9s et interdits<\/a>.<\/p>\n\n\n\n<div style=\"height:30px\" aria-hidden=\"true\" class=\"wp-block-spacer\"><\/div>\n\n\n\n<h3 class=\"wp-block-heading\">\u00c9quipement m\u00e9dical et m\u00e9dicaments<\/h3>\n\n\n\n<p>Nous vous recommandons d&#8217;emporter votre \u00e9quipement m\u00e9dical comme bagage \u00e0 main si les dimensions de ce dernier le permettent.\nLes m\u00e9dicaments doivent \u00eatre rang\u00e9s dans votre bagage personnel.\nBien que nous ne facturions pas de frais pour l&rsquo;\u00e9quipement m\u00e9dical, la plupart des dispositifs m\u00e9dicaux portables (PMED) doivent \u00eatre approuv\u00e9s pour le transport a\u00e9rien car ils contiennent des batteries qui sont class\u00e9es comme des marchandises dangereuses.  <\/p>\n\n\n\n<p>Veuillez consulter la page des <a href=\"https:\/\/perimeter.ca\/fr\/services-daccessibilite\/\" data-type=\"page\" data-id=\"649\">services d&rsquo;accessibilit\u00e9<\/a> bien avant la date de votre voyage pour vous assurer que ces articles arrivent \u00e0 bon port.<\/p>\n\n\n\n<div style=\"height:30px\" aria-hidden=\"true\" class=\"wp-block-spacer\"><\/div>\n\n\n\n<h3 class=\"wp-block-heading\">Instruments de musique<\/h3>\n\n\n\n<h4 class=\"wp-block-heading\">Petits instruments de musique<\/h4>\n\n\n\n<p>Vous pouvez emporter de petits instruments de musique \u00e0 bord dans votre bagage \u00e0 main, \u00e0 condition qu&rsquo;ils respectent les exigences en mati\u00e8re de taille et de poids.\nPendant toute la dur\u00e9e du vol, votre instrument doit \u00eatre rang\u00e9 en toute s\u00e9curit\u00e9 dans le compartiment \u00e0 bagages, sous le si\u00e8ge ou dans un autre endroit autoris\u00e9. <\/p>\n\n\n\n<div style=\"height:30px\" aria-hidden=\"true\" class=\"wp-block-spacer\"><\/div>\n\n\n\n<h4 class=\"wp-block-heading\">V\u00e9rification de votre instrument de musique<\/h4>\n\n\n\n<p>Pour les instruments trop grands pour \u00eatre transport\u00e9s en cabine, ils peuvent \u00eatre accept\u00e9s en tant que bagages \u00e0 main ou bagages enregistr\u00e9s.\nLes instruments de musique doivent \u00eatre emball\u00e9s dans un \u00e9tui rigide pour les prot\u00e9ger.\nS&rsquo;ils sont emball\u00e9s dans un \u00e9tui souple ou s&rsquo;ils ne sont pas emball\u00e9s de mani\u00e8re s\u00fbre, nous demandons aux passagers de signer une \u00e9tiquette de d\u00e9charge limit\u00e9e, qui d\u00e9gage Perimeter Aviation de toute responsabilit\u00e9.\nLa taille et le poids des bagages enregistr\u00e9s sont autoris\u00e9s.   <\/p>\n\n\n\n<div style=\"height:30px\" aria-hidden=\"true\" class=\"wp-block-spacer\"><\/div>\n\n\n\n<h4 class=\"wp-block-heading\">Vous emportez un instrument \u00e0 cordes ?<\/h4>\n\n\n\n<p>Lorsque vous voyagez avec un instrument \u00e0 cordes comme une guitare, il est important de d\u00e9tendre les cordes avant le voyage.\nCette pr\u00e9caution permet de minimiser le risque d&rsquo;endommager la t\u00eate de l&rsquo;instrument en raison des changements de temp\u00e9rature et de pression de l&rsquo;air pendant le vol. <\/p>\n\n\n\n<div style=\"height:30px\" aria-hidden=\"true\" class=\"wp-block-spacer\"><\/div>\n\n\n\n<h4 class=\"wp-block-heading\">Vous voyagez avec une compagnie a\u00e9rienne partenaire ?<\/h4>\n\n\n\n<p>Veuillez noter que les politiques en mati\u00e8re d&rsquo;instruments de musique peuvent varier d&rsquo;une compagnie a\u00e9rienne \u00e0 l&rsquo;autre.\nSi votre voyage comprend un vol op\u00e9r\u00e9 par un transporteur autre que Perimeter ou Bearskin, nous vous encourageons \u00e0 consulter le site web de la compagnie a\u00e9rienne concern\u00e9e pour conna\u00eetre ses politiques sp\u00e9cifiques, ses frais et ses conditions de transport. <\/p>\n\n\n\n<div style=\"height:30px\" aria-hidden=\"true\" class=\"wp-block-spacer\"><\/div>\n\n\n\n<h3 class=\"wp-block-heading\">\u00c9quipement pour enfants<\/h3>\n\n\n\n<h4 class=\"wp-block-heading\">Nourrisson port\u00e9 sur le ventre<\/h4>\n\n\n\n<p>Un \u00e9quipement pour enfant ou b\u00e9b\u00e9 (syst\u00e8me de retenue pour b\u00e9b\u00e9, parc pour enfants ou poussette) est autoris\u00e9 gratuitement et peut \u00eatre contr\u00f4l\u00e9 \u00e0 la porte lors de l&#8217;embarquement.\nAucune substitution n&rsquo;est autoris\u00e9e (par exemple, un chariot ou une poussette). <\/p>\n\n\n\n<p>Perimeter Aviation\/Bearskin Airlines n&rsquo;autorise que les dispositifs de retenue pour b\u00e9b\u00e9s et enfants approuv\u00e9s par Transports Canada \u00e0 \u00eatre utilis\u00e9s \u00e0 bord de l&rsquo;avion. Pour plus de d\u00e9tails sur les dispositifs de retenue pour b\u00e9b\u00e9s et enfants acceptables et non acceptables, veuillez consulter les <a href=\"https:\/\/perimeter.ca\/fr\/enfants-et-famille\/\" data-type=\"page\" data-id=\"887\">dispositifs de retenue approuv\u00e9s (si\u00e8ges d&rsquo;auto)<\/a>.<\/p>\n\n\n\n<div style=\"height:30px\" aria-hidden=\"true\" class=\"wp-block-spacer\"><\/div>\n\n\n\n<h4 class=\"wp-block-heading\">Enfant\/b\u00e9b\u00e9 payant<\/h4>\n\n\n\n<p>Les enfants payants b\u00e9n\u00e9ficient d&rsquo;une franchise de bagages normale.<\/p>\n\n\n\n<div style=\"height:55px\" aria-hidden=\"true\" class=\"wp-block-spacer\"><\/div>\n","protected":false},"excerpt":{"rendered":"<p>Bagages sp\u00e9ciaux Nous comprenons l&rsquo;importance de vos articles essentiels et nous nous engageons \u00e0 les prendre en charge. Notre objectif est de vous garantir une exp\u00e9rience de voyage sans faille, adapt\u00e9e \u00e0 vos besoins. \u00c9quipement sportif Les \u00e9quipements de p\u00eache, les clubs de golf et les autres \u00e9quipements sportifs doivent \u00eatre solidement emball\u00e9s dans une &hellip;<\/p>\n","protected":false},"author":18,"featured_media":0,"parent":0,"menu_order":0,"comment_status":"closed","ping_status":"closed","template":"template-narrow.blade.php","meta":{"_acf_changed":false,"footnotes":""},"class_list":["post-1920","page","type-page","status-publish","hentry"],"acf":[],"_links":{"self":[{"href":"https:\/\/perimeter.ca\/fr\/wp-json\/wp\/v2\/pages\/1920","targetHints":{"allow":["GET"]}}],"collection":[{"href":"https:\/\/perimeter.ca\/fr\/wp-json\/wp\/v2\/pages"}],"about":[{"href":"https:\/\/perimeter.ca\/fr\/wp-json\/wp\/v2\/types\/page"}],"author":[{"embeddable":true,"href":"https:\/\/perimeter.ca\/fr\/wp-json\/wp\/v2\/users\/18"}],"replies":[{"embeddable":true,"href":"https:\/\/perimeter.ca\/fr\/wp-json\/wp\/v2\/comments?post=1920"}],"version-history":[{"count":0,"href":"https:\/\/perimeter.ca\/fr\/wp-json\/wp\/v2\/pages\/1920\/revisions"}],"wp:attachment":[{"href":"https:\/\/perimeter.ca\/fr\/wp-json\/wp\/v2\/media?parent=1920"}],"curies":[{"name":"wp","href":"https:\/\/api.w.org\/{rel}","templated":true}]}}