{"id":1921,"date":"2024-06-07T14:39:28","date_gmt":"2024-06-07T19:39:28","guid":{"rendered":"https:\/\/perimeter.ca\/groupes-et-evenements\/"},"modified":"2024-09-25T11:08:17","modified_gmt":"2024-09-25T16:08:17","slug":"groupes-et-evenements","status":"publish","type":"page","link":"https:\/\/perimeter.ca\/fr\/groupes-et-evenements\/","title":{"rendered":"Groupes et \u00e9v\u00e9nements"},"content":{"rendered":"\n<div style=\"height:55px\" aria-hidden=\"true\" class=\"wp-block-spacer\"><\/div>\n\n\n\n<h2 class=\"wp-block-heading\">Groupes et \u00e9v\u00e9nements<\/h2>\n\n\n\n<p>Tout est meilleur lorsque vous le faites ensemble !\nQu&rsquo;il s&rsquo;agisse de r\u00e9unions, de conf\u00e9rences ou d&rsquo;\u00e9v\u00e9nements de groupe, nous proposons des solutions sur mesure qui garantissent un voyage sans encombre.\nExplorez nos options de voyage et planifiez votre voyage de groupe en toute confiance et en toute simplicit\u00e9.  <\/p>\n\n\n\n<div class=\"wp-block-columns is-layout-flex wp-container-core-columns-is-layout-9d6595d7 wp-block-columns-is-layout-flex\">\n<div class=\"wp-block-column is-layout-flow wp-block-column-is-layout-flow\">\n<figure class=\"wp-block-image size-large is-style-rounded\"><img loading=\"lazy\" decoding=\"async\" width=\"1024\" height=\"946\" src=\"https:\/\/perimeter.ca\/wp-content\/uploads\/2024\/09\/PER220929-031b_as-scaled-e1725908607874-1024x946.jpg\" alt=\"\" class=\"wp-image-3223\" style=\"aspect-ratio:1;object-fit:cover\" srcset=\"https:\/\/perimeter.ca\/wp-content\/uploads\/2024\/09\/PER220929-031b_as-scaled-e1725908607874-1024x946.jpg 1024w, https:\/\/perimeter.ca\/wp-content\/uploads\/2024\/09\/PER220929-031b_as-scaled-e1725908607874-300x277.jpg 300w, https:\/\/perimeter.ca\/wp-content\/uploads\/2024\/09\/PER220929-031b_as-scaled-e1725908607874-768x709.jpg 768w, https:\/\/perimeter.ca\/wp-content\/uploads\/2024\/09\/PER220929-031b_as-scaled-e1725908607874.jpg 1467w\" sizes=\"auto, (max-width: 1024px) 100vw, 1024px\" \/><\/figure>\n<\/div>\n\n\n\n<div class=\"wp-block-column is-layout-flow wp-block-column-is-layout-flow\">\n<figure class=\"wp-block-image size-large is-style-rounded\"><img loading=\"lazy\" decoding=\"async\" width=\"1024\" height=\"683\" src=\"https:\/\/perimeter.ca\/wp-content\/uploads\/2024\/09\/7R33612-Enhanced-NR-1024x683.jpg\" alt=\"\" class=\"wp-image-3321\" style=\"aspect-ratio:1;object-fit:cover\" srcset=\"https:\/\/perimeter.ca\/wp-content\/uploads\/2024\/09\/7R33612-Enhanced-NR-1024x683.jpg 1024w, https:\/\/perimeter.ca\/wp-content\/uploads\/2024\/09\/7R33612-Enhanced-NR-300x200.jpg 300w, https:\/\/perimeter.ca\/wp-content\/uploads\/2024\/09\/7R33612-Enhanced-NR-768x512.jpg 768w, https:\/\/perimeter.ca\/wp-content\/uploads\/2024\/09\/7R33612-Enhanced-NR-1536x1025.jpg 1536w, https:\/\/perimeter.ca\/wp-content\/uploads\/2024\/09\/7R33612-Enhanced-NR-scaled.jpg 2048w\" sizes=\"auto, (max-width: 1024px) 100vw, 1024px\" \/><\/figure>\n<\/div>\n\n\n\n<div class=\"wp-block-column is-layout-flow wp-block-column-is-layout-flow\">\n<figure class=\"wp-block-image size-large is-style-rounded\"><img loading=\"lazy\" decoding=\"async\" width=\"1024\" height=\"683\" src=\"https:\/\/perimeter.ca\/wp-content\/uploads\/2024\/09\/PER220929-036b_as-1024x683.jpg\" alt=\"\" class=\"wp-image-3323\" style=\"aspect-ratio:1;object-fit:cover\" srcset=\"https:\/\/perimeter.ca\/wp-content\/uploads\/2024\/09\/PER220929-036b_as-1024x683.jpg 1024w, https:\/\/perimeter.ca\/wp-content\/uploads\/2024\/09\/PER220929-036b_as-300x200.jpg 300w, https:\/\/perimeter.ca\/wp-content\/uploads\/2024\/09\/PER220929-036b_as-768x512.jpg 768w, https:\/\/perimeter.ca\/wp-content\/uploads\/2024\/09\/PER220929-036b_as-1536x1024.jpg 1536w, https:\/\/perimeter.ca\/wp-content\/uploads\/2024\/09\/PER220929-036b_as-scaled.jpg 2048w\" sizes=\"auto, (max-width: 1024px) 100vw, 1024px\" \/><\/figure>\n<\/div>\n<\/div>\n\n\n\n<div style=\"height:30px\" aria-hidden=\"true\" class=\"wp-block-spacer\"><\/div>\n\n\n\n<h3 class=\"wp-block-heading\">R\u00e9unions et conf\u00e9rences<\/h3>\n\n\n\n<p>Vous organisez une conf\u00e9rence ou vous y assistez ?\nAm\u00e9liorez votre exp\u00e9rience de voyage en groupe gr\u00e2ce \u00e0 nos tarifs exclusifs pour les r\u00e9unions et les conf\u00e9rences.\nParfaits pour les groupes de huit (8) personnes ou plus voyageant vers la m\u00eame destination, nos r\u00e9ductions sur mesure garantissent que votre voyage sera aussi gratifiant que l&rsquo;\u00e9v\u00e9nement lui-m\u00eame.\nProfitez de la flexibilit\u00e9 des participants qui voyagent de plusieurs endroits vers n&rsquo;importe quelle destination de notre r\u00e9seau, pour que tout le monde arrive frais et dispos.   <\/p>\n\n\n\n<p>M\u00eame si votre conf\u00e9rence a lieu au-del\u00e0 de nos routes directes, nos vols de marque Bearskin sont reli\u00e9s \u00e0 Air Canada et \u00e0 d&rsquo;autres grands transporteurs a\u00e9riens dans des plaques tournantes cl\u00e9s comme Toronto, Winnipeg et Thunder Bay, ce qui vous rapproche de votre destination avec facilit\u00e9 et efficacit\u00e9.<\/p>\n\n\n\n<p>En obtenant un code de conf\u00e9rence aupr\u00e8s de nous, vous b\u00e9n\u00e9ficiez d&rsquo;une coordination des d\u00e9placements de votre organisation.\nCela comprend tous les d\u00e9placements li\u00e9s \u00e0 votre \u00e9v\u00e9nement, des organisateurs aux conf\u00e9renciers invit\u00e9s en passant par les d\u00e9l\u00e9gu\u00e9s.\nNous vous fournirons tous les d\u00e9tails pour partager ce tarif exclusif dans vos kits d&rsquo;inscription \u00e0 la conf\u00e9rence, vos publications et vos communications \u00e9lectroniques, afin de promouvoir un plan de voyage coh\u00e9rent.  <\/p>\n\n\n\n<p>Laissez-nous nous occuper du voyage, pour que vous puissiez vous concentrer sur la r\u00e9ussite de votre conf\u00e9rence.<\/p>\n\n\n\n<p>Les r\u00e9servations peuvent \u00eatre effectu\u00e9es en contactant le <a href=\"https:\/\/perimeter.ca\/fr\/contactez-nous\/\" data-type=\"page\" data-id=\"966\">Centre de service \u00e0 la client\u00e8le<\/a>, en soumettant une demande ci-dessous ou par l&rsquo;interm\u00e9diaire de votre agence de voyage.<\/p>\n\n\n\n<div style=\"height:30px\" aria-hidden=\"true\" class=\"wp-block-spacer\"><\/div>\n\n\n<div class=\"wp-block-buttons align-with-content my-[1.2em]\">\n  <div class=\"flex flex-wrap justify-center sm:justify-start gap-4\">\n    \n<a class=\"btn wp-block-button\" href=\"https:\/\/perimeter.ca\/fr\/voyages-en-groupe\/\" target=\"\" target=\"\">\n          Soumettre une demande\n    <\/a>\n\n\n  <\/div>\n<\/div>\n\n\n\n<h3 class=\"wp-block-heading\">Tarifs de groupe<\/h3>\n\n\n\n<p>Nous vous remercions de bien vouloir nous confier l&rsquo;organisation de vos voyages de groupe.\nQu&rsquo;il s&rsquo;agisse de r\u00e9unions d&rsquo;affaires, de sorties scolaires, d&rsquo;\u00e9v\u00e9nements sportifs, d&rsquo;exp\u00e9ditions de p\u00eache ou de toute autre aventure de groupe, nous sommes l\u00e0 pour assurer un voyage sans encombre pour les groupes de huit (8) personnes ou plus. <\/p>\n\n\n\n<p>B\u00e9n\u00e9ficiez de tarifs r\u00e9duits et d&rsquo;un espace garanti lorsque vous r\u00e9servez pour votre groupe le m\u00eame vol vers la m\u00eame destination, disponible jusqu&rsquo;\u00e0 onze mois \u00e0 l&rsquo;avance.\nS\u00e9curisez le voyage de votre groupe en versant un acompte, ce qui vous permet d&rsquo;obtenir votre tarif et votre espace r\u00e9serv\u00e9.\nLe solde n&rsquo;est d\u00fb que 30 jours avant le d\u00e9part, ce qui vous offre souplesse et tranquillit\u00e9 d&rsquo;esprit.    <\/p>\n\n\n\n<p>Veuillez noter que certaines restrictions peuvent s&rsquo;appliquer.<\/p>\n\n\n\n<p>Les r\u00e9servations peuvent \u00eatre effectu\u00e9es en contactant le <a href=\"https:\/\/perimeter.ca\/fr\/contactez-nous\/\" data-type=\"page\" data-id=\"966\">Centre de service \u00e0 la client\u00e8le<\/a> ou en soumettant une demande ci-dessous.<\/p>\n\n\n<div class=\"wp-block-buttons align-with-content my-[1.2em]\">\n  <div class=\"flex flex-wrap justify-center sm:justify-start gap-4\">\n    \n<a class=\"btn wp-block-button\" href=\"https:\/\/perimeter.ca\/fr\/voyages-en-groupe\/\" target=\"\" target=\"\">\n          Soumettre une demande\n    <\/a>\n\n\n  <\/div>\n<\/div>\n\n\n\n<div style=\"height:30px\" aria-hidden=\"true\" class=\"wp-block-spacer\"><\/div>\n\n\n\n<h3 class=\"wp-block-heading\">Au-del\u00e0 de l&rsquo;ordinaire<\/h3>\n\n\n\n<p>Vous cherchez un moyen d&rsquo;accueillir un groupe plus important ?\nUn charter pourrait \u00eatre la solution.\nDu gravier \u00e0 la chauss\u00e9e, notre flotte peut vous aider \u00e0 vous rendre o\u00f9 vous voulez, partout en Am\u00e9rique du Nord.  <\/p>\n\n\n\n<p>Consultez nos <a href=\"https:\/\/perimeter.ca\/fr\/services-daffretement\/\" data-type=\"page\" data-id=\"874\">services d&rsquo;affr\u00e8tement<\/a> pour en savoir plus.<\/p>\n\n\n<div class=\"wp-block-buttons align-with-content my-[1.2em]\">\n  <div class=\"flex flex-wrap justify-center sm:justify-start gap-4\">\n    \n<a class=\"btn wp-block-button\" href=\"https:\/\/perimeter.ca\/fr\/voyages-en-groupe\/\" target=\"\" target=\"\">\n          Soumettre une demande\n    <\/a>\n\n\n  <\/div>\n<\/div>\n\n\n\n<div style=\"height:55px\" aria-hidden=\"true\" class=\"wp-block-spacer\"><\/div>\n","protected":false},"excerpt":{"rendered":"<p>Groupes et \u00e9v\u00e9nements Tout est meilleur lorsque vous le faites ensemble ! Qu&rsquo;il s&rsquo;agisse de r\u00e9unions, de conf\u00e9rences ou d&rsquo;\u00e9v\u00e9nements de groupe, nous proposons des solutions sur mesure qui garantissent un voyage sans encombre. Explorez nos options de voyage et planifiez votre voyage de groupe en toute confiance et en toute simplicit\u00e9. R\u00e9unions et conf\u00e9rences &hellip;<\/p>\n","protected":false},"author":18,"featured_media":0,"parent":0,"menu_order":0,"comment_status":"closed","ping_status":"closed","template":"template-narrow.blade.php","meta":{"_acf_changed":true,"footnotes":""},"class_list":["post-1921","page","type-page","status-publish","hentry"],"acf":[],"_links":{"self":[{"href":"https:\/\/perimeter.ca\/fr\/wp-json\/wp\/v2\/pages\/1921","targetHints":{"allow":["GET"]}}],"collection":[{"href":"https:\/\/perimeter.ca\/fr\/wp-json\/wp\/v2\/pages"}],"about":[{"href":"https:\/\/perimeter.ca\/fr\/wp-json\/wp\/v2\/types\/page"}],"author":[{"embeddable":true,"href":"https:\/\/perimeter.ca\/fr\/wp-json\/wp\/v2\/users\/18"}],"replies":[{"embeddable":true,"href":"https:\/\/perimeter.ca\/fr\/wp-json\/wp\/v2\/comments?post=1921"}],"version-history":[{"count":0,"href":"https:\/\/perimeter.ca\/fr\/wp-json\/wp\/v2\/pages\/1921\/revisions"}],"wp:attachment":[{"href":"https:\/\/perimeter.ca\/fr\/wp-json\/wp\/v2\/media?parent=1921"}],"curies":[{"name":"wp","href":"https:\/\/api.w.org\/{rel}","templated":true}]}}