{"id":1922,"date":"2024-06-10T18:53:57","date_gmt":"2024-06-10T23:53:57","guid":{"rendered":"https:\/\/perimeter.ca\/transport\/"},"modified":"2024-10-04T14:33:32","modified_gmt":"2024-10-04T19:33:32","slug":"transport","status":"publish","type":"page","link":"https:\/\/perimeter.ca\/fr\/transport\/","title":{"rendered":"Transport"},"content":{"rendered":"<section \n    data-image-on-left=\"\" \n    class=\"!-mt-section section--has-background bg-cover bg-no-repeat full-width-section mb-section !py-0 !min-h-[182px] lg:!min-h-[560px] !max-h-min h-full relative flex flex-col-reverse lg:!flex-col !items-center lg:mb-20\">\n    <div class=\"flex flex-col lg:flex-row container px-section !items-center !mx-auto  justify-start  gap-8 relative h-full w-full\">\n        <div class=\"h-full relative flex flex-col text-left mt-20 mb-20 md:mb-32 lg:my-32 lg:max-w-[60%] xl:max-w-[55%] 2xl:max-w-[50%] px-0 w-full text-start z-[100]\">\n            <div>\n                <h2 class=\"h2\">\n                    Perimeter Aviation Airport Transportation\n                <\/h2>\n                <p>Nous disposons d&rsquo;une vari\u00e9t\u00e9 d&rsquo;options pour r\u00e9pondre \u00e0 vos besoins en mati\u00e8re de stationnement et de transport. Nos installations sont \u00e9quip\u00e9es d&rsquo;une signalisation claire et offrent un parking gratuit sur place. Pour ceux qui pr\u00e9f\u00e8rent ne pas conduire, nous sommes bien desservis par les transports publics, les services de navette et les taxis. Planifiez \u00e0 l&rsquo;avance pour trouver la meilleure option pour votre voyage.<\/p>\n\n            <\/div>\n                                <\/div>\n    <\/div>\n    <div class=\"w-full h-full lg:min-w-[35%] xl:min-w-[40%] 2xl:min-w-[45%] lg:!max-w-min !max-h-[370px] lg:!max-h-[95%] lg:absolute top-0  right-0  \">\n        <img decoding=\"async\" id=\"side-image\"\n            src=\"https:\/\/perimeter.ca\/wp-content\/uploads\/2024\/07\/7R35149.jpg\"\n            alt=\"\"\n            class=\"my-0 object-cover w-full h-full !max-h-[370px] lg:!max-h-[100%] !z-[50]  object-center lg:pr-0  rounded-bl-[98px]\" \/>\n    <\/div>\n        <img decoding=\"async\" id=\"sprinkle-1\"\n            src=\"https:\/\/perimeter.ca\/wp-content\/uploads\/2024\/06\/Bear-Paw3.png\" \n            alt=\"\" \n            class=\"-z-10 w-full object-cover md:max-w-[30%] h-auto my-0 absolute right-0 !mt-16 mr-8  lg:right-0 -bottom-[20%] lg:-bottom-[35%] \" \/>\n<\/section>\n\n\n<section class=\" section--has-background bg-cover bg-no-repeat relative h-full container\">\n    <div class=\"md:max-w-1080 flex flex-col lg:flex-row items-center justify-start relative h-full w-full gap-8 md:gap-6 my-20 md:my-32\">\n        <img decoding=\"async\" src=\"https:\/\/perimeter.ca\/wp-content\/uploads\/2024\/07\/DSC08361-scaled.jpg\" alt=\"\/\" class=\"object-cover my-0 items-center aspect-square !w-[80vw] md:!w-[65vw] lg:max-w-[33%] h-auto w-auto z-[90] rounded-full\" \/>\n        <div class=\"h-full relative flex flex-col text-left prose-p:my-2 lg:pl-section md:px-0 md:mt-12 md:mb-20 lg:ml-4\">\n            <div class='flex prose-h2:my-auto gap-4 prose-h2:text-WCAGorange'>\n                <h2 class='font-bold pb-6'>Parking<\/h2>\n            <\/div>\n            <p><span style=\"font-weight: 400;\">Le stationnement \u00e0 l&rsquo;a\u00e9roport Perimeter Aviation de Winnipeg est con\u00e7u pour r\u00e9pondre \u00e0 vos besoins, qu&rsquo;il s&rsquo;agisse d&rsquo;une d\u00e9pose, d&rsquo;un stationnement de courte dur\u00e9e ou d&rsquo;un stationnement de longue dur\u00e9e. Quel que soit votre besoin, n&rsquo;oubliez pas que le stationnement \u00e0 court terme et \u00e0 long terme n\u00e9cessite un laissez-passer valide qui peut \u00eatre obtenu \u00e0 n&rsquo;importe quel comptoir d&rsquo;enregistrement. <\/span><\/p>\n<p>&nbsp;<\/p>\n\n        <\/div>\n    <\/div>\n<\/section>\n\n<section class=\"bg-cover bg-no-repeat !bg-top full-width-section h-full !py-32\" style=\"background-image: url('https:\/\/perimeter.ca\/wp-content\/uploads\/2024\/07\/newbg-e1721244499686.png');\">\n    <div class=\"container\">\n        <div class=\"max-w-1080\">\n                            <div class=\"grid grid-cols-1 md:grid-cols-2 gap-6\">\n                                            <div class=\"bg-white p-8 rounded-lg shadow-lg\">\n                            <h3 class=\"h4 !pt-0 !mt-0\">D\u00e9pose et reprise<\/h3>\n                            <p>D\u00e9chargez rapidement vos bagages dans notre zone de d\u00e9barquement situ\u00e9e juste \u00e0 c\u00f4t\u00e9 de l&rsquo;entr\u00e9e du terminal.\r\nCette zone est destin\u00e9e aux arr\u00eats de courte dur\u00e9e.\r\nNous encourageons les arr\u00eats rapides de moins de 5 minutes afin de permettre aux autres passagers d&rsquo;y acc\u00e9der facilement si n\u00e9cessaire.\r\nVous n&rsquo;avez pas besoin de carte de stationnement pour la zone de d\u00e9pose et de reprise.   <\/p>\n                        <\/div>\n                                            <div class=\"bg-white p-8 rounded-lg shadow-lg\">\n                            <h3 class=\"h4 !pt-0 !mt-0\">Stationnement de courte dur\u00e9e<\/h3>\n                            <p>Si vous venez chercher quelqu&rsquo;un ou si vous avez besoin d&rsquo;une place pour quelques heures, notre parking de courte dur\u00e9e est parfaitement situ\u00e9 pr\u00e8s du terminal.\r\nLes places sont disponibles selon le principe du premier arriv\u00e9, premier servi, et nous vous conseillons d&rsquo;arriver t\u00f4t pour vous assurer une place.\r\nMalheureusement, nous ne disposons pas de prises pour chauffe-moteur.\r\nNous vous invitons \u00e0 vous organiser en cons\u00e9quence.   <\/p>\n                        <\/div>\n                                            <div class=\"bg-white p-8 rounded-lg shadow-lg\">\n                            <h3 class=\"h4 !pt-0 !mt-0\">Stationnement de longue dur\u00e9e<\/h3>\n                            <p>Si vous partez pour un long voyage, profitez de notre parking de longue dur\u00e9e.\r\nNous offrons un stationnement gratuit limit\u00e9 \u00e0 deux semaines \u00e0 cet endroit.\r\nPour utiliser ce service, demandez une carte de stationnement \u00e0 un agent du service client\u00e8le lors de l&rsquo;enregistrement et affichez-la sur votre tableau de bord ou votre r\u00e9troviseur.\r\nSans carte de stationnement valide, les v\u00e9hicules seront remorqu\u00e9s aux frais du propri\u00e9taire.\r\nMalheureusement, les bouchons de chauffe-bloc ne sont pas disponibles.\r\nVeuillez vous organiser en cons\u00e9quence.     <\/p>\n                        <\/div>\n                                            <div class=\"bg-white p-8 rounded-lg shadow-lg\">\n                            <h3 class=\"h4 !pt-0 !mt-0\">Parking S\u00e9curit\u00e9<\/h3>\n                            <p>Les terrains sont surveill\u00e9s, mais le stationnement se fait \u00e0 vos risques et p\u00e9rils.\r\nPerimeter Aviation n&rsquo;est pas responsable du vol ou des dommages caus\u00e9s aux v\u00e9hicules ou \u00e0 leur contenu.\r\nVeuillez contacter votre compagnie d&rsquo;assurance pour les r\u00e9clamations li\u00e9es aux dommages ou au vol de votre v\u00e9hicule.  <\/p>\n                        <\/div>\n                                    <\/div>\n                    <\/div>\n    <\/div>\n<\/section>\n\n\n\n<div class=\"wp-block-group is-layout-constrained wp-container-core-group-is-layout-b19b8825 wp-block-group-is-layout-constrained\">\n<div style=\"height:55px\" aria-hidden=\"true\" class=\"wp-block-spacer\"><\/div>\n\n\n\n<h3 class=\"wp-block-heading\">Cartes et restrictions de stationnement<\/h3>\n\n\n\n<p>Des cartes sont disponibles sur demande \u00e0 l&rsquo;enregistrement pour vous guider vers les trois parcs de stationnement r\u00e9serv\u00e9s aux clients \u00e0 Winnipeg.\nVeuillez respecter les aires de stationnement d\u00e9sign\u00e9es et \u00e9viter les places interdites ou r\u00e9serv\u00e9es afin d&rsquo;\u00e9viter le remorquage. <\/p>\n\n\n\n<div style=\"height:30px\" aria-hidden=\"true\" class=\"wp-block-spacer\"><\/div>\n\n\n\n<figure class=\"wp-block-image size-full border rounded-xl\"><img loading=\"lazy\" decoding=\"async\" width=\"1686\" height=\"2048\" src=\"https:\/\/perimeter.ca\/wp-content\/uploads\/2024\/09\/parking-map-01-ks-scaled.webp\" alt=\"Carte des aires de stationnement pr\u00e8s du terminal de Perimeter Aviation \u00e0 l'a\u00e9roport de Winnipeg\" class=\"wp-image-3175\" srcset=\"https:\/\/perimeter.ca\/wp-content\/uploads\/2024\/09\/parking-map-01-ks-scaled.webp 1686w, https:\/\/perimeter.ca\/wp-content\/uploads\/2024\/09\/parking-map-01-ks-247x300.webp 247w, https:\/\/perimeter.ca\/wp-content\/uploads\/2024\/09\/parking-map-01-ks-843x1024.webp 843w, https:\/\/perimeter.ca\/wp-content\/uploads\/2024\/09\/parking-map-01-ks-768x933.webp 768w, https:\/\/perimeter.ca\/wp-content\/uploads\/2024\/09\/parking-map-01-ks-1265x1536.webp 1265w\" sizes=\"auto, (max-width: 1686px) 100vw, 1686px\" \/><\/figure>\n\n\n\n<p>N&rsquo;oubliez pas que l&rsquo;espace n&rsquo;est pas garanti et que si nos parcs sont pleins, vous devrez peut-\u00eatre envisager d&rsquo;autres options de stationnement.\nPour une exp\u00e9rience de stationnement sans tracas, planifiez \u00e0 l&rsquo;avance et respectez tous les panneaux de signalisation et les r\u00e8glements afin d&rsquo;assurer la s\u00e9curit\u00e9 de votre v\u00e9hicule et le bon fonctionnement de la circulation autour de notre terminal. <\/p>\n\n\n\n<hr class=\"wp-block-separator has-text-color has-orange-500-color has-alpha-channel-opacity has-orange-500-background-color has-background\"\/>\n\n\n\n<h2 class=\"wp-block-heading\">Service de taxi<\/h2>\n\n\n\n<p>Le service de taxi est assur\u00e9 par Unicity Taxi et Duffy&rsquo;s.\nLes taxis sont disponibles d\u00e8s la sortie du terminal. <\/p>\n\n\n\n<p>Pour r\u00e9server un taxi :<\/p>\n\n\n\n<ul class=\"wp-block-list\">\n<li>Appeler Unity : <a href=\"tel:204-925-3131\">204-925-3131<\/a><\/li>\n\n\n\n<li>Appelez Duffy&rsquo;s : <a href=\"tel:204-925-0101\">204-925-0101<\/a><\/li>\n<\/ul>\n\n\n\n<p>R\u00e9servez en ligne en t\u00e9l\u00e9chargeant l&rsquo;application Unicity Taxi Winnipeg sur l&rsquo;<a href=\"https:\/\/apps.apple.com\/us\/app\/duffys-taxi\/id1529094171\">App Store<\/a> ou <a href=\"https:\/\/play.google.com\/store\/apps\/details?id=com.apcurium.MK.duffystaxi3&amp;hl=en&amp;pli=1\">Google Play<\/a>.<\/p>\n\n\n\n<hr class=\"wp-block-separator has-text-color has-orange-500-color has-alpha-channel-opacity has-orange-500-background-color has-background\"\/>\n\n\n\n<h2 class=\"wp-block-heading\">Le covoiturage<\/h2>\n\n\n\n<p>Les soci\u00e9t\u00e9s de covoiturage autoris\u00e9es \u00e0 op\u00e9rer \u00e0 WPG sont ReRyde et Uber.<\/p>\n\n\n\n<p>Pour r\u00e9server un covoiturage :<\/p>\n\n\n\n<ul class=\"wp-block-list\">\n<li>T\u00e9l\u00e9chargez l&rsquo;application ReRyde sur l&rsquo;App Store ou Google Play.<\/li>\n\n\n\n<li>T\u00e9l\u00e9chargez l&rsquo;application Uber sur l&rsquo;<a href=\"https:\/\/apps.apple.com\/us\/app\/uber-request-a-ride\/id368677368?uclick_id=e2c5556d-57b6-4625-b451-440b1cf86687\">App Store<\/a> ou <a href=\"https:\/\/play.google.com\/store\/apps\/details?id=com.ubercab&amp;uclick_id=e2c5556d-57b6-4625-b451-440b1cf86687\">Google Play<\/a>.<\/li>\n<\/ul>\n\n\n\n<hr class=\"wp-block-separator has-text-color has-orange-500-color has-alpha-channel-opacity has-orange-500-background-color has-background\"\/>\n\n\n\n<h2 class=\"wp-block-heading\">Transport public<\/h2>\n\n\n\n<p>Winnipeg Transport exploite deux arr\u00eats de bus \u00e0 proximit\u00e9 imm\u00e9diate de l&rsquo;a\u00e9roport Perimeter Aviation.  <\/p>\n\n\n\n<div style=\"height:30px\" aria-hidden=\"true\" class=\"wp-block-spacer\"><\/div>\n\n\n\n<h3 class=\"wp-block-heading\">Accessibilit\u00e9<\/h3>\n\n\n\n<p>Winnipeg Transit exploite des autobus \u00e0 faible d\u00e9bit et faciles d&rsquo;acc\u00e8s, dot\u00e9s de rampes d&rsquo;acc\u00e8s pour les fauteuils roulants, les scooters et les poussettes.\nLes bicyclettes peuvent \u00e9galement \u00eatre transport\u00e9es. <\/p>\n\n\n\n<p>Itin\u00e9raires et tarifsPour conna\u00eetre les tarifs des transports en commun et les itin\u00e9raires des bus \u00e0 destination et en provenance de l&rsquo;a\u00e9roport, visitez le site Web de <a href=\"https:\/\/winnipegtransit.com\/\">Winnipeg Transit<\/a> ou appelez le <a href=\"tel:1-877-311-4974\" data-type=\"tel\" data-id=\"tel:1-877-311-4974\">311<\/a><a href=\"tel:1-877-311-4974\">(1-877-311-4974<\/a> sans frais).<\/p>\n\n\n\n<hr class=\"wp-block-separator has-text-color has-orange-500-color has-alpha-channel-opacity has-orange-500-background-color has-background\"\/>\n\n\n\n<h2 class=\"wp-block-heading\">Service de navette de l&rsquo;h\u00f4tel<\/h2>\n\n\n\n<p>De nombreux h\u00f4tels proposent un service de navette gratuit vers l&rsquo;a\u00e9roport.\nEn voici quelques-uns :   <\/p>\n\n\n\n<div class=\"wp-block-columns is-layout-flex wp-container-core-columns-is-layout-9d6595d7 wp-block-columns-is-layout-flex\">\n<div class=\"wp-block-column is-layout-flow wp-block-column-is-layout-flow\">\n<h3 class=\"wp-block-heading\">Best Western Plus Downtown Winnipeg<\/h3>\n\n\n\n<p><a href=\"tel:204-942-0101\" data-type=\"tel\" data-id=\"tel:204-942-0101\">204-942-0101<\/a><\/p>\n\n\n\n<p><a href=\"http:\/\/www.bestwestern.com\">www.bestwestern.com<\/a><\/p>\n\n\n\n<div style=\"height:30px\" aria-hidden=\"true\" class=\"wp-block-spacer\"><\/div>\n\n\n\n<h3 class=\"wp-block-heading\">Holiday Inn Airport West<\/h3>\n\n\n\n<p><a href=\"tel:204-885-4478\" data-type=\"tel\" data-id=\"tel:204-885-4478\">204-885-4478<\/a><\/p>\n\n\n\n<p><a href=\"http:\/\/www.ywgwest.com\" data-type=\"link\" data-id=\"www.ywgwest.com\">www.ywgwest.com<\/a><\/p>\n\n\n\n<div style=\"height:30px\" aria-hidden=\"true\" class=\"wp-block-spacer\"><\/div>\n\n\n\n<h3 class=\"wp-block-heading\">Holiday Inn Polo Park<\/h3>\n\n\n\n<p>204-775-5055<\/p>\n\n\n\n<p><a href=\"http:\/\/www.holidayinnpolopark.com\" data-type=\"link\" data-id=\"www.holidayinnpolopark.com\">www.holidayinnpolopark.com<\/a><\/p>\n<\/div>\n\n\n\n<div class=\"wp-block-column is-layout-flow wp-block-column-is-layout-flow\">\n<h3 class=\"wp-block-heading\">MainStay Suites<\/h3>\n\n\n\n<p><a href=\"tel:204-594-0500\" data-type=\"tel\" data-id=\"tel:204-594-0500\">204-594-0500<\/a><\/p>\n\n\n\n<p><a href=\"http:\/\/www.mainstaysuiteswinnipeg.com\">www.mainstaysuiteswinnipeg.com<\/a><\/p>\n\n\n\n<div style=\"height:30px\" aria-hidden=\"true\" class=\"wp-block-spacer\"><\/div>\n\n\n\n<h3 class=\"wp-block-heading\">Auberge Victoria<\/h3>\n\n\n\n<p><a href=\"tel:204-786-4801\" data-type=\"tel\" data-id=\"tel:204-786-4801\">204-786-4801<\/a><\/p>\n\n\n\n<p><a href=\"http:\/\/www.vicinn.com\" data-type=\"link\" data-id=\"www.vicinn.com\">www.vicinn.com<\/a><\/p>\n\n\n\n<div style=\"height:30px\" aria-hidden=\"true\" class=\"wp-block-spacer\"><\/div>\n\n\n\n<h3 class=\"wp-block-heading\">H\u00f4tel Vicomte de Gort<\/h3>\n\n\n\n<p><a href=\"tel:204-775-0451\" data-type=\"tel\" data-id=\"tel:204-775-0451\">204-775-0451<\/a><\/p>\n\n\n\n<p><a href=\"http:\/\/www.viscount-gort.com\">www.viscount-gort.com<\/a><\/p>\n<\/div>\n<\/div>\n\n\n\n<div style=\"height:55px\" aria-hidden=\"true\" class=\"wp-block-spacer\"><\/div>\n<\/div>\n","protected":false},"excerpt":{"rendered":"<p>Cartes et restrictions de stationnement Des cartes sont disponibles sur demande \u00e0 l&rsquo;enregistrement pour vous guider vers les trois parcs de stationnement r\u00e9serv\u00e9s aux clients \u00e0 Winnipeg. Veuillez respecter les aires de stationnement d\u00e9sign\u00e9es et \u00e9viter les places interdites ou r\u00e9serv\u00e9es afin d&rsquo;\u00e9viter le remorquage. N&rsquo;oubliez pas que l&rsquo;espace n&rsquo;est pas garanti et que si &hellip;<\/p>\n","protected":false},"author":18,"featured_media":0,"parent":0,"menu_order":0,"comment_status":"closed","ping_status":"closed","template":"template-narrow.blade.php","meta":{"_acf_changed":false,"footnotes":""},"class_list":["post-1922","page","type-page","status-publish","hentry"],"acf":[],"_links":{"self":[{"href":"https:\/\/perimeter.ca\/fr\/wp-json\/wp\/v2\/pages\/1922","targetHints":{"allow":["GET"]}}],"collection":[{"href":"https:\/\/perimeter.ca\/fr\/wp-json\/wp\/v2\/pages"}],"about":[{"href":"https:\/\/perimeter.ca\/fr\/wp-json\/wp\/v2\/types\/page"}],"author":[{"embeddable":true,"href":"https:\/\/perimeter.ca\/fr\/wp-json\/wp\/v2\/users\/18"}],"replies":[{"embeddable":true,"href":"https:\/\/perimeter.ca\/fr\/wp-json\/wp\/v2\/comments?post=1922"}],"version-history":[{"count":0,"href":"https:\/\/perimeter.ca\/fr\/wp-json\/wp\/v2\/pages\/1922\/revisions"}],"wp:attachment":[{"href":"https:\/\/perimeter.ca\/fr\/wp-json\/wp\/v2\/media?parent=1922"}],"curies":[{"name":"wp","href":"https:\/\/api.w.org\/{rel}","templated":true}]}}