{"id":1924,"date":"2024-06-10T19:05:36","date_gmt":"2024-06-11T00:05:36","guid":{"rendered":"https:\/\/perimeter.ca\/a-bord\/"},"modified":"2024-09-25T08:59:00","modified_gmt":"2024-09-25T13:59:00","slug":"a-bord","status":"publish","type":"page","link":"https:\/\/perimeter.ca\/fr\/a-bord\/","title":{"rendered":"\u00c0 bord"},"content":{"rendered":"\n<div style=\"height:55px\" aria-hidden=\"true\" class=\"wp-block-spacer\"><\/div>\n\n\n\n<h2 class=\"wp-block-heading\">Bienvenue \u00e0 bord<\/h2>\n\n\n\n<p>Nous voulons que vous profitiez de chaque minute de votre s\u00e9jour parmi nous, c&rsquo;est pourquoi nous avons pr\u00e9par\u00e9 un aper\u00e7u de ce \u00e0 quoi vous pouvez vous attendre lorsque vous \u00eates \u00e0 bord.<\/p>\n\n\n\n<figure class=\"wp-block-image size-large is-resized\"><img loading=\"lazy\" decoding=\"async\" width=\"1024\" height=\"768\" src=\"https:\/\/perimeter.ca\/wp-content\/uploads\/2024\/09\/IMG_4522-1024x768.jpeg\" alt=\"\" class=\"wp-image-3397\" style=\"object-fit:cover;width:1080px;height:450px\" srcset=\"https:\/\/perimeter.ca\/wp-content\/uploads\/2024\/09\/IMG_4522-1024x768.jpeg 1024w, https:\/\/perimeter.ca\/wp-content\/uploads\/2024\/09\/IMG_4522-300x225.jpeg 300w, https:\/\/perimeter.ca\/wp-content\/uploads\/2024\/09\/IMG_4522-768x576.jpeg 768w, https:\/\/perimeter.ca\/wp-content\/uploads\/2024\/09\/IMG_4522-1536x1152.jpeg 1536w, https:\/\/perimeter.ca\/wp-content\/uploads\/2024\/09\/IMG_4522-scaled.jpeg 2048w\" sizes=\"auto, (max-width: 1024px) 100vw, 1024px\" \/><\/figure>\n\n\n\n<h3 class=\"wp-block-heading\">Explorez la cabine du Dash 8-100<\/h3>\n\n\n\n<div class=\"wp-block-columns is-layout-flex wp-container-core-columns-is-layout-9d6595d7 wp-block-columns-is-layout-flex\">\n<div class=\"wp-block-column is-layout-flow wp-block-column-is-layout-flow\">\n<h4 class=\"wp-block-heading\">Services \u00e0 bord<\/h4>\n\n\n\n<p>Possibilit\u00e9 de prendre une collation ou une boisson sur les vols de plus de 40 minutes (pas de service de repas chauds).<\/p>\n<\/div>\n\n\n\n<div class=\"wp-block-column is-layout-flow wp-block-column-is-layout-flow\">\n<h4 class=\"wp-block-heading\">Espace de rangement au plafond<\/h4>\n\n\n\n<p>Des calibreurs de bagages sont disponibles \u00e0 l&rsquo;enregistrement pour s&rsquo;assurer que les bagages \u00e0 main peuvent \u00eatre plac\u00e9s dans le compartiment sup\u00e9rieur.<\/p>\n<\/div>\n\n\n\n<div class=\"wp-block-column is-layout-flow wp-block-column-is-layout-flow\">\n<h4 class=\"wp-block-heading\">Lavabo<\/h4>\n\n\n\n<p>Un (1) disponible.<\/p>\n<\/div>\n<\/div>\n\n\n\n<h4 class=\"wp-block-heading\">Services d&rsquo;accessibilit\u00e9<\/h4>\n\n\n\n<figure class=\"wp-block-table\"><table class=\"has-fixed-layout\"><thead><tr><th>Service<\/th><th>Description<\/th><\/tr><\/thead><tbody><tr><td>Largeur de l&rsquo;all\u00e9e<\/td><td>La moyenne est de 40 cm \/ 15.75 in<\/td><\/tr><tr><td>Emplacement des accoudoirs mobiles dans l&rsquo;all\u00e9e<\/td><td>rangs 2-3<\/td><\/tr><tr><td>Toilettes accessibles aux fauteuils roulants<\/td><td>Non disponible<\/td><\/tr><tr><td>Poids maximal d&rsquo;un dispositif d&rsquo;assistance<\/td><td>136 kg \/ 300 lb<\/td><\/tr><\/tbody><\/table><\/figure>\n\n\n\n<hr class=\"wp-block-separator has-text-color has-orange-600-color has-alpha-channel-opacity has-orange-600-background-color has-background\"\/>\n\n\n\n<h3 class=\"wp-block-heading\">Explorez la cabine du Dash 8-300<\/h3>\n\n\n\n<div class=\"wp-block-columns is-layout-flex wp-container-core-columns-is-layout-9d6595d7 wp-block-columns-is-layout-flex\">\n<div class=\"wp-block-column is-layout-flow wp-block-column-is-layout-flow\">\n<h4 class=\"wp-block-heading\">Services \u00e0 bord<\/h4>\n\n\n\n<p>Possibilit\u00e9 de prendre une collation ou une boisson sur les vols de plus de 40 minutes (pas de service de repas chauds).<\/p>\n<\/div>\n\n\n\n<div class=\"wp-block-column is-layout-flow wp-block-column-is-layout-flow\">\n<h4 class=\"wp-block-heading\">Espace de rangement au plafond<\/h4>\n\n\n\n<p>Des calibreurs de bagages sont disponibles \u00e0 l&rsquo;enregistrement pour s&rsquo;assurer que les bagages \u00e0 main peuvent \u00eatre plac\u00e9s dans le compartiment sup\u00e9rieur.<\/p>\n<\/div>\n\n\n\n<div class=\"wp-block-column is-layout-flow wp-block-column-is-layout-flow\">\n<h4 class=\"wp-block-heading\">Lavabo<\/h4>\n\n\n\n<p>Un (1) disponible.<\/p>\n<\/div>\n<\/div>\n\n\n\n<h4 class=\"wp-block-heading\">Services d&rsquo;accessibilit\u00e9<\/h4>\n\n\n\n<figure class=\"wp-block-table\"><table class=\"has-fixed-layout\"><thead><tr><th>Service<\/th><th>Description<\/th><\/tr><\/thead><tbody><tr><td>Largeur de l&rsquo;all\u00e9e<\/td><td>La moyenne est de 40 cm \/ 15.75 in<\/td><\/tr><tr><td>Emplacement des accoudoirs mobiles dans l&rsquo;all\u00e9e<\/td><td>rangs 2-3<\/td><\/tr><tr><td>Toilettes accessibles aux fauteuils roulants<\/td><td>Non disponible<\/td><\/tr><tr><td>Poids maximal d&rsquo;un dispositif d&rsquo;assistance<\/td><td>136 kg \/ 300 lb<\/td><\/tr><\/tbody><\/table><\/figure>\n\n\n\n<hr class=\"wp-block-separator has-text-color has-orange-600-color has-alpha-channel-opacity has-orange-600-background-color has-background\"\/>\n\n\n\n<h3 class=\"wp-block-heading\">D\u00e9couvrez les cabines Metroliner 3 et 23<\/h3>\n\n\n\n<div class=\"wp-block-columns is-layout-flex wp-container-core-columns-is-layout-9d6595d7 wp-block-columns-is-layout-flex\">\n<div class=\"wp-block-column is-layout-flow wp-block-column-is-layout-flow\">\n<h4 class=\"wp-block-heading\">Services \u00e0 bord<\/h4>\n\n\n\n<p>Boissons, collations ou repas \u00e0 bord indisponibles.  <\/p>\n<\/div>\n\n\n\n<div class=\"wp-block-column is-layout-flow wp-block-column-is-layout-flow\">\n<h4 class=\"wp-block-heading\">Espace de rangement au plafond<\/h4>\n\n\n\n<p>Il n&rsquo;y a pas d&rsquo;espace au-dessus de la t\u00eate dans l&rsquo;avion.\nDes calibreurs de bagages sont disponibles \u00e0 l&rsquo;enregistrement pour s&rsquo;assurer que le bagage \u00e0 main peut \u00eatre plac\u00e9 sous le si\u00e8ge.\nLes bagages \u00e0 emporter ne sont disponibles que pour Bearskin Airlines.\nPour plus d&rsquo;informations, reportez-vous \u00e0 la rubrique <a href=\"https:\/\/perimeter.ca\/fr\/allocation\/\" data-type=\"page\" data-id=\"787\">Indemnit\u00e9 de bagage<\/a>.     <\/p>\n<\/div>\n\n\n\n<div class=\"wp-block-column is-layout-flow wp-block-column-is-layout-flow\">\n<h4 class=\"wp-block-heading\">Lavabo<\/h4>\n\n\n\n<p>Il n&rsquo;y a pas de toilettes \u00e0 bord de l&rsquo;avion.\nVeuillez vous assurer de leur utilisation avant le vol.\n\u00c0 la fin d&rsquo;une \u00e9tape, vous pouvez demander \u00e0 utiliser les installations de l&rsquo;a\u00e9roport.\nLes demandes peuvent \u00eatre soumises au copilote ou au commandant de bord.   <\/p>\n<\/div>\n<\/div>\n\n\n\n<h4 class=\"wp-block-heading\">Services d&rsquo;accessibilit\u00e9<\/h4>\n\n\n\n<figure class=\"wp-block-table\"><table class=\"has-fixed-layout\"><thead><tr><th>Service<\/th><th>Description<\/th><\/tr><\/thead><tbody><tr><td>Largeur de l&rsquo;all\u00e9e<\/td><td>La moyenne est de 35 cm \/ 13.75 in<\/td><\/tr><tr><td>Emplacement des accoudoirs mobiles dans l&rsquo;all\u00e9e<\/td><td>Pas d&rsquo;accoudoirs dans les couloirs, quel que soit le si\u00e8ge<\/td><\/tr><tr><td>Toilettes accessibles aux fauteuils roulants<\/td><td>Non disponible<\/td><\/tr><tr><td>Poids maximal d&rsquo;un dispositif d&rsquo;assistance<\/td><td>136 kg \/ 300 lb<\/td><\/tr><\/tbody><\/table><\/figure>\n\n\n\n<hr class=\"wp-block-separator has-text-color has-orange-600-color has-alpha-channel-opacity has-orange-600-background-color has-background\"\/>\n\n\n\n<h3 class=\"wp-block-heading\">Sortie de secours<\/h3>\n\n\n\n<p>Pour s&rsquo;asseoir dans la rang\u00e9e des issues de secours de n&rsquo;importe quel avion, vous devez \u00eatre :<\/p>\n\n\n\n<ul class=\"wp-block-list\">\n<li>18 ans<\/li>\n\n\n\n<li>Voyager sans b\u00e9b\u00e9 ni animal de compagnie<\/li>\n\n\n\n<li>Avoir la capacit\u00e9 d&rsquo;accomplir les fonctions applicables sans assistance<\/li>\n\n\n\n<li>\u00catre capable d&rsquo;entendre et de comprendre les instructions hurl\u00e9es par l&rsquo;agent de bord.<\/li>\n\n\n\n<li>Communiquer de mani\u00e8re ad\u00e9quate les informations aux autres passagers<\/li>\n<\/ul>\n\n\n\n<div style=\"height:30px\" aria-hidden=\"true\" class=\"wp-block-spacer\"><\/div>\n\n\n\n<hr class=\"wp-block-separator has-text-color has-orange-600-color has-alpha-channel-opacity has-orange-600-background-color has-background\"\/>\n\n\n\n<h3 class=\"wp-block-heading\">Objets sacr\u00e9s et spirituels<\/h3>\n\n\n\n<p>Si vous voyagez avec des objets sacr\u00e9s ou spirituels, veuillez en informer l&rsquo;agent de bord lorsque vous entrez dans un avion Dash et le premier officier lorsque vous entrez dans un m\u00e9tro.\nExpliquez la signification de l&rsquo;objet et les consignes relatives \u00e0 la manipulation de ces objets.\nNous travaillerons avec vous pour veiller \u00e0 ce que vos objets soient trait\u00e9s avec le plus grand respect.  <\/p>\n\n\n\n<p>Pour plus d&rsquo;informations sur les voyages avec des objets sacr\u00e9s et spirituels, consultez notre page <a href=\"https:\/\/perimeter.ca\/fr\/securite\/\" data-type=\"page\" data-id=\"785\">S\u00e9curit\u00e9<\/a>.<\/p>\n\n\n\n<div style=\"height:55px\" aria-hidden=\"true\" class=\"wp-block-spacer\"><\/div>\n","protected":false},"excerpt":{"rendered":"<p>Bienvenue \u00e0 bord Nous voulons que vous profitiez de chaque minute de votre s\u00e9jour parmi nous, c&rsquo;est pourquoi nous avons pr\u00e9par\u00e9 un aper\u00e7u de ce \u00e0 quoi vous pouvez vous attendre lorsque vous \u00eates \u00e0 bord. Explorez la cabine du Dash 8-100 Services \u00e0 bord Possibilit\u00e9 de prendre une collation ou une boisson sur les &hellip;<\/p>\n","protected":false},"author":18,"featured_media":0,"parent":0,"menu_order":0,"comment_status":"closed","ping_status":"closed","template":"template-narrow.blade.php","meta":{"_acf_changed":true,"footnotes":""},"class_list":["post-1924","page","type-page","status-publish","hentry"],"acf":[],"_links":{"self":[{"href":"https:\/\/perimeter.ca\/fr\/wp-json\/wp\/v2\/pages\/1924","targetHints":{"allow":["GET"]}}],"collection":[{"href":"https:\/\/perimeter.ca\/fr\/wp-json\/wp\/v2\/pages"}],"about":[{"href":"https:\/\/perimeter.ca\/fr\/wp-json\/wp\/v2\/types\/page"}],"author":[{"embeddable":true,"href":"https:\/\/perimeter.ca\/fr\/wp-json\/wp\/v2\/users\/18"}],"replies":[{"embeddable":true,"href":"https:\/\/perimeter.ca\/fr\/wp-json\/wp\/v2\/comments?post=1924"}],"version-history":[{"count":0,"href":"https:\/\/perimeter.ca\/fr\/wp-json\/wp\/v2\/pages\/1924\/revisions"}],"wp:attachment":[{"href":"https:\/\/perimeter.ca\/fr\/wp-json\/wp\/v2\/media?parent=1924"}],"curies":[{"name":"wp","href":"https:\/\/api.w.org\/{rel}","templated":true}]}}