{"id":1927,"date":"2024-03-28T15:28:29","date_gmt":"2024-03-28T20:28:29","guid":{"rendered":"https:\/\/perimeter.ca\/impots-taxes-et-redevances\/"},"modified":"2024-09-26T15:05:29","modified_gmt":"2024-09-26T20:05:29","slug":"impots-taxes-et-redevances","status":"publish","type":"page","link":"https:\/\/perimeter.ca\/fr\/impots-taxes-et-redevances\/","title":{"rendered":"Imp\u00f4ts, taxes et redevances"},"content":{"rendered":"<section \n    data-image-on-left=\"1\" \n    class=\"!-mt-section section--has-background bg-cover bg-no-repeat full-width-section mb-section !py-0 !min-h-[182px] lg:!min-h-[560px] !max-h-min h-full relative flex flex-col-reverse lg:!flex-col !items-center lg:mb-20\">\n    <div class=\"flex flex-col lg:flex-row container px-section !items-center !mx-auto  justify-end  gap-8 relative h-full w-full\">\n        <div class=\"h-full relative flex flex-col text-left mt-20 mb-20 md:mb-32 lg:my-32 lg:max-w-[60%] xl:max-w-[55%] 2xl:max-w-[50%] px-0 w-full text-start z-[100]\">\n            <div>\n                <h2 class=\"h2\">\n                    Imp\u00f4ts, taxes et redevances\n                <\/h2>\n                <p>Perimeter Aviation et Bearskin Airlines garantissent la transparence de leurs tarifs.<br \/>\nNos tarifs annonc\u00e9s comprennent toutes les taxes, tous les frais et toutes les charges.<br \/>\nLorsque vous r\u00e9servez votre voyage, vous pouvez acc\u00e9der \u00e0 une ventilation d\u00e9taill\u00e9e de plusieurs fa\u00e7ons :    <\/p>\n<ul>\n<li>Pendant le processus de r\u00e9servation dans votre panier d&rsquo;achat<\/li>\n<li>Dans l&#8217;email de confirmation de votre r\u00e9servation dans la confirmation de r\u00e9servation ci-jointe<\/li>\n<li>En appelant le centre de service client\u00e8le<\/li>\n<\/ul>\n\n            <\/div>\n                                <\/div>\n    <\/div>\n    <div class=\"w-full h-full lg:min-w-[35%] xl:min-w-[40%] 2xl:min-w-[45%] lg:!max-w-min !max-h-[370px] lg:!max-h-[95%] lg:absolute top-0  left-0   lg:order-first \">\n        <img decoding=\"async\" id=\"side-image\"\n            src=\"https:\/\/perimeter.ca\/wp-content\/uploads\/2024\/09\/0H9A5131-scaled.jpg\"\n            alt=\"\"\n            class=\"my-0 object-cover w-full h-full !max-h-[370px] lg:!max-h-[100%] !z-[50]  object-center lg:pl-0  rounded-bl-[98px]\" \/>\n    <\/div>\n        <img decoding=\"async\" id=\"sprinkle-1\"\n            src=\"https:\/\/perimeter.ca\/wp-content\/uploads\/2024\/06\/Bear-Paw3.png\" \n            alt=\"\" \n            class=\"-z-10 w-full object-cover md:max-w-[30%] h-auto my-0 absolute right-0 !mt-16 mr-8  lg:right-0 bottom-0 \" \/>\n<\/section>\n\n\n\n<h3 class=\"wp-block-heading\">Tarif de base<\/h3>\n\n\n\n<p>Le tarif de base est le tarif aller simple entre deux a\u00e9roports de notre r\u00e9seau.\nIl comprend les vols sans escale, les vols directs et les vols avec correspondance. <\/p>\n\n\n\n<div style=\"height:30px\" aria-hidden=\"true\" class=\"wp-block-spacer\"><\/div>\n\n\n\n<h3 class=\"wp-block-heading\">Surtaxes des compagnies a\u00e9riennes<\/h3>\n\n\n\n<p>Des suppl\u00e9ments peuvent s&rsquo;appliquer aux vols de Perimeter Aviation et de Bearskin Airlines.\nIls peuvent inclure, sans s&rsquo;y limiter, un ou plusieurs des \u00e9l\u00e9ments suivants : <\/p>\n\n\n\n<figure class=\"wp-block-table is-style-stripes\"><table class=\"has-fixed-layout\"><thead><tr><th scope=\"col\">Suppl\u00e9ment<\/th><th scope=\"col\">Description<\/th><\/tr><\/thead><tbody><tr><th scope=\"row\">Nav Canada\n                <\/th><td>\n                    Per\u00e7ue pour couvrir les redevances pay\u00e9es \u00e0 Nav Canada pour l&rsquo;exploitation de la navigation a\u00e9rienne terminale et en route. <\/td><\/tr><tr><th scope=\"row\">Suppl\u00e9ment carburant\n                <\/th><td>\n                    Varie en fonction du prix actuel du carburant <\/td><\/tr><tr><th scope=\"row\">Assurance\n                <\/th><td>\n                    Peut \u00eatre ajout\u00e9 pour les voyages sur certains itin\u00e9raires <\/td><\/tr><\/tbody><\/table><\/figure>\n\n\n\n<div style=\"height:30px\" aria-hidden=\"true\" class=\"wp-block-spacer\"><\/div>\n\n\n\n<h3 class=\"wp-block-heading\">Redevances a\u00e9roportuaires<\/h3>\n\n\n\n<p>De nombreux a\u00e9roports appliquent diverses redevances aux passagers, qui peuvent varier en fonction de l&rsquo;arriv\u00e9e, du d\u00e9part et de la destination.\nIl peut s&rsquo;agir d&rsquo;une taxe d&rsquo;am\u00e9lioration a\u00e9roportuaire (FAA), d&rsquo;une redevance sur les installations destin\u00e9es aux passagers (RIP) et\/ou d&rsquo;une redevance de recouvrement r\u00e9glementaire (RRF).\nEn outre, certains a\u00e9roports peuvent imposer une redevance g\u00e9n\u00e9rale de s\u00e9curit\u00e9.\nNous percevons directement toutes les redevances et les reversons \u00e0 l&rsquo;a\u00e9roport.   <\/p>\n\n\n\n<figure class=\"wp-block-table is-style-stripes\"><table class=\"has-fixed-layout\"><thead><tr><th scope=\"col\">A\u00e9roport<\/th><th scope=\"col\">Taxe sur les fonds alternatifs<\/th><th scope=\"col\">Taxe PFC<\/th><th scope=\"col\">Redevance du FRR<\/th><th scope=\"col\">S\u00e9curit\u00e9<\/th><\/tr><\/thead><tbody><tr><th scope=\"row\">North Bay (YYB)\n                <\/th><td>&#8211;<\/td><td>$30.00<\/td><td>$7.50<\/td><td>&#8211;<\/td><\/tr><tr><th scope=\"row\">Lac Rouge (YRL)\n                <\/th><td>&#8211;<\/td><td>$19.80<\/td><td>&#8211;<\/td><td>&#8211;<\/td><\/tr><tr><th scope=\"row\">Sault Ste. Marie (YAM)\n                <\/th><td>$25.00<\/td><td>&#8211;<\/td><td>&#8211;<\/td><td>&#8211;<\/td><\/tr><tr><th scope=\"row\">Sioux Lookout (YXL)\n                <\/th><td>$25.00<\/td><td>$8.00<\/td><td>&#8211;<\/td><td>$9.75<\/td><\/tr><tr><th scope=\"row\">Sudbury (YSB)\n                <\/th><td>$25.00<\/td><td>$30.00<\/td><td>$7.25<\/td><td>&#8211;<\/td><\/tr><tr><th scope=\"row\">Thompson (YTH)\n                <\/th><td>&#8211;<\/td><td>$50.00<\/td><td>&#8211;<\/td><td>$7.00<\/td><\/tr><tr><th scope=\"row\">Thunder Bay (YQT)\n                <\/th><td>&#8211;<\/td><td>&#8211;<\/td><td>&#8211;<\/td><td>&#8211;<\/td><\/tr><tr><th scope=\"row\">A\u00e9roport international James Richardson de Winnipeg (YWG)\n                <\/th><td>$38.00<\/td><td>&#8211;<\/td><td>&#8211;<\/td><td>&#8211;<\/td><\/tr><tr><th scope=\"row\">P\u00e9rim\u00e8tre de Winnipeg (WPG)\n                <\/th><td>$12.00<\/td><td>&#8211;<\/td><td>&#8211;<\/td><td>$7.00<\/td><\/tr><\/tbody><\/table><\/figure>\n\n\n\n<div style=\"height:30px\" aria-hidden=\"true\" class=\"wp-block-spacer\"><\/div>\n\n\n\n<h3 class=\"wp-block-heading\">Droits et taxes du gouvernement<\/h3>\n\n\n\n<figure class=\"wp-block-table is-style-stripes\"><table class=\"has-fixed-layout\"><thead><tr><th scope=\"col\">Nom<\/th><th scope=\"col\">Description<\/th><\/tr><\/thead><tbody><tr><th scope=\"row\">Droit pour la s\u00e9curit\u00e9 des passagers du transport a\u00e9rien (DSPTA)\n                <\/th><td>Le gouvernement canadien facture le DSPTA pour financer le personnel et l&rsquo;\u00e9quipement de s\u00e9curit\u00e9 pour les vols int\u00e9rieurs dans les a\u00e9roports internationaux. Varie selon les a\u00e9roports. <\/td><\/tr><tr><th scope=\"row\">Taxe sur les produits et services (TPS)\n                <\/th><td>La TPS s&rsquo;applique aux frais de navigation et aux suppl\u00e9ments, au FIA et au DSPTA.<\/td><\/tr><tr><th scope=\"row\">Taxe de vente harmonis\u00e9e (TVH)\n                <\/th><td>La TVH s&rsquo;applique au tarif de base, aux frais de navigation et aux suppl\u00e9ments, aux FAA et au DSPTA.\n                <\/td><\/tr><\/tbody><\/table><\/figure>\n","protected":false},"excerpt":{"rendered":"<p>Tarif de base Le tarif de base est le tarif aller simple entre deux a\u00e9roports de notre r\u00e9seau. Il comprend les vols sans escale, les vols directs et les vols avec correspondance. Surtaxes des compagnies a\u00e9riennes Des suppl\u00e9ments peuvent s&rsquo;appliquer aux vols de Perimeter Aviation et de Bearskin Airlines. Ils peuvent inclure, sans s&rsquo;y limiter, &hellip;<\/p>\n","protected":false},"author":18,"featured_media":0,"parent":0,"menu_order":0,"comment_status":"closed","ping_status":"closed","template":"template-narrow.blade.php","meta":{"_acf_changed":false,"footnotes":""},"class_list":["post-1927","page","type-page","status-publish","hentry"],"acf":[],"_links":{"self":[{"href":"https:\/\/perimeter.ca\/fr\/wp-json\/wp\/v2\/pages\/1927","targetHints":{"allow":["GET"]}}],"collection":[{"href":"https:\/\/perimeter.ca\/fr\/wp-json\/wp\/v2\/pages"}],"about":[{"href":"https:\/\/perimeter.ca\/fr\/wp-json\/wp\/v2\/types\/page"}],"author":[{"embeddable":true,"href":"https:\/\/perimeter.ca\/fr\/wp-json\/wp\/v2\/users\/18"}],"replies":[{"embeddable":true,"href":"https:\/\/perimeter.ca\/fr\/wp-json\/wp\/v2\/comments?post=1927"}],"version-history":[{"count":0,"href":"https:\/\/perimeter.ca\/fr\/wp-json\/wp\/v2\/pages\/1927\/revisions"}],"wp:attachment":[{"href":"https:\/\/perimeter.ca\/fr\/wp-json\/wp\/v2\/media?parent=1927"}],"curies":[{"name":"wp","href":"https:\/\/api.w.org\/{rel}","templated":true}]}}