{"id":1930,"date":"2024-03-28T15:28:12","date_gmt":"2024-03-28T20:28:12","guid":{"rendered":"https:\/\/perimeter.ca\/lever-de-terre\/"},"modified":"2024-09-25T11:16:01","modified_gmt":"2024-09-25T16:16:01","slug":"lever-de-terre","status":"publish","type":"page","link":"https:\/\/perimeter.ca\/fr\/lever-de-terre\/","title":{"rendered":"Lever de terre"},"content":{"rendered":"\n<div style=\"height:55px\" aria-hidden=\"true\" class=\"wp-block-spacer\"><\/div>\n\n\n\n<h2 class=\"wp-block-heading\">Lever de terre<\/h2>\n\n\n\n<p>Profitez-en maintenant et payez au fur et \u00e0 mesure.\nR\u00e9partissez le co\u00fbt de votre achat sur des mensualit\u00e9s fixes. <\/p>\n\n\n\n<div style=\"height:30px\" aria-hidden=\"true\" class=\"wp-block-spacer\"><\/div>\n\n\n\n<h3 class=\"wp-block-heading\">Faites l&rsquo;exp\u00e9rience de la joie des acheteurs<\/h3>\n\n\n\n<p>Soyez satisfait de ce que vous achetez et de la fa\u00e7on dont vous le payez.\nAvec Uplift, vous pouvez faire des achats r\u00e9fl\u00e9chis et les payer par petits morceaux tout en respectant votre budget. <\/p>\n\n\n\n<div style=\"height:30px\" aria-hidden=\"true\" class=\"wp-block-spacer\"><\/div>\n\n\n\n<div class=\"wp-block-columns is-layout-flex wp-container-core-columns-is-layout-9d6595d7 wp-block-columns-is-layout-flex\">\n<div class=\"wp-block-column is-layout-flow wp-block-column-is-layout-flow\">\n<h3 class=\"wp-block-heading\">Versements fixes<\/h3>\n\n\n\n<p>Sachez exactement ce que vous devez chaque mois<\/p>\n\n\n\n<div style=\"height:30px\" aria-hidden=\"true\" class=\"wp-block-spacer\"><\/div>\n\n\n\n<h3 class=\"wp-block-heading\">Application rapide<\/h3>\n\n\n\n<p>Saisissez quelques informations et recevez une d\u00e9cision en quelques secondes<\/p>\n<\/div>\n\n\n\n<div class=\"wp-block-column is-layout-flow wp-block-column-is-layout-flow\">\n<h3 class=\"wp-block-heading\">Pas de frais de retard<\/h3>\n\n\n\n<p>Et pas de p\u00e9nalit\u00e9s de remboursement anticip\u00e9<\/p>\n\n\n\n<div style=\"height:30px\" aria-hidden=\"true\" class=\"wp-block-spacer\"><\/div>\n\n\n\n<h3 class=\"wp-block-heading\">AutoPay facile<\/h3>\n\n\n\n<p>Aucune date de paiement \u00e0 retenir<\/p>\n<\/div>\n<\/div>\n\n\n\n<div style=\"height:30px\" aria-hidden=\"true\" class=\"wp-block-spacer\"><\/div>\n\n\n\n<hr class=\"wp-block-separator has-text-color has-orange-500-color has-alpha-channel-opacity has-orange-500-background-color has-background\"\/>\n\n\n\n<h2 class=\"wp-block-heading\">Comment fonctionne Uplift<\/h2>\n\n\n\n<h3 class=\"wp-block-heading\">S\u00e9lectionnez Uplift \u00e0 la caisse<\/h3>\n\n\n\n<p>Ajoutez des achats \u00e0 votre panier comme vous le feriez normalement.\nLorsque vous \u00eates pr\u00eat \u00e0 passer \u00e0 la caisse, choisissez Uplift comme mode de paiement. <\/p>\n\n\n\n<div style=\"height:30px\" aria-hidden=\"true\" class=\"wp-block-spacer\"><\/div>\n\n\n\n<div class=\"wp-block-columns is-layout-flex wp-container-core-columns-is-layout-9d6595d7 wp-block-columns-is-layout-flex\">\n<div class=\"wp-block-column is-layout-flow wp-block-column-is-layout-flow\">\n<h3 class=\"wp-block-heading\">Rapide et facile<\/h3>\n\n\n\n<p>Fournissez quelques informations et recevez une d\u00e9cision en quelques secondes.<\/p>\n<\/div>\n\n\n\n<div class=\"wp-block-column is-layout-flow wp-block-column-is-layout-flow\">\n<h3 class=\"wp-block-heading\">Profitez-en<\/h3>\n\n\n\n<p>Profitez d\u00e8s maintenant de votre voyage et payez-le au fur et \u00e0 mesure gr\u00e2ce \u00e0 des mensualit\u00e9s fixes.<\/p>\n<\/div>\n<\/div>\n\n\n\n<hr class=\"wp-block-separator has-text-color has-orange-500-color has-alpha-channel-opacity has-orange-500-background-color has-background\"\/>\n\n\n\n<h2 class=\"wp-block-heading\">Questions fr\u00e9quemment pos\u00e9es<\/h2>\n\n\n<div class=\"dropdown-accordion-block w-full mx-auto\">\n\t\t\t\t\t\t\t\t\n\t\t<details  class=\"group border-[#D3D3D3] border-t-2 last:border-b-2\" >\n\t\t\t<summary class=\"[&#038;::-webkit-details-marker]:hidden relative py-4 md:py-6 pr-8 text-lg md:text-xl font-medium text-WCAGorange list-none cursor-pointer transition-colors duration-300\">\n\t\t\t\tQu&#039;est-ce que Uplift ?\n\n\t\t\t\t<svg\n\t\t\t\t\taria-hidden=\"true\" \n\t\t\t\t\twidth=\"24\" \n\t\t\t\t\theight=\"18\" \n\t\t\t\t\tviewBox=\"0 0 24 18\" \n\t\t\t\t\tfill=\"none\" \n\t\t\t\t\txmlns=\"http:\/\/www.w3.org\/2000\/svg\"\n\t\t\t\t\tclass=\"absolute top-1\/2 right-0 transform -translate-y-1\/2 transition-transform max-md:max-w-4\"\n\t\t\t\t>\n\t\t\t\t\t<path d=\"M14.5305 18L12.3719 15.9752L18.2256 10.49L0 10.1926L0.054878 7.3327L18.0976 7.6244L12.128 2.02479L14.2805 0L24 9.11725L14.5305 18Z\" fill=\"#DD5729\"\/>\n\t\t\t\t<\/svg>\n\t\t\t\t\t\n\t\t\t<\/summary>\n\n\t\t\t<div id=\"block_5428f944148ea1899adc4ad2bba041ae-0\" class=\"mt-4 content-wrapper prose-p:px-0\">\n\t\t\t\t<p><span style=\"font-weight: 400;\">Uplift vous donne la libert\u00e9 d&rsquo;acheter ce que vous voulez maintenant et de payer \u00e0 terme avec des versements fixes. Faites vos achats comme vous le feriez normalement sur notre site web et lorsque vous \u00eates pr\u00eat \u00e0 passer \u00e0 la caisse, s\u00e9lectionnez simplement \u00ab\u00a0Uplift\u00a0\u00bb comme mode de paiement, remplissez une courte demande et recevez une d\u00e9cision instantan\u00e9e. <\/span><\/p>\n\n\t\t\t<\/div>\n\t\t<\/details>\n\t\t\t\t\t\t\t\t\n\t\t<details  class=\"group border-[#D3D3D3] border-t-2 last:border-b-2\" >\n\t\t\t<summary class=\"[&#038;::-webkit-details-marker]:hidden relative py-4 md:py-6 pr-8 text-lg md:text-xl font-medium text-WCAGorange list-none cursor-pointer transition-colors duration-300\">\n\t\t\t\tComment poser sa candidature ?\n\n\t\t\t\t<svg\n\t\t\t\t\taria-hidden=\"true\" \n\t\t\t\t\twidth=\"24\" \n\t\t\t\t\theight=\"18\" \n\t\t\t\t\tviewBox=\"0 0 24 18\" \n\t\t\t\t\tfill=\"none\" \n\t\t\t\t\txmlns=\"http:\/\/www.w3.org\/2000\/svg\"\n\t\t\t\t\tclass=\"absolute top-1\/2 right-0 transform -translate-y-1\/2 transition-transform max-md:max-w-4\"\n\t\t\t\t>\n\t\t\t\t\t<path d=\"M14.5305 18L12.3719 15.9752L18.2256 10.49L0 10.1926L0.054878 7.3327L18.0976 7.6244L12.128 2.02479L14.2805 0L24 9.11725L14.5305 18Z\" fill=\"#DD5729\"\/>\n\t\t\t\t<\/svg>\n\t\t\t\t\t\n\t\t\t<\/summary>\n\n\t\t\t<div id=\"block_5428f944148ea1899adc4ad2bba041ae-1\" class=\"mt-4 content-wrapper prose-p:px-0\">\n\t\t\t\t<p><span style=\"font-weight: 400;\">Achetez vos articles et ajoutez-les \u00e0 votre panier comme vous le feriez normalement. Lorsque vous \u00eates pr\u00eat \u00e0 passer \u00e0 la caisse, il vous suffit de s\u00e9lectionner Uplift comme mode de paiement. Vous devrez fournir quelques informations de base comme votre num\u00e9ro de t\u00e9l\u00e9phone portable et les quatre derniers chiffres de votre num\u00e9ro d&rsquo;assurance sociale pour faire votre demande. Si votre demande est accept\u00e9e, terminez le paiement et c&rsquo;est tout. <\/span><\/p>\n\n\t\t\t<\/div>\n\t\t<\/details>\n\t\t\t\t\t\t\t\t\n\t\t<details  class=\"group border-[#D3D3D3] border-t-2 last:border-b-2\" >\n\t\t\t<summary class=\"[&#038;::-webkit-details-marker]:hidden relative py-4 md:py-6 pr-8 text-lg md:text-xl font-medium text-WCAGorange list-none cursor-pointer transition-colors duration-300\">\n\t\t\t\tComment mes offres de pr\u00eat sont-elles d\u00e9termin\u00e9es ?\n\n\t\t\t\t<svg\n\t\t\t\t\taria-hidden=\"true\" \n\t\t\t\t\twidth=\"24\" \n\t\t\t\t\theight=\"18\" \n\t\t\t\t\tviewBox=\"0 0 24 18\" \n\t\t\t\t\tfill=\"none\" \n\t\t\t\t\txmlns=\"http:\/\/www.w3.org\/2000\/svg\"\n\t\t\t\t\tclass=\"absolute top-1\/2 right-0 transform -translate-y-1\/2 transition-transform max-md:max-w-4\"\n\t\t\t\t>\n\t\t\t\t\t<path d=\"M14.5305 18L12.3719 15.9752L18.2256 10.49L0 10.1926L0.054878 7.3327L18.0976 7.6244L12.128 2.02479L14.2805 0L24 9.11725L14.5305 18Z\" fill=\"#DD5729\"\/>\n\t\t\t\t<\/svg>\n\t\t\t\t\t\n\t\t\t<\/summary>\n\n\t\t\t<div id=\"block_5428f944148ea1899adc4ad2bba041ae-2\" class=\"mt-4 content-wrapper prose-p:px-0\">\n\t\t\t\t<p><span style=\"font-weight: 400;\">Uplift prend en compte un certain nombre de facteurs, notamment vos informations de cr\u00e9dit, les d\u00e9tails de vos achats, etc.<\/span><\/p>\n\n\t\t\t<\/div>\n\t\t<\/details>\n\t\t\t\t\t\t\t\t\n\t\t<details  class=\"group border-[#D3D3D3] border-t-2 last:border-b-2\" >\n\t\t\t<summary class=\"[&#038;::-webkit-details-marker]:hidden relative py-4 md:py-6 pr-8 text-lg md:text-xl font-medium text-WCAGorange list-none cursor-pointer transition-colors duration-300\">\n\t\t\t\tComment effectuer des paiements \u00e9chelonn\u00e9s ?\n\n\t\t\t\t<svg\n\t\t\t\t\taria-hidden=\"true\" \n\t\t\t\t\twidth=\"24\" \n\t\t\t\t\theight=\"18\" \n\t\t\t\t\tviewBox=\"0 0 24 18\" \n\t\t\t\t\tfill=\"none\" \n\t\t\t\t\txmlns=\"http:\/\/www.w3.org\/2000\/svg\"\n\t\t\t\t\tclass=\"absolute top-1\/2 right-0 transform -translate-y-1\/2 transition-transform max-md:max-w-4\"\n\t\t\t\t>\n\t\t\t\t\t<path d=\"M14.5305 18L12.3719 15.9752L18.2256 10.49L0 10.1926L0.054878 7.3327L18.0976 7.6244L12.128 2.02479L14.2805 0L24 9.11725L14.5305 18Z\" fill=\"#DD5729\"\/>\n\t\t\t\t<\/svg>\n\t\t\t\t\t\n\t\t\t<\/summary>\n\n\t\t\t<div id=\"block_5428f944148ea1899adc4ad2bba041ae-3\" class=\"mt-4 content-wrapper prose-p:px-0\">\n\t\t\t\t<p><span style=\"font-weight: 400;\">Vous pouvez effectuer un paiement \u00e0 tout moment en visitant le site pay.uplift.com et en cliquant sur l&rsquo;onglet Pr\u00eats. De l\u00e0, cliquez sur le bouton Effectuer un paiement. <\/span><\/p>\n<p><span style=\"font-weight: 400;\">Nous vous recommandons d&rsquo;activer AutoPay au moment de l&rsquo;achat afin que vos paiements soient automatiquement d\u00e9duits chaque mois. Si vous n&rsquo;avez pas activ\u00e9 AutoPay, visitez pay.uplift.com, cliquez sur la page Comptes et mettez l&rsquo;option AutoPay sur ON. <\/span><\/p>\n<p><span style=\"font-weight: 400;\">Vous pouvez \u00e9galement modifier le mode de paiement figurant dans le dossier d&rsquo;Uplift \u00e0 tout moment en visitant le site externe pay.uplift.com qui peut ne pas r\u00e9pondre aux directives d&rsquo;accessibilit\u00e9 et\/ou aux pr\u00e9f\u00e9rences linguistiques.<\/span><\/p>\n\n\t\t\t<\/div>\n\t\t<\/details>\n\t\t\t\t\t\t\t\t\n\t\t<details  class=\"group border-[#D3D3D3] border-t-2 last:border-b-2\" >\n\t\t\t<summary class=\"[&#038;::-webkit-details-marker]:hidden relative py-4 md:py-6 pr-8 text-lg md:text-xl font-medium text-WCAGorange list-none cursor-pointer transition-colors duration-300\">\n\t\t\t\tJ&#039;ai achet\u00e9 un voyage avec Uplift, puis-je voyager avant qu&#039;il ne soit pay\u00e9 ?\n\n\t\t\t\t<svg\n\t\t\t\t\taria-hidden=\"true\" \n\t\t\t\t\twidth=\"24\" \n\t\t\t\t\theight=\"18\" \n\t\t\t\t\tviewBox=\"0 0 24 18\" \n\t\t\t\t\tfill=\"none\" \n\t\t\t\t\txmlns=\"http:\/\/www.w3.org\/2000\/svg\"\n\t\t\t\t\tclass=\"absolute top-1\/2 right-0 transform -translate-y-1\/2 transition-transform max-md:max-w-4\"\n\t\t\t\t>\n\t\t\t\t\t<path d=\"M14.5305 18L12.3719 15.9752L18.2256 10.49L0 10.1926L0.054878 7.3327L18.0976 7.6244L12.128 2.02479L14.2805 0L24 9.11725L14.5305 18Z\" fill=\"#DD5729\"\/>\n\t\t\t\t<\/svg>\n\t\t\t\t\t\n\t\t\t<\/summary>\n\n\t\t\t<div id=\"block_5428f944148ea1899adc4ad2bba041ae-4\" class=\"mt-4 content-wrapper prose-p:px-0\">\n\t\t\t\t<p><span style=\"font-weight: 400;\">Oui ! Vous devez pr\u00e9voir quelques jours entre la r\u00e9servation et la date de votre d\u00e9part pour que tout soit trait\u00e9.<br \/>\n\u00c0 part cela, vous \u00eates libre de voyager quand vous le souhaitez, m\u00eame avant d&rsquo;avoir tout rembours\u00e9. <\/span><\/p>\n\n\t\t\t<\/div>\n\t\t<\/details>\n\t\t\t\t\t\t\t\t\n\t\t<details  class=\"group border-[#D3D3D3] border-t-2 last:border-b-2\" >\n\t\t\t<summary class=\"[&#038;::-webkit-details-marker]:hidden relative py-4 md:py-6 pr-8 text-lg md:text-xl font-medium text-WCAGorange list-none cursor-pointer transition-colors duration-300\">\n\t\t\t\tQuelles sont votre politique de confidentialit\u00e9 et vos conditions d&#039;utilisation ?\n\n\t\t\t\t<svg\n\t\t\t\t\taria-hidden=\"true\" \n\t\t\t\t\twidth=\"24\" \n\t\t\t\t\theight=\"18\" \n\t\t\t\t\tviewBox=\"0 0 24 18\" \n\t\t\t\t\tfill=\"none\" \n\t\t\t\t\txmlns=\"http:\/\/www.w3.org\/2000\/svg\"\n\t\t\t\t\tclass=\"absolute top-1\/2 right-0 transform -translate-y-1\/2 transition-transform max-md:max-w-4\"\n\t\t\t\t>\n\t\t\t\t\t<path d=\"M14.5305 18L12.3719 15.9752L18.2256 10.49L0 10.1926L0.054878 7.3327L18.0976 7.6244L12.128 2.02479L14.2805 0L24 9.11725L14.5305 18Z\" fill=\"#DD5729\"\/>\n\t\t\t\t<\/svg>\n\t\t\t\t\t\n\t\t\t<\/summary>\n\n\t\t\t<div id=\"block_5428f944148ea1899adc4ad2bba041ae-5\" class=\"mt-4 content-wrapper prose-p:px-0\">\n\t\t\t\t<p><span style=\"font-weight: 400;\">Notre <a href=\"https:\/\/www.uplift.com\/fr-ca\/privacy\/\">politique de confidentialit\u00e9<\/a>.<br \/>\nNos <a href=\"https:\/\/www.uplift.com\/fr-ca\/terms\/\">conditions d&rsquo;utilisation<\/a>. <\/span><\/p>\n\n\t\t\t<\/div>\n\t\t<\/details>\n\t\t<\/div>\n\n\n\n<h2 class=\"wp-block-heading has-2-xl-font-size\">Clause de non-responsabilit\u00e9<\/h2>\n\n\n\n<p>Les conditions sont bas\u00e9es sur le score de cr\u00e9dit et d&rsquo;autres facteurs, et peuvent varier.\nTout le monde n&rsquo;est pas admissible.\nLes demandeurs sont soumis \u00e0 l&rsquo;approbation de Uplift Canada.  <\/p>\n\n\n\n<div style=\"height:55px\" aria-hidden=\"true\" class=\"wp-block-spacer\"><\/div>\n","protected":false},"excerpt":{"rendered":"<p>Lever de terre Profitez-en maintenant et payez au fur et \u00e0 mesure. R\u00e9partissez le co\u00fbt de votre achat sur des mensualit\u00e9s fixes. Faites l&rsquo;exp\u00e9rience de la joie des acheteurs Soyez satisfait de ce que vous achetez et de la fa\u00e7on dont vous le payez. Avec Uplift, vous pouvez faire des achats r\u00e9fl\u00e9chis et les payer &hellip;<\/p>\n","protected":false},"author":18,"featured_media":0,"parent":0,"menu_order":0,"comment_status":"closed","ping_status":"closed","template":"template-narrow.blade.php","meta":{"_acf_changed":true,"footnotes":""},"class_list":["post-1930","page","type-page","status-publish","hentry"],"acf":[],"_links":{"self":[{"href":"https:\/\/perimeter.ca\/fr\/wp-json\/wp\/v2\/pages\/1930","targetHints":{"allow":["GET"]}}],"collection":[{"href":"https:\/\/perimeter.ca\/fr\/wp-json\/wp\/v2\/pages"}],"about":[{"href":"https:\/\/perimeter.ca\/fr\/wp-json\/wp\/v2\/types\/page"}],"author":[{"embeddable":true,"href":"https:\/\/perimeter.ca\/fr\/wp-json\/wp\/v2\/users\/18"}],"replies":[{"embeddable":true,"href":"https:\/\/perimeter.ca\/fr\/wp-json\/wp\/v2\/comments?post=1930"}],"version-history":[{"count":0,"href":"https:\/\/perimeter.ca\/fr\/wp-json\/wp\/v2\/pages\/1930\/revisions"}],"wp:attachment":[{"href":"https:\/\/perimeter.ca\/fr\/wp-json\/wp\/v2\/media?parent=1930"}],"curies":[{"name":"wp","href":"https:\/\/api.w.org\/{rel}","templated":true}]}}