{"id":1931,"date":"2024-03-28T15:28:21","date_gmt":"2024-03-28T20:28:21","guid":{"rendered":"https:\/\/perimeter.ca\/options-de-paiement\/"},"modified":"2024-12-11T09:29:33","modified_gmt":"2024-12-11T15:29:33","slug":"options-de-paiement","status":"publish","type":"page","link":"https:\/\/perimeter.ca\/fr\/options-de-paiement\/","title":{"rendered":"Options de paiement"},"content":{"rendered":"<section \n    data-image-on-left=\"1\" \n    class=\"!-mt-section section--has-background bg-cover bg-no-repeat full-width-section mb-section !py-0 !min-h-[182px] lg:!min-h-[560px] !max-h-min h-full relative flex flex-col-reverse lg:!flex-col !items-center lg:mb-20\">\n    <div class=\"flex flex-col lg:flex-row container px-section !items-center !mx-auto  justify-end  gap-8 relative h-full w-full\">\n        <div class=\"h-full relative flex flex-col text-left mt-20 mb-20 md:mb-32 lg:my-32 lg:max-w-[60%] xl:max-w-[55%] 2xl:max-w-[50%] px-0 w-full text-start z-[100]\">\n            <div>\n                <h2 class=\"h2\">\n                    Options de paiement\n                <\/h2>\n                <p>Vous disposez de plusieurs options de paiement. Nous mettons constamment \u00e0 jour nos m\u00e9thodes de paiement afin de vous offrir plus de commodit\u00e9 et de vous permettre de voyager plus rapidement et plus efficacement. N&rsquo;h\u00e9sitez pas \u00e0 nous rendre visite r\u00e9guli\u00e8rement pour conna\u00eetre les derni\u00e8res mises \u00e0 jour !<\/p>\n\n            <\/div>\n                                <\/div>\n    <\/div>\n    <div class=\"w-full h-full lg:min-w-[35%] xl:min-w-[40%] 2xl:min-w-[45%] lg:!max-w-min !max-h-[370px] lg:!max-h-[95%] lg:absolute top-0  left-0   lg:order-first \">\n        <img decoding=\"async\" id=\"side-image\"\n            src=\"https:\/\/perimeter.ca\/wp-content\/uploads\/2024\/09\/0H9A8036-scaled.jpg\"\n            alt=\"\"\n            class=\"my-0 object-cover w-full h-full !max-h-[370px] lg:!max-h-[100%] !z-[50]  object-center lg:pl-0  rounded-bl-[98px]\" \/>\n    <\/div>\n        <img decoding=\"async\" id=\"sprinkle-1\"\n            src=\"https:\/\/perimeter.ca\/wp-content\/uploads\/2024\/06\/Bear-Paw3.png\" \n            alt=\"\" \n            class=\"-z-10 w-full object-cover md:max-w-[30%] h-auto my-0 absolute right-0 !mt-16 mr-8  lg:right-0 bottom-0 \" \/>\n<\/section>\n\n\n<div\n  class=\"wp-block-section section bg-cover vdi-section-background\"\n  style=\"\"\n    \n>\n\n\n  \n  \n  \n      <div class=\"md:container py-section content-wrapper\">\n      \n\n<figure class=\"wp-block-table is-style-stripes payment-table\">\n    <table class=\"has-fixed-layout\">\n        <thead>\n            <tr>\n                <th id=\"pt\">  Type de paiement  <\/th>\n                <th id=\"online\">  En ligne (non cumulable)  <\/th>\n                <th id=\"csc\">  Centre de service \u00e0 la client\u00e8le  <\/th>\n                <th id=\"wptt\">  Terminal p\u00e9riph\u00e9rique de Winnipeg et Thompson  <\/th>\n                <th id=\"aoa\">  Tous les autres a\u00e9roports  <\/th>\n                <th id=\"tcd\">  Terminal Cargo Drop  <\/th>\n                <th id=\"if\">  En vol  <\/th>\n            <\/tr>\n        <\/thead>\n        <tbody>\n            <tr>\n                <th id=\"creditCards\" class=\"payment-table__subheading\" colspan=\"7\" >\n                    <span>Cartes de cr\u00e9dit<\/span>\n                <\/th>\n            <\/tr>\n            <tr>\n                <th id=\"amex\">  American Express  <\/th>\n                <td headers=\"creditCards amex online\">\u2713<span class=\"sr-only\">Accept\u00e9<\/span><\/td>\n                <td headers=\"creditCards amex csc\">\u2713<span class=\"sr-only\">Accept\u00e9<\/span><\/td>\n                <td headers=\"creditCards amex wptt\">\u2713<span class=\"sr-only\">Accept\u00e9<\/span><\/td>\n                <td headers=\"creditCards amex aoa\">\u2713<span class=\"sr-only\">Accept\u00e9<\/span><\/td>\n                <td headers=\"creditCards amex tcd\">\u2713<span class=\"sr-only\">Accept\u00e9<\/span><\/td>\n                <td headers=\"creditCards amex if\">X<span class=\"sr-only\">Non accept\u00e9<\/span><\/td>\n            <\/tr>\n            <tr>\n                <th id=\"discover\">  D\u00e9couvrez  <\/th>\n                <td headers=\"creditCards discover online\">\u2713<span class=\"sr-only\">Accept\u00e9<\/span><\/td>\n                <td headers=\"creditCards discover csc\">\u2713<span class=\"sr-only\">Accept\u00e9<\/span><\/td>\n                <td headers=\"creditCards discover wptt\">\u2713<span class=\"sr-only\">Accept\u00e9<\/span><\/td>\n                <td headers=\"creditCards discover aoa\">\u2713<span class=\"sr-only\">Accept\u00e9<\/span><\/td>\n                <td headers=\"creditCards discover tcd\">\u2713<span class=\"sr-only\">Accept\u00e9<\/span><\/td>\n                <td headers=\"creditCards discover if\">X<span class=\"sr-only\">Non accept\u00e9<\/span><\/td>\n            <\/tr>\n            <tr>\n                <th id=\"diners\">  Diners Club International  <\/th>\n                <td headers=\"creditCards diners online\">\u2713<span class=\"sr-only\">Accept\u00e9<\/span><\/td>\n                <td headers=\"creditCards diners csc\">\u2713<span class=\"sr-only\">Accept\u00e9<\/span><\/td>\n                <td headers=\"creditCards diners wptt\">\u2713<span class=\"sr-only\">Accept\u00e9<\/span><\/td>\n                <td headers=\"creditCards diners aoa\">\u2713<span class=\"sr-only\">Accept\u00e9<\/span><\/td>\n                <td headers=\"creditCards diners tcd\">\u2713<span class=\"sr-only\">Accept\u00e9<\/span><\/td>\n                <td headers=\"creditCards diners if\">X<span class=\"sr-only\">Non accept\u00e9<\/span><\/td>\n            <\/tr>\n            <tr>\n                <th id=\"mc\">  MasterCard  <\/th>\n                <td headers=\"creditCards mc online\">\u2713<span class=\"sr-only\">Accept\u00e9<\/span><\/td>\n                <td headers=\"creditCards mc csc\">\u2713<span class=\"sr-only\">Accept\u00e9<\/span><\/td>\n                <td headers=\"creditCards mc wptt\">\u2713<span class=\"sr-only\">Accept\u00e9<\/span><\/td>\n                <td headers=\"creditCards mc aoa\">\u2713<span class=\"sr-only\">Accept\u00e9<\/span><\/td>\n                <td headers=\"creditCards mc tcd\">\u2713<span class=\"sr-only\">Accept\u00e9<\/span><\/td>\n                <td headers=\"creditCards mc if\">X<span class=\"sr-only\">Non accept\u00e9<\/span><\/td>\n            <\/tr>\n            <tr>\n                <th id=\"visa\">  Visa  <\/th>\n                <td headers=\"creditCards visa online\">\u2713<span class=\"sr-only\">Accept\u00e9<\/span><\/td>\n                <td headers=\"creditCards visa csc\">\u2713<span class=\"sr-only\">Accept\u00e9<\/span><\/td>\n                <td headers=\"creditCards visa wptt\">\u2713<span class=\"sr-only\">Accept\u00e9<\/span><\/td>\n                <td headers=\"creditCards visa aoa\">\u2713<span class=\"sr-only\">Accept\u00e9<\/span><\/td>\n                <td headers=\"creditCards visa tcd\">\u2713<span class=\"sr-only\">Accept\u00e9<\/span><\/td>\n                <td headers=\"creditCards visa if\">X<span class=\"sr-only\">Non accept\u00e9<\/span><\/td>\n            <\/tr>\n            <tr>\n                <th id=\"ppcc\">  Carte de cr\u00e9dit pr\u00e9pay\u00e9e  <\/th>\n                <td headers=\"creditCards ppcc online\">\u2713<span class=\"sr-only\">Accept\u00e9<\/span><\/td>\n                <td headers=\"creditCards ppcc csc\">\u2713<span class=\"sr-only\">Accept\u00e9<\/span><\/td>\n                <td headers=\"creditCards ppcc wptt\">\u2713<span class=\"sr-only\">Accept\u00e9<\/span><\/td>\n                <td headers=\"creditCards ppcc aoa\">\u2713<span class=\"sr-only\">Accept\u00e9<\/span><\/td>\n                <td headers=\"creditCards ppcc tcd\">\u2713<span class=\"sr-only\">Accept\u00e9<\/span><\/td>\n                <td headers=\"creditCards ppcc if\">X<span class=\"sr-only\">Non accept\u00e9<\/span><\/td>\n            <\/tr>\n            <tr>\n                <th id=\"interac\" class=\"payment-table__subheading\" colspan=\"7\" >\n                    <span>Interac<\/span>\n                <\/th>\n            <\/tr>\n            <tr>\n                <th id=\"dbmc\">\n                    <a href=\"https:\/\/www.mastercard.ca\/fr-ca\/consommateurs\/trouver-une-carte\/cartes-de-debit.html\">  Carte de d\u00e9bit Mastercard  <\/a>\n                <\/th>\n                <td headers=\"interac dbmc online\">\u2713<span class=\"sr-only\">Accept\u00e9<\/span><\/td>\n                <td headers=\"interac dbmc csc\">\u2713<span class=\"sr-only\">Accept\u00e9<\/span><\/td>\n                <td headers=\"interac dbmc wptt\">\u2713<span class=\"sr-only\">Accept\u00e9<\/span><\/td>\n                <td headers=\"interac dbmc aoa\">\u2713<span class=\"sr-only\">Accept\u00e9<\/span><\/td>\n                <td headers=\"interac dbmc tcd\">\u2713<span class=\"sr-only\">Accept\u00e9<\/span><\/td>\n                <td headers=\"interac dbmc if\">X<span class=\"sr-only\">Non accept\u00e9<\/span><\/td>\n            <\/tr>\n            <tr>\n                <th id=\"dbvisa\">\n                    <a href=\"https:\/\/www.visa.ca\/fr_CA\/pay-with-visa\/cards\/debit-cards.html\">  Visa D\u00e9bit  <\/a>\n                <\/th>\n                <td headers=\"interac dbvisa online\">\u2713<span class=\"sr-only\">Accept\u00e9<\/span><\/td>\n                <td headers=\"interac dbvisa csc\">\u2713<span class=\"sr-only\">Accept\u00e9<\/span><\/td>\n                <td headers=\"interac dbvisa wptt\">\u2713<span class=\"sr-only\">Accept\u00e9<\/span><\/td>\n                <td headers=\"interac dbvisa aoa\">\u2713<span class=\"sr-only\">Accept\u00e9<\/span><\/td>\n                <td headers=\"interac dbvisa tcd\">\u2713<span class=\"sr-only\">Accept\u00e9<\/span><\/td>\n                <td headers=\"interac dbvisa if\">X<span class=\"sr-only\">Non accept\u00e9<\/span><\/td>\n            <\/tr>\n            <tr>\n                <th id=\"dbint\">  D\u00e9bit\/Interac  <\/th>\n                <td headers=\"interac dbint online\">X<span class=\"sr-only\">Non accept\u00e9<\/span><\/td>\n                <td headers=\"interac dbint csc\">X<span class=\"sr-only\">Non accept\u00e9<\/span><\/td>\n                <td headers=\"interac dbint wptt\">\u2713<span class=\"sr-only\">Accept\u00e9<\/span><\/td>\n                <td headers=\"interac dbint aoa\">\u2713<span class=\"sr-only\">Accept\u00e9<\/span><\/td>\n                <td headers=\"interac dbint tcd\">\u2713<span class=\"sr-only\">Accept\u00e9<\/span><\/td>\n                <td headers=\"interac dbint if\">X<span class=\"sr-only\">Non accept\u00e9<\/span><\/td>\n            <\/tr>\n            <tr>\n                <th id=\"digital\" class=\"payment-table__subheading\" colspan=\"7\" >\n                    <span>Options num\u00e9riques<\/span>\n                <\/th>\n            <\/tr>\n            <tr>\n                <th id=\"uplift\">\n                    <a href=\"https:\/\/perimeter.ca\/fr\/flex-pay\/\">Flex Pay<\/a>\n                <\/th>\n                <td headers=\"digital uplift online\">\u2713<span class=\"sr-only\">Accept\u00e9<\/span><\/td>\n                <td headers=\"digital uplift csc\">X<span class=\"sr-only\">Non accept\u00e9<\/span><\/td>\n                <td headers=\"digital uplift wptt\">X<span class=\"sr-only\">Non accept\u00e9<\/span><\/td>\n                <td headers=\"digital uplift aoa\">X<span class=\"sr-only\">Non accept\u00e9<\/span><\/td>\n                <td headers=\"digital uplift tcd\">X<span class=\"sr-only\">Non accept\u00e9<\/span><\/td>\n                <td headers=\"digital uplift if\">X<span class=\"sr-only\">Non accept\u00e9<\/span><\/td>\n            <\/tr>\n            <tr>\n                <th id=\"vouchers\" class=\"payment-table__subheading\" colspan=\"7\" >\n                    <span>Ch\u00e8ques<\/span>\n                <\/th>\n            <\/tr>\n            <tr>\n                <th id=\"perimv\">  Bon de p\u00e9rim\u00e8tre  <\/th>\n                <td headers=\"vouchers perimv online\">X<span class=\"sr-only\">Non accept\u00e9<\/span><\/td>\n                <td headers=\"vouchers perimv csc\">X<span class=\"sr-only\">Non accept\u00e9<\/span><\/td>\n                <td headers=\"vouchers perimv wptt\">\u2713<span class=\"sr-only\">Accept\u00e9<\/span><\/td>\n                <td headers=\"vouchers perimv aoa\">\u2713<span class=\"sr-only\">Accept\u00e9<\/span><\/td>\n                <td headers=\"vouchers perimv tcd\">\u2713<span class=\"sr-only\">Accept\u00e9<\/span><\/td>\n                <td headers=\"vouchers perimv if\">X<span class=\"sr-only\">Non accept\u00e9<\/span><\/td>\n            <\/tr>\n            <tr>\n                <th id=\"perimsv\">  Bon pour le syst\u00e8me p\u00e9rim\u00e9trique  <\/th>\n                <td headers=\"vouchers perimsv online\">X<span class=\"sr-only\">Non accept\u00e9<\/span><\/td>\n                <td headers=\"vouchers perimsv csc\">\u2713<span class=\"sr-only\">Accept\u00e9<\/span><\/td>\n                <td headers=\"vouchers perimsv wptt\">\u2713<span class=\"sr-only\">Accept\u00e9<\/span><\/td>\n                <td headers=\"vouchers perimsv aoa\">\u2713<span class=\"sr-only\">Accept\u00e9<\/span><\/td>\n                <td headers=\"vouchers perimsv tcd\">X<span class=\"sr-only\">Non accept\u00e9<\/span><\/td>\n                <td headers=\"vouchers perimsv if\">X<span class=\"sr-only\">Non accept\u00e9<\/span><\/td>\n            <\/tr>\n            <tr>\n                <th id=\"other\" class=\"payment-table__subheading\" colspan=\"7\" >\n                    <span>Autre<\/span>\n                <\/th>\n            <\/tr>\n            <tr>\n                <th id=\"cr\">  R\u00e9compenses de connexion  <\/th>\n                <td headers=\"other cr online\">X<span class=\"sr-only\">Non accept\u00e9<\/span><\/td>\n                <td headers=\"other cr csc\">\u2713<span class=\"sr-only\">Accept\u00e9<\/span><\/td>\n                <td headers=\"other cr wptt\">X<span class=\"sr-only\">Non accept\u00e9<\/span><\/td>\n                <td headers=\"other cr aoa\">X<span class=\"sr-only\">Non accept\u00e9<\/span><\/td>\n                <td headers=\"other cr tcd\">X<span class=\"sr-only\">Non accept\u00e9<\/span><\/td>\n                <td headers=\"other cr if\">X<span class=\"sr-only\">Non accept\u00e9<\/span><\/td>\n            <\/tr>\n            <tr>\n                <th id=\"cash\">  Argent liquide  <\/th>\n                <td headers=\"other cash online\">X<span class=\"sr-only\">Non accept\u00e9<\/span><\/td>\n                <td headers=\"other cash csc\">X<span class=\"sr-only\">Non accept\u00e9<\/span><\/td>\n                <td headers=\"other cash wptt\">\u2713<span class=\"sr-only\">Accept\u00e9<\/span><\/td>\n                <td headers=\"other cash aoa\">X<span class=\"sr-only\">Non accept\u00e9<\/span><\/td>\n                <td headers=\"other cash tcd\">\u2713<span class=\"sr-only\">Accept\u00e9<\/span><\/td>\n                <td headers=\"other cash if\">\u2713<span class=\"sr-only\">Accept\u00e9<\/span><\/td>\n            <\/tr>\n        <\/tbody>\n    <\/table>\n<\/figure>\n\n\n    <\/div>\n  \n<\/div>\n","protected":false},"excerpt":{"rendered":"","protected":false},"author":18,"featured_media":0,"parent":0,"menu_order":0,"comment_status":"closed","ping_status":"closed","template":"template-narrow.blade.php","meta":{"_acf_changed":false,"footnotes":""},"class_list":["post-1931","page","type-page","status-publish","hentry"],"acf":[],"_links":{"self":[{"href":"https:\/\/perimeter.ca\/fr\/wp-json\/wp\/v2\/pages\/1931","targetHints":{"allow":["GET"]}}],"collection":[{"href":"https:\/\/perimeter.ca\/fr\/wp-json\/wp\/v2\/pages"}],"about":[{"href":"https:\/\/perimeter.ca\/fr\/wp-json\/wp\/v2\/types\/page"}],"author":[{"embeddable":true,"href":"https:\/\/perimeter.ca\/fr\/wp-json\/wp\/v2\/users\/18"}],"replies":[{"embeddable":true,"href":"https:\/\/perimeter.ca\/fr\/wp-json\/wp\/v2\/comments?post=1931"}],"version-history":[{"count":0,"href":"https:\/\/perimeter.ca\/fr\/wp-json\/wp\/v2\/pages\/1931\/revisions"}],"wp:attachment":[{"href":"https:\/\/perimeter.ca\/fr\/wp-json\/wp\/v2\/media?parent=1931"}],"curies":[{"name":"wp","href":"https:\/\/api.w.org\/{rel}","templated":true}]}}