{"id":3536,"date":"2024-08-22T21:51:58","date_gmt":"2024-08-23T02:51:58","guid":{"rendered":"https:\/\/perimeter.ca\/reclamations-concernant-les-cargaisons\/"},"modified":"2024-10-09T08:52:49","modified_gmt":"2024-10-09T13:52:49","slug":"reclamations-concernant-les-cargaisons","status":"publish","type":"page","link":"https:\/\/perimeter.ca\/fr\/reclamations-concernant-les-cargaisons\/","title":{"rendered":"R\u00e9clamations concernant les cargaisons"},"content":{"rendered":"\n<div style=\"height:55px\" aria-hidden=\"true\" class=\"wp-block-spacer\"><\/div>\n\n\n\n<h2 class=\"wp-block-heading\">Soumettre votre demande  <\/h2>\n\n\n\n<p>Le fret est consid\u00e9r\u00e9 comme un article remis par l&rsquo;exp\u00e9diteur \u00e0 la compagnie a\u00e9rienne dans l&rsquo;une des zones de r\u00e9ception du fret, o\u00f9 une lettre de transport a\u00e9rien est cr\u00e9\u00e9e pour l&rsquo;article \u00e0 exp\u00e9dier.\nLes articles qui ne sont pas du fret ne seront pas trait\u00e9s \u00e0 l&rsquo;aide de ce formulaire. <\/p>\n\n\n\n<p>Toutes les d\u00e9clarations sont d&rsquo;abord examin\u00e9es dans les deux jours ouvrables et il peut s&rsquo;\u00e9couler jusqu&rsquo;\u00e0 <strong>15 jours ouv <\/strong>rables avant qu&rsquo;une d\u00e9cision ne soit prise.\nVous recevrez des mises \u00e0 jour sur l&rsquo;\u00e9tat d&rsquo;avancement de votre demande et, une fois votre d\u00e9claration ouverte, vous recevrez un message automatis\u00e9 comprenant le num\u00e9ro de dossier de la demande d&rsquo;indemnisation.\nVeuillez conserver ce num\u00e9ro et le mentionner dans toutes les communications.  <\/p>\n\n\n\n<p>Tous les champs marqu\u00e9s d&rsquo;un ast\u00e9risque (*) sont obligatoires.\nVeuillez remplir ce formulaire le plus pr\u00e9cis\u00e9ment possible afin d&rsquo;\u00e9viter tout retard dans le traitement de votre rapport. <\/p>\n\n\n\n<p><strong>Veuillez noter que vous recevrez automatiquement une copie de votre correspondance.<\/strong><\/p>\n\n\n\n<div style=\"height:55px\" aria-hidden=\"true\" class=\"wp-block-spacer\"><\/div>\n\n\n<style>\n  .frameWrap {\n    min-height: 1370px !important;\n  }\n<\/style>\n\n<section class=\"frameWrap w-full mx-auto md:max-w-1080 overflow-hidden pb-12\">\n  <iframe\n    id=\"JotFormIFrame-242774916526971\"\n    title=\"R\u00e9clamations concernant les cargaisons\"\n    allow=\"geolocation; microphone; camera; fullscreen\"\n    src=\"https:\/\/perimeteraviationlp.jotform.com\/242774916526971\"\n    style=\"width: 100%; max-width: 1080px; height: 1370px !important; border:none; overflow: hidden;\"\n    scrolling=\"no\"\n  >\n  <\/iframe>\n<\/section>\n\n<script src='https:\/\/perimeteraviationlp.jotform.com\/s\/umd\/latest\/for-form-embed-handler.js'><\/script>\n\n<script>\n  window.jotformEmbedHandler(\"iframe[id='JotFormIFrame-242774916526971']\", \"https:\/\/perimeteraviationlp.jotform.com\/\")\n<\/script>\n","protected":false},"excerpt":{"rendered":"<p>Soumettre votre demande Le fret est consid\u00e9r\u00e9 comme un article remis par l&rsquo;exp\u00e9diteur \u00e0 la compagnie a\u00e9rienne dans l&rsquo;une des zones de r\u00e9ception du fret, o\u00f9 une lettre de transport a\u00e9rien est cr\u00e9\u00e9e pour l&rsquo;article \u00e0 exp\u00e9dier. Les articles qui ne sont pas du fret ne seront pas trait\u00e9s \u00e0 l&rsquo;aide de ce formulaire. Toutes &hellip;<\/p>\n","protected":false},"author":3,"featured_media":0,"parent":0,"menu_order":0,"comment_status":"closed","ping_status":"closed","template":"template-narrow.blade.php","meta":{"_acf_changed":true,"footnotes":""},"class_list":["post-3536","page","type-page","status-publish","hentry"],"acf":[],"_links":{"self":[{"href":"https:\/\/perimeter.ca\/fr\/wp-json\/wp\/v2\/pages\/3536","targetHints":{"allow":["GET"]}}],"collection":[{"href":"https:\/\/perimeter.ca\/fr\/wp-json\/wp\/v2\/pages"}],"about":[{"href":"https:\/\/perimeter.ca\/fr\/wp-json\/wp\/v2\/types\/page"}],"author":[{"embeddable":true,"href":"https:\/\/perimeter.ca\/fr\/wp-json\/wp\/v2\/users\/3"}],"replies":[{"embeddable":true,"href":"https:\/\/perimeter.ca\/fr\/wp-json\/wp\/v2\/comments?post=3536"}],"version-history":[{"count":0,"href":"https:\/\/perimeter.ca\/fr\/wp-json\/wp\/v2\/pages\/3536\/revisions"}],"wp:attachment":[{"href":"https:\/\/perimeter.ca\/fr\/wp-json\/wp\/v2\/media?parent=3536"}],"curies":[{"name":"wp","href":"https:\/\/api.w.org\/{rel}","templated":true}]}}