{"id":4034,"date":"2024-11-26T14:10:39","date_gmt":"2024-11-26T20:10:39","guid":{"rendered":"https:\/\/perimeter.ca\/?page_id=4034"},"modified":"2024-12-11T15:28:55","modified_gmt":"2024-12-11T21:28:55","slug":"flex-pay","status":"publish","type":"page","link":"https:\/\/perimeter.ca\/fr\/flex-pay\/","title":{"rendered":"Voyagez avec Flex Pay"},"content":{"rendered":"\n<div class=\"wp-block-group is-content-justification-space-between is-layout-flex wp-container-core-group-is-layout-e3bc7287 wp-block-group-is-layout-flex\">\n<div class=\"wp-block-group is-content-justification-left is-layout-constrained wp-container-core-group-is-layout-8c890d92 wp-block-group-is-layout-constrained\">\n<h2 class=\"wp-block-heading py-0 my-0\">R\u00e9servez maintenant. Payez au fil du temps. <\/h2>\n\n\n\n<p class=\"h5 py-0 my-0\">R\u00e9partissez le co\u00fbt de votre voyage sur de faibles mensualit\u00e9s.<\/p>\n<\/div>\n\n\n\n<div class=\"wp-block-group is-content-justification-left is-layout-constrained wp-container-core-group-is-layout-1770d091 wp-block-group-is-layout-constrained\" style=\"padding-right:0\">\n<figure class=\"wp-block-image size-full is-resized\"><img loading=\"lazy\" decoding=\"async\" width=\"540\" height=\"132\" src=\"https:\/\/perimeter.ca\/wp-content\/uploads\/2024\/11\/flexpay-logo.png\" alt=\"\" class=\"wp-image-4017\" style=\"width:296px;height:auto\" srcset=\"https:\/\/perimeter.ca\/wp-content\/uploads\/2024\/11\/flexpay-logo.png 540w, https:\/\/perimeter.ca\/wp-content\/uploads\/2024\/11\/flexpay-logo-300x73.png 300w\" sizes=\"auto, (max-width: 540px) 100vw, 540px\" \/><\/figure>\n<\/div>\n<\/div>\n\n\n\n<h2 class=\"wp-block-heading has-text-align-left\">D\u00e9couvrez la joie de l&rsquo;acheteur<\/h2>\n\n\n\n<p class=\"has-text-align-left\">Soyez satisfait(e) de ce que vous r\u00e9servez et de la fa\u00e7on dont vous le payez. Avec Flex Pay, vous pouvez faire des achats r\u00e9fl\u00e9chis et les payer par petits versements tout en respectant votre budget. <\/p>\n\n\n<div class=\"wp-block-cards-border cards-border-2-col lg:grid lg:grid-cols-2 lg:gap-5 w-full my-section\">\n        <div class=\"relative sm:grid sm:content-center sm:grid-rows-[min-content,min-content] sm:grid-cols-[1fr,2fr] sm:auto-rows-auto w-full border-2 border-secondary-200 rounded-2xl py-5 px-6 gap-x-5 gap-y-3 max-lg:my-5\">\n        <img loading=\"lazy\" decoding=\"async\" width=\"300\" height=\"300\" src=\"https:\/\/perimeter.ca\/wp-content\/uploads\/2024\/12\/01_Application-300x300.png\" class=\"p-0 m-0 row-span-2 self-center w-32 sm:w-40 max-sm:mb-5\" alt=\"\" srcset=\"https:\/\/perimeter.ca\/wp-content\/uploads\/2024\/12\/01_Application-300x300.png 300w, https:\/\/perimeter.ca\/wp-content\/uploads\/2024\/12\/01_Application-1024x1024.png 1024w, https:\/\/perimeter.ca\/wp-content\/uploads\/2024\/12\/01_Application-150x150.png 150w, https:\/\/perimeter.ca\/wp-content\/uploads\/2024\/12\/01_Application-768x768.png 768w, https:\/\/perimeter.ca\/wp-content\/uploads\/2024\/12\/01_Application.png 1500w\" sizes=\"auto, (max-width: 300px) 100vw, 300px\" \/>\n        <h3\n            class=\"m-0 p-0 self-end break-words\"\n        >\n            Demande facile\n        <\/h3>\n        <p\n            class=\"m-0 p-0 self-start\"\n        >\n            D\u00e9cision rapide\n        <\/p>\n    <\/div>\n        <div class=\"relative sm:grid sm:content-center sm:grid-rows-[min-content,min-content] sm:grid-cols-[1fr,2fr] sm:auto-rows-auto w-full border-2 border-secondary-200 rounded-2xl py-5 px-6 gap-x-5 gap-y-3 max-lg:my-5\">\n        <img loading=\"lazy\" decoding=\"async\" width=\"300\" height=\"300\" src=\"https:\/\/perimeter.ca\/wp-content\/uploads\/2024\/12\/02_Autopay-300x300.png\" class=\"p-0 m-0 row-span-2 self-center w-32 sm:w-40 max-sm:mb-5\" alt=\"\" srcset=\"https:\/\/perimeter.ca\/wp-content\/uploads\/2024\/12\/02_Autopay-300x300.png 300w, https:\/\/perimeter.ca\/wp-content\/uploads\/2024\/12\/02_Autopay-1024x1024.png 1024w, https:\/\/perimeter.ca\/wp-content\/uploads\/2024\/12\/02_Autopay-150x150.png 150w, https:\/\/perimeter.ca\/wp-content\/uploads\/2024\/12\/02_Autopay-768x768.png 768w, https:\/\/perimeter.ca\/wp-content\/uploads\/2024\/12\/02_Autopay.png 1500w\" sizes=\"auto, (max-width: 300px) 100vw, 300px\" \/>\n        <h3\n            class=\"m-0 p-0 self-end break-words\"\n        >\n            Paiements automatiques faciles avec AutoPay\n        <\/h3>\n        <p\n            class=\"m-0 p-0 self-start\"\n        >\n            Aucune date de paiement \u00e0 retenir\n        <\/p>\n    <\/div>\n        <div class=\"relative sm:grid sm:content-center sm:grid-rows-[min-content,min-content] sm:grid-cols-[1fr,2fr] sm:auto-rows-auto w-full border-2 border-secondary-200 rounded-2xl py-5 px-6 gap-x-5 gap-y-3 max-lg:my-5\">\n        <img loading=\"lazy\" decoding=\"async\" width=\"300\" height=\"300\" src=\"https:\/\/perimeter.ca\/wp-content\/uploads\/2024\/12\/03_Low-Payments-300x300.png\" class=\"p-0 m-0 row-span-2 self-center w-32 sm:w-40 max-sm:mb-5\" alt=\"\" srcset=\"https:\/\/perimeter.ca\/wp-content\/uploads\/2024\/12\/03_Low-Payments-300x300.png 300w, https:\/\/perimeter.ca\/wp-content\/uploads\/2024\/12\/03_Low-Payments-1024x1024.png 1024w, https:\/\/perimeter.ca\/wp-content\/uploads\/2024\/12\/03_Low-Payments-150x150.png 150w, https:\/\/perimeter.ca\/wp-content\/uploads\/2024\/12\/03_Low-Payments-768x768.png 768w, https:\/\/perimeter.ca\/wp-content\/uploads\/2024\/12\/03_Low-Payments.png 1500w\" sizes=\"auto, (max-width: 300px) 100vw, 300px\" \/>\n        <h3\n            class=\"m-0 p-0 self-end break-words\"\n        >\n            Faibles mensualit\u00e9s\n        <\/h3>\n        <p\n            class=\"m-0 p-0 self-start\"\n        >\n            Options de pr\u00eat abordables\n        <\/p>\n    <\/div>\n        <div class=\"relative sm:grid sm:content-center sm:grid-rows-[min-content,min-content] sm:grid-cols-[1fr,2fr] sm:auto-rows-auto w-full border-2 border-secondary-200 rounded-2xl py-5 px-6 gap-x-5 gap-y-3 max-lg:my-5\">\n        <img loading=\"lazy\" decoding=\"async\" width=\"300\" height=\"300\" src=\"https:\/\/perimeter.ca\/wp-content\/uploads\/2024\/12\/04_No-Surprise-300x300.png\" class=\"p-0 m-0 row-span-2 self-center w-32 sm:w-40 max-sm:mb-5\" alt=\"\" srcset=\"https:\/\/perimeter.ca\/wp-content\/uploads\/2024\/12\/04_No-Surprise-300x300.png 300w, https:\/\/perimeter.ca\/wp-content\/uploads\/2024\/12\/04_No-Surprise-1024x1024.png 1024w, https:\/\/perimeter.ca\/wp-content\/uploads\/2024\/12\/04_No-Surprise-150x150.png 150w, https:\/\/perimeter.ca\/wp-content\/uploads\/2024\/12\/04_No-Surprise-768x768.png 768w, https:\/\/perimeter.ca\/wp-content\/uploads\/2024\/12\/04_No-Surprise.png 1500w\" sizes=\"auto, (max-width: 300px) 100vw, 300px\" \/>\n        <h3\n            class=\"m-0 p-0 self-end break-words\"\n        >\n            Sans surprise\n        <\/h3>\n        <p\n            class=\"m-0 p-0 self-start\"\n        >\n            Aucuns frais de retard ni aucune p\u00e9nalit\u00e9 pour remboursement anticip\n        <\/p>\n    <\/div>\n<\/div>\n\n\n\n<h2 class=\"wp-block-heading\">Comment fonctionne Flex Pay<\/h2>\n\n\n<div class=\"wp-block-cards-icons icon-cards flex flex-wrap gap-5 w-full items-stretch my-section\">\n            <div class=\"relative flex flex-col flex-wrap flex-1 min-w-52 items-center mt-14\">\n            <div class=\"bg-gradient-to-b from-perimeterOrange to-bearskinOrange rounded-full absolute p-4 aspect-square flex items-center justify-center w-28 -top-14 *:!p-0 *:!m-0\">\n                            <h2 class=\"text-center text-white font-black tracking-wide text-2xl\">\u00c9tape<br><span class=\"text-4xl\">1<\/span><\/h2>\n                        <\/div>\n            <div class=\"bg-theme-6 pb-5 pt-20 px-4 prose-p:text-lg rounded-lg self-stretch w-full h-full\">\n                <p><strong>S\u00e9lectionnez Flex Pay \u00e0 la caisse : <\/strong>Ajoutez votre voyage au panier comme vous le feriez pour tout achat. Lorsque vous serez pr\u00eat(e) \u00e0 r\u00e9server, choisissez Flex Pay comme mode de paiement.  <\/p>\n\n            <\/div>\n        <\/div>\n            <div class=\"relative flex flex-col flex-wrap flex-1 min-w-52 items-center mt-14\">\n            <div class=\"bg-gradient-to-b from-perimeterOrange to-bearskinOrange rounded-full absolute p-4 aspect-square flex items-center justify-center w-28 -top-14 *:!p-0 *:!m-0\">\n                            <h2 class=\"text-center text-white font-black tracking-wide text-2xl\">\u00c9tape<br><span class=\"text-4xl\">2<\/span><\/h2>\n                        <\/div>\n            <div class=\"bg-theme-6 pb-5 pt-20 px-4 prose-p:text-lg rounded-lg self-stretch w-full h-full\">\n                <p><strong>Rapide et facile :<\/strong> Fournissez quelques renseignements et recevez une d\u00e9cision rapide.<\/p>\n\n            <\/div>\n        <\/div>\n            <div class=\"relative flex flex-col flex-wrap flex-1 min-w-52 items-center mt-14\">\n            <div class=\"bg-gradient-to-b from-perimeterOrange to-bearskinOrange rounded-full absolute p-4 aspect-square flex items-center justify-center w-28 -top-14 *:!p-0 *:!m-0\">\n                            <h2 class=\"text-center text-white font-black tracking-wide text-2xl\">\u00c9tape<br><span class=\"text-4xl\">3<\/span><\/h2>\n                        <\/div>\n            <div class=\"bg-theme-6 pb-5 pt-20 px-4 prose-p:text-lg rounded-lg self-stretch w-full h-full\">\n                <p> <strong> Profitez-en d\u00e8s maintenant :<\/strong> Profitez de votre voyage d\u00e8s maintenant et payez-le au fil du temps par mensualit\u00e9s fixes.<\/p>\n\n            <\/div>\n        <\/div>\n    <\/div>\n\n\n<div style=\"height:3.6rem\" aria-hidden=\"true\" class=\"wp-block-spacer\"><\/div>\n\n\n\n<h2 class=\"wp-block-heading\" style=\"padding-bottom:var(--wp--preset--spacing--70)\">Foire aux questions<\/h2>\n\n\n<div class=\"dropdown-accordion-block w-full mx-auto\">\n\t\t\t\t\t\t\t\t\n\t\t<details  class=\"group border-[#D3D3D3] border-t-2 last:border-b-2\" >\n\t\t\t<summary class=\"[&#038;::-webkit-details-marker]:hidden relative py-4 md:py-6 pr-8 text-lg md:text-xl font-medium text-WCAGorange list-none cursor-pointer transition-colors duration-300\">\n\t\t\t\tQu&#039;est-ce qu&#039;Flex Pay?\n\n\t\t\t\t<svg\n\t\t\t\t\taria-hidden=\"true\" \n\t\t\t\t\twidth=\"24\" \n\t\t\t\t\theight=\"18\" \n\t\t\t\t\tviewBox=\"0 0 24 18\" \n\t\t\t\t\tfill=\"none\" \n\t\t\t\t\txmlns=\"http:\/\/www.w3.org\/2000\/svg\"\n\t\t\t\t\tclass=\"absolute top-1\/2 right-0 transform -translate-y-1\/2 transition-transform max-md:max-w-4\"\n\t\t\t\t>\n\t\t\t\t\t<path d=\"M14.5305 18L12.3719 15.9752L18.2256 10.49L0 10.1926L0.054878 7.3327L18.0976 7.6244L12.128 2.02479L14.2805 0L24 9.11725L14.5305 18Z\" fill=\"#DD5729\"\/>\n\t\t\t\t<\/svg>\n\t\t\t\t\t\n\t\t\t<\/summary>\n\n\t\t\t<div id=\"block_87a156d966f809758b19c61ee42657bb-0\" class=\"mt-4 content-wrapper prose-p:px-0\">\n\t\t\t\t<p>Flex Pay vous donne la libert\u00e9 de r\u00e9server un voyage d\u00e8s maintenant et de le payer au fil du temps en versant de simples mensualit\u00e9s fixes. Certains plans incluent des int\u00e9r\u00eats tandis que d&rsquo;autres sont sans int\u00e9r\u00eats. Lorsque vous serez pr\u00eat(e) \u00e0 passer \u00e0 la caisse, il vous suffira de s\u00e9lectionner \u00ab\u00a0Flex Pay\u00a0\u00bb comme mode de paiement, de remplir un court formulaire et vous recevrez une d\u00e9cision rapide. Choisissez les modalit\u00e9s de votre plan de paiement, concluez votre achat et profitez-en. Ensuite, payez au fil du temps en versant des mensualit\u00e9s simples et sans surprise.    <\/p>\n\n\t\t\t<\/div>\n\t\t<\/details>\n\t\t\t\t\t\t\t\t\n\t\t<details  class=\"group border-[#D3D3D3] border-t-2 last:border-b-2\" >\n\t\t\t<summary class=\"[&#038;::-webkit-details-marker]:hidden relative py-4 md:py-6 pr-8 text-lg md:text-xl font-medium text-WCAGorange list-none cursor-pointer transition-colors duration-300\">\n\t\t\t\tComment puis-je faire ma demande?\n\n\t\t\t\t<svg\n\t\t\t\t\taria-hidden=\"true\" \n\t\t\t\t\twidth=\"24\" \n\t\t\t\t\theight=\"18\" \n\t\t\t\t\tviewBox=\"0 0 24 18\" \n\t\t\t\t\tfill=\"none\" \n\t\t\t\t\txmlns=\"http:\/\/www.w3.org\/2000\/svg\"\n\t\t\t\t\tclass=\"absolute top-1\/2 right-0 transform -translate-y-1\/2 transition-transform max-md:max-w-4\"\n\t\t\t\t>\n\t\t\t\t\t<path d=\"M14.5305 18L12.3719 15.9752L18.2256 10.49L0 10.1926L0.054878 7.3327L18.0976 7.6244L12.128 2.02479L14.2805 0L24 9.11725L14.5305 18Z\" fill=\"#DD5729\"\/>\n\t\t\t\t<\/svg>\n\t\t\t\t\t\n\t\t\t<\/summary>\n\n\t\t\t<div id=\"block_87a156d966f809758b19c61ee42657bb-1\" class=\"mt-4 content-wrapper prose-p:px-0\">\n\t\t\t\t<p>Achetez vos articles et ajoutez-les \u00e0 votre panier comme vous le feriez normalement. Lorsque vous serez pr\u00eat(e) \u00e0 passer \u00e0 la caisse, s\u00e9lectionnez simplement Flex Pay comme mode de paiement. Pour faire une demande, il vous faudra fournir quelques renseignements de base comme votre num\u00e9ro de t\u00e9l\u00e9phone cellulaire, votre date de naissance et, si vous \u00eates r\u00e9sident(e) des \u00c9tats-Unis, votre num\u00e9ro de s\u00e9curit\u00e9 sociale. Si votre demande est accept\u00e9e, passez \u00e0 la caisse et ce sera tout.   <\/p>\n\n\t\t\t<\/div>\n\t\t<\/details>\n\t\t\t\t\t\t\t\t\n\t\t<details  class=\"group border-[#D3D3D3] border-t-2 last:border-b-2\" >\n\t\t\t<summary class=\"[&#038;::-webkit-details-marker]:hidden relative py-4 md:py-6 pr-8 text-lg md:text-xl font-medium text-WCAGorange list-none cursor-pointer transition-colors duration-300\">\n\t\t\t\tComment les offres de dur\u00e9e de pr\u00eat sont-elles d\u00e9termin\u00e9es?\n\n\t\t\t\t<svg\n\t\t\t\t\taria-hidden=\"true\" \n\t\t\t\t\twidth=\"24\" \n\t\t\t\t\theight=\"18\" \n\t\t\t\t\tviewBox=\"0 0 24 18\" \n\t\t\t\t\tfill=\"none\" \n\t\t\t\t\txmlns=\"http:\/\/www.w3.org\/2000\/svg\"\n\t\t\t\t\tclass=\"absolute top-1\/2 right-0 transform -translate-y-1\/2 transition-transform max-md:max-w-4\"\n\t\t\t\t>\n\t\t\t\t\t<path d=\"M14.5305 18L12.3719 15.9752L18.2256 10.49L0 10.1926L0.054878 7.3327L18.0976 7.6244L12.128 2.02479L14.2805 0L24 9.11725L14.5305 18Z\" fill=\"#DD5729\"\/>\n\t\t\t\t<\/svg>\n\t\t\t\t\t\n\t\t\t<\/summary>\n\n\t\t\t<div id=\"block_87a156d966f809758b19c61ee42657bb-2\" class=\"mt-4 content-wrapper prose-p:px-0\">\n\t\t\t\t<p>Nous examinons un certain nombre de facteurs, notamment vos informations de cr\u00e9dit, les d\u00e9tails de votre achat, et plus encore.<\/p>\n\n\t\t\t<\/div>\n\t\t<\/details>\n\t\t\t\t\t\t\t\t\n\t\t<details  class=\"group border-[#D3D3D3] border-t-2 last:border-b-2\" >\n\t\t\t<summary class=\"[&#038;::-webkit-details-marker]:hidden relative py-4 md:py-6 pr-8 text-lg md:text-xl font-medium text-WCAGorange list-none cursor-pointer transition-colors duration-300\">\n\t\t\t\tComment puis-je effectuer des paiements \u00e9chelonn\u00e9s?\n\n\t\t\t\t<svg\n\t\t\t\t\taria-hidden=\"true\" \n\t\t\t\t\twidth=\"24\" \n\t\t\t\t\theight=\"18\" \n\t\t\t\t\tviewBox=\"0 0 24 18\" \n\t\t\t\t\tfill=\"none\" \n\t\t\t\t\txmlns=\"http:\/\/www.w3.org\/2000\/svg\"\n\t\t\t\t\tclass=\"absolute top-1\/2 right-0 transform -translate-y-1\/2 transition-transform max-md:max-w-4\"\n\t\t\t\t>\n\t\t\t\t\t<path d=\"M14.5305 18L12.3719 15.9752L18.2256 10.49L0 10.1926L0.054878 7.3327L18.0976 7.6244L12.128 2.02479L14.2805 0L24 9.11725L14.5305 18Z\" fill=\"#DD5729\"\/>\n\t\t\t\t<\/svg>\n\t\t\t\t\t\n\t\t\t<\/summary>\n\n\t\t\t<div id=\"block_87a156d966f809758b19c61ee42657bb-3\" class=\"mt-4 content-wrapper prose-p:px-0\">\n\t\t\t\t<p>Vous pouvez effectuer un paiement \u00e0 tout moment en visitant <a title=\"Flex Pay\" href=\"https:\/\/pay.uplift.com\/signin\">the Member Portal<\/a> et en cliquant sur l&rsquo;onglet Pr\u00eats. De l\u00e0, cliquez sur le bouton Effectuer un paiement. Nous vous recommandons d&rsquo;activer AutoPay au moment de l&rsquo;achat afin que vos paiements soient automatiquement d\u00e9duits chaque mois. Si vous n&rsquo;avez pas activ\u00e9 AutoPay, visitez <a title=\"Flex Pay\" href=\"https:\/\/pay.uplift.com\/signin\">the Member Portal<\/a>, cliquez sur la page Comptes et mettez l&rsquo;option AutoPay sur ON. Vous pouvez \u00e9galement modifier \u00e0 tout moment le mode de paiement figurant dans le dossier de Flex Pay en vous rendant sur <a title=\"Flex Pay\" href=\"https:\/\/pay.uplift.com\/signin\">the Member Portal<\/a>.<\/p>\n\n\t\t\t<\/div>\n\t\t<\/details>\n\t\t\t\t\t\t\t\t\n\t\t<details  class=\"group border-[#D3D3D3] border-t-2 last:border-b-2\" >\n\t\t\t<summary class=\"[&#038;::-webkit-details-marker]:hidden relative py-4 md:py-6 pr-8 text-lg md:text-xl font-medium text-WCAGorange list-none cursor-pointer transition-colors duration-300\">\n\t\t\t\tJ&#039;ai achet\u00e9 un voyage en utilisant Flex Pay, puis-je voyager avant qu&#039;il ne soit rembours\u00e9?\n\n\t\t\t\t<svg\n\t\t\t\t\taria-hidden=\"true\" \n\t\t\t\t\twidth=\"24\" \n\t\t\t\t\theight=\"18\" \n\t\t\t\t\tviewBox=\"0 0 24 18\" \n\t\t\t\t\tfill=\"none\" \n\t\t\t\t\txmlns=\"http:\/\/www.w3.org\/2000\/svg\"\n\t\t\t\t\tclass=\"absolute top-1\/2 right-0 transform -translate-y-1\/2 transition-transform max-md:max-w-4\"\n\t\t\t\t>\n\t\t\t\t\t<path d=\"M14.5305 18L12.3719 15.9752L18.2256 10.49L0 10.1926L0.054878 7.3327L18.0976 7.6244L12.128 2.02479L14.2805 0L24 9.11725L14.5305 18Z\" fill=\"#DD5729\"\/>\n\t\t\t\t<\/svg>\n\t\t\t\t\t\n\t\t\t<\/summary>\n\n\t\t\t<div id=\"block_87a156d966f809758b19c61ee42657bb-4\" class=\"mt-4 content-wrapper prose-p:px-0\">\n\t\t\t\t<p>Il est vrai que vous devez pr\u00e9voir quelques jours entre la r\u00e9servation et la date de votre d\u00e9part pour permettre que votre voyage soit trait\u00e9. \u00c0 part cela, vous \u00eates libre de voyager quand vous le voulez, m\u00eame avant d&rsquo;avoir tout rembours\u00e9.  <\/p>\n\n\t\t\t<\/div>\n\t\t<\/details>\n\t\t\t\t\t\t\t\t\n\t\t<details  class=\"group border-[#D3D3D3] border-t-2 last:border-b-2\" >\n\t\t\t<summary class=\"[&#038;::-webkit-details-marker]:hidden relative py-4 md:py-6 pr-8 text-lg md:text-xl font-medium text-WCAGorange list-none cursor-pointer transition-colors duration-300\">\n\t\t\t\tQuelles sont votre politique de confidentialit\u00e9 et vos conditions d&#039;utilisation?\n\n\t\t\t\t<svg\n\t\t\t\t\taria-hidden=\"true\" \n\t\t\t\t\twidth=\"24\" \n\t\t\t\t\theight=\"18\" \n\t\t\t\t\tviewBox=\"0 0 24 18\" \n\t\t\t\t\tfill=\"none\" \n\t\t\t\t\txmlns=\"http:\/\/www.w3.org\/2000\/svg\"\n\t\t\t\t\tclass=\"absolute top-1\/2 right-0 transform -translate-y-1\/2 transition-transform max-md:max-w-4\"\n\t\t\t\t>\n\t\t\t\t\t<path d=\"M14.5305 18L12.3719 15.9752L18.2256 10.49L0 10.1926L0.054878 7.3327L18.0976 7.6244L12.128 2.02479L14.2805 0L24 9.11725L14.5305 18Z\" fill=\"#DD5729\"\/>\n\t\t\t\t<\/svg>\n\t\t\t\t\t\n\t\t\t<\/summary>\n\n\t\t\t<div id=\"block_87a156d966f809758b19c61ee42657bb-5\" class=\"mt-4 content-wrapper prose-p:px-0\">\n\t\t\t\t<p>Vous pouvez notre politique de confidentialit\u00e9 \u00e0 <a title=\"Politique de confidentialit\u00e9 de Flex Pay\" href=\"https:\/\/www.upgrade.com\/en-ca\/flex-pay\/privacy\">upgrade.com\/flex-pay\/privacy<\/a> et nos conditions d&rsquo;utilisation \u00e0 <a title=\"Conditions d'utilisation de Flex Pay\" href=\"https:\/\/www.upgrade.com\/en-ca\/flex-pay\/terms\/\">upgrade.com\/flex-pay\/terms<\/a>.<\/p>\n\n\t\t\t<\/div>\n\t\t<\/details>\n\t\t<\/div>\n\n\n\n<div style=\"height:31px\" aria-hidden=\"true\" class=\"wp-block-spacer\"><\/div>\n\n\n\n<h2 class=\"wp-block-heading h4\">Clause de non-responsabilit\u00e9<\/h2>\n\n\n\n<p>Un acompte peut \u00eatre exig\u00e9. Les conditions r\u00e9elles sont bas\u00e9es sur votre pointage de cr\u00e9dit et d&rsquo;autres facteurs et peuvent varier. Les TAP (taux annuel en pourcentage) varient de 0 % \u00e0 31,99 %. Les demandeurs sont soumis \u00e0 l&rsquo;approbation de Uplift Canada Services SRI, une filiale de Upgrade, Inc. <a href=\"https:\/\/www.upgrade.com\/en-ca\/flex-pay\/privacy\">Politique de confidentialit\u00e9<\/a>. <a href=\"https:\/\/www.upgrade.com\/en-ca\/flex-pay\/terms\/\">Conditions d&rsquo;utilisation<\/a>.    <\/p>\n\n\n\n<p><strong>Adresse de Flex Pay au Canada :<\/strong> 1080, Beaver Hall Hl, Bureau 200 Montr\u00e9al (Qu\u00e9bec) H2Z 1S8 Canada<\/p>\n","protected":false},"excerpt":{"rendered":"<p>R\u00e9servez maintenant. Payez au fil du temps. R\u00e9partissez le co\u00fbt de votre voyage sur de faibles mensualit\u00e9s. D\u00e9couvrez la joie de l&rsquo;acheteur Soyez satisfait(e) de ce que vous r\u00e9servez et de la fa\u00e7on dont vous le payez. Avec Flex Pay, vous pouvez faire des achats r\u00e9fl\u00e9chis et les payer par petits versements tout en respectant &hellip;<\/p>\n","protected":false},"author":18,"featured_media":0,"parent":0,"menu_order":0,"comment_status":"closed","ping_status":"closed","template":"template-narrow.blade.php","meta":{"_acf_changed":true,"footnotes":""},"class_list":["post-4034","page","type-page","status-publish","hentry"],"acf":[],"_links":{"self":[{"href":"https:\/\/perimeter.ca\/fr\/wp-json\/wp\/v2\/pages\/4034","targetHints":{"allow":["GET"]}}],"collection":[{"href":"https:\/\/perimeter.ca\/fr\/wp-json\/wp\/v2\/pages"}],"about":[{"href":"https:\/\/perimeter.ca\/fr\/wp-json\/wp\/v2\/types\/page"}],"author":[{"embeddable":true,"href":"https:\/\/perimeter.ca\/fr\/wp-json\/wp\/v2\/users\/18"}],"replies":[{"embeddable":true,"href":"https:\/\/perimeter.ca\/fr\/wp-json\/wp\/v2\/comments?post=4034"}],"version-history":[{"count":0,"href":"https:\/\/perimeter.ca\/fr\/wp-json\/wp\/v2\/pages\/4034\/revisions"}],"wp:attachment":[{"href":"https:\/\/perimeter.ca\/fr\/wp-json\/wp\/v2\/media?parent=4034"}],"curies":[{"name":"wp","href":"https:\/\/api.w.org\/{rel}","templated":true}]}}